
{"id":158,"date":"2022-03-29T10:57:18","date_gmt":"2022-03-29T08:57:18","guid":{"rendered":"https:\/\/cita.doctorsky.es\/?page_id=158"},"modified":"2022-05-17T12:22:15","modified_gmt":"2022-05-17T10:22:15","slug":"terminos-condiciones","status":"publish","type":"page","link":"https:\/\/cita.doctorsky.es\/ar\/terminos-condiciones\/","title":{"rendered":"\u0627\u0644\u0634\u0631\u0648\u0637 \u0648\u0627\u0644\u0623\u062d\u0643\u0627\u0645"},"content":{"rendered":"<h3 class=\"wp-block-heading\">\u0628\u064a\u0627\u0646\u0627\u062a \u0627\u0644\u062a\u0639\u0631\u064a\u0641<\/h3>\n\n\n\n<p>\u064a\u062c\u0628 \u0625\u062f\u0631\u0627\u062c \u0627\u0644\u062a\u0641\u0627\u0635\u064a\u0644 \u0627\u0644\u062a\u0639\u0631\u064a\u0641\u064a\u0629 \u0644\u0644\u0645\u0647\u0646\u064a \u0623\u0648 \u0627\u0644\u0634\u0631\u0643\u0629 \u0627\u0644\u0645\u0627\u0644\u0643\u0629 \u0644\u0644\u0645\u0648\u0642\u0639 \u0627\u0644\u0625\u0644\u0643\u062a\u0631\u0648\u0646\u064a \u0623\u0648 \u0627\u0644\u0645\u062a\u062c\u0631 \u0627\u0644\u0625\u0644\u0643\u062a\u0631\u0648\u0646\u064a \u062d\u062a\u0649 \u064a\u0643\u0648\u0646 \u0627\u0644\u0645\u0633\u062a\u062e\u062f\u0645\u0648\u0646 \u0639\u0644\u0649 \u062f\u0631\u0627\u064a\u0629 \u0628\u0627\u0644\u0634\u062e\u0635 \u0627\u0644\u0630\u064a \u064a\u062a\u0639\u0627\u0642\u062f\u0648\u0646 \u0645\u0639\u0647 \u0648\u0627\u0644\u0634\u062e\u0635 \u0627\u0644\u0645\u0633\u0624\u0648\u0644 \u0639\u0646 \u0627\u0644\u0645\u0648\u0642\u0639 \u0627\u0644\u0625\u0644\u0643\u062a\u0631\u0648\u0646\u064a.<\/p>\n\n\n\n<h3 class=\"wp-block-heading\">\u062d\u0642\u0648\u0642 \u0627\u0644\u0645\u0644\u0643\u064a\u0629 \u0627\u0644\u0641\u0643\u0631\u064a\u0629 \u0648\u0627\u0644\u0635\u0646\u0627\u0639\u064a\u0629<\/h3>\n\n\n\n<p>\u064a\u062c\u0628 \u0627\u0644\u0625\u0634\u0627\u0631\u0629 \u0625\u0644\u0649 \u0645\u0627\u0644\u0643 \u0627\u0644\u0639\u0646\u0627\u0635\u0631 \u0627\u0644\u062a\u064a \u064a\u062a\u0643\u0648\u0646 \u0645\u0646\u0647\u0627 \u0627\u0644\u0645\u0648\u0642\u0639 \u0627\u0644\u0625\u0644\u0643\u062a\u0631\u0648\u0646\u064a\u060c \u0648\u0643\u0630\u0644\u0643 \u0646\u0648\u0639 \u062a\u0631\u0627\u062e\u064a\u0635 \u0627\u0644\u0645\u0633\u062a\u062e\u062f\u0645 \u0627\u0644\u0645\u0645\u0646\u0648\u062d\u0629 \u0644\u0644\u0645\u0633\u062a\u062e\u062f\u0645\u064a\u0646 \u0644\u0647\u0630\u0647 \u0627\u0644\u0639\u0646\u0627\u0635\u0631. \u0639\u0644\u0649 \u0633\u0628\u064a\u0644 \u0627\u0644\u0645\u062b\u0627\u0644\u060c \u0625\u0630\u0627 \u0643\u0627\u0646 \u0627\u0644\u0645\u0648\u0642\u0639 \u0627\u0644\u0625\u0644\u0643\u062a\u0631\u0648\u0646\u064a \u064a\u062d\u062a\u0648\u064a \u0639\u0644\u0649 \u0645\u062f\u0648\u0646\u0629\u060c \u0641\u0645\u0646 \u0627\u0644\u0645\u0647\u0645 \u062a\u062d\u062f\u064a\u062f \u0627\u0644\u062a\u0631\u062e\u064a\u0635 \u0627\u0644\u0645\u0645\u0646\u0648\u062d \u0644\u0644\u0645\u0633\u062a\u062e\u062f\u0645\u064a\u0646 \u0644\u0644\u0645\u0642\u0627\u0644\u0627\u062a \u0627\u0644\u0645\u0646\u0634\u0648\u0631\u0629 \u0639\u0644\u0649 \u0627\u0644\u0645\u0648\u0642\u0639 \u0627\u0644\u0625\u0644\u0643\u062a\u0631\u0648\u0646\u064a\u060c \u0623\u0648 \u0644\u0644\u0639\u0646\u0627\u0635\u0631 \u0627\u0644\u0623\u062e\u0631\u0649 \u0627\u0644\u062a\u064a \u064a\u062a\u0643\u0648\u0646 \u0645\u0646\u0647\u0627 \u0627\u0644\u0645\u0648\u0642\u0639 \u0627\u0644\u0625\u0644\u0643\u062a\u0631\u0648\u0646\u064a\u060c \u0645\u062b\u0644 \u0627\u0644\u0635\u0648\u0631 \u0648\u0645\u0642\u0627\u0637\u0639 \u0627\u0644\u0641\u064a\u062f\u064a\u0648 \u0648\u0627\u0644\u0634\u0639\u0627\u0631\u0627\u062a \u0648\u0645\u0627 \u0625\u0644\u0649 \u0630\u0644\u0643.<\/p>\n\n\n\n<h3 class=\"wp-block-heading\">\u0627\u0644\u062e\u0637\u0648\u0627\u062a \u0627\u0644\u062a\u064a \u064a\u062c\u0628 \u0627\u062a\u0628\u0627\u0639\u0647\u0627 \u0644\u062d\u062c\u0632 \u0645\u0648\u0639\u062f \u0641\u064a \u0627\u0644\u0648\u0642\u062a \u0627\u0644\u0645\u0646\u0627\u0633\u0628<\/h3>\n\n\n\n<p>\u064a\u062c\u0628 \u0639\u0644\u0649 \u0623\u064a \u0645\u0633\u062a\u062e\u062f\u0645 \u064a\u0631\u063a\u0628 \u0641\u064a \u062d\u062c\u0632 \u0645\u0648\u0639\u062f \u0641\u064a \u0627\u0644\u0648\u0642\u062a \u0627\u0644\u0645\u0646\u0627\u0633\u0628 \u0625\u0643\u0645\u0627\u0644 \u0639\u0645\u0644\u064a\u0629 \u0627\u0644\u062d\u062c\u0632 \u0639\u0644\u0649 https:\/\/cita.doctorsky.es\/.<\/p>\n\n\n\n<p>\u062e\u0644\u0627\u0644 \u0647\u0630\u0647 \u0627\u0644\u0639\u0645\u0644\u064a\u0629\u060c \u0633\u064a\u062a\u0645 \u062a\u0641\u0631\u064a\u063a \u0627\u0644\u0645\u0633\u062a\u062e\u062f\u0645 (\u0627\u0644\u0645\u0631\u064a\u0636) \u0645\u0639 \u0627\u0644\u0628\u064a\u0627\u0646\u0627\u062a \u0627\u0644\u0644\u0627\u0632\u0645\u0629 \u0644\u0645\u0644\u0621 \u0633\u062c\u0644\u0647 \u0627\u0644\u0637\u0628\u064a.<\/p>\n\n\n\n<p>\u0628\u0645\u062c\u0631\u062f \u062a\u062d\u062f\u064a\u062f \u0647\u0648\u064a\u0629 \u0627\u0644\u0645\u0633\u062a\u062e\u062f\u0645\u060c \u0633\u064a\u0642\u0648\u0645 \u0628\u0625\u0643\u0645\u0627\u0644 \u0627\u0644\u062d\u062c\u0632 \u0639\u0646 \u0637\u0631\u064a\u0642 \u0627\u0644\u062f\u0641\u0639 \u0645\u0642\u0627\u0628\u0644 \u0627\u0644\u0645\u0648\u0639\u062f \u0627\u0644\u0637\u0628\u064a \u0648\u0633\u064a\u062a\u0644\u0642\u0649 \u0625\u0634\u0639\u0627\u0631\u0627\u062a \u0639\u0628\u0631 \u0627\u0644\u0628\u0631\u064a\u062f \u0627\u0644\u0625\u0644\u0643\u062a\u0631\u0648\u0646\u064a \u0628\u062c\u0645\u064a\u0639 \u0627\u0644\u062a\u0641\u0627\u0635\u064a\u0644.<\/p>\n\n\n\n<h3 class=\"wp-block-heading\">\u0627\u0644\u0648\u0635\u0648\u0644 \u0625\u0644\u0649 \u0627\u0633\u062a\u0634\u0627\u0631\u0629 \u0627\u0644\u0641\u064a\u062f\u064a\u0648<\/h3>\n\n\n\n<p>\u0628\u0645\u062c\u0631\u062f \u0623\u0646 \u064a\u0642\u0648\u0645 \u0627\u0644\u0637\u0628\u064a\u0628 \u0627\u0644\u0645\u062e\u062a\u0635 \u0628\u062a\u0641\u0639\u064a\u0644 \u0627\u0644\u0645\u0648\u0639\u062f\u060c \u0641\u064a \u0627\u0644\u064a\u0648\u0645 \u0648\u0627\u0644\u0648\u0642\u062a \u0627\u0644\u0645\u062d\u062f\u062f\u064a\u0646\u060c \u0633\u064a\u062a\u0644\u0642\u0649 \u0627\u0644\u0645\u0631\u064a\u0636 \u0631\u0633\u0627\u0644\u0629 \u0628\u0631\u064a\u062f \u0625\u0644\u0643\u062a\u0631\u0648\u0646\u064a \u062a\u062d\u062a\u0648\u064a \u0639\u0644\u0649 \u0631\u0627\u0628\u0637 \u063a\u0631\u0641\u0629 \u0627\u0644\u0627\u0633\u062a\u0634\u0627\u0631\u0629 \u0628\u0627\u0644\u0641\u064a\u062f\u064a\u0648\u060c \u062d\u064a\u062b \u0633\u064a\u0643\u0648\u0646 \u0627\u0644\u0637\u0628\u064a\u0628 \u0627\u0644\u0630\u064a \u0627\u062e\u062a\u0627\u0631\u0647 \u0627\u0644\u0639\u0645\u064a\u0644 \u062d\u0627\u0636\u0631\u0627\u064b.<\/p>\n\n\n\n<h3 class=\"wp-block-heading\">\u0627\u0644\u0623\u0633\u0639\u0627\u0631<\/h3>\n\n\n\n<p>\u0633\u064a\u0643\u0648\u0646 \u0644\u0643\u0644 \u062e\u062f\u0645\u0629\u060c \u0633\u0648\u0627\u0621 \u0643\u0627\u0646\u062a \u0627\u0633\u062a\u0634\u0627\u0631\u0629 \u0628\u0627\u0644\u0641\u064a\u062f\u064a\u0648 (\u0627\u0644\u062a\u0637\u0628\u064a\u0628 \u0639\u0646 \u0628\u064f\u0639\u062f) \u0623\u0648 \u062e\u062f\u0645\u0629 \u0623\u062e\u0631\u0649 (\u0627\u0644\u0647\u0627\u062a\u0641\u060c \u0627\u0644\u0645\u0646\u0632\u0644\u060c \u0625\u0644\u062e)\u060c \u0633\u0639\u0631 \u0645\u0631\u062a\u0628\u0637 \u0628\u0647\u0627\u060c \u064a\u062a\u0645 \u062f\u0641\u0639\u0647 \u0642\u0628\u0644 \u062d\u062c\u0632 \u0627\u0644\u0645\u0648\u0639\u062f.<\/p>\n\n\n\n<h3 class=\"wp-block-heading\">\u0642\u0648\u0627\u0639\u062f \u0627\u0644\u0633\u0644\u0648\u0643<\/h3>\n\n\n\n<p>\u0641\u064a \u062d\u0627\u0644 \u0643\u0627\u0646 \u0645\u0646 \u0627\u0644\u0636\u0631\u0648\u0631\u064a \u0627\u0644\u062a\u0633\u062c\u064a\u0644 \u0643\u0645\u0633\u062a\u062e\u062f\u0645 \u0645\u0646 \u0623\u062c\u0644 \u0627\u0644\u062a\u0645\u062a\u0639 \u0628\u0627\u0644\u062e\u062f\u0645\u0627\u062a \u0627\u0644\u0645\u0642\u062f\u0645\u0629 \u0639\u0644\u0649 \u0627\u0644\u0645\u0648\u0642\u0639 \u0627\u0644\u0625\u0644\u0643\u062a\u0631\u0648\u0646\u064a\u060c \u064a\u062c\u0628 \u062a\u062d\u062f\u064a\u062f \u0634\u0631\u0648\u0637 \u0627\u0644\u0627\u0633\u062a\u062e\u062f\u0627\u0645 \u0627\u0644\u0645\u062d\u062f\u062f\u0629\u060c \u0648\u0627\u0644\u062d\u0642\u0648\u0642 \u0627\u0644\u0645\u0645\u0646\u0648\u062d\u0629 \u0644\u0644\u0645\u0633\u062a\u062e\u062f\u0645\u064a\u0646 \u0627\u0644\u0645\u0633\u062c\u0644\u064a\u0646\u060c \u0648\u0643\u0630\u0644\u0643 \u0627\u0644\u0645\u0633\u0624\u0648\u0644\u064a\u0627\u062a \u0627\u0644\u062a\u064a \u0633\u064a\u062a\u062d\u0645\u0644\u0648\u0646\u0647\u0627 \u0625\u0630\u0627 \u0643\u0627\u0646 \u0633\u0644\u0648\u0643\u0647\u0645 \u0644\u0627 \u064a\u062a\u0648\u0627\u0641\u0642 \u0645\u0639 \u0642\u0648\u0627\u0639\u062f \u0627\u0644\u0633\u0644\u0648\u0643 \u0627\u0644\u0645\u0639\u0645\u0648\u0644 \u0628\u0647\u0627\u060c \u0639\u0644\u0649 \u0633\u0628\u064a\u0644 \u0627\u0644\u0645\u062b\u0627\u0644\u060c \u0625\u0630\u0627 \u0643\u0627\u0646 \u0627\u0644\u062a\u0633\u062c\u064a\u0644 \u0644\u0645\u0646\u062a\u062f\u0649\u060c \u062a\u062d\u062f\u064a\u062f \u0627\u0644\u0645\u0633\u0624\u0648\u0644\u064a\u0627\u062a \u0627\u0644\u062a\u064a \u0633\u064a\u062a\u062d\u0645\u0644\u0647\u0627 \u0627\u0644\u0645\u0633\u062a\u062e\u062f\u0645 \u0639\u0646 \u0627\u0644\u062a\u0639\u0644\u064a\u0642\u0627\u062a \u0627\u0644\u062a\u064a \u064a\u062f\u0644\u064a \u0628\u0647\u0627.<\/p>\n\n\n\n<h3 class=\"wp-block-heading\">\u0627\u0644\u0645\u0633\u0624\u0648\u0644\u064a\u0627\u062a<\/h3>\n\n\n\n<p>\u0645\u0646 \u0627\u0644\u0645\u0647\u0645 \u0623\u0646 \u064a\u062d\u062f\u062f \u0627\u0644\u0645\u0648\u0642\u0639 \u0627\u0644\u0625\u0644\u0643\u062a\u0631\u0648\u0646\u064a \u0628\u062f\u0642\u0629 \u0627\u0644\u0645\u0633\u0624\u0648\u0644\u064a\u0627\u062a \u0627\u0644\u062a\u064a \u064a\u062a\u062d\u0645\u0644\u0647\u0627 \u0627\u0644\u0645\u0648\u0642\u0639\u060c \u0648\u0643\u0630\u0644\u0643 \u062d\u062f\u0648\u062f \u0627\u0644\u0645\u0633\u0624\u0648\u0644\u064a\u0629 \u0639\u0646 \u0627\u0644\u062d\u0648\u0627\u062f\u062b \u0627\u0644\u0645\u062d\u062a\u0645\u0644\u0629 \u0627\u0644\u062a\u064a \u0642\u062f \u062a\u0642\u0639 \u0639\u0644\u0649 \u0627\u0644\u0645\u0648\u0642\u0639 \u0627\u0644\u0625\u0644\u0643\u062a\u0631\u0648\u0646\u064a.<\/p>\n\n\n\n<h3 class=\"wp-block-heading\">\u0627\u0644\u0636\u0645\u0627\u0646\u0627\u062a<\/h3>\n\n\n\n<p>\u0645\u0646 \u0627\u0644\u0645\u0647\u0645 \u062a\u0648\u0639\u064a\u0629 \u0627\u0644\u0645\u0633\u062a\u062e\u062f\u0645\u064a\u0646 \u0628\u0627\u0644\u0636\u0645\u0627\u0646\u0627\u062a \u0627\u0644\u062a\u064a \u064a\u062d\u0635\u0644\u0648\u0646 \u0639\u0644\u064a\u0647\u0627 \u0639\u0646\u062f \u0634\u0631\u0627\u0621 \u0645\u0646\u062a\u062c \u0623\u0648 \u062e\u062f\u0645\u0629.<\/p>\n\n\n\n<p>\u0648\u062a\u062c\u062f\u0631 \u0627\u0644\u0625\u0634\u0627\u0631\u0629 \u0625\u0644\u0649 \u0623\u0646\u0647 \u0641\u064a \u062d\u0627\u0644\u0629 \u0628\u064a\u0639 \u0627\u0644\u0645\u0646\u062a\u062c\u0627\u062a\u060c \u064a\u062c\u0628 \u062a\u0636\u0645\u064a\u0646 \u0627\u0644\u0628\u0646\u0648\u062f \u0627\u0644\u062a\u064a \u062a\u0646\u0638\u0645 \u0627\u0644\u0642\u0636\u0627\u064a\u0627 \u0627\u0644\u0645\u062a\u0639\u0644\u0642\u0629 \u0628\u0627\u0644\u0645\u0633\u0624\u0648\u0644\u064a\u0629 \u0639\u0646 \u0627\u0644\u0645\u0646\u062a\u062c\u0627\u062a\u060c \u0648\u0627\u0644\u0645\u0628\u0627\u0644\u063a \u0627\u0644\u0645\u0633\u062a\u0631\u062f\u0629 \u0648\u0627\u0644\u0645\u0631\u062a\u062c\u0639\u0627\u062a.<\/p>\n\n\n\n<h3 class=\"wp-block-heading\">\u0627\u0644\u0642\u0627\u0646\u0648\u0646 \u0627\u0644\u0648\u0627\u062c\u0628 \u0627\u0644\u062a\u0637\u0628\u064a\u0642 \u0648\u0646\u0638\u0627\u0645 \u062a\u0633\u0648\u064a\u0629 \u0627\u0644\u0645\u0646\u0627\u0632\u0639\u0627\u062a<\/h3>\n\n\n\n<p>\u0645\u0646 \u0627\u0644\u0645\u0647\u0645 \u062a\u0648\u0639\u064a\u0629 \u0627\u0644\u0645\u0633\u062a\u062e\u062f\u0645 \u0628\u0627\u0644\u0642\u0648\u0627\u0639\u062f \u0627\u0644\u062a\u064a \u0633\u062a\u0637\u0628\u0642 \u0639\u0644\u0649 \u0627\u0644\u0639\u0644\u0627\u0642\u0629 \u0627\u0644\u062a\u0639\u0627\u0642\u062f\u064a\u0629 \u0627\u0644\u062a\u064a \u064a\u062a\u0645 \u0625\u0646\u0634\u0627\u0624\u0647\u0627\u060c \u0648\u0643\u0630\u0644\u0643 \u0625\u0646\u0634\u0627\u0621 \u0646\u0638\u0627\u0645 \u062a\u0633\u0648\u064a\u0629 \u0627\u0644\u0645\u0646\u0627\u0632\u0639\u0627\u062a \u062e\u0627\u0631\u062c \u0627\u0644\u0645\u062d\u0643\u0645\u0629 \u0623\u0648 \u0627\u0644\u0645\u062d\u0627\u0643\u0645 \u0627\u0644\u0645\u062e\u062a\u0635\u0629 \u0644\u062d\u0644 \u0623\u064a \u0646\u0632\u0627\u0639\u0627\u062a \u0642\u062f \u062a\u0646\u0634\u0623.<\/p>\n\n\n\n<h3 class=\"wp-block-heading\">\u0623\u062e\u0631\u0649<\/h3>\n\n\n\n<p>\u0641\u064a \u062d\u0627\u0644\u0629 \u062a\u0642\u062f\u064a\u0645 \u0627\u0644\u0639\u0631\u0648\u0636 \u0648\u0627\u0644\u0639\u0631\u0648\u0636 \u0627\u0644\u062a\u0631\u0648\u064a\u062c\u064a\u0629\u060c \u064a\u062c\u0628 \u062a\u0636\u0645\u064a\u0646 \u0627\u0644\u0634\u0631\u0648\u0637 \u0627\u0644\u0645\u062d\u062f\u062f\u0629 \u0627\u0644\u062a\u064a \u062a\u062d\u0643\u0645 \u0627\u0644\u0639\u0631\u0636 \u0623\u0648 \u0627\u0644\u0639\u0631\u0636 \u0627\u0644\u062a\u0631\u0648\u064a\u062c\u064a. \u0625\u0630\u0627 \u062a\u0645 \u062a\u0642\u062f\u064a\u0645 \u062e\u062f\u0645\u0629 \u0627\u0644\u0639\u0645\u0644\u0627\u0621 \u0644\u0644\u0645\u0633\u062a\u062e\u062f\u0645 \u0628\u0639\u062f \u0634\u0631\u0627\u0621 \u0627\u0644\u0645\u0646\u062a\u062c \u0623\u0648 \u0627\u0644\u062e\u062f\u0645\u0629 \u0628\u0639\u062f \u0625\u062c\u0631\u0627\u0621 \u0639\u0645\u0644\u064a\u0629 \u0627\u0644\u0634\u0631\u0627\u0621\u060c \u064a\u0646\u0628\u063a\u064a \u0623\u064a\u0636\u0627\u064b \u062a\u0636\u0645\u064a\u0646 \u0627\u0644\u0634\u0631\u0648\u0637 \u0627\u0644\u062a\u064a \u062a\u062d\u0643\u0645 \u062e\u062f\u0645\u0629 \u0645\u0627 \u0628\u0639\u062f \u0627\u0644\u0628\u064a\u0639 \u0647\u0630\u0647.<\/p>","protected":false},"excerpt":{"rendered":"<p>Datos de identificaci\u00f3n Se debe incluir los datos de identificaci\u00f3n del profesional o la empresa titular de la p\u00e1gina web o tienda online para que los usuarios tengan conocimiento de la persona con la que contratan y el responsable de la web. Derechos de propiedad intelectual e industrial Se debe se\u00f1alar qui\u00e9n es el titular<a class=\"more-link\" href=\"https:\/\/cita.doctorsky.es\/ar\/terminos-condiciones\/\">Read more  &#10230;<\/a><\/p>","protected":false},"author":1,"featured_media":0,"parent":0,"menu_order":0,"comment_status":"closed","ping_status":"closed","template":"","meta":{"pmpro_default_level":"","footnotes":""},"class_list":["post-158","page","type-page","status-publish","hentry","pmpro-has-access"],"yoast_head":"<!-- This site is optimized with the Yoast SEO plugin v25.7 - https:\/\/yoast.com\/wordpress\/plugins\/seo\/ -->\n<title>T\u00e9rminos y Condiciones - DoctorSky - Gesti&oacute;n de Citas<\/title>\n<meta name=\"robots\" content=\"index, follow, max-snippet:-1, max-image-preview:large, max-video-preview:-1\" \/>\n<link rel=\"canonical\" href=\"https:\/\/cita.doctorsky.es\/ar\/terminos-condiciones\/\" \/>\n<meta property=\"og:locale\" content=\"ar_AR\" \/>\n<meta property=\"og:type\" content=\"article\" \/>\n<meta property=\"og:title\" content=\"T\u00e9rminos y Condiciones - DoctorSky - Gesti&oacute;n de Citas\" \/>\n<meta property=\"og:description\" content=\"Datos de identificaci\u00f3n Se debe incluir los datos de identificaci\u00f3n del profesional o la empresa titular de la p\u00e1gina web o tienda online para que los usuarios tengan conocimiento de la persona con la que contratan y el responsable de la web. Derechos de propiedad intelectual e industrial Se debe se\u00f1alar qui\u00e9n es el titularRead more &#10230;\" \/>\n<meta property=\"og:url\" content=\"https:\/\/cita.doctorsky.es\/ar\/terminos-condiciones\/\" \/>\n<meta property=\"og:site_name\" content=\"DoctorSky - Gesti&oacute;n de Citas\" \/>\n<meta property=\"article:modified_time\" content=\"2022-05-17T10:22:15+00:00\" \/>\n<meta name=\"twitter:card\" content=\"summary_large_image\" \/>\n<meta name=\"twitter:label1\" content=\"\u0648\u0642\u062a \u0627\u0644\u0642\u0631\u0627\u0621\u0629 \u0627\u0644\u0645\u064f\u0642\u062f\u0651\u0631\" \/>\n\t<meta name=\"twitter:data1\" content=\"3 \u062f\u0642\u0627\u0626\u0642\" \/>\n<script type=\"application\/ld+json\" class=\"yoast-schema-graph\">{\"@context\":\"https:\/\/schema.org\",\"@graph\":[{\"@type\":\"WebPage\",\"@id\":\"https:\/\/cita.doctorsky.es\/ar\/terminos-condiciones\/\",\"url\":\"https:\/\/cita.doctorsky.es\/ar\/terminos-condiciones\/\",\"name\":\"T\u00e9rminos y Condiciones - DoctorSky - Gesti&oacute;n de Citas\",\"isPartOf\":{\"@id\":\"https:\/\/cita.doctorsky.es\/es\/#website\"},\"datePublished\":\"2022-03-29T08:57:18+00:00\",\"dateModified\":\"2022-05-17T10:22:15+00:00\",\"breadcrumb\":{\"@id\":\"https:\/\/cita.doctorsky.es\/ar\/terminos-condiciones\/#breadcrumb\"},\"inLanguage\":\"ar\",\"potentialAction\":[{\"@type\":\"ReadAction\",\"target\":[\"https:\/\/cita.doctorsky.es\/ar\/terminos-condiciones\/\"]}]},{\"@type\":\"BreadcrumbList\",\"@id\":\"https:\/\/cita.doctorsky.es\/ar\/terminos-condiciones\/#breadcrumb\",\"itemListElement\":[{\"@type\":\"ListItem\",\"position\":1,\"name\":\"Portada\",\"item\":\"https:\/\/cita.doctorsky.es\/es\/\"},{\"@type\":\"ListItem\",\"position\":2,\"name\":\"T\u00e9rminos y Condiciones\"}]},{\"@type\":\"WebSite\",\"@id\":\"https:\/\/cita.doctorsky.es\/es\/#website\",\"url\":\"https:\/\/cita.doctorsky.es\/es\/\",\"name\":\"DoctorSky - Gesti&oacute;n de Citas\",\"description\":\"Telemedicina al cuidado de tu salud\",\"publisher\":{\"@id\":\"https:\/\/cita.doctorsky.es\/es\/#organization\"},\"potentialAction\":[{\"@type\":\"SearchAction\",\"target\":{\"@type\":\"EntryPoint\",\"urlTemplate\":\"https:\/\/cita.doctorsky.es\/es\/?s={search_term_string}\"},\"query-input\":{\"@type\":\"PropertyValueSpecification\",\"valueRequired\":true,\"valueName\":\"search_term_string\"}}],\"inLanguage\":\"ar\"},{\"@type\":\"Organization\",\"@id\":\"https:\/\/cita.doctorsky.es\/es\/#organization\",\"name\":\"DoctorSky\",\"url\":\"https:\/\/cita.doctorsky.es\/es\/\",\"logo\":{\"@type\":\"ImageObject\",\"inLanguage\":\"ar\",\"@id\":\"https:\/\/cita.doctorsky.es\/es\/#\/schema\/logo\/image\/\",\"url\":\"https:\/\/cita.doctorsky.es\/wp-content\/uploads\/2022\/05\/logo-original.png\",\"contentUrl\":\"https:\/\/cita.doctorsky.es\/wp-content\/uploads\/2022\/05\/logo-original.png\",\"width\":1462,\"height\":357,\"caption\":\"DoctorSky\"},\"image\":{\"@id\":\"https:\/\/cita.doctorsky.es\/es\/#\/schema\/logo\/image\/\"}}]}<\/script>\n<!-- \/ Yoast SEO plugin. -->","yoast_head_json":{"title":"T\u00e9rminos y Condiciones - DoctorSky - Gesti&oacute;n de Citas","robots":{"index":"index","follow":"follow","max-snippet":"max-snippet:-1","max-image-preview":"max-image-preview:large","max-video-preview":"max-video-preview:-1"},"canonical":"https:\/\/cita.doctorsky.es\/ar\/terminos-condiciones\/","og_locale":"ar_AR","og_type":"article","og_title":"T\u00e9rminos y Condiciones - DoctorSky - Gesti&oacute;n de Citas","og_description":"Datos de identificaci\u00f3n Se debe incluir los datos de identificaci\u00f3n del profesional o la empresa titular de la p\u00e1gina web o tienda online para que los usuarios tengan conocimiento de la persona con la que contratan y el responsable de la web. Derechos de propiedad intelectual e industrial Se debe se\u00f1alar qui\u00e9n es el titularRead more &#10230;","og_url":"https:\/\/cita.doctorsky.es\/ar\/terminos-condiciones\/","og_site_name":"DoctorSky - Gesti&oacute;n de Citas","article_modified_time":"2022-05-17T10:22:15+00:00","twitter_card":"summary_large_image","twitter_misc":{"\u0648\u0642\u062a \u0627\u0644\u0642\u0631\u0627\u0621\u0629 \u0627\u0644\u0645\u064f\u0642\u062f\u0651\u0631":"3 \u062f\u0642\u0627\u0626\u0642"},"schema":{"@context":"https:\/\/schema.org","@graph":[{"@type":"WebPage","@id":"https:\/\/cita.doctorsky.es\/ar\/terminos-condiciones\/","url":"https:\/\/cita.doctorsky.es\/ar\/terminos-condiciones\/","name":"T\u00e9rminos y Condiciones - DoctorSky - Gesti&oacute;n de Citas","isPartOf":{"@id":"https:\/\/cita.doctorsky.es\/es\/#website"},"datePublished":"2022-03-29T08:57:18+00:00","dateModified":"2022-05-17T10:22:15+00:00","breadcrumb":{"@id":"https:\/\/cita.doctorsky.es\/ar\/terminos-condiciones\/#breadcrumb"},"inLanguage":"ar","potentialAction":[{"@type":"ReadAction","target":["https:\/\/cita.doctorsky.es\/ar\/terminos-condiciones\/"]}]},{"@type":"BreadcrumbList","@id":"https:\/\/cita.doctorsky.es\/ar\/terminos-condiciones\/#breadcrumb","itemListElement":[{"@type":"ListItem","position":1,"name":"Portada","item":"https:\/\/cita.doctorsky.es\/es\/"},{"@type":"ListItem","position":2,"name":"T\u00e9rminos y Condiciones"}]},{"@type":"WebSite","@id":"https:\/\/cita.doctorsky.es\/es\/#website","url":"https:\/\/cita.doctorsky.es\/es\/","name":"\u062f\u0643\u062a\u0648\u0631 \u0633\u0643\u0627\u064a - \u0625\u062f\u0627\u0631\u0629 \u0627\u0644\u0645\u0648\u0627\u0639\u064a\u062f \u0627\u0644\u0637\u0628\u064a\u0629","description":"\u0627\u0644\u062a\u0637\u0628\u064a\u0628 \u0639\u0646 \u0628\u064f\u0639\u062f \u0644\u0644\u0639\u0646\u0627\u064a\u0629 \u0628\u0635\u062d\u062a\u0643","publisher":{"@id":"https:\/\/cita.doctorsky.es\/es\/#organization"},"potentialAction":[{"@type":"SearchAction","target":{"@type":"EntryPoint","urlTemplate":"https:\/\/cita.doctorsky.es\/es\/?s={search_term_string}"},"query-input":{"@type":"PropertyValueSpecification","valueRequired":true,"valueName":"search_term_string"}}],"inLanguage":"ar"},{"@type":"Organization","@id":"https:\/\/cita.doctorsky.es\/es\/#organization","name":"\u062f\u0643\u062a\u0648\u0631 \u0633\u0643\u0627\u064a","url":"https:\/\/cita.doctorsky.es\/es\/","logo":{"@type":"ImageObject","inLanguage":"ar","@id":"https:\/\/cita.doctorsky.es\/es\/#\/schema\/logo\/image\/","url":"https:\/\/cita.doctorsky.es\/wp-content\/uploads\/2022\/05\/logo-original.png","contentUrl":"https:\/\/cita.doctorsky.es\/wp-content\/uploads\/2022\/05\/logo-original.png","width":1462,"height":357,"caption":"DoctorSky"},"image":{"@id":"https:\/\/cita.doctorsky.es\/es\/#\/schema\/logo\/image\/"}}]}},"_links":{"self":[{"href":"https:\/\/cita.doctorsky.es\/ar\/wp-json\/wp\/v2\/pages\/158","targetHints":{"allow":["GET"]}}],"collection":[{"href":"https:\/\/cita.doctorsky.es\/ar\/wp-json\/wp\/v2\/pages"}],"about":[{"href":"https:\/\/cita.doctorsky.es\/ar\/wp-json\/wp\/v2\/types\/page"}],"author":[{"embeddable":true,"href":"https:\/\/cita.doctorsky.es\/ar\/wp-json\/wp\/v2\/users\/1"}],"replies":[{"embeddable":true,"href":"https:\/\/cita.doctorsky.es\/ar\/wp-json\/wp\/v2\/comments?post=158"}],"version-history":[{"count":0,"href":"https:\/\/cita.doctorsky.es\/ar\/wp-json\/wp\/v2\/pages\/158\/revisions"}],"wp:attachment":[{"href":"https:\/\/cita.doctorsky.es\/ar\/wp-json\/wp\/v2\/media?parent=158"}],"curies":[{"name":"\u062f\u0628\u0644\u064a\u0648 \u0628\u064a","href":"https:\/\/api.w.org\/{rel}","templated":true}]}}