
{"id":161,"date":"2022-03-29T10:59:11","date_gmt":"2022-03-29T08:59:11","guid":{"rendered":"https:\/\/cita.doctorsky.es\/?page_id=161"},"modified":"2023-12-04T15:18:58","modified_gmt":"2023-12-04T14:18:58","slug":"politica-privacidad","status":"publish","type":"page","link":"https:\/\/cita.doctorsky.es\/ar\/politica-privacidad\/","title":{"rendered":"\u0633\u064a\u0627\u0633\u0629 \u0627\u0644\u062e\u0635\u0648\u0635\u064a\u0629"},"content":{"rendered":"<div data-elementor-type=\"wp-page\" data-elementor-id=\"161\" class=\"elementor elementor-161\">\n\t\t\t\t\t\t<section class=\"elementor-section elementor-top-section elementor-element elementor-element-7009bfe elementor-section-boxed elementor-section-height-default elementor-section-height-default\" data-id=\"7009bfe\" data-element_type=\"section\">\n\t\t\t\t\t\t<div class=\"elementor-container elementor-column-gap-default\">\n\t\t\t\t\t<div class=\"elementor-column elementor-col-100 elementor-top-column elementor-element elementor-element-1dededb\" data-id=\"1dededb\" data-element_type=\"column\">\n\t\t\t<div class=\"elementor-widget-wrap elementor-element-populated\">\n\t\t\t\t\t\t<div class=\"elementor-element elementor-element-3d276b1 elementor-widget elementor-widget-shortcode\" data-id=\"3d276b1\" data-element_type=\"widget\" data-widget_type=\"shortcode.default\">\n\t\t\t\t<div class=\"elementor-widget-container\">\n\t\t\t\t\t\t\t<div class=\"elementor-shortcode\"><h3>\u0645\u0642\u062f\u0645\u0629<\/h3>\n<p>\u0646\u062d\u0646 \u0641\u064a \u062f\u0643\u062a\u0648\u0631 \u0633\u0643\u0627\u064a\u060c \u062d\u0633\u0627\u0633\u064a\u0646 \u0644\u0627\u062d\u062a\u064a\u0627\u062c\u0627\u062a \u0645\u0633\u062a\u062e\u062f\u0645\u064a \u0627\u0644\u0625\u0646\u062a\u0631\u0646\u062a \u0648\u0645\u062f\u0631\u0643\u064a\u0646 \u0644\u0623\u0647\u0645\u064a\u0629 \u0627\u0644\u062e\u0635\u0648\u0635\u064a\u0629 \u0627\u0644\u062a\u0627\u0645\u0629 \u0644\u0644\u0645\u0639\u0644\u0648\u0645\u0627\u062a \u0627\u0644\u0634\u062e\u0635\u064a\u0629 \u0627\u0644\u0645\u0648\u0643\u0644\u0629 \u0625\u0644\u064a\u0646\u0627\u060c \u0646\u062f\u0631\u062c \u0628\u064a\u0627\u0646 \u0627\u0644\u062e\u0635\u0648\u0635\u064a\u0629 \u0647\u0630\u0627 \u0645\u0646 \u0623\u062c\u0644 \u0625\u0637\u0644\u0627\u0639\u0643 \u0639\u0644\u0649 \u0633\u064a\u0627\u0633\u0629 \u0645\u0639\u0627\u0644\u062c\u0629 \u0627\u0644\u0628\u064a\u0627\u0646\u0627\u062a \u0627\u0644\u0634\u062e\u0635\u064a\u0629 \u0627\u0644\u062a\u064a \u064a\u062a\u0645 \u0627\u0644\u062d\u0635\u0648\u0644 \u0639\u0644\u064a\u0647\u0627 \u0645\u0646 \u0632\u0648\u0627\u0631\u0647\u0627 \u0648\u0645\u0633\u062a\u062e\u062f\u0645\u064a\u0647\u0627.<\/p><p>\u0648\u0628\u0635\u0641\u062a\u0643 \u0645\u0633\u062a\u062e\u062f\u0645\u0627\u064b\u060c \u0641\u0625\u0646\u0643 \u062a\u0648\u0627\u0641\u0642 \u0639\u0644\u0649 \u0647\u0630\u0647 \u0627\u0644\u0634\u0631\u0648\u0637 \u0628\u0645\u062c\u0631\u062f \u0642\u0631\u0627\u0621\u0629 \u0627\u0644\u0645\u0648\u0642\u0639 \u0623\u0648 \u0645\u0634\u0627\u0647\u062f\u062a\u0647 \u0623\u0648 \u062a\u0635\u0641\u062d\u0647. \u0625\u0630\u0627 \u0643\u0646\u062a \u0644\u0627 \u062a\u0642\u0628\u0644\u0647\u0627\u060c \u0641\u064a\u062c\u0628 \u0639\u0644\u064a\u0643 \u0645\u063a\u0627\u062f\u0631\u0629 \u0627\u0644\u0645\u0648\u0642\u0639\u060c \u062f\u0648\u0646 \u0627\u0644\u0627\u0633\u062a\u0641\u0627\u062f\u0629 \u0645\u0646\u0647 \u0648\u0645\u0646 \u0645\u062d\u062a\u0648\u0627\u0647\u060c \u0648\u062f\u0648\u0646 \u0627\u0644\u062f\u062e\u0648\u0644 \u0625\u0644\u0649 \u0627\u0644\u0635\u0641\u062d\u0627\u062a \u0627\u0644\u0645\u0631\u062a\u0628\u0637\u0629 \u0628\u0647.<\/p>\n<h3 id='responsable'>\u0645\u0631\u0627\u0642\u0628 \u0627\u0644\u0628\u064a\u0627\u0646\u0627\u062a<\/h3>\n<p>\u0645\u0627\u0644\u0643 \u0627\u0644\u0645\u0648\u0642\u0639 \u0648\u0627\u0644\u0645\u0633\u0624\u0648\u0644 \u0639\u0646 \u0645\u0639\u0627\u0644\u062c\u0629 \u0627\u0644\u0628\u064a\u0627\u0646\u0627\u062a \u0647\u0648 \u0634\u0631\u0643\u0629 Meditech Tool Solutions\u060c CIF B88466529\u060c \u0644\u0644\u0627\u062a\u0635\u0627\u0644 \u0628\u0643 \u064a\u0645\u0643\u0646\u0643 \u0627\u0633\u062a\u062e\u062f\u0627\u0645 \u0639\u0646\u0648\u0627\u0646 \u0627\u0644\u0628\u0631\u064a\u062f \u0627\u0644\u0625\u0644\u0643\u062a\u0631\u0648\u0646\u064a <a href=\"mailto:%69nfo&#64;%64&#111;&#99;&#116;&#111;%72s&#107;%79&#46;&#101;s\">info@doctorsky.es<\/a>\u064a\u064f\u0631\u062c\u0649 \u0627\u0644\u0627\u062a\u0635\u0627\u0644 \u0639\u0644\u0649 633952266 \u0623\u0648 \u0625\u0631\u0633\u0627\u0644 \u0631\u0633\u0627\u0644\u0629 \u0625\u0644\u0649 \u0643\u0627\u0644\u064a \u0641\u064a\u0631\u062c\u064a\u0644\u064a\u0648 18\u060c \u0627\u0644\u0631\u0645\u0632 \u0627\u0644\u0628\u0631\u064a\u062f\u064a 28341\u060c \u0641\u0627\u0644\u062f\u064a\u0645\u0648\u0631\u0648\u060c \u0645\u062f\u0631\u064a\u062f.<\/p>\n<h3 id='finalidad'>\u0627\u0644\u063a\u0631\u0636 \u0645\u0646 \u0645\u0639\u0627\u0644\u062c\u0629 \u0627\u0644\u0628\u064a\u0627\u0646\u0627\u062a<\/h3>\n<p>\u064a\u0648\u062c\u062f \u0639\u0644\u0649 \u0645\u0648\u0627\u0642\u0639\u0646\u0627 \u0627\u0644\u0625\u0644\u0643\u062a\u0631\u0648\u0646\u064a\u0629 \u0623\u0642\u0633\u0627\u0645 \u0645\u062d\u062f\u062f\u0629 \u064a\u0645\u0643\u0646\u0643 \u0645\u0646 \u062e\u0644\u0627\u0644\u0647\u0627 \u0625\u062f\u062e\u0627\u0644 \u0628\u064a\u0627\u0646\u0627\u062a\u0643 \u0644\u062a\u0644\u0642\u064a \u0645\u0639\u0644\u0648\u0645\u0627\u062a \u062d\u0648\u0644 \u0627\u0644\u062a\u062d\u062f\u064a\u062b\u0627\u062a \u0627\u0644\u062a\u064a \u062a\u0637\u0631\u0623 \u0639\u0644\u0649 \u0645\u0648\u0642\u0639\u0646\u0627 \u0627\u0644\u0625\u0644\u0643\u062a\u0631\u0648\u0646\u064a \u0648\u0628\u0639\u0636 \u0627\u0644\u0628\u0631\u0627\u0645\u062c \u0627\u0644\u062a\u064a \u064a\u062a\u0645 \u062a\u0648\u0632\u064a\u0639\u0647\u0627. \u0646\u0624\u0643\u062f \u0644\u0643 \u0623\u0646 \u0627\u0644\u0645\u0639\u0644\u0648\u0645\u0627\u062a \u0627\u0644\u062a\u064a \u062a\u0642\u062f\u0645\u0647\u0627 \u0633\u064a\u062a\u0645 \u0627\u0644\u062a\u0639\u0627\u0645\u0644 \u0645\u0639\u0647\u0627 \u0628\u0633\u0631\u064a\u0629 \u062a\u0627\u0645\u0629.<\/p><p>\u0633\u064a\u062a\u0645 \u062a\u062e\u0632\u064a\u0646 \u0627\u0644\u0628\u064a\u0627\u0646\u0627\u062a \u0637\u0627\u0644\u0645\u0627 \u0643\u0627\u0646 \u0627\u0644\u063a\u0631\u0636 \u0645\u0646\u0647\u0627 \u0627\u0633\u062a\u062e\u062f\u0627\u0645\u0647\u0627 \u0644\u0644\u063a\u0631\u0636 \u0627\u0644\u0630\u064a \u062c\u064f\u0645\u0639\u062a \u0645\u0646 \u0623\u062c\u0644\u0647.<\/p><p>\u0644\u0627 \u064a\u062a\u0645 \u0627\u062a\u062e\u0627\u0630 \u0623\u064a \u0642\u0631\u0627\u0631\u0627\u062a \u0622\u0644\u064a\u0629 \u0628\u0627\u0633\u062a\u062e\u062f\u0627\u0645 \u0628\u064a\u0627\u0646\u0627\u062a\u0643.<\/p><p>\u0642\u062f \u064a\u0633\u062a\u062e\u062f\u0645 \u0627\u0644\u0645\u0648\u0642\u0639 \u0627\u0644\u0625\u0644\u0643\u062a\u0631\u0648\u0646\u064a \u0645\u0644\u0641\u0627\u062a \u062a\u0639\u0631\u064a\u0641 \u0627\u0644\u0627\u0631\u062a\u0628\u0627\u0637\u060c \u0627\u0646\u0638\u0631 <a href=\"https:\/\/cita.doctorsky.es\/politica-cookies\/\">\u0633\u064a\u0627\u0633\u0629 \u0645\u0644\u0641\u0627\u062a \u062a\u0639\u0631\u064a\u0641 \u0627\u0644\u0627\u0631\u062a\u0628\u0627\u0637<\/a>.<\/p>\n<h3 id='legitimacion'>\u0625\u0636\u0641\u0627\u0621 \u0627\u0644\u0634\u0631\u0639\u064a\u0629 \u0639\u0644\u0649 \u0645\u0639\u0627\u0644\u062c\u0629 \u0627\u0644\u0628\u064a\u0627\u0646\u0627\u062a<\/h3>\n<p>\u064a\u062a\u0645 \u0627\u0633\u062a\u062e\u062f\u0627\u0645 \u0628\u064a\u0627\u0646\u0627\u062a\u0643 \u0644\u0623\u0646\u0643 \u062a\u0645\u0646\u062d\u0646\u0627 \u0645\u0648\u0627\u0641\u0642\u062a\u0643 \u0639\u0644\u0649 \u0627\u0633\u062a\u062e\u062f\u0627\u0645 \u0627\u0644\u0628\u064a\u0627\u0646\u0627\u062a \u0627\u0644\u062a\u064a \u062a\u0642\u062f\u0645\u0647\u0627 \u0641\u064a \u0627\u0644\u0646\u0645\u0627\u0630\u062c \u0644\u0627\u0633\u062a\u062e\u062f\u0627\u0645 \u0645\u062d\u062f\u062f \u0645\u0628\u064a\u0646 \u0641\u064a \u0643\u0644 \u0646\u0645\u0648\u0630\u062c. \u062a\u064f\u0639\u062f \u0628\u064a\u0627\u0646\u0627\u062a\u0643 \u0636\u0631\u0648\u0631\u064a\u0629 \u0641\u0642\u0637 \u0644\u0644\u0627\u0633\u062a\u062e\u062f\u0627\u0645\u0627\u062a \u0627\u0644\u0645\u062d\u062f\u062f\u0629 \u0627\u0644\u062a\u064a \u0637\u064f\u0644\u0628\u062a \u0645\u0646 \u0623\u062c\u0644\u0647\u0627\u060c \u0648\u0625\u0630\u0627 \u0644\u0645 \u062a\u0642\u062f\u0645\u0647\u0627\u060c \u0641\u0644\u0646 \u062a\u0643\u0648\u0646 \u0647\u0630\u0647 \u0627\u0644\u062e\u062f\u0645\u0627\u062a \u0645\u0645\u0643\u0646\u0629.<\/p>\n<h3 id='transferencia'>\u0639\u0645\u0644\u064a\u0627\u062a \u0646\u0642\u0644 \u0627\u0644\u0628\u064a\u0627\u0646\u0627\u062a \u0648\u062a\u062e\u0635\u064a\u0635\u0647\u0627<\/h3>\n<p>\u0647\u0646\u0627\u0643 \u0627\u0644\u062a\u0632\u0627\u0645 \u0631\u0627\u0633\u062e \u0645\u0646 \u062c\u0627\u0646\u0628\u0646\u0627 \u0628\u0623\u0646 \u0627\u0644\u0628\u064a\u0627\u0646\u0627\u062a \u0627\u0644\u062a\u064a \u062a\u0642\u062f\u0645\u0647\u0627 \u0625\u0644\u0649 \u062f\u0643\u062a\u0648\u0631 \u0633\u0643\u0627\u064a\u060c \u0644\u0646 \u064a\u062a\u0645 \u0628\u064a\u0639\u0647\u0627 \u0623\u0648 \u0646\u0642\u0644\u0647\u0627 \u0625\u0644\u0649 \u0623\u0637\u0631\u0627\u0641 \u062b\u0627\u0644\u062b\u0629 \u062f\u0648\u0646 \u0645\u0648\u0627\u0641\u0642\u0629 \u0645\u0633\u0628\u0642\u0629 \u0645\u0646 \u0627\u0644\u0634\u062e\u0635 \u0627\u0644\u0645\u0639\u0646\u064a \u062a\u062d\u062a \u0623\u064a \u0645\u0641\u0647\u0648\u0645 \u0623\u0648 \u0638\u0631\u0641\u060c \u0645\u0627 \u0644\u0645 \u062a\u0643\u0646 \u0647\u0646\u0627\u0643 \u0645\u0648\u0627\u0641\u0642\u0629 \u0635\u0631\u064a\u062d\u0629 \u0623\u0648 \u0627\u0644\u062a\u0632\u0627\u0645 \u0642\u0627\u0646\u0648\u0646\u064a.<\/p><p>\u064a\u062d\u062a\u0648\u064a \u0645\u0648\u0642\u0639\u0646\u0627 \u0639\u0644\u0649 \u0631\u0648\u0627\u0628\u0637 \u0644\u0645\u0648\u0627\u0642\u0639 \u0637\u0631\u0641 \u062b\u0627\u0644\u062b. \u062f\u0643\u062a\u0648\u0631 \u0633\u0643\u0627\u064a \u0644\u064a\u0633\u062a \u0645\u0633\u0624\u0648\u0644\u0629 \u0639\u0646 \u0633\u064a\u0627\u0633\u0627\u062a \u0648\u0645\u0645\u0627\u0631\u0633\u0627\u062a \u0627\u0644\u062e\u0635\u0648\u0635\u064a\u0629 \u0644\u0647\u0630\u0647 \u0627\u0644\u0645\u0648\u0627\u0642\u0639 \u0627\u0644\u0623\u062e\u0631\u0649.<\/p>\n<h3 id='derechos'>\u062d\u0642\u0648\u0642 \u0627\u0644\u0623\u0637\u0631\u0627\u0641 \u0627\u0644\u0645\u0639\u0646\u064a\u0629<\/h3>\n<p>\u0644\u062f\u064a\u0643 \u0627\u0644\u062d\u0642 \u0641\u064a \u0627\u0644\u0648\u0635\u0648\u0644 \u0625\u0644\u0649 \u0627\u0644\u0645\u0639\u0644\u0648\u0645\u0627\u062a \u0627\u0644\u062e\u0627\u0635\u0629 \u0628\u0643 \u0627\u0644\u0645\u062e\u0632\u0646\u0629 \u0641\u064a \u0642\u0648\u0627\u0639\u062f \u0628\u064a\u0627\u0646\u0627\u062a\u0646\u0627\u060c \u0648\u062a\u0635\u062d\u064a\u062d\u0647\u0627 \u0641\u064a \u062d\u0627\u0644\u0629 \u0648\u062c\u0648\u062f \u0623\u064a \u0623\u062e\u0637\u0627\u0621\u060c \u0648\u062d\u0630\u0641\u0647\u0627\u060c \u0648\u062a\u0642\u064a\u064a\u062f\u0647\u0627\u060c \u0648\u0645\u0639\u0627\u0631\u0636\u0629 \u0645\u0639\u0627\u0644\u062c\u062a\u0647\u0627\u060c \u0648\u0633\u062d\u0628 \u0645\u0648\u0627\u0641\u0642\u062a\u0643 \u0625\u0630\u0627 \u0643\u0646\u062a \u062a\u0631\u063a\u0628 \u0641\u064a \u0630\u0644\u0643. \u0644\u0644\u0642\u064a\u0627\u0645 \u0628\u0630\u0644\u0643\u060c \u0645\u0627 \u0639\u0644\u064a\u0643 \u0633\u0648\u0649 \u0625\u0631\u0633\u0627\u0644 \u0628\u0631\u064a\u062f \u0625\u0644\u0643\u062a\u0631\u0648\u0646\u064a \u0625\u0644\u0649 \u0639\u0646\u0648\u0627\u0646 \u0627\u0644\u0628\u0631\u064a\u062f \u0627\u0644\u0625\u0644\u0643\u062a\u0631\u0648\u0646\u064a \u0627\u0644\u062a\u0627\u0644\u064a <a href=\"mailto:&#105;%6e%66%6f&#64;d%6f&#99;&#116;o%72%73k%79%2ee&#115;\">info@doctorsky.es<\/a> \u062d\u064a\u062b \u064a\u0633\u0639\u062f\u0646\u0627 \u0627\u0644\u0631\u062f \u0639\u0644\u0649 \u0623\u064a \u0623\u0633\u0626\u0644\u0629 \u0623\u0648 \u062a\u0639\u0644\u064a\u0642\u0627\u062a \u0623\u0648 \u062a\u0648\u0636\u064a\u062d\u0627\u062a \u0642\u062f \u062a\u0643\u0648\u0646 \u0644\u062f\u064a\u0643.<\/p><p>\u0644\u0645\u0632\u064a\u062f \u0645\u0646 \u0627\u0644\u0645\u0639\u0644\u0648\u0645\u0627\u062a \u062d\u0648\u0644 \u0627\u0644\u0645\u0648\u0627\u0636\u064a\u0639 \u0630\u0627\u062a \u0627\u0644\u0635\u0644\u0629\u060c \u0641\u0625\u0646 \u0627\u0644\u0645\u0648\u0642\u0639 \u0627\u0644\u0645\u0631\u062c\u0639\u064a \u0639\u0644\u0649 \u0634\u0628\u0643\u0629 \u0627\u0644\u0625\u0646\u062a\u0631\u0646\u062a \u0627\u0644\u0625\u0633\u0628\u0627\u0646\u064a\u0629 \u0647\u0648 <a href=\"https:\/\/www.agpd.es\/\">\u0648\u0643\u0627\u0644\u0629 \u062d\u0645\u0627\u064a\u0629 \u0627\u0644\u0628\u064a\u0627\u0646\u0627\u062a<\/a>\u062d\u064a\u062b \u064a\u062d\u0642 \u0644\u0643 \u062a\u0642\u062f\u064a\u0645 \u0634\u0643\u0648\u0649<\/p>\n <\/div>\n\t\t\t\t\t\t<\/div>\n\t\t\t\t<\/div>\n\t\t\t\t\t<\/div>\n\t\t<\/div>\n\t\t\t\t\t<\/div>\n\t\t<\/section>\n\t\t\t\t<section class=\"elementor-section elementor-top-section elementor-element elementor-element-8815208 elementor-section-boxed elementor-section-height-default elementor-section-height-default\" data-id=\"8815208\" data-element_type=\"section\">\n\t\t\t\t\t\t<div class=\"elementor-container elementor-column-gap-default\">\n\t\t\t\t\t<div class=\"elementor-column elementor-col-100 elementor-top-column elementor-element elementor-element-ed9ad14\" data-id=\"ed9ad14\" data-element_type=\"column\">\n\t\t\t<div class=\"elementor-widget-wrap elementor-element-populated\">\n\t\t\t\t\t\t<div class=\"elementor-element elementor-element-ae347ed elementor-widget elementor-widget-text-editor\" data-id=\"ae347ed\" data-element_type=\"widget\" data-widget_type=\"text-editor.default\">\n\t\t\t\t<div class=\"elementor-widget-container\">\n\t\t\t\t\t\t\t\t\t<p>\u064a\u062c\u0628 \u0623\u0646 \u064a\u0644\u062a\u0632\u0645 \u0627\u0633\u062a\u062e\u062f\u0627\u0645 \u0645\u0648\u0642\u0639 \u0648\u062a\u0637\u0628\u064a\u0642 \u062f\u0643\u062a\u0648\u0631 \u0633\u0643\u0627\u064a \u0648\u0646\u0642\u0644 \u0627\u0644\u0645\u0639\u0644\u0648\u0645\u0627\u062a \u0627\u0644\u0648\u0627\u0631\u062f\u0629 \u0645\u0646 \u0648\u0627\u062c\u0647\u0627\u062a \u0628\u0631\u0645\u062c\u0629 \u062a\u0637\u0628\u064a\u0642\u0627\u062a \u062c\u0648\u062c\u0644 \u0625\u0644\u0649 \u0623\u064a \u062a\u0637\u0628\u064a\u0642 \u0622\u062e\u0631 \u0628\u0645\u0627 \u064a\u0644\u064a <a href=\"https:\/\/developers.google.com\/terms\/api-services-user-data-policy#additional_requirements_for_specific_api_scopes\" target=\"_blank\" rel=\"noopener\">\u0633\u064a\u0627\u0633\u0629 \u0628\u064a\u0627\u0646\u0627\u062a \u0645\u0633\u062a\u062e\u062f\u0645 \u062e\u062f\u0645\u0627\u062a \u0648\u0627\u062c\u0647\u0629 \u0628\u0631\u0645\u062c\u0629 \u0627\u0644\u062a\u0637\u0628\u064a\u0642\u0627\u062a \u0645\u0646 \u062c\u0648\u062c\u0644<\/a> \u0628\u0645\u0627 \u0641\u064a \u0630\u0644\u0643 \u0645\u062a\u0637\u0644\u0628\u0627\u062a \u0627\u0644\u0627\u0633\u062a\u062e\u062f\u0627\u0645 \u0627\u0644\u0645\u062d\u062f\u0648\u062f.<\/p>\t\t\t\t\t\t\t\t<\/div>\n\t\t\t\t<\/div>\n\t\t\t\t\t<\/div>\n\t\t<\/div>\n\t\t\t\t\t<\/div>\n\t\t<\/section>\n\t\t\t\t<\/div>","protected":false},"excerpt":{"rendered":"<p>El uso de el sitio web y la aplicaci\u00f3n de Doctor Sky y la transferencia a cualquier otra aplicaci\u00f3n de informaci\u00f3n recibida de las API de Google se adherir\u00e1n a la Pol\u00edtica de datos de usuario de los servicios API de Google , incluidos los requisitos de uso limitado.<\/p>","protected":false},"author":1,"featured_media":0,"parent":0,"menu_order":0,"comment_status":"closed","ping_status":"closed","template":"","meta":{"pmpro_default_level":"","footnotes":""},"class_list":["post-161","page","type-page","status-publish","hentry","pmpro-has-access"],"yoast_head":"<!-- This site is optimized with the Yoast SEO plugin v25.7 - https:\/\/yoast.com\/wordpress\/plugins\/seo\/ -->\n<title>Pol\u00edtica de privacidad - DoctorSky - Gesti&oacute;n de Citas<\/title>\n<meta name=\"robots\" content=\"index, follow, max-snippet:-1, max-image-preview:large, max-video-preview:-1\" \/>\n<link rel=\"canonical\" href=\"https:\/\/cita.doctorsky.es\/ar\/politica-privacidad\/\" \/>\n<meta property=\"og:locale\" content=\"ar_AR\" \/>\n<meta property=\"og:type\" content=\"article\" \/>\n<meta property=\"og:title\" content=\"Pol\u00edtica de privacidad - DoctorSky - Gesti&oacute;n de Citas\" \/>\n<meta property=\"og:description\" content=\"El uso de el sitio web y la aplicaci\u00f3n de Doctor Sky y la transferencia a cualquier otra aplicaci\u00f3n de informaci\u00f3n recibida de las API de Google se adherir\u00e1n a la Pol\u00edtica de datos de usuario de los servicios API de Google , incluidos los requisitos de uso limitado.\" \/>\n<meta property=\"og:url\" content=\"https:\/\/cita.doctorsky.es\/ar\/politica-privacidad\/\" \/>\n<meta property=\"og:site_name\" content=\"DoctorSky - Gesti&oacute;n de Citas\" \/>\n<meta property=\"article:modified_time\" content=\"2023-12-04T14:18:58+00:00\" \/>\n<meta name=\"twitter:card\" content=\"summary_large_image\" \/>\n<meta name=\"twitter:label1\" content=\"\u0648\u0642\u062a \u0627\u0644\u0642\u0631\u0627\u0621\u0629 \u0627\u0644\u0645\u064f\u0642\u062f\u0651\u0631\" \/>\n\t<meta name=\"twitter:data1\" content=\"3 \u062f\u0642\u0627\u0626\u0642\" \/>\n<script type=\"application\/ld+json\" class=\"yoast-schema-graph\">{\"@context\":\"https:\/\/schema.org\",\"@graph\":[{\"@type\":\"WebPage\",\"@id\":\"https:\/\/cita.doctorsky.es\/it\/politica-privacidad\/\",\"url\":\"https:\/\/cita.doctorsky.es\/it\/politica-privacidad\/\",\"name\":\"Pol\u00edtica de privacidad - DoctorSky - Gesti&oacute;n de Citas\",\"isPartOf\":{\"@id\":\"https:\/\/cita.doctorsky.es\/es\/#website\"},\"datePublished\":\"2022-03-29T08:59:11+00:00\",\"dateModified\":\"2023-12-04T14:18:58+00:00\",\"breadcrumb\":{\"@id\":\"https:\/\/cita.doctorsky.es\/it\/politica-privacidad\/#breadcrumb\"},\"inLanguage\":\"ar\",\"potentialAction\":[{\"@type\":\"ReadAction\",\"target\":[\"https:\/\/cita.doctorsky.es\/it\/politica-privacidad\/\"]}]},{\"@type\":\"BreadcrumbList\",\"@id\":\"https:\/\/cita.doctorsky.es\/it\/politica-privacidad\/#breadcrumb\",\"itemListElement\":[{\"@type\":\"ListItem\",\"position\":1,\"name\":\"Portada\",\"item\":\"https:\/\/cita.doctorsky.es\/es\/\"},{\"@type\":\"ListItem\",\"position\":2,\"name\":\"Pol\u00edtica de privacidad\"}]},{\"@type\":\"WebSite\",\"@id\":\"https:\/\/cita.doctorsky.es\/es\/#website\",\"url\":\"https:\/\/cita.doctorsky.es\/es\/\",\"name\":\"DoctorSky - Gesti&oacute;n de Citas\",\"description\":\"Telemedicina al cuidado de tu salud\",\"publisher\":{\"@id\":\"https:\/\/cita.doctorsky.es\/es\/#organization\"},\"potentialAction\":[{\"@type\":\"SearchAction\",\"target\":{\"@type\":\"EntryPoint\",\"urlTemplate\":\"https:\/\/cita.doctorsky.es\/es\/?s={search_term_string}\"},\"query-input\":{\"@type\":\"PropertyValueSpecification\",\"valueRequired\":true,\"valueName\":\"search_term_string\"}}],\"inLanguage\":\"ar\"},{\"@type\":\"Organization\",\"@id\":\"https:\/\/cita.doctorsky.es\/es\/#organization\",\"name\":\"DoctorSky\",\"url\":\"https:\/\/cita.doctorsky.es\/es\/\",\"logo\":{\"@type\":\"ImageObject\",\"inLanguage\":\"ar\",\"@id\":\"https:\/\/cita.doctorsky.es\/es\/#\/schema\/logo\/image\/\",\"url\":\"https:\/\/cita.doctorsky.es\/wp-content\/uploads\/2022\/05\/logo-original.png\",\"contentUrl\":\"https:\/\/cita.doctorsky.es\/wp-content\/uploads\/2022\/05\/logo-original.png\",\"width\":1462,\"height\":357,\"caption\":\"DoctorSky\"},\"image\":{\"@id\":\"https:\/\/cita.doctorsky.es\/es\/#\/schema\/logo\/image\/\"}}]}<\/script>\n<!-- \/ Yoast SEO plugin. -->","yoast_head_json":{"title":"Pol\u00edtica de privacidad - DoctorSky - Gesti&oacute;n de Citas","robots":{"index":"index","follow":"follow","max-snippet":"max-snippet:-1","max-image-preview":"max-image-preview:large","max-video-preview":"max-video-preview:-1"},"canonical":"https:\/\/cita.doctorsky.es\/ar\/politica-privacidad\/","og_locale":"ar_AR","og_type":"article","og_title":"Pol\u00edtica de privacidad - DoctorSky - Gesti&oacute;n de Citas","og_description":"El uso de el sitio web y la aplicaci\u00f3n de Doctor Sky y la transferencia a cualquier otra aplicaci\u00f3n de informaci\u00f3n recibida de las API de Google se adherir\u00e1n a la Pol\u00edtica de datos de usuario de los servicios API de Google , incluidos los requisitos de uso limitado.","og_url":"https:\/\/cita.doctorsky.es\/ar\/politica-privacidad\/","og_site_name":"DoctorSky - Gesti&oacute;n de Citas","article_modified_time":"2023-12-04T14:18:58+00:00","twitter_card":"summary_large_image","twitter_misc":{"\u0648\u0642\u062a \u0627\u0644\u0642\u0631\u0627\u0621\u0629 \u0627\u0644\u0645\u064f\u0642\u062f\u0651\u0631":"3 \u062f\u0642\u0627\u0626\u0642"},"schema":{"@context":"https:\/\/schema.org","@graph":[{"@type":"WebPage","@id":"https:\/\/cita.doctorsky.es\/it\/politica-privacidad\/","url":"https:\/\/cita.doctorsky.es\/it\/politica-privacidad\/","name":"Pol\u00edtica de privacidad - DoctorSky - Gesti&oacute;n de Citas","isPartOf":{"@id":"https:\/\/cita.doctorsky.es\/es\/#website"},"datePublished":"2022-03-29T08:59:11+00:00","dateModified":"2023-12-04T14:18:58+00:00","breadcrumb":{"@id":"https:\/\/cita.doctorsky.es\/it\/politica-privacidad\/#breadcrumb"},"inLanguage":"ar","potentialAction":[{"@type":"ReadAction","target":["https:\/\/cita.doctorsky.es\/it\/politica-privacidad\/"]}]},{"@type":"BreadcrumbList","@id":"https:\/\/cita.doctorsky.es\/it\/politica-privacidad\/#breadcrumb","itemListElement":[{"@type":"ListItem","position":1,"name":"Portada","item":"https:\/\/cita.doctorsky.es\/es\/"},{"@type":"ListItem","position":2,"name":"Pol\u00edtica de privacidad"}]},{"@type":"WebSite","@id":"https:\/\/cita.doctorsky.es\/es\/#website","url":"https:\/\/cita.doctorsky.es\/es\/","name":"\u062f\u0643\u062a\u0648\u0631 \u0633\u0643\u0627\u064a - \u0625\u062f\u0627\u0631\u0629 \u0627\u0644\u0645\u0648\u0627\u0639\u064a\u062f \u0627\u0644\u0637\u0628\u064a\u0629","description":"\u0627\u0644\u062a\u0637\u0628\u064a\u0628 \u0639\u0646 \u0628\u064f\u0639\u062f \u0644\u0644\u0639\u0646\u0627\u064a\u0629 \u0628\u0635\u062d\u062a\u0643","publisher":{"@id":"https:\/\/cita.doctorsky.es\/es\/#organization"},"potentialAction":[{"@type":"SearchAction","target":{"@type":"EntryPoint","urlTemplate":"https:\/\/cita.doctorsky.es\/es\/?s={search_term_string}"},"query-input":{"@type":"PropertyValueSpecification","valueRequired":true,"valueName":"search_term_string"}}],"inLanguage":"ar"},{"@type":"Organization","@id":"https:\/\/cita.doctorsky.es\/es\/#organization","name":"\u062f\u0643\u062a\u0648\u0631 \u0633\u0643\u0627\u064a","url":"https:\/\/cita.doctorsky.es\/es\/","logo":{"@type":"ImageObject","inLanguage":"ar","@id":"https:\/\/cita.doctorsky.es\/es\/#\/schema\/logo\/image\/","url":"https:\/\/cita.doctorsky.es\/wp-content\/uploads\/2022\/05\/logo-original.png","contentUrl":"https:\/\/cita.doctorsky.es\/wp-content\/uploads\/2022\/05\/logo-original.png","width":1462,"height":357,"caption":"DoctorSky"},"image":{"@id":"https:\/\/cita.doctorsky.es\/es\/#\/schema\/logo\/image\/"}}]}},"_links":{"self":[{"href":"https:\/\/cita.doctorsky.es\/ar\/wp-json\/wp\/v2\/pages\/161","targetHints":{"allow":["GET"]}}],"collection":[{"href":"https:\/\/cita.doctorsky.es\/ar\/wp-json\/wp\/v2\/pages"}],"about":[{"href":"https:\/\/cita.doctorsky.es\/ar\/wp-json\/wp\/v2\/types\/page"}],"author":[{"embeddable":true,"href":"https:\/\/cita.doctorsky.es\/ar\/wp-json\/wp\/v2\/users\/1"}],"replies":[{"embeddable":true,"href":"https:\/\/cita.doctorsky.es\/ar\/wp-json\/wp\/v2\/comments?post=161"}],"version-history":[{"count":0,"href":"https:\/\/cita.doctorsky.es\/ar\/wp-json\/wp\/v2\/pages\/161\/revisions"}],"wp:attachment":[{"href":"https:\/\/cita.doctorsky.es\/ar\/wp-json\/wp\/v2\/media?parent=161"}],"curies":[{"name":"\u062f\u0628\u0644\u064a\u0648 \u0628\u064a","href":"https:\/\/api.w.org\/{rel}","templated":true}]}}