
{"id":158,"date":"2022-03-29T10:57:18","date_gmt":"2022-03-29T08:57:18","guid":{"rendered":"https:\/\/cita.doctorsky.es\/?page_id=158"},"modified":"2022-05-17T12:22:15","modified_gmt":"2022-05-17T10:22:15","slug":"terminos-condiciones","status":"publish","type":"page","link":"https:\/\/cita.doctorsky.es\/de\/terminos-condiciones\/","title":{"rendered":"Bedingungen und Konditionen"},"content":{"rendered":"<h3 class=\"wp-block-heading\">Daten zur Identifizierung<\/h3>\n\n\n\n<p>Die Identifikationsdaten des Gewerbetreibenden oder des Unternehmens, dem die Website oder der Online-Shop geh\u00f6rt, m\u00fcssen angegeben werden, damit die Nutzer wissen, mit wem sie einen Vertrag abschlie\u00dfen und wer f\u00fcr die Website verantwortlich ist.<\/p>\n\n\n\n<h3 class=\"wp-block-heading\">Rechte an geistigem und gewerblichem Eigentum<\/h3>\n\n\n\n<p>Der Eigent\u00fcmer der Elemente, aus denen die Website besteht, muss angegeben werden, ebenso wie die Art der Nutzungslizenzen, die den Nutzern f\u00fcr diese Elemente gew\u00e4hrt werden. Wenn die Website beispielsweise \u00fcber einen Blog verf\u00fcgt, ist es wichtig, die Lizenz festzulegen, die den Nutzern f\u00fcr die auf der Website ver\u00f6ffentlichten Artikel oder f\u00fcr die anderen Elemente, aus denen die Website besteht, wie Fotos, Videos, Logos usw., gew\u00e4hrt wird.<\/p>\n\n\n\n<h3 class=\"wp-block-heading\">Schritte f\u00fcr die rechtzeitige Buchung eines Termins<\/h3>\n\n\n\n<p>Jeder Benutzer, der einen Termin rechtzeitig buchen m\u00f6chte, sollte den Buchungsvorgang unter https:\/\/cita.doctorsky.es\/ abschlie\u00dfen.<\/p>\n\n\n\n<p>W\u00e4hrend des Prozesses wird der Benutzer (Patient) mit den notwendigen Daten zum Ausf\u00fcllen seiner Krankenakte entlassen.<\/p>\n\n\n\n<p>Sobald der Benutzer identifiziert ist, schlie\u00dft er die Buchung ab, indem er f\u00fcr den medizinischen Termin bezahlt und eine E-Mail-Benachrichtigung mit allen Details erh\u00e4lt.<\/p>\n\n\n\n<h3 class=\"wp-block-heading\">Zugang zur Video-Konsultation<\/h3>\n\n\n\n<p>Sobald der Arzt den Termin aktiviert hat, erh\u00e4lt der Patient am angegebenen Tag und zur angegebenen Uhrzeit eine E-Mail mit dem Link zum VideoConsultation-Raum, in dem der vom Kunden ausgew\u00e4hlte Arzt anwesend sein wird.<\/p>\n\n\n\n<h3 class=\"wp-block-heading\">Preise<\/h3>\n\n\n\n<p>F\u00fcr jede Dienstleistung, ob Videokonsultation (Telemedizin) oder eine andere Dienstleistung (Telefon, zu Hause usw.), wird ein Preis erhoben, der vor der Buchung des Termins zu zahlen ist.<\/p>\n\n\n\n<h3 class=\"wp-block-heading\">Verhaltensregeln<\/h3>\n\n\n\n<p>F\u00fcr den Fall, dass es notwendig ist, sich als Nutzer zu registrieren, um die auf der Website angebotenen Dienste zu nutzen, m\u00fcssen die spezifischen Nutzungsbedingungen festgelegt werden, die Rechte, die den registrierten Nutzern gew\u00e4hrt werden, sowie die Verantwortlichkeiten, die sie \u00fcbernehmen, wenn ihr Verhalten nicht mit den festgelegten Verhaltensregeln \u00fcbereinstimmt, zum Beispiel, wenn die Registrierung f\u00fcr ein Forum erfolgt, die Verantwortlichkeiten, die der Nutzer f\u00fcr die von ihm abgegebenen Kommentare \u00fcbernimmt.<\/p>\n\n\n\n<h3 class=\"wp-block-heading\">Verantwortlichkeiten<\/h3>\n\n\n\n<p>Es ist wichtig, dass die Website die \u00fcbernommenen Verantwortlichkeiten sowie die Haftungsbeschr\u00e4nkungen f\u00fcr m\u00f6gliche Vorf\u00e4lle, die auf der Website auftreten k\u00f6nnen, genau festlegt.<\/p>\n\n\n\n<h3 class=\"wp-block-heading\">Garantien<\/h3>\n\n\n\n<p>Es ist wichtig, die Nutzer auf die Garantien hinzuweisen, die sie beim Kauf eines Produkts oder einer Dienstleistung haben.<\/p>\n\n\n\n<p>Es sei darauf hingewiesen, dass beim Verkauf von Produkten Klauseln zur Regelung von Fragen der Produkthaftung, Erstattung und R\u00fcckgabe aufgenommen werden m\u00fcssen.<\/p>\n\n\n\n<h3 class=\"wp-block-heading\">Anwendbares Recht und Streitbeilegungssystem<\/h3>\n\n\n\n<p>Es ist wichtig, den Nutzer auf die Regeln aufmerksam zu machen, die f\u00fcr das entstehende Vertragsverh\u00e4ltnis gelten, sowie das System der au\u00dfergerichtlichen Streitbeilegung oder die zust\u00e4ndigen Gerichte f\u00fcr die Beilegung etwaiger Streitigkeiten zu bestimmen.<\/p>\n\n\n\n<h3 class=\"wp-block-heading\">Andere<\/h3>\n\n\n\n<p>Wenn Angebote und Werbeaktionen gemacht werden, sollten die besonderen Bedingungen f\u00fcr das Angebot oder die Aktion enthalten sein. Wenn dem Nutzer nach dem Kauf des Produkts oder der Dienstleistung ein Kundendienst angeboten wird, sollten die Bedingungen f\u00fcr diesen Kundendienst ebenfalls angegeben werden.<\/p>","protected":false},"excerpt":{"rendered":"<p>Datos de identificaci\u00f3n Se debe incluir los datos de identificaci\u00f3n del profesional o la empresa titular de la p\u00e1gina web o tienda online para que los usuarios tengan conocimiento de la persona con la que contratan y el responsable de la web. Derechos de propiedad intelectual e industrial Se debe se\u00f1alar qui\u00e9n es el titular<a class=\"more-link\" href=\"https:\/\/cita.doctorsky.es\/de\/terminos-condiciones\/\">Read more  &#10230;<\/a><\/p>","protected":false},"author":1,"featured_media":0,"parent":0,"menu_order":0,"comment_status":"closed","ping_status":"closed","template":"","meta":{"pmpro_default_level":"","footnotes":""},"class_list":["post-158","page","type-page","status-publish","hentry","pmpro-has-access"],"yoast_head":"<!-- This site is optimized with the Yoast SEO plugin v25.7 - https:\/\/yoast.com\/wordpress\/plugins\/seo\/ -->\n<title>T\u00e9rminos y Condiciones - DoctorSky - Gesti&oacute;n de Citas<\/title>\n<meta name=\"robots\" content=\"index, follow, max-snippet:-1, max-image-preview:large, max-video-preview:-1\" \/>\n<link rel=\"canonical\" href=\"https:\/\/cita.doctorsky.es\/de\/terminos-condiciones\/\" \/>\n<meta property=\"og:locale\" content=\"de_DE\" \/>\n<meta property=\"og:type\" content=\"article\" \/>\n<meta property=\"og:title\" content=\"T\u00e9rminos y Condiciones - DoctorSky - Gesti&oacute;n de Citas\" \/>\n<meta property=\"og:description\" content=\"Datos de identificaci\u00f3n Se debe incluir los datos de identificaci\u00f3n del profesional o la empresa titular de la p\u00e1gina web o tienda online para que los usuarios tengan conocimiento de la persona con la que contratan y el responsable de la web. Derechos de propiedad intelectual e industrial Se debe se\u00f1alar qui\u00e9n es el titularRead more &#10230;\" \/>\n<meta property=\"og:url\" content=\"https:\/\/cita.doctorsky.es\/de\/terminos-condiciones\/\" \/>\n<meta property=\"og:site_name\" content=\"DoctorSky - Gesti&oacute;n de Citas\" \/>\n<meta property=\"article:modified_time\" content=\"2022-05-17T10:22:15+00:00\" \/>\n<meta name=\"twitter:card\" content=\"summary_large_image\" \/>\n<meta name=\"twitter:label1\" content=\"Gesch\u00e4tzte Lesezeit\" \/>\n\t<meta name=\"twitter:data1\" content=\"3\u00a0Minuten\" \/>\n<script type=\"application\/ld+json\" class=\"yoast-schema-graph\">{\"@context\":\"https:\/\/schema.org\",\"@graph\":[{\"@type\":\"WebPage\",\"@id\":\"https:\/\/cita.doctorsky.es\/ar\/terminos-condiciones\/\",\"url\":\"https:\/\/cita.doctorsky.es\/ar\/terminos-condiciones\/\",\"name\":\"T\u00e9rminos y Condiciones - DoctorSky - Gesti&oacute;n de Citas\",\"isPartOf\":{\"@id\":\"https:\/\/cita.doctorsky.es\/es\/#website\"},\"datePublished\":\"2022-03-29T08:57:18+00:00\",\"dateModified\":\"2022-05-17T10:22:15+00:00\",\"breadcrumb\":{\"@id\":\"https:\/\/cita.doctorsky.es\/ar\/terminos-condiciones\/#breadcrumb\"},\"inLanguage\":\"de\",\"potentialAction\":[{\"@type\":\"ReadAction\",\"target\":[\"https:\/\/cita.doctorsky.es\/ar\/terminos-condiciones\/\"]}]},{\"@type\":\"BreadcrumbList\",\"@id\":\"https:\/\/cita.doctorsky.es\/ar\/terminos-condiciones\/#breadcrumb\",\"itemListElement\":[{\"@type\":\"ListItem\",\"position\":1,\"name\":\"Portada\",\"item\":\"https:\/\/cita.doctorsky.es\/es\/\"},{\"@type\":\"ListItem\",\"position\":2,\"name\":\"T\u00e9rminos y Condiciones\"}]},{\"@type\":\"WebSite\",\"@id\":\"https:\/\/cita.doctorsky.es\/es\/#website\",\"url\":\"https:\/\/cita.doctorsky.es\/es\/\",\"name\":\"DoctorSky - Gesti&oacute;n de Citas\",\"description\":\"Telemedicina al cuidado de tu salud\",\"publisher\":{\"@id\":\"https:\/\/cita.doctorsky.es\/es\/#organization\"},\"potentialAction\":[{\"@type\":\"SearchAction\",\"target\":{\"@type\":\"EntryPoint\",\"urlTemplate\":\"https:\/\/cita.doctorsky.es\/es\/?s={search_term_string}\"},\"query-input\":{\"@type\":\"PropertyValueSpecification\",\"valueRequired\":true,\"valueName\":\"search_term_string\"}}],\"inLanguage\":\"de\"},{\"@type\":\"Organization\",\"@id\":\"https:\/\/cita.doctorsky.es\/es\/#organization\",\"name\":\"DoctorSky\",\"url\":\"https:\/\/cita.doctorsky.es\/es\/\",\"logo\":{\"@type\":\"ImageObject\",\"inLanguage\":\"de\",\"@id\":\"https:\/\/cita.doctorsky.es\/es\/#\/schema\/logo\/image\/\",\"url\":\"https:\/\/cita.doctorsky.es\/wp-content\/uploads\/2022\/05\/logo-original.png\",\"contentUrl\":\"https:\/\/cita.doctorsky.es\/wp-content\/uploads\/2022\/05\/logo-original.png\",\"width\":1462,\"height\":357,\"caption\":\"DoctorSky\"},\"image\":{\"@id\":\"https:\/\/cita.doctorsky.es\/es\/#\/schema\/logo\/image\/\"}}]}<\/script>\n<!-- \/ Yoast SEO plugin. -->","yoast_head_json":{"title":"T\u00e9rminos y Condiciones - DoctorSky - Gesti&oacute;n de Citas","robots":{"index":"index","follow":"follow","max-snippet":"max-snippet:-1","max-image-preview":"max-image-preview:large","max-video-preview":"max-video-preview:-1"},"canonical":"https:\/\/cita.doctorsky.es\/de\/terminos-condiciones\/","og_locale":"de_DE","og_type":"article","og_title":"T\u00e9rminos y Condiciones - DoctorSky - Gesti&oacute;n de Citas","og_description":"Datos de identificaci\u00f3n Se debe incluir los datos de identificaci\u00f3n del profesional o la empresa titular de la p\u00e1gina web o tienda online para que los usuarios tengan conocimiento de la persona con la que contratan y el responsable de la web. Derechos de propiedad intelectual e industrial Se debe se\u00f1alar qui\u00e9n es el titularRead more &#10230;","og_url":"https:\/\/cita.doctorsky.es\/de\/terminos-condiciones\/","og_site_name":"DoctorSky - Gesti&oacute;n de Citas","article_modified_time":"2022-05-17T10:22:15+00:00","twitter_card":"summary_large_image","twitter_misc":{"Gesch\u00e4tzte Lesezeit":"3\u00a0Minuten"},"schema":{"@context":"https:\/\/schema.org","@graph":[{"@type":"WebPage","@id":"https:\/\/cita.doctorsky.es\/ar\/terminos-condiciones\/","url":"https:\/\/cita.doctorsky.es\/ar\/terminos-condiciones\/","name":"T\u00e9rminos y Condiciones - DoctorSky - Gesti&oacute;n de Citas","isPartOf":{"@id":"https:\/\/cita.doctorsky.es\/es\/#website"},"datePublished":"2022-03-29T08:57:18+00:00","dateModified":"2022-05-17T10:22:15+00:00","breadcrumb":{"@id":"https:\/\/cita.doctorsky.es\/ar\/terminos-condiciones\/#breadcrumb"},"inLanguage":"de","potentialAction":[{"@type":"ReadAction","target":["https:\/\/cita.doctorsky.es\/ar\/terminos-condiciones\/"]}]},{"@type":"BreadcrumbList","@id":"https:\/\/cita.doctorsky.es\/ar\/terminos-condiciones\/#breadcrumb","itemListElement":[{"@type":"ListItem","position":1,"name":"Portada","item":"https:\/\/cita.doctorsky.es\/es\/"},{"@type":"ListItem","position":2,"name":"T\u00e9rminos y Condiciones"}]},{"@type":"WebSite","@id":"https:\/\/cita.doctorsky.es\/es\/#website","url":"https:\/\/cita.doctorsky.es\/es\/","name":"DoctorSky - Terminverwaltung","description":"Telemedizin zur Pflege Ihrer Gesundheit","publisher":{"@id":"https:\/\/cita.doctorsky.es\/es\/#organization"},"potentialAction":[{"@type":"SearchAction","target":{"@type":"EntryPoint","urlTemplate":"https:\/\/cita.doctorsky.es\/es\/?s={search_term_string}"},"query-input":{"@type":"PropertyValueSpecification","valueRequired":true,"valueName":"search_term_string"}}],"inLanguage":"de"},{"@type":"Organization","@id":"https:\/\/cita.doctorsky.es\/es\/#organization","name":"DoctorSky","url":"https:\/\/cita.doctorsky.es\/es\/","logo":{"@type":"ImageObject","inLanguage":"de","@id":"https:\/\/cita.doctorsky.es\/es\/#\/schema\/logo\/image\/","url":"https:\/\/cita.doctorsky.es\/wp-content\/uploads\/2022\/05\/logo-original.png","contentUrl":"https:\/\/cita.doctorsky.es\/wp-content\/uploads\/2022\/05\/logo-original.png","width":1462,"height":357,"caption":"DoctorSky"},"image":{"@id":"https:\/\/cita.doctorsky.es\/es\/#\/schema\/logo\/image\/"}}]}},"_links":{"self":[{"href":"https:\/\/cita.doctorsky.es\/de\/wp-json\/wp\/v2\/pages\/158","targetHints":{"allow":["GET"]}}],"collection":[{"href":"https:\/\/cita.doctorsky.es\/de\/wp-json\/wp\/v2\/pages"}],"about":[{"href":"https:\/\/cita.doctorsky.es\/de\/wp-json\/wp\/v2\/types\/page"}],"author":[{"embeddable":true,"href":"https:\/\/cita.doctorsky.es\/de\/wp-json\/wp\/v2\/users\/1"}],"replies":[{"embeddable":true,"href":"https:\/\/cita.doctorsky.es\/de\/wp-json\/wp\/v2\/comments?post=158"}],"version-history":[{"count":0,"href":"https:\/\/cita.doctorsky.es\/de\/wp-json\/wp\/v2\/pages\/158\/revisions"}],"wp:attachment":[{"href":"https:\/\/cita.doctorsky.es\/de\/wp-json\/wp\/v2\/media?parent=158"}],"curies":[{"name":"wp","href":"https:\/\/api.w.org\/{rel}","templated":true}]}}