
{"id":187,"date":"2022-03-29T11:42:54","date_gmt":"2022-03-29T09:42:54","guid":{"rendered":"https:\/\/cita.doctorsky.es\/?page_id=187"},"modified":"2022-03-29T11:47:46","modified_gmt":"2022-03-29T09:47:46","slug":"aviso-legal","status":"publish","type":"page","link":"https:\/\/cita.doctorsky.es\/de\/aviso-legal\/","title":{"rendered":"Rechtlicher Hinweis"},"content":{"rendered":"<div data-elementor-type=\"wp-page\" data-elementor-id=\"187\" class=\"elementor elementor-187\">\n\t\t\t\t\t\t<section class=\"elementor-section elementor-top-section elementor-element elementor-element-93bea87 elementor-section-boxed elementor-section-height-default elementor-section-height-default\" data-id=\"93bea87\" data-element_type=\"section\">\n\t\t\t\t\t\t<div class=\"elementor-container elementor-column-gap-default\">\n\t\t\t\t\t<div class=\"elementor-column elementor-col-100 elementor-top-column elementor-element elementor-element-78094e4\" data-id=\"78094e4\" data-element_type=\"column\">\n\t\t\t<div class=\"elementor-widget-wrap elementor-element-populated\">\n\t\t\t\t\t\t<div class=\"elementor-element elementor-element-b88d57b elementor-widget elementor-widget-shortcode\" data-id=\"b88d57b\" data-element_type=\"widget\" data-widget_type=\"shortcode.default\">\n\t\t\t\t<div class=\"elementor-widget-container\">\n\t\t\t\t\t\t\t<div class=\"elementor-shortcode\"><h3>IDENTIFIKATIONSDATEN DES EIGENT\u00dcMERS DER WEBSITE<\/h3>\n<p>In \u00dcbereinstimmung mit der Informationspflicht gem\u00e4\u00df Artikel 10 des Gesetzes 34\/2002 vom 11. Juli 2002 \u00fcber die Dienste der Informationsgesellschaft und den elektronischen Handel, <strong><em>Meditech Tool-L\u00f6sungen<\/em><\/strong>mit der Steueridentifikationsnummer B88466529, im Folgenden als <strong>DoctorSky<\/strong>als Eigent\u00fcmer der Website <strong>cita.doctorsky.co.uk<\/strong>mit Adresse in der Calle Virgilio 18, Postleitzahl 28341 in Valdemoro, Madrid, E-Mail Adresse <a href=\"mailto:in%66%6f%40%64&#111;&#99;tors&#107;%79.es\">info@doctorsky.es<\/a> und Telefon 633952266, Ihnen die vorliegenden Informationen mitzuteilen, die den Nutzungsbedingungen dieser Seite, den Haftungsbeschr\u00e4nkungen und den Verpflichtungen entsprechen, die die Benutzer der unter dem Domainnamen ver\u00f6ffentlichten Website <strong><i>cita.doctorsky.co.uk<\/i><\/strong>und verpflichten sich zu respektieren.<\/p>\n<h3>VERWENDUNGSBEDINGUNGEN<\/h3>\n<p>Die Verwendung von <strong>cita.doctorsky.co.uk<\/strong> gew\u00e4hrt den Status von <strong>Benutzer<\/strong> von <strong>cita.doctorsky.co.uk<\/strong>Die Nutzung dieser Website, unabh\u00e4ngig davon, ob Sie eine Privatperson oder eine juristische Person sind, setzt die vollst\u00e4ndige, uneingeschr\u00e4nkte und vorbehaltlose Zustimmung zu allen Klauseln und allgemeinen Bedingungen voraus, die im rechtlichen Hinweis enthalten sind. Wenn die <strong>Benutzer<\/strong> nicht mit den Klauseln und Nutzungsbedingungen dieser rechtlichen Hinweise einverstanden ist, d\u00fcrfen Sie die <strong>cita.doctorsky.co.uk<\/strong>. Dieser Rechtliche Hinweis unterliegt \u00c4nderungen und Aktualisierungen und daher ist die von <strong>DoctorSky<\/strong> kann zu jedem Zeitpunkt unterschiedlich sein, wenn die <strong>Benutzer<\/strong> auf das Portal zugreifen. Daher ist die <strong>Benutzer<\/strong> sollten Sie die rechtlichen Hinweise jedes Mal lesen, wenn Sie auf die <strong>cita.doctorsky.co.uk<\/strong>.<\/p>\n\n<p>\u00dcber <strong>cita.doctorsky.co.uk<\/strong>, <strong>DoctorSky<\/strong><b> <\/b>erleichtert die <strong>Benutzer<\/strong> den Zugang zu und die Nutzung von verschiedenen Inhalten, die \u00fcber das Internet von <strong>DoctorSky<\/strong> oder durch autorisierte Dritte.<\/p>\n\n<p>Die <strong>Benutzer<\/strong> ist verpflichtet und verpflichtet sich, die <strong>cita.doctorsky.co.uk<\/strong> und die Inhalte in \u00dcbereinstimmung mit der geltenden Gesetzgebung, den rechtlichen Hinweisen und allen anderen Hinweisen oder Anweisungen, die Ihnen zur Kenntnis gebracht werden, sei es durch diesen rechtlichen Hinweis oder an anderer Stelle in den Inhalten, die Folgendes umfassen <strong>cita.doctorsky.co.uk<\/strong>Die Kommission sorgt daf\u00fcr, dass die Regeln des Zusammenlebens, der Moral und der allgemein anerkannten guten Sitten eingehalten werden. Zu diesem Zweck wird die <strong>Benutzer<\/strong> stimmt zu und verpflichtet sich, die Inhalte NICHT f\u00fcr unerlaubte Zwecke oder Wirkungen zu verwenden, die in den rechtlichen Hinweisen oder durch die geltende Gesetzgebung verboten sind, die Rechte und Interessen Dritter verletzen oder die in irgendeiner Weise die normale Nutzung der Inhalte, der Computerausr\u00fcstung oder der Dokumente, der Dateien und aller Arten von Inhalten, die in einer Computerausr\u00fcstung gespeichert sind, die im Besitz oder im Auftrag von <strong>DoctorSky<\/strong>eines anderen <strong>BENUTZER<\/strong> oder jeden Internetnutzer (Hardware und Software).<\/p>\n\n<p>Die <strong>Benutzer<\/strong> verpflichtet sich und verpflichtet sich dazu, keine Art von Material zu \u00fcbermitteln, zu verbreiten oder Dritten zug\u00e4nglich zu machen, das in <strong>cita.doctorsky.co.uk<\/strong>wie z.B. Informationen, Texte, Daten, Inhalte, Nachrichten, Grafiken, Zeichnungen, Ton- und\/oder Bilddateien, Fotografien, Aufnahmen, Software, Logos, Marken, Icons, Technologie, Fotografien, Software, Links, grafisches Design und Quellcodes, oder jegliches andere Material, zu dem Sie in Ihrer Eigenschaft als Kunde Zugang haben <strong>Benutzer<\/strong> von <strong>cita.doctorsky.co.uk<\/strong>Diese Liste ist nicht ersch\u00f6pfend. In \u00dcbereinstimmung mit dem oben Gesagten ist die <strong>Benutzer<\/strong> vielleicht nicht:<\/p>\n<ul>\n<li>die Inhalte zu vervielf\u00e4ltigen, zu kopieren, zu verbreiten, zur Verf\u00fcgung zu stellen oder in sonstiger Weise \u00f6ffentlich wiederzugeben, umzuwandeln oder zu ver\u00e4ndern, es sei denn, es liegt eine ausdr\u00fcckliche schriftliche Genehmigung vor, die von <strong>DoctorSky<\/strong>Der Benutzer ist der Inhaber der entsprechenden Rechte oder ist gesetzlich dazu befugt.<\/li>\n<li>die Urheberrechts- und sonstigen Identifizierungsdaten des Vorbehalts der Rechte von <strong>DoctorSky<\/strong> oder deren Eigent\u00fcmer, Fingerabdr\u00fccke und\/oder digitale Identifikatoren, Wasserzeichen oder andere technische Mittel zu deren Erkennung.<\/li>\n<\/ul>\n<p>Die <strong>Benutzer<\/strong> unterl\u00e4sst es, die Inhalte mit anderen Mitteln oder Verfahren zu erhalten oder auch nur zu versuchen, sie zu erhalten, als denjenigen, die zu diesem Zweck auf den Webseiten, auf denen sich die Inhalte befinden, zur Verf\u00fcgung gestellt oder angegeben wurden, oder allgemein denjenigen, die im Internet zu diesem Zweck \u00fcblicherweise verwendet werden, sofern sie nicht das Risiko einer Besch\u00e4digung oder Deaktivierung von <strong>cita.doctorsky.co.uk<\/strong>und\/oder des Inhalts.<\/p>\n<h3>GEISTIGES EIGENTUM<\/h3>\n<p>Alle Marken, Markennamen oder Logos jeglicher Art, die auf dieser Website erscheinen, sind das Eigentum ihrer jeweiligen Inhaber. <strong>cita.doctorsky.co.uk<\/strong> sind die Eigenschaft von <strong>DoctorSky<\/strong> oder gegebenenfalls ihrer jeweiligen Eigent\u00fcmer, ohne dass die Nutzung oder der Zugriff auf das Portal und\/oder die Inhalte auf den <strong>Benutzer<\/strong> keine Rechte an den oben genannten Marken, Handelsnamen und\/oder Unterscheidungszeichen, und sie d\u00fcrfen nicht so verstanden werden, als seien sie an die <strong>Benutzer<\/strong>Der Inhalt ist das geistige Eigentum der Website, und es bestehen keine Verwertungsrechte an diesem Inhalt, die bestehen oder bestehen k\u00f6nnten. Ebenso sind die Inhalte das geistige Eigentum von <strong>DoctorSky<\/strong>oder gegebenenfalls von Dritten, daher sind die Rechte an geistigem Eigentum Eigentum Eigentum von <strong>DoctorSky<\/strong> oder Dritte, die ihre Nutzung genehmigt haben, die \u00fcber die ausschlie\u00dflichen Rechte verf\u00fcgen, diese in jeglicher Form zu verwerten und insbesondere die Rechte der Vervielf\u00e4ltigung, der Verbreitung, der \u00f6ffentlichen Wiedergabe und der Umwandlung. Die unerlaubte Nutzung der auf dieser Website enthaltenen Informationen sowie jede Verletzung der Rechte des geistigen oder gewerblichen Eigentums von <strong>DoctorSky<\/strong> oder Drittparteien, die in <strong>cita.doctorsky.co.uk<\/strong> die Inhalte \u00fcbertragen haben, werden die gesetzlich festgelegten Verantwortlichkeiten hervorrufen.<\/p>\n<h3>VERF\u00dcGBARKEIT VON CITA.DOCTORSKY.ES<\/h3>\n<p><strong>DoctorSky<\/strong> garantiert nicht, dass es keine Unterbrechungen oder Fehler beim Zugriff auf <strong>cita.doctorsky.co.uk<\/strong>Die Website \u00fcbernimmt keine Garantie f\u00fcr die Aktualit\u00e4t ihrer Inhalte, obwohl sie sich nach Kr\u00e4ften bem\u00fcht, diese zu vermeiden, zu korrigieren oder zu aktualisieren, falls dies erforderlich ist. Folglich, <strong>DoctorSky<\/strong> haftet nicht f\u00fcr Sch\u00e4den jeglicher Art, die durch die <strong>Benutzer<\/strong> durch St\u00f6rungen oder Unterbrechungen in den Telekommunikationsnetzen verursacht werden, die zur Aussetzung, Annullierung oder Unterbrechung des Dienstes des Portals w\u00e4hrend der Bereitstellung desselben oder im Vorfeld f\u00fchren.<\/p>\n\n<p><strong>DoctorSky<\/strong> schlie\u00dft, mit den in der geltenden Gesetzgebung vorgesehenen Ausnahmen, jegliche Haftung f\u00fcr Sch\u00e4den jeglicher Art aus, die auf die mangelnde Verf\u00fcgbarkeit, Kontinuit\u00e4t oder Qualit\u00e4t des Funktionierens von <strong>cita.doctorsky.co.uk<\/strong> und des Inhalts, auf die Nichterf\u00fcllung der N\u00fctzlichkeitserwartung, die der <strong>BENUTZER<\/strong> zugeschrieben haben k\u00f6nnte <strong>cita.doctorsky.co.uk<\/strong> und Inhalt.<\/p>\n\n<p>Die Funktion der Hyperlinks, die auf dieser Website erscheinen, besteht ausschlie\u00dflich darin, den Nutzer \u00fcber die <strong>Benutzer<\/strong> \u00fcber die Existenz anderer Websites mit Informationen zu diesem Thema. Diese Hyperlinks stellen keine Anregung oder Empfehlung dar.<\/p>\n\n<p><strong>DoctorSky<\/strong> ist nicht verantwortlich f\u00fcr den Inhalt dieser verlinkten Seiten, das Funktionieren oder die N\u00fctzlichkeit der Hyperlinks oder die Ergebnisse dieser Links und garantiert auch nicht die Abwesenheit von Viren oder anderen Elementen, die Ver\u00e4nderungen im Computersystem (Hardware und Software), in den Dokumenten oder Dateien des Kunden verursachen k\u00f6nnen. <strong>Benutzer<\/strong>unter Ausschluss jeglicher Haftung f\u00fcr Sch\u00e4den jeglicher Art, die an der <strong>Benutzer<\/strong> aus diesem Grund.<\/p>\n\n<p>Zugang zu <strong>cita.doctorsky.co.uk<\/strong> bringt keine Verpflichtung f\u00fcr das Unternehmen mit sich <strong>DoctorSky<\/strong> um zu pr\u00fcfen, ob Viren, W\u00fcrmer oder andere sch\u00e4dliche Computerelemente vorhanden sind. Es liegt in der Verantwortung des <strong>Benutzer<\/strong>In jedem Fall ist die Verf\u00fcgbarkeit geeigneter Tools f\u00fcr die Erkennung und Desinfektion von Schadsoftware daher unabdingbar, <strong>DoctorSky<\/strong> ist nicht verantwortlich f\u00fcr m\u00f6gliche Sicherheitsfehler, die bei der Bereitstellung des Dienstes auftreten k\u00f6nnen. <strong>cita.doctorsky.co.uk<\/strong>Die Kommission haftet nicht f\u00fcr Sch\u00e4den, die am Computersystem des Auftraggebers verursacht werden. <strong>Benutzer<\/strong> oder Dritten (Hardware und Software), die darin gespeicherten Dateien oder Dokumente, als Folge des Vorhandenseins von Viren auf dem Computer des <strong>Benutzer<\/strong> die f\u00fcr die Verbindung mit den Diensten und Inhalten des Webs verwendet werden, eine Fehlfunktion des Browsers oder die Verwendung nicht aktualisierter Versionen desselben.<\/p>\n\n<p>Die Bereitstellung der Dienstleistung von <strong>cita.doctorsky.co.uk<\/strong> und des Inhalts ist im Prinzip von unbestimmter Dauer. <strong>DoctorSky<\/strong>Sie ist jedoch berechtigt, die Bereitstellung des Dienstes zu beenden oder auszusetzen, indem sie <strong>cita.doctorsky.co.uk<\/strong> und\/oder einen der Inhalte jederzeit zu l\u00f6schen. Soweit dies vern\u00fcnftigerweise m\u00f6glich ist, <strong>DoctorSky<\/strong> k\u00fcndigt die Beendigung oder Aussetzung der <strong>cita.doctorsky.co.uk<\/strong>.<\/p>\n<h3>QUALIT\u00c4T VON CITA.DOCTORSKY.ES<\/h3>\n<p>In Anbetracht des dynamischen und sich ver\u00e4ndernden Umfelds der Informationen und Dienste, die mit Hilfe von <strong>cita.doctorsky.co.uk<\/strong>, <strong>DoctorSky<\/strong> bem\u00fcht sich nach besten Kr\u00e4ften, \u00fcbernimmt jedoch keine Garantie f\u00fcr die vollst\u00e4ndige Wahrhaftigkeit, Genauigkeit, Zuverl\u00e4ssigkeit, N\u00fctzlichkeit und\/oder Aktualit\u00e4t des Inhalts. Die auf den Seiten dieses Portals enthaltenen Informationen dienen ausschlie\u00dflich zu Informations-, Beratungs-, Aufkl\u00e4rungs- und Werbezwecken. Sie bieten unter keinen Umst\u00e4nden eine verbindliche oder vertragliche Zusage und haben auch nicht den Charakter einer solchen.<\/p>\n<h3>BESCHR\u00c4NKUNG DER HAFTUNG<\/h3>\n<p><strong>DoctorSky<\/strong> schlie\u00dft jede Haftung f\u00fcr Entscheidungen des <strong>Benutzer<\/strong> sowie f\u00fcr etwaige Druckfehler, die in den Dokumenten und Grafiken auf dieser Website enthalten sein k\u00f6nnen. <strong>cita.doctorsky.co.uk<\/strong>. Die Informationen k\u00f6nnen von Zeit zu Zeit ohne vorherige Ank\u00fcndigung ge\u00e4ndert werden, um den Inhalt zu erweitern, zu verbessern, zu korrigieren oder zu aktualisieren.<\/p>\n<h3>NACHRICHTEN<\/h3>\n<p>Alle Benachrichtigungen und Mitteilungen von <strong>DoctorSky<\/strong> unter <strong>Benutzer<\/strong> auf welche Weise auch immer, gelten f\u00fcr alle Zwecke als wirksam.<\/p>\n<h3>JURISDICTION<\/h3>\n<p>F\u00fcr alle Fragen, die sich in Bezug auf die Auslegung, Anwendung und Erf\u00fcllung dieses rechtlichen Hinweises ergeben k\u00f6nnen, sowie f\u00fcr alle Anspr\u00fcche, die sich aus seiner Verwendung ergeben k\u00f6nnen, unterwerfen sich alle beteiligten Parteien den Gerichten und Tribunalen der Provinz Madrid, unter ausdr\u00fccklichem Verzicht auf jede andere Zust\u00e4ndigkeit, die ihnen zustehen k\u00f6nnte.<\/p>\n<h3>ANWENDBARES RECHT<\/h3>\n<p>Dieser rechtliche Hinweis unterliegt der geltenden spanischen Gesetzgebung.<\/p>\n <\/div>\n\t\t\t\t\t\t<\/div>\n\t\t\t\t<\/div>\n\t\t\t\t\t<\/div>\n\t\t<\/div>\n\t\t\t\t\t<\/div>\n\t\t<\/section>\n\t\t\t\t<\/div>","protected":false},"excerpt":{"rendered":"","protected":false},"author":1,"featured_media":0,"parent":0,"menu_order":0,"comment_status":"closed","ping_status":"closed","template":"","meta":{"pmpro_default_level":"","footnotes":""},"class_list":["post-187","page","type-page","status-publish","hentry","pmpro-has-access"],"yoast_head":"<!-- This site is optimized with the Yoast SEO plugin v25.7 - https:\/\/yoast.com\/wordpress\/plugins\/seo\/ -->\n<title>Aviso legal - DoctorSky - Gesti&oacute;n de Citas<\/title>\n<meta name=\"robots\" content=\"index, follow, max-snippet:-1, max-image-preview:large, max-video-preview:-1\" \/>\n<link rel=\"canonical\" href=\"https:\/\/cita.doctorsky.es\/de\/aviso-legal\/\" \/>\n<meta property=\"og:locale\" content=\"de_DE\" \/>\n<meta property=\"og:type\" content=\"article\" \/>\n<meta property=\"og:title\" content=\"Aviso legal - DoctorSky - Gesti&oacute;n de Citas\" \/>\n<meta property=\"og:url\" content=\"https:\/\/cita.doctorsky.es\/de\/aviso-legal\/\" \/>\n<meta property=\"og:site_name\" content=\"DoctorSky - Gesti&oacute;n de Citas\" \/>\n<meta property=\"article:modified_time\" content=\"2022-03-29T09:47:46+00:00\" \/>\n<meta name=\"twitter:card\" content=\"summary_large_image\" \/>\n<script type=\"application\/ld+json\" class=\"yoast-schema-graph\">{\"@context\":\"https:\/\/schema.org\",\"@graph\":[{\"@type\":\"WebPage\",\"@id\":\"https:\/\/cita.doctorsky.es\/it\/aviso-legal\/\",\"url\":\"https:\/\/cita.doctorsky.es\/it\/aviso-legal\/\",\"name\":\"Aviso legal - DoctorSky - Gesti&oacute;n de Citas\",\"isPartOf\":{\"@id\":\"https:\/\/cita.doctorsky.es\/es\/#website\"},\"datePublished\":\"2022-03-29T09:42:54+00:00\",\"dateModified\":\"2022-03-29T09:47:46+00:00\",\"breadcrumb\":{\"@id\":\"https:\/\/cita.doctorsky.es\/it\/aviso-legal\/#breadcrumb\"},\"inLanguage\":\"de\",\"potentialAction\":[{\"@type\":\"ReadAction\",\"target\":[\"https:\/\/cita.doctorsky.es\/it\/aviso-legal\/\"]}]},{\"@type\":\"BreadcrumbList\",\"@id\":\"https:\/\/cita.doctorsky.es\/it\/aviso-legal\/#breadcrumb\",\"itemListElement\":[{\"@type\":\"ListItem\",\"position\":1,\"name\":\"Portada\",\"item\":\"https:\/\/cita.doctorsky.es\/es\/\"},{\"@type\":\"ListItem\",\"position\":2,\"name\":\"Aviso legal\"}]},{\"@type\":\"WebSite\",\"@id\":\"https:\/\/cita.doctorsky.es\/es\/#website\",\"url\":\"https:\/\/cita.doctorsky.es\/es\/\",\"name\":\"DoctorSky - Gesti&oacute;n de Citas\",\"description\":\"Telemedicina al cuidado de tu salud\",\"publisher\":{\"@id\":\"https:\/\/cita.doctorsky.es\/es\/#organization\"},\"potentialAction\":[{\"@type\":\"SearchAction\",\"target\":{\"@type\":\"EntryPoint\",\"urlTemplate\":\"https:\/\/cita.doctorsky.es\/es\/?s={search_term_string}\"},\"query-input\":{\"@type\":\"PropertyValueSpecification\",\"valueRequired\":true,\"valueName\":\"search_term_string\"}}],\"inLanguage\":\"de\"},{\"@type\":\"Organization\",\"@id\":\"https:\/\/cita.doctorsky.es\/es\/#organization\",\"name\":\"DoctorSky\",\"url\":\"https:\/\/cita.doctorsky.es\/es\/\",\"logo\":{\"@type\":\"ImageObject\",\"inLanguage\":\"de\",\"@id\":\"https:\/\/cita.doctorsky.es\/es\/#\/schema\/logo\/image\/\",\"url\":\"https:\/\/cita.doctorsky.es\/wp-content\/uploads\/2022\/05\/logo-original.png\",\"contentUrl\":\"https:\/\/cita.doctorsky.es\/wp-content\/uploads\/2022\/05\/logo-original.png\",\"width\":1462,\"height\":357,\"caption\":\"DoctorSky\"},\"image\":{\"@id\":\"https:\/\/cita.doctorsky.es\/es\/#\/schema\/logo\/image\/\"}}]}<\/script>\n<!-- \/ Yoast SEO plugin. -->","yoast_head_json":{"title":"Aviso legal - DoctorSky - Gesti&oacute;n de Citas","robots":{"index":"index","follow":"follow","max-snippet":"max-snippet:-1","max-image-preview":"max-image-preview:large","max-video-preview":"max-video-preview:-1"},"canonical":"https:\/\/cita.doctorsky.es\/de\/aviso-legal\/","og_locale":"de_DE","og_type":"article","og_title":"Aviso legal - DoctorSky - Gesti&oacute;n de Citas","og_url":"https:\/\/cita.doctorsky.es\/de\/aviso-legal\/","og_site_name":"DoctorSky - Gesti&oacute;n de Citas","article_modified_time":"2022-03-29T09:47:46+00:00","twitter_card":"summary_large_image","schema":{"@context":"https:\/\/schema.org","@graph":[{"@type":"WebPage","@id":"https:\/\/cita.doctorsky.es\/it\/aviso-legal\/","url":"https:\/\/cita.doctorsky.es\/it\/aviso-legal\/","name":"Aviso legal - DoctorSky - Gesti&oacute;n de Citas","isPartOf":{"@id":"https:\/\/cita.doctorsky.es\/es\/#website"},"datePublished":"2022-03-29T09:42:54+00:00","dateModified":"2022-03-29T09:47:46+00:00","breadcrumb":{"@id":"https:\/\/cita.doctorsky.es\/it\/aviso-legal\/#breadcrumb"},"inLanguage":"de","potentialAction":[{"@type":"ReadAction","target":["https:\/\/cita.doctorsky.es\/it\/aviso-legal\/"]}]},{"@type":"BreadcrumbList","@id":"https:\/\/cita.doctorsky.es\/it\/aviso-legal\/#breadcrumb","itemListElement":[{"@type":"ListItem","position":1,"name":"Portada","item":"https:\/\/cita.doctorsky.es\/es\/"},{"@type":"ListItem","position":2,"name":"Aviso legal"}]},{"@type":"WebSite","@id":"https:\/\/cita.doctorsky.es\/es\/#website","url":"https:\/\/cita.doctorsky.es\/es\/","name":"DoctorSky - Terminverwaltung","description":"Telemedizin zur Pflege Ihrer Gesundheit","publisher":{"@id":"https:\/\/cita.doctorsky.es\/es\/#organization"},"potentialAction":[{"@type":"SearchAction","target":{"@type":"EntryPoint","urlTemplate":"https:\/\/cita.doctorsky.es\/es\/?s={search_term_string}"},"query-input":{"@type":"PropertyValueSpecification","valueRequired":true,"valueName":"search_term_string"}}],"inLanguage":"de"},{"@type":"Organization","@id":"https:\/\/cita.doctorsky.es\/es\/#organization","name":"DoctorSky","url":"https:\/\/cita.doctorsky.es\/es\/","logo":{"@type":"ImageObject","inLanguage":"de","@id":"https:\/\/cita.doctorsky.es\/es\/#\/schema\/logo\/image\/","url":"https:\/\/cita.doctorsky.es\/wp-content\/uploads\/2022\/05\/logo-original.png","contentUrl":"https:\/\/cita.doctorsky.es\/wp-content\/uploads\/2022\/05\/logo-original.png","width":1462,"height":357,"caption":"DoctorSky"},"image":{"@id":"https:\/\/cita.doctorsky.es\/es\/#\/schema\/logo\/image\/"}}]}},"_links":{"self":[{"href":"https:\/\/cita.doctorsky.es\/de\/wp-json\/wp\/v2\/pages\/187","targetHints":{"allow":["GET"]}}],"collection":[{"href":"https:\/\/cita.doctorsky.es\/de\/wp-json\/wp\/v2\/pages"}],"about":[{"href":"https:\/\/cita.doctorsky.es\/de\/wp-json\/wp\/v2\/types\/page"}],"author":[{"embeddable":true,"href":"https:\/\/cita.doctorsky.es\/de\/wp-json\/wp\/v2\/users\/1"}],"replies":[{"embeddable":true,"href":"https:\/\/cita.doctorsky.es\/de\/wp-json\/wp\/v2\/comments?post=187"}],"version-history":[{"count":0,"href":"https:\/\/cita.doctorsky.es\/de\/wp-json\/wp\/v2\/pages\/187\/revisions"}],"wp:attachment":[{"href":"https:\/\/cita.doctorsky.es\/de\/wp-json\/wp\/v2\/media?parent=187"}],"curies":[{"name":"wp","href":"https:\/\/api.w.org\/{rel}","templated":true}]}}