
{"id":189,"date":"2022-03-29T11:43:16","date_gmt":"2022-03-29T09:43:16","guid":{"rendered":"https:\/\/cita.doctorsky.es\/?page_id=189"},"modified":"2022-03-29T11:46:47","modified_gmt":"2022-03-29T09:46:47","slug":"politica-cookies","status":"publish","type":"page","link":"https:\/\/cita.doctorsky.es\/de\/politica-cookies\/","title":{"rendered":"Cookies Politik"},"content":{"rendered":"<div data-elementor-type=\"wp-page\" data-elementor-id=\"189\" class=\"elementor elementor-189\">\n\t\t\t\t\t\t<section class=\"elementor-section elementor-top-section elementor-element elementor-element-b8b0537 elementor-section-boxed elementor-section-height-default elementor-section-height-default\" data-id=\"b8b0537\" data-element_type=\"section\">\n\t\t\t\t\t\t<div class=\"elementor-container elementor-column-gap-default\">\n\t\t\t\t\t<div class=\"elementor-column elementor-col-100 elementor-top-column elementor-element elementor-element-41ca8cf\" data-id=\"41ca8cf\" data-element_type=\"column\">\n\t\t\t<div class=\"elementor-widget-wrap elementor-element-populated\">\n\t\t\t\t\t\t<div class=\"elementor-element elementor-element-2092529 elementor-widget elementor-widget-shortcode\" data-id=\"2092529\" data-element_type=\"widget\" data-widget_type=\"shortcode.default\">\n\t\t\t\t<div class=\"elementor-widget-container\">\n\t\t\t\t\t\t\t<div class=\"elementor-shortcode\"><h3>Diese Website verwendet Cookies<\/h3>\n<p>In \u00dcbereinstimmung mit dem Gesetz 34\/2002 vom 11. Juli 2002 \u00fcber die Dienste der Informationsgesellschaft und den elektronischen Handel (LSSICE) informieren wir Sie, dass diese Website <strong>DoctorSky<\/strong> verwendet Cookies.<\/p>\n<p>Das LSSICE gilt f\u00fcr jede Art von Datei oder Vorrichtung, die auf das Endger\u00e4t eines Nutzers heruntergeladen wird, um Daten zu speichern, die von der f\u00fcr ihre Installation verantwortlichen Stelle aktualisiert und abgerufen werden k\u00f6nnen. Ein Cookie ist eine dieser weit verbreiteten Dateien, die wir im Folgenden allgemein als Cookies bezeichnen.<\/p>\n<p>Cookies sind kleine Textdateien, die von einem Webserver an einen Browser gesendet werden, um die Aktivit\u00e4ten des Benutzers auf einer Website aufzuzeichnen, so dass diese Informationen sp\u00e4ter abgerufen werden k\u00f6nnen, wenn Sie die verschiedenen Seiten besuchen, die mit dem Server verbunden sind, der sie installiert hat.<\/p>\n<p>Die <em>Cookies<\/em> speichern oft technische Informationen, pers\u00f6nliche Vorlieben, die Personalisierung von Inhalten, Nutzungsstatistiken, Links zu sozialen Netzwerken, Zugang zu Benutzerkonten usw.<\/p>\n<h3>Arten von Cookies<\/h3>\n<p>Im Folgenden werden die Cookies nach einer Reihe von Kategorien klassifiziert. Es ist jedoch zu beachten, dass ein und dasselbe Cookie in mehr als einer Kategorie enthalten sein kann.<\/p><h2>Nach Angaben der Einrichtung, die sie verwaltet<\/h2>\n<p><\/p><ul>\n\t\t<li><b>Eigene Cookies:<\/b> Diese werden von einem Computer oder einer Dom\u00e4ne, die vom Herausgeber selbst verwaltet wird und von der aus der vom Benutzer angeforderte Dienst bereitgestellt wird, an das Endger\u00e4t des Benutzers gesendet.<\/li>\n\t\t<li><b>Cookies von Dritten:<\/b> Cookies sind Cookies, die von einem Computer oder einer Dom\u00e4ne, die nicht vom Herausgeber, sondern von einer anderen Einrichtung, die die durch die Cookies erhaltenen Daten verarbeitet, an das Endger\u00e4t des Benutzers gesendet werden.<\/li>\n\t<\/ul><p>F\u00fcr den Fall, dass die Cookies von einem Computer oder einer Dom\u00e4ne installiert werden, die vom Editor selbst verwaltet wird, die damit gesammelten Informationen aber von einem Dritten verwaltet werden, gelten sie nicht als eigene Cookies.<\/p><h2>Je nachdem, wie lange sie aktiviert bleiben<\/h2>\n<p>Je nachdem, wie lange sie im Endger\u00e4t aktiviert bleiben, k\u00f6nnen wir unterscheiden:<\/p><ul>\n\t\t<li><b>Sitzungs-Cookies:<\/b> Es handelt sich dabei um eine Art von Cookies, die dazu dienen, Daten zu sammeln und zu speichern, w\u00e4hrend der Benutzer auf eine Website zugreift. Sie werden in der Regel verwendet, um Informationen zu speichern, die nur f\u00fcr die Bereitstellung des vom Benutzer angeforderten Dienstes von Interesse sind (z.B. eine Liste der gekauften Produkte).<\/li>\n\t\t<li><b>Dauerhafte Cookies:<\/b> Dabei handelt es sich um eine Art von Cookie, bei dem die Daten auf dem Endger\u00e4t gespeichert bleiben und f\u00fcr einen von der f\u00fcr das Cookie verantwortlichen Partei festgelegten Zeitraum, der von einigen Minuten bis zu mehreren Jahren reichen kann, abgerufen und verarbeitet werden k\u00f6nnen.<\/li>\n\t<\/ul><h2>Je nach ihrem Zweck<\/h2>\n<p>Je nach dem Zweck, zu dem die durch Cookies erhaltenen Daten verarbeitet werden, k\u00f6nnen wir unterscheiden zwischen:<\/p><ul>\n\t\t<li><b>Technische Cookies:<\/b> Sie erm\u00f6glichen es dem Benutzer, durch eine Website, Plattform oder Anwendung zu navigieren und die verschiedenen darin vorhandenen Optionen oder Dienste zu nutzen, z.B. die Kontrolle des Datenverkehrs und der Datenkommunikation, die Identifizierung der Sitzung, den Zugriff auf Teile mit eingeschr\u00e4nktem Zugang, die Erinnerung an die Elemente, aus denen eine Bestellung besteht, den Kaufvorgang einer Bestellung, die Anmeldung zur Registrierung oder die Teilnahme an einer Veranstaltung, die Nutzung von Sicherheitsfunktionen beim Surfen, die Speicherung von Inhalten f\u00fcr die Verbreitung von Videos oder Ton oder das Teilen von Inhalten \u00fcber soziale Netzwerke.<\/li>\n\t\t<li><b>Personalisierungs-Cookies:<\/b> Diese erm\u00f6glichen es dem Benutzer, auf den Dienst mit einigen vordefinierten allgemeinen Merkmalen zuzugreifen, die von einer Reihe von Kriterien auf dem Endger\u00e4t des Benutzers abh\u00e4ngen, wie z.B. der Sprache, der Art des Browsers, der f\u00fcr den Zugriff auf den Dienst verwendet wird, der regionalen Konfiguration, von der aus auf den Dienst zugegriffen wird, usw.<\/li>\n\t\t<li><b>Analyse-Cookies:<\/b> Diese Cookies erm\u00f6glichen es der f\u00fcr sie verantwortlichen Partei, das Verhalten der Nutzer der Websites, mit denen sie verkn\u00fcpft sind, zu \u00fcberwachen und zu analysieren. Die durch diese Art von Cookies gesammelten Informationen werden verwendet, um die Aktivit\u00e4t der Websites, Anwendungen oder Plattformen zu messen und um Browsing-Profile der Nutzer dieser Websites, Anwendungen und Plattformen zu erstellen, um Verbesserungen auf der Grundlage der Analyse der Daten \u00fcber die Nutzung des Dienstes durch die Nutzer einzuf\u00fchren.<\/li>\n\t\t<li><b>Werbe-Cookies:<\/b> Diese erm\u00f6glichen eine m\u00f6glichst effiziente Verwaltung der Werbefl\u00e4chen, die der Herausgeber gegebenenfalls auf einer Website, Anwendung oder Plattform, von der aus der angeforderte Dienst erbracht wird, eingerichtet hat, und zwar auf der Grundlage von Kriterien wie dem bearbeiteten Inhalt oder der H\u00e4ufigkeit, mit der die Werbung angezeigt wird.<\/li>\n\t\t<li><b>Cookies f\u00fcr verhaltensbasierte Werbung:<\/b> Diese Cookies erm\u00f6glichen eine m\u00f6glichst effiziente Verwaltung der Werbefl\u00e4chen, die der Herausgeber gegebenenfalls auf einer Website, einer Anwendung oder einer Plattform, von der aus der angeforderte Dienst bereitgestellt wird, eingef\u00fcgt hat. Diese Cookies speichern Informationen \u00fcber das Verhalten der Nutzer, die durch die kontinuierliche Beobachtung ihrer Surfgewohnheiten gewonnen werden und die es erm\u00f6glichen, ein spezifisches Profil zu erstellen, um darauf basierende Werbung anzuzeigen.<\/li>\n\t<\/ul>\n<h3>So deaktivieren Sie Cookies in den wichtigsten Webbrowsern<\/h3>\n<p>Um die Verwendung von Cookies zu konfigurieren, folgen Sie bitte den Anweisungen f\u00fcr Ihren Browser oder konsultieren Sie die Hilfe Ihres Browsers:<\/p>\n<ul>\n<li><a href=\"https:\/\/support.apple.com\/es-es\/HT201265\">Safari<\/a><\/li>\n<li><a href=\"https:\/\/support.mozilla.org\/es\/kb\/habilitar-y-deshabilitar-cookies-sitios-web-rastrear-preferencias?redirectlocale=es&redirectslug=habilitar-y-deshabilitar-cookies-que-los-sitios-we\">Firefox<\/a><\/li>\n<li><a href=\"https:\/\/support.google.com\/chrome\/answer\/95647?hl=es-es\">Chrom<\/a><\/li>\n<li><a href=\"https:\/\/www.opera.com\/help\/tutorials\/security\/privacy\/\">Oper<\/a><\/li>\n<li><a href=\"https:\/\/support.microsoft.com\/es-es\/help\/17442\/windows-internet-explorer-delete-manage-cookies\">Internet Explorer<\/a><\/li>\n<li><a href=\"https:\/\/privacy.microsoft.com\/es-es\/windows-10-microsoft-edge-and-privacy\">Rand<\/a><\/li>\n<\/ul>\n<h3>Was passiert, wenn Sie keine Cookies akzeptieren<\/h3>\n<p>Die Ablehnung von Cookies kann den Zugang zu personalisierten Inhalten und Diensten verhindern.<\/p>\n<h3>Aktualisierungen und \u00c4nderungen an der Cookie-Richtlinie<\/h3>\n<p>DoctorSky beh\u00e4lt sich das Recht vor, diese Cookie-Richtlinie aufgrund gesetzlicher Bestimmungen, Verordnungen, zur Anpassung an die Anweisungen der spanischen Datenschutzbeh\u00f6rde, aus technischen Gr\u00fcnden oder wegen der Umstrukturierung der Website zu \u00e4ndern.\n<h3>Kontakt<\/h3>\n<p>Wenn Sie Fragen dazu haben, wie wir Cookies verwenden, senden Sie uns bitte eine E-Mail: <a href=\"mailto:&#105;n%66o&#64;&#100;o%63%74o%72s&#107;%79&#46;%65&#115;\">info@doctorsky.es<\/a>.\n <\/div>\n\t\t\t\t\t\t<\/div>\n\t\t\t\t<\/div>\n\t\t\t\t\t<\/div>\n\t\t<\/div>\n\t\t\t\t\t<\/div>\n\t\t<\/section>\n\t\t\t\t<\/div>","protected":false},"excerpt":{"rendered":"","protected":false},"author":1,"featured_media":0,"parent":0,"menu_order":0,"comment_status":"closed","ping_status":"closed","template":"","meta":{"pmpro_default_level":"","footnotes":""},"class_list":["post-189","page","type-page","status-publish","hentry","pmpro-has-access"],"yoast_head":"<!-- This site is optimized with the Yoast SEO plugin v25.7 - https:\/\/yoast.com\/wordpress\/plugins\/seo\/ -->\n<title>Pol\u00edtica de cookies - DoctorSky - Gesti&oacute;n de Citas<\/title>\n<meta name=\"robots\" content=\"index, follow, max-snippet:-1, max-image-preview:large, max-video-preview:-1\" \/>\n<link rel=\"canonical\" href=\"https:\/\/cita.doctorsky.es\/de\/politica-cookies\/\" \/>\n<meta property=\"og:locale\" content=\"de_DE\" \/>\n<meta property=\"og:type\" content=\"article\" \/>\n<meta property=\"og:title\" content=\"Pol\u00edtica de cookies - DoctorSky - Gesti&oacute;n de Citas\" \/>\n<meta property=\"og:url\" content=\"https:\/\/cita.doctorsky.es\/de\/politica-cookies\/\" \/>\n<meta property=\"og:site_name\" content=\"DoctorSky - Gesti&oacute;n de Citas\" \/>\n<meta property=\"article:modified_time\" content=\"2022-03-29T09:46:47+00:00\" \/>\n<meta name=\"twitter:card\" content=\"summary_large_image\" \/>\n<script type=\"application\/ld+json\" class=\"yoast-schema-graph\">{\"@context\":\"https:\/\/schema.org\",\"@graph\":[{\"@type\":\"WebPage\",\"@id\":\"https:\/\/cita.doctorsky.es\/ar\/politica-cookies\/\",\"url\":\"https:\/\/cita.doctorsky.es\/ar\/politica-cookies\/\",\"name\":\"Pol\u00edtica de cookies - DoctorSky - Gesti&oacute;n de Citas\",\"isPartOf\":{\"@id\":\"https:\/\/cita.doctorsky.es\/es\/#website\"},\"datePublished\":\"2022-03-29T09:43:16+00:00\",\"dateModified\":\"2022-03-29T09:46:47+00:00\",\"breadcrumb\":{\"@id\":\"https:\/\/cita.doctorsky.es\/ar\/politica-cookies\/#breadcrumb\"},\"inLanguage\":\"de\",\"potentialAction\":[{\"@type\":\"ReadAction\",\"target\":[\"https:\/\/cita.doctorsky.es\/ar\/politica-cookies\/\"]}]},{\"@type\":\"BreadcrumbList\",\"@id\":\"https:\/\/cita.doctorsky.es\/ar\/politica-cookies\/#breadcrumb\",\"itemListElement\":[{\"@type\":\"ListItem\",\"position\":1,\"name\":\"Portada\",\"item\":\"https:\/\/cita.doctorsky.es\/es\/\"},{\"@type\":\"ListItem\",\"position\":2,\"name\":\"Pol\u00edtica de cookies\"}]},{\"@type\":\"WebSite\",\"@id\":\"https:\/\/cita.doctorsky.es\/es\/#website\",\"url\":\"https:\/\/cita.doctorsky.es\/es\/\",\"name\":\"DoctorSky - Gesti&oacute;n de Citas\",\"description\":\"Telemedicina al cuidado de tu salud\",\"publisher\":{\"@id\":\"https:\/\/cita.doctorsky.es\/es\/#organization\"},\"potentialAction\":[{\"@type\":\"SearchAction\",\"target\":{\"@type\":\"EntryPoint\",\"urlTemplate\":\"https:\/\/cita.doctorsky.es\/es\/?s={search_term_string}\"},\"query-input\":{\"@type\":\"PropertyValueSpecification\",\"valueRequired\":true,\"valueName\":\"search_term_string\"}}],\"inLanguage\":\"de\"},{\"@type\":\"Organization\",\"@id\":\"https:\/\/cita.doctorsky.es\/es\/#organization\",\"name\":\"DoctorSky\",\"url\":\"https:\/\/cita.doctorsky.es\/es\/\",\"logo\":{\"@type\":\"ImageObject\",\"inLanguage\":\"de\",\"@id\":\"https:\/\/cita.doctorsky.es\/es\/#\/schema\/logo\/image\/\",\"url\":\"https:\/\/cita.doctorsky.es\/wp-content\/uploads\/2022\/05\/logo-original.png\",\"contentUrl\":\"https:\/\/cita.doctorsky.es\/wp-content\/uploads\/2022\/05\/logo-original.png\",\"width\":1462,\"height\":357,\"caption\":\"DoctorSky\"},\"image\":{\"@id\":\"https:\/\/cita.doctorsky.es\/es\/#\/schema\/logo\/image\/\"}}]}<\/script>\n<!-- \/ Yoast SEO plugin. -->","yoast_head_json":{"title":"Pol\u00edtica de cookies - DoctorSky - Gesti&oacute;n de Citas","robots":{"index":"index","follow":"follow","max-snippet":"max-snippet:-1","max-image-preview":"max-image-preview:large","max-video-preview":"max-video-preview:-1"},"canonical":"https:\/\/cita.doctorsky.es\/de\/politica-cookies\/","og_locale":"de_DE","og_type":"article","og_title":"Pol\u00edtica de cookies - DoctorSky - Gesti&oacute;n de Citas","og_url":"https:\/\/cita.doctorsky.es\/de\/politica-cookies\/","og_site_name":"DoctorSky - Gesti&oacute;n de Citas","article_modified_time":"2022-03-29T09:46:47+00:00","twitter_card":"summary_large_image","schema":{"@context":"https:\/\/schema.org","@graph":[{"@type":"WebPage","@id":"https:\/\/cita.doctorsky.es\/ar\/politica-cookies\/","url":"https:\/\/cita.doctorsky.es\/ar\/politica-cookies\/","name":"Pol\u00edtica de cookies - DoctorSky - Gesti&oacute;n de Citas","isPartOf":{"@id":"https:\/\/cita.doctorsky.es\/es\/#website"},"datePublished":"2022-03-29T09:43:16+00:00","dateModified":"2022-03-29T09:46:47+00:00","breadcrumb":{"@id":"https:\/\/cita.doctorsky.es\/ar\/politica-cookies\/#breadcrumb"},"inLanguage":"de","potentialAction":[{"@type":"ReadAction","target":["https:\/\/cita.doctorsky.es\/ar\/politica-cookies\/"]}]},{"@type":"BreadcrumbList","@id":"https:\/\/cita.doctorsky.es\/ar\/politica-cookies\/#breadcrumb","itemListElement":[{"@type":"ListItem","position":1,"name":"Portada","item":"https:\/\/cita.doctorsky.es\/es\/"},{"@type":"ListItem","position":2,"name":"Pol\u00edtica de cookies"}]},{"@type":"WebSite","@id":"https:\/\/cita.doctorsky.es\/es\/#website","url":"https:\/\/cita.doctorsky.es\/es\/","name":"DoctorSky - Terminverwaltung","description":"Telemedizin zur Pflege Ihrer Gesundheit","publisher":{"@id":"https:\/\/cita.doctorsky.es\/es\/#organization"},"potentialAction":[{"@type":"SearchAction","target":{"@type":"EntryPoint","urlTemplate":"https:\/\/cita.doctorsky.es\/es\/?s={search_term_string}"},"query-input":{"@type":"PropertyValueSpecification","valueRequired":true,"valueName":"search_term_string"}}],"inLanguage":"de"},{"@type":"Organization","@id":"https:\/\/cita.doctorsky.es\/es\/#organization","name":"DoctorSky","url":"https:\/\/cita.doctorsky.es\/es\/","logo":{"@type":"ImageObject","inLanguage":"de","@id":"https:\/\/cita.doctorsky.es\/es\/#\/schema\/logo\/image\/","url":"https:\/\/cita.doctorsky.es\/wp-content\/uploads\/2022\/05\/logo-original.png","contentUrl":"https:\/\/cita.doctorsky.es\/wp-content\/uploads\/2022\/05\/logo-original.png","width":1462,"height":357,"caption":"DoctorSky"},"image":{"@id":"https:\/\/cita.doctorsky.es\/es\/#\/schema\/logo\/image\/"}}]}},"_links":{"self":[{"href":"https:\/\/cita.doctorsky.es\/de\/wp-json\/wp\/v2\/pages\/189","targetHints":{"allow":["GET"]}}],"collection":[{"href":"https:\/\/cita.doctorsky.es\/de\/wp-json\/wp\/v2\/pages"}],"about":[{"href":"https:\/\/cita.doctorsky.es\/de\/wp-json\/wp\/v2\/types\/page"}],"author":[{"embeddable":true,"href":"https:\/\/cita.doctorsky.es\/de\/wp-json\/wp\/v2\/users\/1"}],"replies":[{"embeddable":true,"href":"https:\/\/cita.doctorsky.es\/de\/wp-json\/wp\/v2\/comments?post=189"}],"version-history":[{"count":0,"href":"https:\/\/cita.doctorsky.es\/de\/wp-json\/wp\/v2\/pages\/189\/revisions"}],"wp:attachment":[{"href":"https:\/\/cita.doctorsky.es\/de\/wp-json\/wp\/v2\/media?parent=189"}],"curies":[{"name":"wp","href":"https:\/\/api.w.org\/{rel}","templated":true}]}}