
{"id":158,"date":"2022-03-29T10:57:18","date_gmt":"2022-03-29T08:57:18","guid":{"rendered":"https:\/\/cita.doctorsky.es\/?page_id=158"},"modified":"2022-05-17T12:22:15","modified_gmt":"2022-05-17T10:22:15","slug":"terminos-condiciones","status":"publish","type":"page","link":"https:\/\/cita.doctorsky.es\/en\/terminos-condiciones\/","title":{"rendered":"Terms and Conditions"},"content":{"rendered":"<h3 class=\"wp-block-heading\">Identification data<\/h3>\n\n\n\n<p>The identification data of the professional or company owning the website or online store should be included so that users are aware of the person with whom they are contracting and the person responsible for the website.<\/p>\n\n\n\n<h3 class=\"wp-block-heading\">Intellectual and industrial property rights<\/h3>\n\n\n\n<p>The owner of the elements that make up the website must be indicated, as well as the type of licenses granted to users for the use of such elements. For example, if the site has a blog, it is important to establish the license granted to users on the articles published on the website, or on the other elements that make up the site, such as photos, videos, logos, etc.<\/p>\n\n\n\n<h3 class=\"wp-block-heading\">Steps to follow to book a timely appointment<\/h3>\n\n\n\n<p>Any user wishing to book an appointment in a timely manner should complete the booking process from https:\/\/cita.doctorsky.es\/.<\/p>\n\n\n\n<p>During the process, the user (patient) will be discharged, with the necessary data to fill in his\/her medical record.<\/p>\n\n\n\n<p>Once the user identifies himself\/herself, he\/she will complete the reservation by paying for the medical appointment and will receive e-mail notifications with all the details.<\/p>\n\n\n\n<h3 class=\"wp-block-heading\">Access to the video-consultation<\/h3>\n\n\n\n<p>Once the medical professional activates the appointment, on the day and time indicated, the patient will receive an e-mail with the link to the VideoConsultation room, where the physician chosen by the client will be present.<\/p>\n\n\n\n<h3 class=\"wp-block-heading\">Prices<\/h3>\n\n\n\n<p>Each service, whether video-consultation (telemedicine) or some other service (telephone, home, etc.), will have an associated price, which will be paid before concluding the appointment reservation.<\/p>\n\n\n\n<h3 class=\"wp-block-heading\">Rules of conduct<\/h3>\n\n\n\n<p>In the event that it is necessary to register as a user to enjoy the services offered on the website, the specific conditions of use must be established, the rights granted to registered users, as well as the responsibilities they will assume if their conduct is not in accordance with the established rules of behavior, for example if the registration is for a forum, specify the responsibilities that the user will assume for the comments he\/she makes.<\/p>\n\n\n\n<h3 class=\"wp-block-heading\">Responsibilities<\/h3>\n\n\n\n<p>It is important that the website precisely establishes the responsibilities assumed, as well as the limitations of liability for possible incidents that may occur on the website.<\/p>\n\n\n\n<h3 class=\"wp-block-heading\">Warranties<\/h3>\n\n\n\n<p>It is important to inform the user of the guarantees that they have for the acquisition of a product or service.<\/p>\n\n\n\n<p>It should be noted that in the case of product sales, clauses should be included that regulate issues related to liability for product loss, refunds and returns.<\/p>\n\n\n\n<h3 class=\"wp-block-heading\">Applicable legislation and dispute resolution system<\/h3>\n\n\n\n<p>It is important to inform the user of the rules that will apply to the contractual relationship that is created, as well as to establish the extrajudicial system of conflict resolution or the competent courts to resolve any disputes that may arise.<\/p>\n\n\n\n<h3 class=\"wp-block-heading\">Others<\/h3>\n\n\n\n<p>In the event that offers and promotions are made, the specific conditions that will govern that offer or promotion must be included. If customer service is offered to the user after the purchase of the product or service has been made, the conditions governing this after-sales service must also be included.<\/p>","protected":false},"excerpt":{"rendered":"<p>Datos de identificaci\u00f3n Se debe incluir los datos de identificaci\u00f3n del profesional o la empresa titular de la p\u00e1gina web o tienda online para que los usuarios tengan conocimiento de la persona con la que contratan y el responsable de la web. Derechos de propiedad intelectual e industrial Se debe se\u00f1alar qui\u00e9n es el titular<a class=\"more-link\" href=\"https:\/\/cita.doctorsky.es\/en\/terminos-condiciones\/\">Read more  &#10230;<\/a><\/p>","protected":false},"author":1,"featured_media":0,"parent":0,"menu_order":0,"comment_status":"closed","ping_status":"closed","template":"","meta":{"pmpro_default_level":"","footnotes":""},"class_list":["post-158","page","type-page","status-publish","hentry","pmpro-has-access"],"yoast_head":"<!-- This site is optimized with the Yoast SEO plugin v25.7 - https:\/\/yoast.com\/wordpress\/plugins\/seo\/ -->\n<title>T\u00e9rminos y Condiciones - DoctorSky - Gesti&oacute;n de Citas<\/title>\n<meta name=\"robots\" content=\"index, follow, max-snippet:-1, max-image-preview:large, max-video-preview:-1\" \/>\n<link rel=\"canonical\" href=\"https:\/\/cita.doctorsky.es\/en\/terminos-condiciones\/\" \/>\n<meta property=\"og:locale\" content=\"en_US\" \/>\n<meta property=\"og:type\" content=\"article\" \/>\n<meta property=\"og:title\" content=\"T\u00e9rminos y Condiciones - DoctorSky - Gesti&oacute;n de Citas\" \/>\n<meta property=\"og:description\" content=\"Datos de identificaci\u00f3n Se debe incluir los datos de identificaci\u00f3n del profesional o la empresa titular de la p\u00e1gina web o tienda online para que los usuarios tengan conocimiento de la persona con la que contratan y el responsable de la web. Derechos de propiedad intelectual e industrial Se debe se\u00f1alar qui\u00e9n es el titularRead more &#10230;\" \/>\n<meta property=\"og:url\" content=\"https:\/\/cita.doctorsky.es\/en\/terminos-condiciones\/\" \/>\n<meta property=\"og:site_name\" content=\"DoctorSky - Gesti&oacute;n de Citas\" \/>\n<meta property=\"article:modified_time\" content=\"2022-05-17T10:22:15+00:00\" \/>\n<meta name=\"twitter:card\" content=\"summary_large_image\" \/>\n<meta name=\"twitter:label1\" content=\"Est. reading time\" \/>\n\t<meta name=\"twitter:data1\" content=\"3 minutes\" \/>\n<script type=\"application\/ld+json\" class=\"yoast-schema-graph\">{\"@context\":\"https:\/\/schema.org\",\"@graph\":[{\"@type\":\"WebPage\",\"@id\":\"https:\/\/cita.doctorsky.es\/ar\/terminos-condiciones\/\",\"url\":\"https:\/\/cita.doctorsky.es\/ar\/terminos-condiciones\/\",\"name\":\"T\u00e9rminos y Condiciones - DoctorSky - Gesti&oacute;n de Citas\",\"isPartOf\":{\"@id\":\"https:\/\/cita.doctorsky.es\/es\/#website\"},\"datePublished\":\"2022-03-29T08:57:18+00:00\",\"dateModified\":\"2022-05-17T10:22:15+00:00\",\"breadcrumb\":{\"@id\":\"https:\/\/cita.doctorsky.es\/ar\/terminos-condiciones\/#breadcrumb\"},\"inLanguage\":\"en-US\",\"potentialAction\":[{\"@type\":\"ReadAction\",\"target\":[\"https:\/\/cita.doctorsky.es\/ar\/terminos-condiciones\/\"]}]},{\"@type\":\"BreadcrumbList\",\"@id\":\"https:\/\/cita.doctorsky.es\/ar\/terminos-condiciones\/#breadcrumb\",\"itemListElement\":[{\"@type\":\"ListItem\",\"position\":1,\"name\":\"Portada\",\"item\":\"https:\/\/cita.doctorsky.es\/es\/\"},{\"@type\":\"ListItem\",\"position\":2,\"name\":\"T\u00e9rminos y Condiciones\"}]},{\"@type\":\"WebSite\",\"@id\":\"https:\/\/cita.doctorsky.es\/es\/#website\",\"url\":\"https:\/\/cita.doctorsky.es\/es\/\",\"name\":\"DoctorSky - Gesti&oacute;n de Citas\",\"description\":\"Telemedicina al cuidado de tu salud\",\"publisher\":{\"@id\":\"https:\/\/cita.doctorsky.es\/es\/#organization\"},\"potentialAction\":[{\"@type\":\"SearchAction\",\"target\":{\"@type\":\"EntryPoint\",\"urlTemplate\":\"https:\/\/cita.doctorsky.es\/es\/?s={search_term_string}\"},\"query-input\":{\"@type\":\"PropertyValueSpecification\",\"valueRequired\":true,\"valueName\":\"search_term_string\"}}],\"inLanguage\":\"en-US\"},{\"@type\":\"Organization\",\"@id\":\"https:\/\/cita.doctorsky.es\/es\/#organization\",\"name\":\"DoctorSky\",\"url\":\"https:\/\/cita.doctorsky.es\/es\/\",\"logo\":{\"@type\":\"ImageObject\",\"inLanguage\":\"en-US\",\"@id\":\"https:\/\/cita.doctorsky.es\/es\/#\/schema\/logo\/image\/\",\"url\":\"https:\/\/cita.doctorsky.es\/wp-content\/uploads\/2022\/05\/logo-original.png\",\"contentUrl\":\"https:\/\/cita.doctorsky.es\/wp-content\/uploads\/2022\/05\/logo-original.png\",\"width\":1462,\"height\":357,\"caption\":\"DoctorSky\"},\"image\":{\"@id\":\"https:\/\/cita.doctorsky.es\/es\/#\/schema\/logo\/image\/\"}}]}<\/script>\n<!-- \/ Yoast SEO plugin. -->","yoast_head_json":{"title":"T\u00e9rminos y Condiciones - DoctorSky - Gesti&oacute;n de Citas","robots":{"index":"index","follow":"follow","max-snippet":"max-snippet:-1","max-image-preview":"max-image-preview:large","max-video-preview":"max-video-preview:-1"},"canonical":"https:\/\/cita.doctorsky.es\/en\/terminos-condiciones\/","og_locale":"en_US","og_type":"article","og_title":"T\u00e9rminos y Condiciones - DoctorSky - Gesti&oacute;n de Citas","og_description":"Datos de identificaci\u00f3n Se debe incluir los datos de identificaci\u00f3n del profesional o la empresa titular de la p\u00e1gina web o tienda online para que los usuarios tengan conocimiento de la persona con la que contratan y el responsable de la web. Derechos de propiedad intelectual e industrial Se debe se\u00f1alar qui\u00e9n es el titularRead more &#10230;","og_url":"https:\/\/cita.doctorsky.es\/en\/terminos-condiciones\/","og_site_name":"DoctorSky - Gesti&oacute;n de Citas","article_modified_time":"2022-05-17T10:22:15+00:00","twitter_card":"summary_large_image","twitter_misc":{"Est. reading time":"3 minutes"},"schema":{"@context":"https:\/\/schema.org","@graph":[{"@type":"WebPage","@id":"https:\/\/cita.doctorsky.es\/ar\/terminos-condiciones\/","url":"https:\/\/cita.doctorsky.es\/ar\/terminos-condiciones\/","name":"T\u00e9rminos y Condiciones - DoctorSky - Gesti&oacute;n de Citas","isPartOf":{"@id":"https:\/\/cita.doctorsky.es\/es\/#website"},"datePublished":"2022-03-29T08:57:18+00:00","dateModified":"2022-05-17T10:22:15+00:00","breadcrumb":{"@id":"https:\/\/cita.doctorsky.es\/ar\/terminos-condiciones\/#breadcrumb"},"inLanguage":"en-US","potentialAction":[{"@type":"ReadAction","target":["https:\/\/cita.doctorsky.es\/ar\/terminos-condiciones\/"]}]},{"@type":"BreadcrumbList","@id":"https:\/\/cita.doctorsky.es\/ar\/terminos-condiciones\/#breadcrumb","itemListElement":[{"@type":"ListItem","position":1,"name":"Portada","item":"https:\/\/cita.doctorsky.es\/es\/"},{"@type":"ListItem","position":2,"name":"T\u00e9rminos y Condiciones"}]},{"@type":"WebSite","@id":"https:\/\/cita.doctorsky.es\/es\/#website","url":"https:\/\/cita.doctorsky.es\/es\/","name":"DoctorSky - Appointment Management","description":"Telemedicine to take care of your health","publisher":{"@id":"https:\/\/cita.doctorsky.es\/es\/#organization"},"potentialAction":[{"@type":"SearchAction","target":{"@type":"EntryPoint","urlTemplate":"https:\/\/cita.doctorsky.es\/es\/?s={search_term_string}"},"query-input":{"@type":"PropertyValueSpecification","valueRequired":true,"valueName":"search_term_string"}}],"inLanguage":"en-US"},{"@type":"Organization","@id":"https:\/\/cita.doctorsky.es\/es\/#organization","name":"DoctorSky","url":"https:\/\/cita.doctorsky.es\/es\/","logo":{"@type":"ImageObject","inLanguage":"en-US","@id":"https:\/\/cita.doctorsky.es\/es\/#\/schema\/logo\/image\/","url":"https:\/\/cita.doctorsky.es\/wp-content\/uploads\/2022\/05\/logo-original.png","contentUrl":"https:\/\/cita.doctorsky.es\/wp-content\/uploads\/2022\/05\/logo-original.png","width":1462,"height":357,"caption":"DoctorSky"},"image":{"@id":"https:\/\/cita.doctorsky.es\/es\/#\/schema\/logo\/image\/"}}]}},"_links":{"self":[{"href":"https:\/\/cita.doctorsky.es\/en\/wp-json\/wp\/v2\/pages\/158","targetHints":{"allow":["GET"]}}],"collection":[{"href":"https:\/\/cita.doctorsky.es\/en\/wp-json\/wp\/v2\/pages"}],"about":[{"href":"https:\/\/cita.doctorsky.es\/en\/wp-json\/wp\/v2\/types\/page"}],"author":[{"embeddable":true,"href":"https:\/\/cita.doctorsky.es\/en\/wp-json\/wp\/v2\/users\/1"}],"replies":[{"embeddable":true,"href":"https:\/\/cita.doctorsky.es\/en\/wp-json\/wp\/v2\/comments?post=158"}],"version-history":[{"count":0,"href":"https:\/\/cita.doctorsky.es\/en\/wp-json\/wp\/v2\/pages\/158\/revisions"}],"wp:attachment":[{"href":"https:\/\/cita.doctorsky.es\/en\/wp-json\/wp\/v2\/media?parent=158"}],"curies":[{"name":"wp","href":"https:\/\/api.w.org\/{rel}","templated":true}]}}