
{"id":158,"date":"2022-03-29T10:57:18","date_gmt":"2022-03-29T08:57:18","guid":{"rendered":"https:\/\/cita.doctorsky.es\/?page_id=158"},"modified":"2022-05-17T12:22:15","modified_gmt":"2022-05-17T10:22:15","slug":"terminos-condiciones","status":"publish","type":"page","link":"https:\/\/cita.doctorsky.es\/fr\/terminos-condiciones\/","title":{"rendered":"Conditions g\u00e9n\u00e9rales d'utilisation"},"content":{"rendered":"<h3 class=\"wp-block-heading\">Donn\u00e9es d'identification<\/h3>\n\n\n\n<p>Les donn\u00e9es d'identification du professionnel ou de la soci\u00e9t\u00e9 propri\u00e9taire du site web ou de la boutique en ligne doivent \u00eatre incluses afin que les utilisateurs sachent avec qui ils contractent et quelle est la personne responsable du site web.<\/p>\n\n\n\n<h3 class=\"wp-block-heading\">Droits de propri\u00e9t\u00e9 intellectuelle et industrielle<\/h3>\n\n\n\n<p>Le propri\u00e9taire des \u00e9l\u00e9ments qui composent le site web doit \u00eatre indiqu\u00e9, ainsi que le type de licences d'utilisation qui sont accord\u00e9es aux utilisateurs pour ces \u00e9l\u00e9ments. Par exemple, si le site web dispose d'un blog, il est important d'\u00e9tablir la licence accord\u00e9e aux utilisateurs pour les articles publi\u00e9s sur le site web, ou pour les autres \u00e9l\u00e9ments qui composent le site web, tels que les photos, les vid\u00e9os, les logos, etc.<\/p>\n\n\n\n<h3 class=\"wp-block-heading\">Marche \u00e0 suivre pour prendre un rendez-vous dans les meilleurs d\u00e9lais<\/h3>\n\n\n\n<p>Tout utilisateur souhaitant prendre un rendez-vous dans les meilleurs d\u00e9lais doit compl\u00e9ter le processus de r\u00e9servation \u00e0 l'adresse https:\/\/cita.doctorsky.es\/.<\/p>\n\n\n\n<p>Au cours du processus, l'utilisateur (le patient) sera d\u00e9charg\u00e9, avec les donn\u00e9es n\u00e9cessaires pour remplir son dossier m\u00e9dical.<\/p>\n\n\n\n<p>Une fois que l'utilisateur est identifi\u00e9, il compl\u00e8te la r\u00e9servation en payant le rendez-vous m\u00e9dical et re\u00e7oit des notifications par courrier \u00e9lectronique avec tous les d\u00e9tails.<\/p>\n\n\n\n<h3 class=\"wp-block-heading\">Acc\u00e8s \u00e0 la vid\u00e9oconsultation<\/h3>\n\n\n\n<p>Une fois que le professionnel m\u00e9dical a activ\u00e9 le rendez-vous, au jour et \u00e0 l'heure indiqu\u00e9s, le patient recevra un e-mail contenant le lien vers la salle de vid\u00e9oconsultation, o\u00f9 le m\u00e9decin choisi par le client sera pr\u00e9sent.<\/p>\n\n\n\n<h3 class=\"wp-block-heading\">Prix<\/h3>\n\n\n\n<p>Chaque service, qu'il s'agisse de vid\u00e9oconsultation (t\u00e9l\u00e9m\u00e9decine) ou d'un autre service (t\u00e9l\u00e9phone, domicile, etc.), aura un prix associ\u00e9, qui sera pay\u00e9 avant la prise de rendez-vous.<\/p>\n\n\n\n<h3 class=\"wp-block-heading\">R\u00e8gles de conduite<\/h3>\n\n\n\n<p>Dans le cas o\u00f9 il est n\u00e9cessaire de s'inscrire en tant qu'utilisateur pour b\u00e9n\u00e9ficier des services offerts sur le site web, il convient d'\u00e9tablir les conditions sp\u00e9cifiques d'utilisation, les droits accord\u00e9s aux utilisateurs inscrits, ainsi que les responsabilit\u00e9s qu'ils assumeront si leur comportement n'est pas conforme aux r\u00e8gles de conduite \u00e9tablies, par exemple, si l'inscription concerne un forum, sp\u00e9cifier les responsabilit\u00e9s que l'utilisateur assumera pour les commentaires qu'il fait.<\/p>\n\n\n\n<h3 class=\"wp-block-heading\">Responsabilit\u00e9s<\/h3>\n\n\n\n<p>Il est important que le site web \u00e9tablisse pr\u00e9cis\u00e9ment les responsabilit\u00e9s assum\u00e9es, ainsi que les limites de la responsabilit\u00e9 pour les incidents \u00e9ventuels qui peuvent se produire sur le site web.<\/p>\n\n\n\n<h3 class=\"wp-block-heading\">Garanties<\/h3>\n\n\n\n<p>Il est important de sensibiliser les utilisateurs aux garanties dont ils disposent pour l'achat d'un produit ou d'un service.<\/p>\n\n\n\n<p>Il convient de noter que dans le cas de la vente de produits, des clauses r\u00e9gissant les questions li\u00e9es \u00e0 la responsabilit\u00e9 du fait des produits, aux remboursements et aux retours devront \u00eatre incluses.<\/p>\n\n\n\n<h3 class=\"wp-block-heading\">Droit applicable et syst\u00e8me de r\u00e8glement des diff\u00e9rends<\/h3>\n\n\n\n<p>Il est important de faire conna\u00eetre \u00e0 l'utilisateur les r\u00e8gles qui s'appliqueront \u00e0 la relation contractuelle cr\u00e9\u00e9e, ainsi que d'\u00e9tablir le syst\u00e8me de r\u00e9solution extrajudiciaire des litiges ou les tribunaux comp\u00e9tents pour r\u00e9soudre les litiges \u00e9ventuels.<\/p>\n\n\n\n<h3 class=\"wp-block-heading\">Autres<\/h3>\n\n\n\n<p>Si des offres et des promotions sont propos\u00e9es, les conditions sp\u00e9cifiques r\u00e9gissant l'offre ou la promotion doivent \u00eatre incluses. Si un service client\u00e8le est propos\u00e9 \u00e0 l'utilisateur apr\u00e8s l'achat du produit ou du service, les conditions r\u00e9gissant ce service apr\u00e8s-vente doivent \u00e9galement \u00eatre incluses.<\/p>","protected":false},"excerpt":{"rendered":"<p>Datos de identificaci\u00f3n Se debe incluir los datos de identificaci\u00f3n del profesional o la empresa titular de la p\u00e1gina web o tienda online para que los usuarios tengan conocimiento de la persona con la que contratan y el responsable de la web. Derechos de propiedad intelectual e industrial Se debe se\u00f1alar qui\u00e9n es el titular<a class=\"more-link\" href=\"https:\/\/cita.doctorsky.es\/fr\/terminos-condiciones\/\">Read more  &#10230;<\/a><\/p>","protected":false},"author":1,"featured_media":0,"parent":0,"menu_order":0,"comment_status":"closed","ping_status":"closed","template":"","meta":{"pmpro_default_level":"","footnotes":""},"class_list":["post-158","page","type-page","status-publish","hentry","pmpro-has-access"],"yoast_head":"<!-- This site is optimized with the Yoast SEO plugin v25.7 - https:\/\/yoast.com\/wordpress\/plugins\/seo\/ -->\n<title>T\u00e9rminos y Condiciones - DoctorSky - Gesti&oacute;n de Citas<\/title>\n<meta name=\"robots\" content=\"index, follow, max-snippet:-1, max-image-preview:large, max-video-preview:-1\" \/>\n<link rel=\"canonical\" href=\"https:\/\/cita.doctorsky.es\/fr\/terminos-condiciones\/\" \/>\n<meta property=\"og:locale\" content=\"fr_FR\" \/>\n<meta property=\"og:type\" content=\"article\" \/>\n<meta property=\"og:title\" content=\"T\u00e9rminos y Condiciones - DoctorSky - Gesti&oacute;n de Citas\" \/>\n<meta property=\"og:description\" content=\"Datos de identificaci\u00f3n Se debe incluir los datos de identificaci\u00f3n del profesional o la empresa titular de la p\u00e1gina web o tienda online para que los usuarios tengan conocimiento de la persona con la que contratan y el responsable de la web. Derechos de propiedad intelectual e industrial Se debe se\u00f1alar qui\u00e9n es el titularRead more &#10230;\" \/>\n<meta property=\"og:url\" content=\"https:\/\/cita.doctorsky.es\/fr\/terminos-condiciones\/\" \/>\n<meta property=\"og:site_name\" content=\"DoctorSky - Gesti&oacute;n de Citas\" \/>\n<meta property=\"article:modified_time\" content=\"2022-05-17T10:22:15+00:00\" \/>\n<meta name=\"twitter:card\" content=\"summary_large_image\" \/>\n<meta name=\"twitter:label1\" content=\"Dur\u00e9e de lecture estim\u00e9e\" \/>\n\t<meta name=\"twitter:data1\" content=\"3 minutes\" \/>\n<script type=\"application\/ld+json\" class=\"yoast-schema-graph\">{\"@context\":\"https:\/\/schema.org\",\"@graph\":[{\"@type\":\"WebPage\",\"@id\":\"https:\/\/cita.doctorsky.es\/ar\/terminos-condiciones\/\",\"url\":\"https:\/\/cita.doctorsky.es\/ar\/terminos-condiciones\/\",\"name\":\"T\u00e9rminos y Condiciones - DoctorSky - Gesti&oacute;n de Citas\",\"isPartOf\":{\"@id\":\"https:\/\/cita.doctorsky.es\/es\/#website\"},\"datePublished\":\"2022-03-29T08:57:18+00:00\",\"dateModified\":\"2022-05-17T10:22:15+00:00\",\"breadcrumb\":{\"@id\":\"https:\/\/cita.doctorsky.es\/ar\/terminos-condiciones\/#breadcrumb\"},\"inLanguage\":\"fr-FR\",\"potentialAction\":[{\"@type\":\"ReadAction\",\"target\":[\"https:\/\/cita.doctorsky.es\/ar\/terminos-condiciones\/\"]}]},{\"@type\":\"BreadcrumbList\",\"@id\":\"https:\/\/cita.doctorsky.es\/ar\/terminos-condiciones\/#breadcrumb\",\"itemListElement\":[{\"@type\":\"ListItem\",\"position\":1,\"name\":\"Portada\",\"item\":\"https:\/\/cita.doctorsky.es\/es\/\"},{\"@type\":\"ListItem\",\"position\":2,\"name\":\"T\u00e9rminos y Condiciones\"}]},{\"@type\":\"WebSite\",\"@id\":\"https:\/\/cita.doctorsky.es\/es\/#website\",\"url\":\"https:\/\/cita.doctorsky.es\/es\/\",\"name\":\"DoctorSky - Gesti&oacute;n de Citas\",\"description\":\"Telemedicina al cuidado de tu salud\",\"publisher\":{\"@id\":\"https:\/\/cita.doctorsky.es\/es\/#organization\"},\"potentialAction\":[{\"@type\":\"SearchAction\",\"target\":{\"@type\":\"EntryPoint\",\"urlTemplate\":\"https:\/\/cita.doctorsky.es\/es\/?s={search_term_string}\"},\"query-input\":{\"@type\":\"PropertyValueSpecification\",\"valueRequired\":true,\"valueName\":\"search_term_string\"}}],\"inLanguage\":\"fr-FR\"},{\"@type\":\"Organization\",\"@id\":\"https:\/\/cita.doctorsky.es\/es\/#organization\",\"name\":\"DoctorSky\",\"url\":\"https:\/\/cita.doctorsky.es\/es\/\",\"logo\":{\"@type\":\"ImageObject\",\"inLanguage\":\"fr-FR\",\"@id\":\"https:\/\/cita.doctorsky.es\/es\/#\/schema\/logo\/image\/\",\"url\":\"https:\/\/cita.doctorsky.es\/wp-content\/uploads\/2022\/05\/logo-original.png\",\"contentUrl\":\"https:\/\/cita.doctorsky.es\/wp-content\/uploads\/2022\/05\/logo-original.png\",\"width\":1462,\"height\":357,\"caption\":\"DoctorSky\"},\"image\":{\"@id\":\"https:\/\/cita.doctorsky.es\/es\/#\/schema\/logo\/image\/\"}}]}<\/script>\n<!-- \/ Yoast SEO plugin. -->","yoast_head_json":{"title":"T\u00e9rminos y Condiciones - DoctorSky - Gesti&oacute;n de Citas","robots":{"index":"index","follow":"follow","max-snippet":"max-snippet:-1","max-image-preview":"max-image-preview:large","max-video-preview":"max-video-preview:-1"},"canonical":"https:\/\/cita.doctorsky.es\/fr\/terminos-condiciones\/","og_locale":"fr_FR","og_type":"article","og_title":"T\u00e9rminos y Condiciones - DoctorSky - Gesti&oacute;n de Citas","og_description":"Datos de identificaci\u00f3n Se debe incluir los datos de identificaci\u00f3n del profesional o la empresa titular de la p\u00e1gina web o tienda online para que los usuarios tengan conocimiento de la persona con la que contratan y el responsable de la web. Derechos de propiedad intelectual e industrial Se debe se\u00f1alar qui\u00e9n es el titularRead more &#10230;","og_url":"https:\/\/cita.doctorsky.es\/fr\/terminos-condiciones\/","og_site_name":"DoctorSky - Gesti&oacute;n de Citas","article_modified_time":"2022-05-17T10:22:15+00:00","twitter_card":"summary_large_image","twitter_misc":{"Dur\u00e9e de lecture estim\u00e9e":"3 minutes"},"schema":{"@context":"https:\/\/schema.org","@graph":[{"@type":"WebPage","@id":"https:\/\/cita.doctorsky.es\/ar\/terminos-condiciones\/","url":"https:\/\/cita.doctorsky.es\/ar\/terminos-condiciones\/","name":"T\u00e9rminos y Condiciones - DoctorSky - Gesti&oacute;n de Citas","isPartOf":{"@id":"https:\/\/cita.doctorsky.es\/es\/#website"},"datePublished":"2022-03-29T08:57:18+00:00","dateModified":"2022-05-17T10:22:15+00:00","breadcrumb":{"@id":"https:\/\/cita.doctorsky.es\/ar\/terminos-condiciones\/#breadcrumb"},"inLanguage":"fr-FR","potentialAction":[{"@type":"ReadAction","target":["https:\/\/cita.doctorsky.es\/ar\/terminos-condiciones\/"]}]},{"@type":"BreadcrumbList","@id":"https:\/\/cita.doctorsky.es\/ar\/terminos-condiciones\/#breadcrumb","itemListElement":[{"@type":"ListItem","position":1,"name":"Portada","item":"https:\/\/cita.doctorsky.es\/es\/"},{"@type":"ListItem","position":2,"name":"T\u00e9rminos y Condiciones"}]},{"@type":"WebSite","@id":"https:\/\/cita.doctorsky.es\/es\/#website","url":"https:\/\/cita.doctorsky.es\/es\/","name":"DoctorSky - Gestion des rendez-vous","description":"La t\u00e9l\u00e9m\u00e9decine au service de la sant\u00e9","publisher":{"@id":"https:\/\/cita.doctorsky.es\/es\/#organization"},"potentialAction":[{"@type":"SearchAction","target":{"@type":"EntryPoint","urlTemplate":"https:\/\/cita.doctorsky.es\/es\/?s={search_term_string}"},"query-input":{"@type":"PropertyValueSpecification","valueRequired":true,"valueName":"search_term_string"}}],"inLanguage":"fr-FR"},{"@type":"Organization","@id":"https:\/\/cita.doctorsky.es\/es\/#organization","name":"DocteurSky","url":"https:\/\/cita.doctorsky.es\/es\/","logo":{"@type":"ImageObject","inLanguage":"fr-FR","@id":"https:\/\/cita.doctorsky.es\/es\/#\/schema\/logo\/image\/","url":"https:\/\/cita.doctorsky.es\/wp-content\/uploads\/2022\/05\/logo-original.png","contentUrl":"https:\/\/cita.doctorsky.es\/wp-content\/uploads\/2022\/05\/logo-original.png","width":1462,"height":357,"caption":"DoctorSky"},"image":{"@id":"https:\/\/cita.doctorsky.es\/es\/#\/schema\/logo\/image\/"}}]}},"_links":{"self":[{"href":"https:\/\/cita.doctorsky.es\/fr\/wp-json\/wp\/v2\/pages\/158","targetHints":{"allow":["GET"]}}],"collection":[{"href":"https:\/\/cita.doctorsky.es\/fr\/wp-json\/wp\/v2\/pages"}],"about":[{"href":"https:\/\/cita.doctorsky.es\/fr\/wp-json\/wp\/v2\/types\/page"}],"author":[{"embeddable":true,"href":"https:\/\/cita.doctorsky.es\/fr\/wp-json\/wp\/v2\/users\/1"}],"replies":[{"embeddable":true,"href":"https:\/\/cita.doctorsky.es\/fr\/wp-json\/wp\/v2\/comments?post=158"}],"version-history":[{"count":0,"href":"https:\/\/cita.doctorsky.es\/fr\/wp-json\/wp\/v2\/pages\/158\/revisions"}],"wp:attachment":[{"href":"https:\/\/cita.doctorsky.es\/fr\/wp-json\/wp\/v2\/media?parent=158"}],"curies":[{"name":"wp","href":"https:\/\/api.w.org\/{rel}","templated":true}]}}