
{"id":187,"date":"2022-03-29T11:42:54","date_gmt":"2022-03-29T09:42:54","guid":{"rendered":"https:\/\/cita.doctorsky.es\/?page_id=187"},"modified":"2022-03-29T11:47:46","modified_gmt":"2022-03-29T09:47:46","slug":"aviso-legal","status":"publish","type":"page","link":"https:\/\/cita.doctorsky.es\/fr\/aviso-legal\/","title":{"rendered":"Avis juridique"},"content":{"rendered":"<div data-elementor-type=\"wp-page\" data-elementor-id=\"187\" class=\"elementor elementor-187\">\n\t\t\t\t\t\t<section class=\"elementor-section elementor-top-section elementor-element elementor-element-93bea87 elementor-section-boxed elementor-section-height-default elementor-section-height-default\" data-id=\"93bea87\" data-element_type=\"section\">\n\t\t\t\t\t\t<div class=\"elementor-container elementor-column-gap-default\">\n\t\t\t\t\t<div class=\"elementor-column elementor-col-100 elementor-top-column elementor-element elementor-element-78094e4\" data-id=\"78094e4\" data-element_type=\"column\">\n\t\t\t<div class=\"elementor-widget-wrap elementor-element-populated\">\n\t\t\t\t\t\t<div class=\"elementor-element elementor-element-b88d57b elementor-widget elementor-widget-shortcode\" data-id=\"b88d57b\" data-element_type=\"widget\" data-widget_type=\"shortcode.default\">\n\t\t\t\t<div class=\"elementor-widget-container\">\n\t\t\t\t\t\t\t<div class=\"elementor-shortcode\"><h3>LES DONN\u00c9ES D'IDENTIFICATION DU PROPRI\u00c9TAIRE DU SITE WEB<\/h3>\n<p>Conform\u00e9ment \u00e0 l'obligation d'information pr\u00e9vue \u00e0 l'article 10 de la loi 34\/2002 du 11 juillet 2002 sur les services de la soci\u00e9t\u00e9 de l'information et le commerce \u00e9lectronique, <strong><em>Meditech Tool Solutions<\/em><\/strong>avec le num\u00e9ro d'identification fiscale B88466529, ci-apr\u00e8s d\u00e9nomm\u00e9 <strong>DocteurSky<\/strong>en tant que propri\u00e9taire du site web <strong>cita.doctorsky.co.uk<\/strong>dont l'adresse est Calle Virgilio 18, code postal 28341 \u00e0 Valdemoro, Madrid, adresse \u00e9lectronique <a href=\"mailto:%69%6e&#102;&#111;&#64;doc%74%6f%72s%6b&#121;.es\">info@doctorsky.es<\/a> et le t\u00e9l\u00e9phone 633952266, proc\u00e8de \u00e0 la communication de la pr\u00e9sente information qui est conforme et r\u00e9git les conditions d'utilisation de cette page, les limitations de responsabilit\u00e9 et les obligations que, les utilisateurs du site web publi\u00e9 sous le nom de domaine <strong><i>cita.doctorsky.co.uk<\/i><\/strong>et s'engagent \u00e0 respecter.<\/p>\n<h3>CONDITIONS D'UTILISATION<\/h3>\n<p>L'utilisation de <strong>cita.doctorsky.co.uk<\/strong> accorde le statut de <strong>Utilisateur<\/strong> de <strong>cita.doctorsky.co.uk<\/strong>L'utilisation de ce site web, que vous soyez une personne physique ou morale, implique l'acceptation pleine, enti\u00e8re et sans r\u00e9serve de chacune des clauses et conditions g\u00e9n\u00e9rales incluses dans l'avis juridique. Si le <strong>Utilisateur<\/strong> n'accepte pas les clauses et les conditions d'utilisation du pr\u00e9sent avis juridique, vous devez vous abstenir d'utiliser <strong>cita.doctorsky.co.uk<\/strong>. Le pr\u00e9sent avis juridique peut faire l'objet de modifications et de mises \u00e0 jour. <strong>DocteurSky<\/strong> peut \u00eatre diff\u00e9rente \u00e0 chaque fois que l'on veut faire des \u00e9conomies d'\u00e9nergie. <strong>Utilisateur<\/strong> acc\u00e9der au portail. Par cons\u00e9quent, le <strong>Utilisateur<\/strong> vous devez lire les mentions l\u00e9gales chaque fois que vous acc\u00e9dez aux <strong>cita.doctorsky.co.uk<\/strong>.<\/p>\n\n<p>A travers <strong>cita.doctorsky.co.uk<\/strong>, <strong>DocteurSky<\/strong><b> <\/b>facilite la <strong>Utilisateur<\/strong> l'acc\u00e8s et l'utilisation de divers contenus publi\u00e9s sur Internet par <strong>DocteurSky<\/strong> ou par des tiers autoris\u00e9s.<\/p>\n\n<p>Le <strong>Utilisateur<\/strong> a l'obligation et s'engage \u00e0 utiliser <strong>cita.doctorsky.co.uk<\/strong> et le contenu conform\u00e9ment \u00e0 la l\u00e9gislation en vigueur, aux mentions l\u00e9gales et \u00e0 tout autre avis ou instruction port\u00e9 \u00e0 votre attention, soit par le biais de ces mentions l\u00e9gales, soit ailleurs dans le contenu qui constitue les <strong>cita.doctorsky.co.uk<\/strong>La Commission veille au respect des r\u00e8gles de coexistence, de la morale et des bonnes coutumes g\u00e9n\u00e9ralement admises. \u00c0 cette fin, la <strong>Utilisateur<\/strong> accepte et s'engage \u00e0 NE PAS utiliser les Contenus \u00e0 des fins ou effets illicites, interdits dans les Mentions l\u00e9gales ou par la l\u00e9gislation en vigueur, pr\u00e9judiciables aux droits et int\u00e9r\u00eats de tiers, ou susceptibles d'endommager, de rendre inutilisable, de surcharger, de d\u00e9t\u00e9riorer ou d'emp\u00eacher l'utilisation normale des Contenus, de l'\u00e9quipement informatique ou des documents, fichiers et tous types de contenus stock\u00e9s dans tout \u00e9quipement informatique appartenant \u00e0 ou sous-trait\u00e9 par <strong>DocteurSky<\/strong>d'un autre <strong>UTILISATEUR<\/strong> ou tout utilisateur d'Internet (mat\u00e9riel et logiciel).<\/p>\n\n<p>Le <strong>Utilisateur<\/strong> s'engage \u00e0 ne pas transmettre, diffuser ou mettre \u00e0 la disposition de tiers tout type de mat\u00e9riel contenu dans <strong>cita.doctorsky.co.uk<\/strong>tels que les informations, les textes, les donn\u00e9es, le contenu, les messages, les graphiques, les dessins, les fichiers son et\/ou image, les photographies, les enregistrements, les logiciels, les logos, les marques, les ic\u00f4nes, la technologie, les photographies, les logiciels, les liens, la conception graphique et le code source, ou tout autre mat\u00e9riel auquel vous avez acc\u00e8s en votre qualit\u00e9 de <strong>Utilisateur<\/strong> de <strong>cita.doctorsky.co.uk<\/strong>Cette liste n'est pas exhaustive. En outre, conform\u00e9ment \u00e0 ce qui pr\u00e9c\u00e8de, le <strong>Utilisateur<\/strong> peut ne pas l'\u00eatre :<\/p>\n<ul>\n<li>reproduire, copier, distribuer, mettre \u00e0 disposition ou de toute autre mani\u00e8re communiquer publiquement, transformer ou modifier le contenu, sauf autorisation \u00e9crite explicite de la part de <strong>DocteurSky<\/strong>L'utilisateur est le propri\u00e9taire des droits correspondants ou est l\u00e9galement autoris\u00e9 \u00e0 le faire.<\/li>\n<li>Supprimer, manipuler ou modifier de quelque mani\u00e8re que ce soit les droits d'auteur et autres donn\u00e9es d'identification de la r\u00e9serve de droits de <strong>DocteurSky<\/strong> ou leurs propri\u00e9taires, des empreintes digitales et\/ou des identifiants num\u00e9riques, des filigranes ou tout autre moyen technique mis en place pour leur reconnaissance.<\/li>\n<\/ul>\n<p>Le <strong>Utilisateur<\/strong> s'abstiendra d'obtenir ou m\u00eame de tenter d'obtenir les Contenus par des moyens ou des proc\u00e9dures autres que ceux qui, selon le cas, ont \u00e9t\u00e9 mis \u00e0 disposition \u00e0 cette fin ou ont \u00e9t\u00e9 indiqu\u00e9s \u00e0 cette fin sur les pages web o\u00f9 se trouvent les Contenus ou, en g\u00e9n\u00e9ral, ceux qui sont commun\u00e9ment utilis\u00e9s sur Internet \u00e0 cette fin, pour autant qu'ils ne comportent pas de risque de dommage ou d'incapacit\u00e9 de la part de <strong>cita.doctorsky.co.uk<\/strong>et\/ou du contenu.<\/p>\n<h3>LA PROPRI\u00c9T\u00c9 INTELLECTUELLE<\/h3>\n<p>Toutes les marques, noms commerciaux ou logos de toute nature apparaissant sur le site sont la propri\u00e9t\u00e9 de leurs d\u00e9tenteurs respectifs. <strong>cita.doctorsky.co.uk<\/strong> sont la propri\u00e9t\u00e9 de <strong>DocteurSky<\/strong> ou, le cas \u00e9ch\u00e9ant, de leurs propri\u00e9taires respectifs, sans qu'il soit entendu que l'utilisation ou l'acc\u00e8s au Portail et\/ou aux Contenus attribue \u00e0 l'utilisateur le droit d'utiliser le Portail ou les Contenus. <strong>Utilisateur<\/strong> aucun droit sur les marques, noms commerciaux et\/ou signes distinctifs susmentionn\u00e9s, et ceux-ci ne peuvent \u00eatre consid\u00e9r\u00e9s comme ayant \u00e9t\u00e9 c\u00e9d\u00e9s au <strong>Utilisateur<\/strong>Le Contenu est la propri\u00e9t\u00e9 intellectuelle du Site, et aucun droit d'exploitation n'existe ou ne peut exister sur ce Contenu. De m\u00eame, les Contenus sont la propri\u00e9t\u00e9 intellectuelle de <strong>DocteurSky<\/strong>ou de tiers le cas \u00e9ch\u00e9ant, les droits de propri\u00e9t\u00e9 intellectuelle sont donc d\u00e9tenus par <strong>DocteurSky<\/strong> ou des tiers ayant autoris\u00e9 son utilisation, qui disposent des droits exclusifs d'exploitation sous quelque forme que ce soit et, en particulier, des droits de reproduction, de distribution, de communication publique et de transformation. L'utilisation non autoris\u00e9e des informations contenues dans ce site web, ainsi que toute violation des droits de propri\u00e9t\u00e9 intellectuelle ou industrielle de <strong>DocteurSky<\/strong> ou des tiers inclus dans <strong>cita.doctorsky.co.uk<\/strong> qui ont transf\u00e9r\u00e9 du contenu donneront lieu \u00e0 des responsabilit\u00e9s l\u00e9galement \u00e9tablies.<\/p>\n<h3>DISPONIBILIT\u00c9 DE CITA.DOCTORSKY.ES<\/h3>\n<p><strong>DocteurSky<\/strong> ne garantit pas qu'il n'y aura pas d'interruptions ou d'erreurs dans l'acc\u00e8s \u00e0 l'information. <strong>cita.doctorsky.co.uk<\/strong>Le site ne garantit pas que son contenu soit \u00e0 jour, bien qu'il s'efforce de l'\u00e9viter, de le corriger ou de le mettre \u00e0 jour, le cas \u00e9ch\u00e9ant. En cons\u00e9quence, <strong>DocteurSky<\/strong> ne sera pas responsable de tout dommage de quelque nature que ce soit caus\u00e9 par la <strong>Utilisateur<\/strong> caus\u00e9s par des d\u00e9fauts ou des d\u00e9connexions dans les r\u00e9seaux de t\u00e9l\u00e9communications qui entra\u00eenent la suspension, l'annulation ou l'interruption du service du portail pendant la fourniture de celui-ci ou avant.<\/p>\n\n<p><strong>DocteurSky<\/strong> exclut, sauf exceptions pr\u00e9vues par la l\u00e9gislation en vigueur, toute responsabilit\u00e9 pour les dommages de toute nature qui pourraient \u00eatre dus au manque de disponibilit\u00e9, de continuit\u00e9 ou de qualit\u00e9 du fonctionnement de <strong>cita.doctorsky.co.uk<\/strong> et du contenu, \u00e0 la non-r\u00e9alisation de l'attente d'utilit\u00e9 que l'on attend de la part de l'entreprise. <strong>UTILISATEUR<\/strong> aurait pu \u00eatre attribu\u00e9e \u00e0 <strong>cita.doctorsky.co.uk<\/strong> et le contenu.<\/p>\n\n<p>La fonction des hyperliens qui apparaissent sur ce site web est exclusivement d'informer l'utilisateur sur le site web de l'Union europ\u00e9enne. <strong>Utilisateur<\/strong> de l'existence d'autres sites web contenant des informations sur le sujet. Ces hyperliens ne constituent pas une suggestion ou une recommandation.<\/p>\n\n<p><strong>DocteurSky<\/strong> n'est pas responsable du contenu de ces pages li\u00e9es, du fonctionnement ou de l'utilit\u00e9 des hyperliens ou des r\u00e9sultats de ces liens, et ne garantit pas l'absence de virus ou d'autres \u00e9l\u00e9ments dans ces pages qui pourraient causer des alt\u00e9rations dans le syst\u00e8me informatique (mat\u00e9riel et logiciel), les documents ou les fichiers de l'utilisateur. <strong>Utilisateur<\/strong>\u00e0 l'exclusion de toute responsabilit\u00e9 pour les dommages de toute nature caus\u00e9s aux <strong>Utilisateur<\/strong> pour cette raison.<\/p>\n\n<p>L'acc\u00e8s \u00e0 <strong>cita.doctorsky.co.uk<\/strong> n'entra\u00eene pas d'obligation de la part de l'\u00c9tat membre d'accueil. <strong>DocteurSky<\/strong> de v\u00e9rifier l'absence de virus, de vers ou de tout autre \u00e9l\u00e9ment informatique nuisible. Il est de la responsabilit\u00e9 du <strong>Utilisateur<\/strong>En tout \u00e9tat de cause, la disponibilit\u00e9 d'outils appropri\u00e9s pour la d\u00e9tection et la d\u00e9sinfection des logiciels malveillants est donc essentielle, <strong>DocteurSky<\/strong> n'est pas responsable des \u00e9ventuelles erreurs de s\u00e9curit\u00e9 qui pourraient survenir lors de la fourniture du service. <strong>cita.doctorsky.co.uk<\/strong>La Commission n'est pas responsable des dommages qui pourraient \u00eatre caus\u00e9s au syst\u00e8me informatique de la Commission. <strong>Utilisateur<\/strong> ou de tiers (mat\u00e9riel et logiciel), les fichiers ou documents qui y sont stock\u00e9s, en raison de la pr\u00e9sence de virus dans l'ordinateur de l'utilisateur. <strong>Utilisateur<\/strong> utilis\u00e9 pour se connecter aux services et aux contenus du Web, un mauvais fonctionnement du navigateur ou l'utilisation de versions non actualis\u00e9es de celui-ci.<\/p>\n\n<p>La fourniture du service de <strong>cita.doctorsky.co.uk<\/strong> et du contenu est, en principe, d'une dur\u00e9e ind\u00e9termin\u00e9e. <strong>DocteurSky<\/strong>Toutefois, il est autoris\u00e9 \u00e0 mettre fin ou \u00e0 suspendre la fourniture du service par <strong>cita.doctorsky.co.uk<\/strong> et\/ou du contenu \u00e0 tout moment. Dans la mesure du possible, <strong>DocteurSky<\/strong> notifie au pr\u00e9alable la r\u00e9siliation ou la suspension de <strong>cita.doctorsky.co.uk<\/strong>.<\/p>\n<h3>QUALIT\u00c9 DE CITA.DOCTORSKY.ES<\/h3>\n<p>Compte tenu de l'environnement dynamique et changeant de l'information et des services fournis par le biais de l'internet, la Commission a d\u00e9cid\u00e9 de mettre en place un syst\u00e8me de gestion de l'information. <strong>cita.doctorsky.co.uk<\/strong>, <strong>DocteurSky<\/strong> fait de son mieux, mais ne garantit pas la v\u00e9racit\u00e9, l'exactitude, la fiabilit\u00e9, l'utilit\u00e9 et\/ou l'actualit\u00e9 du contenu. L'information contenue dans les pages qui composent ce portail est uniquement destin\u00e9e \u00e0 des fins d'information, de conseil, d'information et de publicit\u00e9. En aucun cas, elle n'offre ou n'a le caract\u00e8re d'un engagement contraignant ou contractuel.<\/p>\n<h3>LIMITATION DE LA RESPONSABILIT\u00c9<\/h3>\n<p><strong>DocteurSky<\/strong> exclut toute responsabilit\u00e9 pour les d\u00e9cisions prises par le <strong>Utilisateur<\/strong> sur la base de ces informations, ainsi que pour toute erreur typographique qui pourrait \u00eatre contenue dans les documents et les graphiques de ce site web. <strong>cita.doctorsky.co.uk<\/strong>. Les informations sont sujettes \u00e0 d'\u00e9ventuelles modifications p\u00e9riodiques sans pr\u00e9avis de leur contenu en raison d'une expansion, d'une am\u00e9lioration, d'une correction ou d'une mise \u00e0 jour du contenu.<\/p>\n<h3>NOTIFICATIONS<\/h3>\n<p>Toutes les notifications et communications effectu\u00e9es par <strong>DocteurSky<\/strong> \u00e0 <strong>Utilisateur<\/strong> par quelque moyen que ce soit est r\u00e9put\u00e9e effective \u00e0 toutes fins utiles.<\/p>\n<h3>JURIDICTION<\/h3>\n<p>Pour toute question relative \u00e0 l'interpr\u00e9tation, \u00e0 l'application et au respect du pr\u00e9sent avis juridique, ainsi que pour toute r\u00e9clamation d\u00e9coulant de son utilisation, toutes les parties concern\u00e9es se soumettent aux cours et tribunaux de la province de Madrid, en renon\u00e7ant express\u00e9ment \u00e0 toute autre juridiction \u00e0 laquelle elles pourraient pr\u00e9tendre.<\/p>\n<h3>DROIT APPLICABLE<\/h3>\n<p>Le pr\u00e9sent avis juridique est r\u00e9gi par la l\u00e9gislation espagnole en vigueur.<\/p>\n <\/div>\n\t\t\t\t\t\t<\/div>\n\t\t\t\t<\/div>\n\t\t\t\t\t<\/div>\n\t\t<\/div>\n\t\t\t\t\t<\/div>\n\t\t<\/section>\n\t\t\t\t<\/div>","protected":false},"excerpt":{"rendered":"","protected":false},"author":1,"featured_media":0,"parent":0,"menu_order":0,"comment_status":"closed","ping_status":"closed","template":"","meta":{"pmpro_default_level":"","footnotes":""},"class_list":["post-187","page","type-page","status-publish","hentry","pmpro-has-access"],"yoast_head":"<!-- This site is optimized with the Yoast SEO plugin v25.7 - https:\/\/yoast.com\/wordpress\/plugins\/seo\/ -->\n<title>Aviso legal - DoctorSky - Gesti&oacute;n de Citas<\/title>\n<meta name=\"robots\" content=\"index, follow, max-snippet:-1, max-image-preview:large, max-video-preview:-1\" \/>\n<link rel=\"canonical\" href=\"https:\/\/cita.doctorsky.es\/fr\/aviso-legal\/\" \/>\n<meta property=\"og:locale\" content=\"fr_FR\" \/>\n<meta property=\"og:type\" content=\"article\" \/>\n<meta property=\"og:title\" content=\"Aviso legal - DoctorSky - Gesti&oacute;n de Citas\" \/>\n<meta property=\"og:url\" content=\"https:\/\/cita.doctorsky.es\/fr\/aviso-legal\/\" \/>\n<meta property=\"og:site_name\" content=\"DoctorSky - Gesti&oacute;n de Citas\" \/>\n<meta property=\"article:modified_time\" content=\"2022-03-29T09:47:46+00:00\" \/>\n<meta name=\"twitter:card\" content=\"summary_large_image\" \/>\n<script type=\"application\/ld+json\" class=\"yoast-schema-graph\">{\"@context\":\"https:\/\/schema.org\",\"@graph\":[{\"@type\":\"WebPage\",\"@id\":\"https:\/\/cita.doctorsky.es\/it\/aviso-legal\/\",\"url\":\"https:\/\/cita.doctorsky.es\/it\/aviso-legal\/\",\"name\":\"Aviso legal - DoctorSky - Gesti&oacute;n de Citas\",\"isPartOf\":{\"@id\":\"https:\/\/cita.doctorsky.es\/es\/#website\"},\"datePublished\":\"2022-03-29T09:42:54+00:00\",\"dateModified\":\"2022-03-29T09:47:46+00:00\",\"breadcrumb\":{\"@id\":\"https:\/\/cita.doctorsky.es\/it\/aviso-legal\/#breadcrumb\"},\"inLanguage\":\"fr-FR\",\"potentialAction\":[{\"@type\":\"ReadAction\",\"target\":[\"https:\/\/cita.doctorsky.es\/it\/aviso-legal\/\"]}]},{\"@type\":\"BreadcrumbList\",\"@id\":\"https:\/\/cita.doctorsky.es\/it\/aviso-legal\/#breadcrumb\",\"itemListElement\":[{\"@type\":\"ListItem\",\"position\":1,\"name\":\"Portada\",\"item\":\"https:\/\/cita.doctorsky.es\/es\/\"},{\"@type\":\"ListItem\",\"position\":2,\"name\":\"Aviso legal\"}]},{\"@type\":\"WebSite\",\"@id\":\"https:\/\/cita.doctorsky.es\/es\/#website\",\"url\":\"https:\/\/cita.doctorsky.es\/es\/\",\"name\":\"DoctorSky - Gesti&oacute;n de Citas\",\"description\":\"Telemedicina al cuidado de tu salud\",\"publisher\":{\"@id\":\"https:\/\/cita.doctorsky.es\/es\/#organization\"},\"potentialAction\":[{\"@type\":\"SearchAction\",\"target\":{\"@type\":\"EntryPoint\",\"urlTemplate\":\"https:\/\/cita.doctorsky.es\/es\/?s={search_term_string}\"},\"query-input\":{\"@type\":\"PropertyValueSpecification\",\"valueRequired\":true,\"valueName\":\"search_term_string\"}}],\"inLanguage\":\"fr-FR\"},{\"@type\":\"Organization\",\"@id\":\"https:\/\/cita.doctorsky.es\/es\/#organization\",\"name\":\"DoctorSky\",\"url\":\"https:\/\/cita.doctorsky.es\/es\/\",\"logo\":{\"@type\":\"ImageObject\",\"inLanguage\":\"fr-FR\",\"@id\":\"https:\/\/cita.doctorsky.es\/es\/#\/schema\/logo\/image\/\",\"url\":\"https:\/\/cita.doctorsky.es\/wp-content\/uploads\/2022\/05\/logo-original.png\",\"contentUrl\":\"https:\/\/cita.doctorsky.es\/wp-content\/uploads\/2022\/05\/logo-original.png\",\"width\":1462,\"height\":357,\"caption\":\"DoctorSky\"},\"image\":{\"@id\":\"https:\/\/cita.doctorsky.es\/es\/#\/schema\/logo\/image\/\"}}]}<\/script>\n<!-- \/ Yoast SEO plugin. -->","yoast_head_json":{"title":"Aviso legal - DoctorSky - Gesti&oacute;n de Citas","robots":{"index":"index","follow":"follow","max-snippet":"max-snippet:-1","max-image-preview":"max-image-preview:large","max-video-preview":"max-video-preview:-1"},"canonical":"https:\/\/cita.doctorsky.es\/fr\/aviso-legal\/","og_locale":"fr_FR","og_type":"article","og_title":"Aviso legal - DoctorSky - Gesti&oacute;n de Citas","og_url":"https:\/\/cita.doctorsky.es\/fr\/aviso-legal\/","og_site_name":"DoctorSky - Gesti&oacute;n de Citas","article_modified_time":"2022-03-29T09:47:46+00:00","twitter_card":"summary_large_image","schema":{"@context":"https:\/\/schema.org","@graph":[{"@type":"WebPage","@id":"https:\/\/cita.doctorsky.es\/it\/aviso-legal\/","url":"https:\/\/cita.doctorsky.es\/it\/aviso-legal\/","name":"Aviso legal - DoctorSky - Gesti&oacute;n de Citas","isPartOf":{"@id":"https:\/\/cita.doctorsky.es\/es\/#website"},"datePublished":"2022-03-29T09:42:54+00:00","dateModified":"2022-03-29T09:47:46+00:00","breadcrumb":{"@id":"https:\/\/cita.doctorsky.es\/it\/aviso-legal\/#breadcrumb"},"inLanguage":"fr-FR","potentialAction":[{"@type":"ReadAction","target":["https:\/\/cita.doctorsky.es\/it\/aviso-legal\/"]}]},{"@type":"BreadcrumbList","@id":"https:\/\/cita.doctorsky.es\/it\/aviso-legal\/#breadcrumb","itemListElement":[{"@type":"ListItem","position":1,"name":"Portada","item":"https:\/\/cita.doctorsky.es\/es\/"},{"@type":"ListItem","position":2,"name":"Aviso legal"}]},{"@type":"WebSite","@id":"https:\/\/cita.doctorsky.es\/es\/#website","url":"https:\/\/cita.doctorsky.es\/es\/","name":"DoctorSky - Gestion des rendez-vous","description":"La t\u00e9l\u00e9m\u00e9decine au service de la sant\u00e9","publisher":{"@id":"https:\/\/cita.doctorsky.es\/es\/#organization"},"potentialAction":[{"@type":"SearchAction","target":{"@type":"EntryPoint","urlTemplate":"https:\/\/cita.doctorsky.es\/es\/?s={search_term_string}"},"query-input":{"@type":"PropertyValueSpecification","valueRequired":true,"valueName":"search_term_string"}}],"inLanguage":"fr-FR"},{"@type":"Organization","@id":"https:\/\/cita.doctorsky.es\/es\/#organization","name":"DocteurSky","url":"https:\/\/cita.doctorsky.es\/es\/","logo":{"@type":"ImageObject","inLanguage":"fr-FR","@id":"https:\/\/cita.doctorsky.es\/es\/#\/schema\/logo\/image\/","url":"https:\/\/cita.doctorsky.es\/wp-content\/uploads\/2022\/05\/logo-original.png","contentUrl":"https:\/\/cita.doctorsky.es\/wp-content\/uploads\/2022\/05\/logo-original.png","width":1462,"height":357,"caption":"DoctorSky"},"image":{"@id":"https:\/\/cita.doctorsky.es\/es\/#\/schema\/logo\/image\/"}}]}},"_links":{"self":[{"href":"https:\/\/cita.doctorsky.es\/fr\/wp-json\/wp\/v2\/pages\/187","targetHints":{"allow":["GET"]}}],"collection":[{"href":"https:\/\/cita.doctorsky.es\/fr\/wp-json\/wp\/v2\/pages"}],"about":[{"href":"https:\/\/cita.doctorsky.es\/fr\/wp-json\/wp\/v2\/types\/page"}],"author":[{"embeddable":true,"href":"https:\/\/cita.doctorsky.es\/fr\/wp-json\/wp\/v2\/users\/1"}],"replies":[{"embeddable":true,"href":"https:\/\/cita.doctorsky.es\/fr\/wp-json\/wp\/v2\/comments?post=187"}],"version-history":[{"count":0,"href":"https:\/\/cita.doctorsky.es\/fr\/wp-json\/wp\/v2\/pages\/187\/revisions"}],"wp:attachment":[{"href":"https:\/\/cita.doctorsky.es\/fr\/wp-json\/wp\/v2\/media?parent=187"}],"curies":[{"name":"wp","href":"https:\/\/api.w.org\/{rel}","templated":true}]}}