
{"id":189,"date":"2022-03-29T11:43:16","date_gmt":"2022-03-29T09:43:16","guid":{"rendered":"https:\/\/cita.doctorsky.es\/?page_id=189"},"modified":"2022-03-29T11:46:47","modified_gmt":"2022-03-29T09:46:47","slug":"politica-cookies","status":"publish","type":"page","link":"https:\/\/cita.doctorsky.es\/fr\/politica-cookies\/","title":{"rendered":"Politique en mati\u00e8re de cookies"},"content":{"rendered":"<div data-elementor-type=\"wp-page\" data-elementor-id=\"189\" class=\"elementor elementor-189\">\n\t\t\t\t\t\t<section class=\"elementor-section elementor-top-section elementor-element elementor-element-b8b0537 elementor-section-boxed elementor-section-height-default elementor-section-height-default\" data-id=\"b8b0537\" data-element_type=\"section\">\n\t\t\t\t\t\t<div class=\"elementor-container elementor-column-gap-default\">\n\t\t\t\t\t<div class=\"elementor-column elementor-col-100 elementor-top-column elementor-element elementor-element-41ca8cf\" data-id=\"41ca8cf\" data-element_type=\"column\">\n\t\t\t<div class=\"elementor-widget-wrap elementor-element-populated\">\n\t\t\t\t\t\t<div class=\"elementor-element elementor-element-2092529 elementor-widget elementor-widget-shortcode\" data-id=\"2092529\" data-element_type=\"widget\" data-widget_type=\"shortcode.default\">\n\t\t\t\t<div class=\"elementor-widget-container\">\n\t\t\t\t\t\t\t<div class=\"elementor-shortcode\"><h3>Ce site utilise des cookies<\/h3>\n<p>Conform\u00e9ment \u00e0 la loi 34\/2002 du 11 juillet 2002 sur les services de la soci\u00e9t\u00e9 de l'information et le commerce \u00e9lectronique (LSSICE), nous vous informons que ce site Web <strong>DocteurSky<\/strong> utilise des cookies.<\/p>\n<p>La LSSICE s'applique \u00e0 tout type de fichier ou de dispositif qui est t\u00e9l\u00e9charg\u00e9 sur l'\u00e9quipement terminal d'un utilisateur dans le but de stocker des donn\u00e9es qui peuvent \u00eatre mises \u00e0 jour et r\u00e9cup\u00e9r\u00e9es par l'entit\u00e9 responsable de leur installation. Le cookie est l'un de ces fichiers tr\u00e8s r\u00e9pandus, que nous appellerons de mani\u00e8re g\u00e9n\u00e9rique \"t\u00e9moins de connexion\".<\/p>\n<p>Les cookies sont de petits fichiers texte envoy\u00e9s \u00e0 un navigateur par un serveur web pour enregistrer l'activit\u00e9 de l'utilisateur sur un site web afin que ces informations puissent \u00eatre r\u00e9cup\u00e9r\u00e9es ult\u00e9rieurement lors de la navigation sur les diff\u00e9rentes pages connect\u00e9es au serveur qui les a install\u00e9s.<\/p>\n<p>Le <em>biscuits<\/em> stockent souvent des informations techniques, des pr\u00e9f\u00e9rences personnelles, la personnalisation du contenu, des statistiques d'utilisation, des liens vers des r\u00e9seaux sociaux, l'acc\u00e8s \u00e0 des comptes d'utilisateurs, etc.<\/p>\n<h3>Types de cookies<\/h3>\n<p>Ci-dessous, les cookies sont class\u00e9s selon une s\u00e9rie de cat\u00e9gories. Toutefois, il faut garder \u00e0 l'esprit qu'un m\u00eame cookie peut \u00eatre inclus dans plus d'une cat\u00e9gorie.<\/p><h2>Selon l'entit\u00e9 qui les g\u00e8re<\/h2>\n<p><\/p><ul>\n\t\t<li><b>Les propres biscuits :<\/b> Ce sont celles qui sont envoy\u00e9es \u00e0 l'\u00e9quipement terminal de l'utilisateur \u00e0 partir d'un ordinateur ou d'un domaine g\u00e9r\u00e9 par l'\u00e9diteur lui-m\u00eame et \u00e0 partir duquel le service demand\u00e9 par l'utilisateur est fourni.<\/li>\n\t\t<li><b>Cookies de tiers :<\/b> Les cookies sont ceux qui sont envoy\u00e9s \u00e0 l'\u00e9quipement terminal de l'utilisateur \u00e0 partir d'un ordinateur ou d'un domaine qui n'est pas g\u00e9r\u00e9 par l'\u00e9diteur, mais par une autre entit\u00e9 qui traite les donn\u00e9es obtenues par le biais des cookies.<\/li>\n\t<\/ul><p>Dans le cas o\u00f9 les cookies sont install\u00e9s \u00e0 partir d'un ordinateur ou d'un domaine g\u00e9r\u00e9 par l'\u00e9diteur lui-m\u00eame, mais que les informations collect\u00e9es par ce biais sont g\u00e9r\u00e9es par un tiers, ils ne sont pas consid\u00e9r\u00e9s comme des cookies propres.<\/p><h2>Selon la dur\u00e9e de leur activit\u00e9<\/h2>\n<p>En fonction de la dur\u00e9e pendant laquelle ils restent activ\u00e9s dans l'\u00e9quipement terminal, on peut faire une distinction :<\/p><ul>\n\t\t<li><b>Cookies de session :<\/b> Il s'agit d'un type de cookie con\u00e7u pour collecter et stocker des donn\u00e9es pendant que l'utilisateur acc\u00e8de \u00e0 un site web. Ils sont g\u00e9n\u00e9ralement utilis\u00e9s pour stocker des informations qui n'ont d'int\u00e9r\u00eat que pour la fourniture du service demand\u00e9 par l'utilisateur \u00e0 une seule occasion (par exemple, une liste de produits achet\u00e9s).<\/li>\n\t\t<li><b>Cookies persistants :<\/b> Il s'agit d'un type de cookie dans lequel les donn\u00e9es restent stock\u00e9es dans le terminal et peuvent \u00eatre consult\u00e9es et trait\u00e9es pendant une p\u00e9riode d\u00e9finie par le responsable du cookie, qui peut aller de quelques minutes \u00e0 plusieurs ann\u00e9es.<\/li>\n\t<\/ul><h2>En fonction de leur objectif<\/h2>\n<p>En fonction de la finalit\u00e9 du traitement des donn\u00e9es obtenues par le biais des cookies, on peut faire la distinction entre<\/p><ul>\n\t\t<li><b>Cookies techniques :<\/b> Ce sont ceux qui permettent \u00e0 l'utilisateur de naviguer sur un site web, une plateforme ou une application et d'utiliser les diff\u00e9rentes options ou services qui s'y trouvent, par exemple, contr\u00f4ler le trafic et la communication de donn\u00e9es, identifier la session, acc\u00e9der \u00e0 des parties \u00e0 acc\u00e8s restreint, m\u00e9moriser les \u00e9l\u00e9ments qui composent une commande, effectuer le processus d'achat d'une commande, effectuer la demande d'inscription ou de participation \u00e0 un \u00e9v\u00e9nement, utiliser des fonctions de s\u00e9curit\u00e9 pendant la navigation, stocker des contenus pour la diffusion de vid\u00e9os ou de sons ou partager des contenus par le biais des r\u00e9seaux sociaux.<\/li>\n\t\t<li><b>Cookies de personnalisation :<\/b> Ceux-ci permettent \u00e0 l'utilisateur d'acc\u00e9der au service avec certaines caract\u00e9ristiques g\u00e9n\u00e9rales pr\u00e9d\u00e9finies en fonction d'une s\u00e9rie de crit\u00e8res dans le terminal de l'utilisateur, tels que la langue, le type de navigateur utilis\u00e9 pour acc\u00e9der au service, la configuration r\u00e9gionale \u00e0 partir de laquelle on acc\u00e8de au service, etc.<\/li>\n\t\t<li><b>Cookies d'analyse :<\/b> Ces cookies permettent au responsable de suivre et d'analyser le comportement des utilisateurs des sites web auxquels ils sont li\u00e9s. Les informations collect\u00e9es par ce type de cookies sont utilis\u00e9es pour mesurer l'activit\u00e9 des sites web, applications ou plateformes et pour l'\u00e9laboration de profils de navigation des utilisateurs de ces sites, applications et plateformes, afin d'introduire des am\u00e9liorations bas\u00e9es sur l'analyse des donn\u00e9es d'utilisation des utilisateurs du service.<\/li>\n\t\t<li><b>Cookies publicitaires :<\/b> Il s'agit de ceux qui permettent de g\u00e9rer, de la mani\u00e8re la plus efficace possible, les espaces publicitaires que, le cas \u00e9ch\u00e9ant, l'\u00e9diteur a inclus sur un site web, une application ou une plateforme \u00e0 partir desquels le service demand\u00e9 est fourni, sur la base de crit\u00e8res tels que le contenu \u00e9dit\u00e9 ou la fr\u00e9quence \u00e0 laquelle les publicit\u00e9s sont affich\u00e9es.<\/li>\n\t\t<li><b>Cookies de publicit\u00e9 comportementale :<\/b> Ces cookies permettent de g\u00e9rer, de la mani\u00e8re la plus efficace possible, les espaces publicitaires que, le cas \u00e9ch\u00e9ant, l'\u00e9diteur a inclus sur un site web, une application ou une plateforme \u00e0 partir de laquelle le service demand\u00e9 est fourni. Ces cookies stockent des informations sur le comportement des utilisateurs obtenues gr\u00e2ce \u00e0 l'observation continue de leurs habitudes de navigation, ce qui permet de d\u00e9velopper un profil sp\u00e9cifique afin d'afficher des publicit\u00e9s bas\u00e9es sur ce dernier.<\/li>\n\t<\/ul>\n<h3>Comment d\u00e9sactiver les cookies dans les principaux navigateurs web ?<\/h3>\n<p>Pour configurer l'utilisation des cookies, veuillez suivre les instructions de votre navigateur ou consulter l'aide de votre navigateur :<\/p>\n<ul>\n<li><a href=\"https:\/\/support.apple.com\/es-es\/HT201265\">Safari<\/a><\/li>\n<li><a href=\"https:\/\/support.mozilla.org\/es\/kb\/habilitar-y-deshabilitar-cookies-sitios-web-rastrear-preferencias?redirectlocale=es&redirectslug=habilitar-y-deshabilitar-cookies-que-los-sitios-we\">Firefox<\/a><\/li>\n<li><a href=\"https:\/\/support.google.com\/chrome\/answer\/95647?hl=es-es\">Chrome<\/a><\/li>\n<li><a href=\"https:\/\/www.opera.com\/help\/tutorials\/security\/privacy\/\">Op\u00e9ra<\/a><\/li>\n<li><a href=\"https:\/\/support.microsoft.com\/es-es\/help\/17442\/windows-internet-explorer-delete-manage-cookies\">Internet Explorer<\/a><\/li>\n<li><a href=\"https:\/\/privacy.microsoft.com\/es-es\/windows-10-microsoft-edge-and-privacy\">Bord<\/a><\/li>\n<\/ul>\n<h3>Que se passe-t-il si vous n'acceptez pas les cookies ?<\/h3>\n<p>Le refus des cookies peut emp\u00eacher l'acc\u00e8s \u00e0 des contenus et services personnalis\u00e9s.<\/p>\n<h3>Mises \u00e0 jour et modifications de la politique en mati\u00e8re de cookies<\/h3>\n<p>DoctorSky peut modifier cette politique de cookies en fonction des exigences l\u00e9gislatives, des r\u00e9glementations, afin d'adapter cette politique aux instructions \u00e9mises par l'Agence espagnole de protection des donn\u00e9es, pour des questions techniques ou la r\u00e9organisation du site Web ; par cons\u00e9quent, nous vous conseillons de le visiter p\u00e9riodiquement.\n<h3>Contact<\/h3>\n<p>Si vous avez des questions sur la mani\u00e8re dont nous utilisons les cookies, veuillez nous envoyer un courriel : <a href=\"mailto:i&#110;f%6f%40&#100;&#111;&#99;%74o&#114;s%6b&#121;&#46;es\">info@doctorsky.es<\/a>.\n <\/div>\n\t\t\t\t\t\t<\/div>\n\t\t\t\t<\/div>\n\t\t\t\t\t<\/div>\n\t\t<\/div>\n\t\t\t\t\t<\/div>\n\t\t<\/section>\n\t\t\t\t<\/div>","protected":false},"excerpt":{"rendered":"","protected":false},"author":1,"featured_media":0,"parent":0,"menu_order":0,"comment_status":"closed","ping_status":"closed","template":"","meta":{"pmpro_default_level":"","footnotes":""},"class_list":["post-189","page","type-page","status-publish","hentry","pmpro-has-access"],"yoast_head":"<!-- This site is optimized with the Yoast SEO plugin v25.7 - https:\/\/yoast.com\/wordpress\/plugins\/seo\/ -->\n<title>Pol\u00edtica de cookies - DoctorSky - Gesti&oacute;n de Citas<\/title>\n<meta name=\"robots\" content=\"index, follow, max-snippet:-1, max-image-preview:large, max-video-preview:-1\" \/>\n<link rel=\"canonical\" href=\"https:\/\/cita.doctorsky.es\/fr\/politica-cookies\/\" \/>\n<meta property=\"og:locale\" content=\"fr_FR\" \/>\n<meta property=\"og:type\" content=\"article\" \/>\n<meta property=\"og:title\" content=\"Pol\u00edtica de cookies - DoctorSky - Gesti&oacute;n de Citas\" \/>\n<meta property=\"og:url\" content=\"https:\/\/cita.doctorsky.es\/fr\/politica-cookies\/\" \/>\n<meta property=\"og:site_name\" content=\"DoctorSky - Gesti&oacute;n de Citas\" \/>\n<meta property=\"article:modified_time\" content=\"2022-03-29T09:46:47+00:00\" \/>\n<meta name=\"twitter:card\" content=\"summary_large_image\" \/>\n<script type=\"application\/ld+json\" class=\"yoast-schema-graph\">{\"@context\":\"https:\/\/schema.org\",\"@graph\":[{\"@type\":\"WebPage\",\"@id\":\"https:\/\/cita.doctorsky.es\/ar\/politica-cookies\/\",\"url\":\"https:\/\/cita.doctorsky.es\/ar\/politica-cookies\/\",\"name\":\"Pol\u00edtica de cookies - DoctorSky - Gesti&oacute;n de Citas\",\"isPartOf\":{\"@id\":\"https:\/\/cita.doctorsky.es\/es\/#website\"},\"datePublished\":\"2022-03-29T09:43:16+00:00\",\"dateModified\":\"2022-03-29T09:46:47+00:00\",\"breadcrumb\":{\"@id\":\"https:\/\/cita.doctorsky.es\/ar\/politica-cookies\/#breadcrumb\"},\"inLanguage\":\"fr-FR\",\"potentialAction\":[{\"@type\":\"ReadAction\",\"target\":[\"https:\/\/cita.doctorsky.es\/ar\/politica-cookies\/\"]}]},{\"@type\":\"BreadcrumbList\",\"@id\":\"https:\/\/cita.doctorsky.es\/ar\/politica-cookies\/#breadcrumb\",\"itemListElement\":[{\"@type\":\"ListItem\",\"position\":1,\"name\":\"Portada\",\"item\":\"https:\/\/cita.doctorsky.es\/es\/\"},{\"@type\":\"ListItem\",\"position\":2,\"name\":\"Pol\u00edtica de cookies\"}]},{\"@type\":\"WebSite\",\"@id\":\"https:\/\/cita.doctorsky.es\/es\/#website\",\"url\":\"https:\/\/cita.doctorsky.es\/es\/\",\"name\":\"DoctorSky - Gesti&oacute;n de Citas\",\"description\":\"Telemedicina al cuidado de tu salud\",\"publisher\":{\"@id\":\"https:\/\/cita.doctorsky.es\/es\/#organization\"},\"potentialAction\":[{\"@type\":\"SearchAction\",\"target\":{\"@type\":\"EntryPoint\",\"urlTemplate\":\"https:\/\/cita.doctorsky.es\/es\/?s={search_term_string}\"},\"query-input\":{\"@type\":\"PropertyValueSpecification\",\"valueRequired\":true,\"valueName\":\"search_term_string\"}}],\"inLanguage\":\"fr-FR\"},{\"@type\":\"Organization\",\"@id\":\"https:\/\/cita.doctorsky.es\/es\/#organization\",\"name\":\"DoctorSky\",\"url\":\"https:\/\/cita.doctorsky.es\/es\/\",\"logo\":{\"@type\":\"ImageObject\",\"inLanguage\":\"fr-FR\",\"@id\":\"https:\/\/cita.doctorsky.es\/es\/#\/schema\/logo\/image\/\",\"url\":\"https:\/\/cita.doctorsky.es\/wp-content\/uploads\/2022\/05\/logo-original.png\",\"contentUrl\":\"https:\/\/cita.doctorsky.es\/wp-content\/uploads\/2022\/05\/logo-original.png\",\"width\":1462,\"height\":357,\"caption\":\"DoctorSky\"},\"image\":{\"@id\":\"https:\/\/cita.doctorsky.es\/es\/#\/schema\/logo\/image\/\"}}]}<\/script>\n<!-- \/ Yoast SEO plugin. -->","yoast_head_json":{"title":"Pol\u00edtica de cookies - DoctorSky - Gesti&oacute;n de Citas","robots":{"index":"index","follow":"follow","max-snippet":"max-snippet:-1","max-image-preview":"max-image-preview:large","max-video-preview":"max-video-preview:-1"},"canonical":"https:\/\/cita.doctorsky.es\/fr\/politica-cookies\/","og_locale":"fr_FR","og_type":"article","og_title":"Pol\u00edtica de cookies - DoctorSky - Gesti&oacute;n de Citas","og_url":"https:\/\/cita.doctorsky.es\/fr\/politica-cookies\/","og_site_name":"DoctorSky - Gesti&oacute;n de Citas","article_modified_time":"2022-03-29T09:46:47+00:00","twitter_card":"summary_large_image","schema":{"@context":"https:\/\/schema.org","@graph":[{"@type":"WebPage","@id":"https:\/\/cita.doctorsky.es\/ar\/politica-cookies\/","url":"https:\/\/cita.doctorsky.es\/ar\/politica-cookies\/","name":"Pol\u00edtica de cookies - DoctorSky - Gesti&oacute;n de Citas","isPartOf":{"@id":"https:\/\/cita.doctorsky.es\/es\/#website"},"datePublished":"2022-03-29T09:43:16+00:00","dateModified":"2022-03-29T09:46:47+00:00","breadcrumb":{"@id":"https:\/\/cita.doctorsky.es\/ar\/politica-cookies\/#breadcrumb"},"inLanguage":"fr-FR","potentialAction":[{"@type":"ReadAction","target":["https:\/\/cita.doctorsky.es\/ar\/politica-cookies\/"]}]},{"@type":"BreadcrumbList","@id":"https:\/\/cita.doctorsky.es\/ar\/politica-cookies\/#breadcrumb","itemListElement":[{"@type":"ListItem","position":1,"name":"Portada","item":"https:\/\/cita.doctorsky.es\/es\/"},{"@type":"ListItem","position":2,"name":"Pol\u00edtica de cookies"}]},{"@type":"WebSite","@id":"https:\/\/cita.doctorsky.es\/es\/#website","url":"https:\/\/cita.doctorsky.es\/es\/","name":"DoctorSky - Gestion des rendez-vous","description":"La t\u00e9l\u00e9m\u00e9decine au service de la sant\u00e9","publisher":{"@id":"https:\/\/cita.doctorsky.es\/es\/#organization"},"potentialAction":[{"@type":"SearchAction","target":{"@type":"EntryPoint","urlTemplate":"https:\/\/cita.doctorsky.es\/es\/?s={search_term_string}"},"query-input":{"@type":"PropertyValueSpecification","valueRequired":true,"valueName":"search_term_string"}}],"inLanguage":"fr-FR"},{"@type":"Organization","@id":"https:\/\/cita.doctorsky.es\/es\/#organization","name":"DocteurSky","url":"https:\/\/cita.doctorsky.es\/es\/","logo":{"@type":"ImageObject","inLanguage":"fr-FR","@id":"https:\/\/cita.doctorsky.es\/es\/#\/schema\/logo\/image\/","url":"https:\/\/cita.doctorsky.es\/wp-content\/uploads\/2022\/05\/logo-original.png","contentUrl":"https:\/\/cita.doctorsky.es\/wp-content\/uploads\/2022\/05\/logo-original.png","width":1462,"height":357,"caption":"DoctorSky"},"image":{"@id":"https:\/\/cita.doctorsky.es\/es\/#\/schema\/logo\/image\/"}}]}},"_links":{"self":[{"href":"https:\/\/cita.doctorsky.es\/fr\/wp-json\/wp\/v2\/pages\/189","targetHints":{"allow":["GET"]}}],"collection":[{"href":"https:\/\/cita.doctorsky.es\/fr\/wp-json\/wp\/v2\/pages"}],"about":[{"href":"https:\/\/cita.doctorsky.es\/fr\/wp-json\/wp\/v2\/types\/page"}],"author":[{"embeddable":true,"href":"https:\/\/cita.doctorsky.es\/fr\/wp-json\/wp\/v2\/users\/1"}],"replies":[{"embeddable":true,"href":"https:\/\/cita.doctorsky.es\/fr\/wp-json\/wp\/v2\/comments?post=189"}],"version-history":[{"count":0,"href":"https:\/\/cita.doctorsky.es\/fr\/wp-json\/wp\/v2\/pages\/189\/revisions"}],"wp:attachment":[{"href":"https:\/\/cita.doctorsky.es\/fr\/wp-json\/wp\/v2\/media?parent=189"}],"curies":[{"name":"wp","href":"https:\/\/api.w.org\/{rel}","templated":true}]}}