
{"id":158,"date":"2022-03-29T10:57:18","date_gmt":"2022-03-29T08:57:18","guid":{"rendered":"https:\/\/cita.doctorsky.es\/?page_id=158"},"modified":"2022-05-17T12:22:15","modified_gmt":"2022-05-17T10:22:15","slug":"terminos-condiciones","status":"publish","type":"page","link":"https:\/\/cita.doctorsky.es\/it\/terminos-condiciones\/","title":{"rendered":"Termini e condizioni"},"content":{"rendered":"<h3 class=\"wp-block-heading\">Dati di identificazione<\/h3>\n\n\n\n<p>I dati identificativi del professionista o dell'azienda che possiede il sito web o il negozio online devono essere inclusi in modo che gli utenti siano consapevoli della persona con cui stanno contrattando e del responsabile del sito web.<\/p>\n\n\n\n<h3 class=\"wp-block-heading\">Diritti di propriet\u00e0 intellettuale e industriale<\/h3>\n\n\n\n<p>\u00c8 necessario indicare il proprietario degli elementi che compongono il sito web, nonch\u00e9 il tipo di licenza d'uso concessa agli utenti per tali elementi. Ad esempio, se il sito web ha un blog, \u00e8 importante stabilire la licenza concessa agli utenti per gli articoli pubblicati sul sito, o per gli altri elementi che lo compongono, come foto, video, loghi, ecc.<\/p>\n\n\n\n<h3 class=\"wp-block-heading\">I passi da seguire per prenotare un appuntamento in tempo utile<\/h3>\n\n\n\n<p>Gli utenti che desiderano prenotare un appuntamento in modo tempestivo devono completare il processo di prenotazione all'indirizzo https:\/\/cita.doctorsky.es\/.<\/p>\n\n\n\n<p>Durante il processo, l'utente (paziente) verr\u00e0 dimesso, con i dati necessari per compilare la sua cartella clinica.<\/p>\n\n\n\n<p>Una volta identificato, l'utente completer\u00e0 la prenotazione pagando la visita medica e ricever\u00e0 una notifica via e-mail con tutti i dettagli.<\/p>\n\n\n\n<h3 class=\"wp-block-heading\">Accesso alla video-consultazione<\/h3>\n\n\n\n<p>Una volta attivato l'appuntamento da parte del medico, nel giorno e nell'ora indicati, il paziente ricever\u00e0 una e-mail con il link alla sala di Videoconsulto, dove sar\u00e0 presente il medico scelto dal cliente.<\/p>\n\n\n\n<h3 class=\"wp-block-heading\">Prezzi<\/h3>\n\n\n\n<p>Ogni servizio, sia esso un video-consulto (telemedicina) o un altro servizio (telefonico, domiciliare, ecc.), avr\u00e0 un prezzo associato, che dovr\u00e0 essere pagato prima della prenotazione dell'appuntamento.<\/p>\n\n\n\n<h3 class=\"wp-block-heading\">Regole di comportamento<\/h3>\n\n\n\n<p>Nel caso in cui sia necessario registrarsi come utente per poter usufruire dei servizi offerti dal sito, \u00e8 necessario stabilire le condizioni specifiche di utilizzo, i diritti concessi agli utenti registrati, nonch\u00e9 le responsabilit\u00e0 che essi si assumeranno nel caso in cui il loro comportamento non sia conforme alle regole di comportamento stabilite, ad esempio, se la registrazione \u00e8 per un forum, specificare le responsabilit\u00e0 che l'utente si assumer\u00e0 per i commenti che far\u00e0.<\/p>\n\n\n\n<h3 class=\"wp-block-heading\">Responsabilit\u00e0<\/h3>\n\n\n\n<p>\u00c8 importante che il sito web stabilisca con precisione le responsabilit\u00e0 assunte, nonch\u00e9 le limitazioni di responsabilit\u00e0 per eventuali incidenti che possono verificarsi sul sito web.<\/p>\n\n\n\n<h3 class=\"wp-block-heading\">Garanzie<\/h3>\n\n\n\n<p>\u00c8 importante rendere gli utenti consapevoli delle garanzie che hanno per l'acquisto di un prodotto o di un servizio.<\/p>\n\n\n\n<p>Si noti che nel caso della vendita di prodotti, dovranno essere incluse clausole che regolino le questioni relative alla responsabilit\u00e0 del prodotto, ai rimborsi e alle restituzioni.<\/p>\n\n\n\n<h3 class=\"wp-block-heading\">Legge applicabile e sistema di risoluzione delle controversie<\/h3>\n\n\n\n<p>\u00c8 importante rendere l'utente consapevole delle regole che si applicheranno al rapporto contrattuale che si viene a creare, nonch\u00e9 stabilire il sistema di risoluzione extragiudiziale delle controversie o i tribunali competenti per risolvere le eventuali controversie che potrebbero sorgere.<\/p>\n\n\n\n<h3 class=\"wp-block-heading\">Altro<\/h3>\n\n\n\n<p>Se vengono fatte offerte e promozioni, devono essere incluse le condizioni specifiche che regolano l'offerta o la promozione. Se viene offerto un servizio di assistenza all'utente dopo l'acquisto del prodotto o del servizio, devono essere incluse anche le condizioni che regolano questo servizio post-vendita.<\/p>","protected":false},"excerpt":{"rendered":"<p>Datos de identificaci\u00f3n Se debe incluir los datos de identificaci\u00f3n del profesional o la empresa titular de la p\u00e1gina web o tienda online para que los usuarios tengan conocimiento de la persona con la que contratan y el responsable de la web. Derechos de propiedad intelectual e industrial Se debe se\u00f1alar qui\u00e9n es el titular<a class=\"more-link\" href=\"https:\/\/cita.doctorsky.es\/it\/terminos-condiciones\/\">Leggi tutto &#10230;<\/a><\/p>","protected":false},"author":1,"featured_media":0,"parent":0,"menu_order":0,"comment_status":"closed","ping_status":"closed","template":"","meta":{"pmpro_default_level":"","footnotes":""},"class_list":["post-158","page","type-page","status-publish","hentry","pmpro-has-access"],"yoast_head":"<!-- This site is optimized with the Yoast SEO plugin v25.7 - https:\/\/yoast.com\/wordpress\/plugins\/seo\/ -->\n<title>T\u00e9rminos y Condiciones - DoctorSky - Gesti&oacute;n de Citas<\/title>\n<meta name=\"robots\" content=\"index, follow, max-snippet:-1, max-image-preview:large, max-video-preview:-1\" \/>\n<link rel=\"canonical\" href=\"https:\/\/cita.doctorsky.es\/it\/terminos-condiciones\/\" \/>\n<meta property=\"og:locale\" content=\"it_IT\" \/>\n<meta property=\"og:type\" content=\"article\" \/>\n<meta property=\"og:title\" content=\"T\u00e9rminos y Condiciones - DoctorSky - Gesti&oacute;n de Citas\" \/>\n<meta property=\"og:description\" content=\"Datos de identificaci\u00f3n Se debe incluir los datos de identificaci\u00f3n del profesional o la empresa titular de la p\u00e1gina web o tienda online para que los usuarios tengan conocimiento de la persona con la que contratan y el responsable de la web. Derechos de propiedad intelectual e industrial Se debe se\u00f1alar qui\u00e9n es el titularLeggi tutto &#10230;\" \/>\n<meta property=\"og:url\" content=\"https:\/\/cita.doctorsky.es\/it\/terminos-condiciones\/\" \/>\n<meta property=\"og:site_name\" content=\"DoctorSky - Gesti&oacute;n de Citas\" \/>\n<meta property=\"article:modified_time\" content=\"2022-05-17T10:22:15+00:00\" \/>\n<meta name=\"twitter:card\" content=\"summary_large_image\" \/>\n<meta name=\"twitter:label1\" content=\"Tempo di lettura stimato\" \/>\n\t<meta name=\"twitter:data1\" content=\"3 minuti\" \/>\n<script type=\"application\/ld+json\" class=\"yoast-schema-graph\">{\"@context\":\"https:\/\/schema.org\",\"@graph\":[{\"@type\":\"WebPage\",\"@id\":\"https:\/\/cita.doctorsky.es\/ar\/terminos-condiciones\/\",\"url\":\"https:\/\/cita.doctorsky.es\/ar\/terminos-condiciones\/\",\"name\":\"T\u00e9rminos y Condiciones - DoctorSky - Gesti&oacute;n de Citas\",\"isPartOf\":{\"@id\":\"https:\/\/cita.doctorsky.es\/es\/#website\"},\"datePublished\":\"2022-03-29T08:57:18+00:00\",\"dateModified\":\"2022-05-17T10:22:15+00:00\",\"breadcrumb\":{\"@id\":\"https:\/\/cita.doctorsky.es\/ar\/terminos-condiciones\/#breadcrumb\"},\"inLanguage\":\"it-IT\",\"potentialAction\":[{\"@type\":\"ReadAction\",\"target\":[\"https:\/\/cita.doctorsky.es\/ar\/terminos-condiciones\/\"]}]},{\"@type\":\"BreadcrumbList\",\"@id\":\"https:\/\/cita.doctorsky.es\/ar\/terminos-condiciones\/#breadcrumb\",\"itemListElement\":[{\"@type\":\"ListItem\",\"position\":1,\"name\":\"Portada\",\"item\":\"https:\/\/cita.doctorsky.es\/es\/\"},{\"@type\":\"ListItem\",\"position\":2,\"name\":\"T\u00e9rminos y Condiciones\"}]},{\"@type\":\"WebSite\",\"@id\":\"https:\/\/cita.doctorsky.es\/es\/#website\",\"url\":\"https:\/\/cita.doctorsky.es\/es\/\",\"name\":\"DoctorSky - Gesti&oacute;n de Citas\",\"description\":\"Telemedicina al cuidado de tu salud\",\"publisher\":{\"@id\":\"https:\/\/cita.doctorsky.es\/es\/#organization\"},\"potentialAction\":[{\"@type\":\"SearchAction\",\"target\":{\"@type\":\"EntryPoint\",\"urlTemplate\":\"https:\/\/cita.doctorsky.es\/es\/?s={search_term_string}\"},\"query-input\":{\"@type\":\"PropertyValueSpecification\",\"valueRequired\":true,\"valueName\":\"search_term_string\"}}],\"inLanguage\":\"it-IT\"},{\"@type\":\"Organization\",\"@id\":\"https:\/\/cita.doctorsky.es\/es\/#organization\",\"name\":\"DoctorSky\",\"url\":\"https:\/\/cita.doctorsky.es\/es\/\",\"logo\":{\"@type\":\"ImageObject\",\"inLanguage\":\"it-IT\",\"@id\":\"https:\/\/cita.doctorsky.es\/es\/#\/schema\/logo\/image\/\",\"url\":\"https:\/\/cita.doctorsky.es\/wp-content\/uploads\/2022\/05\/logo-original.png\",\"contentUrl\":\"https:\/\/cita.doctorsky.es\/wp-content\/uploads\/2022\/05\/logo-original.png\",\"width\":1462,\"height\":357,\"caption\":\"DoctorSky\"},\"image\":{\"@id\":\"https:\/\/cita.doctorsky.es\/es\/#\/schema\/logo\/image\/\"}}]}<\/script>\n<!-- \/ Yoast SEO plugin. -->","yoast_head_json":{"title":"T\u00e9rminos y Condiciones - DoctorSky - Gesti&oacute;n de Citas","robots":{"index":"index","follow":"follow","max-snippet":"max-snippet:-1","max-image-preview":"max-image-preview:large","max-video-preview":"max-video-preview:-1"},"canonical":"https:\/\/cita.doctorsky.es\/it\/terminos-condiciones\/","og_locale":"it_IT","og_type":"article","og_title":"T\u00e9rminos y Condiciones - DoctorSky - Gesti&oacute;n de Citas","og_description":"Datos de identificaci\u00f3n Se debe incluir los datos de identificaci\u00f3n del profesional o la empresa titular de la p\u00e1gina web o tienda online para que los usuarios tengan conocimiento de la persona con la que contratan y el responsable de la web. Derechos de propiedad intelectual e industrial Se debe se\u00f1alar qui\u00e9n es el titularLeggi tutto &#10230;","og_url":"https:\/\/cita.doctorsky.es\/it\/terminos-condiciones\/","og_site_name":"DoctorSky - Gesti&oacute;n de Citas","article_modified_time":"2022-05-17T10:22:15+00:00","twitter_card":"summary_large_image","twitter_misc":{"Tempo di lettura stimato":"3 minuti"},"schema":{"@context":"https:\/\/schema.org","@graph":[{"@type":"WebPage","@id":"https:\/\/cita.doctorsky.es\/ar\/terminos-condiciones\/","url":"https:\/\/cita.doctorsky.es\/ar\/terminos-condiciones\/","name":"T\u00e9rminos y Condiciones - DoctorSky - Gesti&oacute;n de Citas","isPartOf":{"@id":"https:\/\/cita.doctorsky.es\/es\/#website"},"datePublished":"2022-03-29T08:57:18+00:00","dateModified":"2022-05-17T10:22:15+00:00","breadcrumb":{"@id":"https:\/\/cita.doctorsky.es\/ar\/terminos-condiciones\/#breadcrumb"},"inLanguage":"it-IT","potentialAction":[{"@type":"ReadAction","target":["https:\/\/cita.doctorsky.es\/ar\/terminos-condiciones\/"]}]},{"@type":"BreadcrumbList","@id":"https:\/\/cita.doctorsky.es\/ar\/terminos-condiciones\/#breadcrumb","itemListElement":[{"@type":"ListItem","position":1,"name":"Portada","item":"https:\/\/cita.doctorsky.es\/es\/"},{"@type":"ListItem","position":2,"name":"T\u00e9rminos y Condiciones"}]},{"@type":"WebSite","@id":"https:\/\/cita.doctorsky.es\/es\/#website","url":"https:\/\/cita.doctorsky.es\/es\/","name":"DoctorSky - Gestione appuntamenti","description":"La telemedicina per prendersi cura della propria salute","publisher":{"@id":"https:\/\/cita.doctorsky.es\/es\/#organization"},"potentialAction":[{"@type":"SearchAction","target":{"@type":"EntryPoint","urlTemplate":"https:\/\/cita.doctorsky.es\/es\/?s={search_term_string}"},"query-input":{"@type":"PropertyValueSpecification","valueRequired":true,"valueName":"search_term_string"}}],"inLanguage":"it-IT"},{"@type":"Organization","@id":"https:\/\/cita.doctorsky.es\/es\/#organization","name":"DoctorSky","url":"https:\/\/cita.doctorsky.es\/es\/","logo":{"@type":"ImageObject","inLanguage":"it-IT","@id":"https:\/\/cita.doctorsky.es\/es\/#\/schema\/logo\/image\/","url":"https:\/\/cita.doctorsky.es\/wp-content\/uploads\/2022\/05\/logo-original.png","contentUrl":"https:\/\/cita.doctorsky.es\/wp-content\/uploads\/2022\/05\/logo-original.png","width":1462,"height":357,"caption":"DoctorSky"},"image":{"@id":"https:\/\/cita.doctorsky.es\/es\/#\/schema\/logo\/image\/"}}]}},"_links":{"self":[{"href":"https:\/\/cita.doctorsky.es\/it\/wp-json\/wp\/v2\/pages\/158","targetHints":{"allow":["GET"]}}],"collection":[{"href":"https:\/\/cita.doctorsky.es\/it\/wp-json\/wp\/v2\/pages"}],"about":[{"href":"https:\/\/cita.doctorsky.es\/it\/wp-json\/wp\/v2\/types\/page"}],"author":[{"embeddable":true,"href":"https:\/\/cita.doctorsky.es\/it\/wp-json\/wp\/v2\/users\/1"}],"replies":[{"embeddable":true,"href":"https:\/\/cita.doctorsky.es\/it\/wp-json\/wp\/v2\/comments?post=158"}],"version-history":[{"count":0,"href":"https:\/\/cita.doctorsky.es\/it\/wp-json\/wp\/v2\/pages\/158\/revisions"}],"wp:attachment":[{"href":"https:\/\/cita.doctorsky.es\/it\/wp-json\/wp\/v2\/media?parent=158"}],"curies":[{"name":"wp","href":"https:\/\/api.w.org\/{rel}","templated":true}]}}