
{"id":161,"date":"2022-03-29T10:59:11","date_gmt":"2022-03-29T08:59:11","guid":{"rendered":"https:\/\/cita.doctorsky.es\/?page_id=161"},"modified":"2023-12-04T15:18:58","modified_gmt":"2023-12-04T14:18:58","slug":"politica-privacidad","status":"publish","type":"page","link":"https:\/\/cita.doctorsky.es\/it\/politica-privacidad\/","title":{"rendered":"Informativa sulla privacy"},"content":{"rendered":"<div data-elementor-type=\"wp-page\" data-elementor-id=\"161\" class=\"elementor elementor-161\">\n\t\t\t\t\t\t<section class=\"elementor-section elementor-top-section elementor-element elementor-element-7009bfe elementor-section-boxed elementor-section-height-default elementor-section-height-default\" data-id=\"7009bfe\" data-element_type=\"section\">\n\t\t\t\t\t\t<div class=\"elementor-container elementor-column-gap-default\">\n\t\t\t\t\t<div class=\"elementor-column elementor-col-100 elementor-top-column elementor-element elementor-element-1dededb\" data-id=\"1dededb\" data-element_type=\"column\">\n\t\t\t<div class=\"elementor-widget-wrap elementor-element-populated\">\n\t\t\t\t\t\t<div class=\"elementor-element elementor-element-3d276b1 elementor-widget elementor-widget-shortcode\" data-id=\"3d276b1\" data-element_type=\"widget\" data-widget_type=\"shortcode.default\">\n\t\t\t\t<div class=\"elementor-widget-container\">\n\t\t\t\t\t\t\t<div class=\"elementor-shortcode\"><h3>INTRODUZIONE<\/h3>\n<p>Noi di DoctorSky, sensibili alle esigenze degli utenti di Internet e consapevoli dell'importanza di una rigorosa riservatezza delle informazioni personali che ci vengono affidate, includiamo questa dichiarazione sulla privacy al fine di rendervi consapevoli della politica sul trattamento dei dati personali ottenuti dai suoi visitatori e utenti.<\/p><p>In qualit\u00e0 di utente, l'utente accetta le presenti condizioni per il solo fatto di leggere, visualizzare o navigare nel sito. Se non le accettate, dovete abbandonare il sito, senza fare alcun uso di esso e dei suoi contenuti e senza accedere alle pagine collegate.<\/p>\n<h3 id='responsable'>CONTROLLORE DEI DATI<\/h3>\n<p>Il titolare del sito e responsabile del trattamento dei dati \u00e8 Meditech Tool Solutions, CIF B88466529, per contattare il quale \u00e8 possibile utilizzare l'indirizzo e-mail <a href=\"mailto:i&#110;&#102;%6f&#64;d%6fct&#111;&#114;sky%2ee%73\">info@doctorsky.es<\/a>Chiamare 633952266 o inviare una lettera a Calle Virgilio 18, codice postale 28341, Valdemoro, Madrid.<\/p>\n<h3 id='finalidad'>FINALIT\u00c0 DEL TRATTAMENTO DEI DATI<\/h3>\n<p>Sulle nostre pagine web sono presenti sezioni specifiche in cui \u00e8 possibile inserire i propri dati per ricevere informazioni sugli aggiornamenti del sito e su alcuni dei programmi distribuiti. Vi assicuriamo che le informazioni da voi fornite saranno trattate con la massima riservatezza.<\/p><p>I dati saranno conservati per tutto il tempo in cui saranno utilizzati per lo scopo per cui sono stati raccolti.<\/p><p>Non vengono prese decisioni automatizzate con i vostri dati.<\/p><p>Il sito web pu\u00f2 utilizzare i cookie, vedi il nostro <a href=\"https:\/\/cita.doctorsky.es\/politica-cookies\/\">politica dei cookie<\/a>.<\/p>\n<h3 id='legitimacion'>LEGITTIMAZIONE DEL TRATTAMENTO DEI DATI<\/h3>\n<p>I vostri dati vengono utilizzati perch\u00e9 ci date il consenso a utilizzare i dati che fornite nei moduli per un uso specifico indicato in ciascun modulo. I vostri dati sono necessari solo per gli usi specifici per i quali sono richiesti; se non li fornite, questi servizi non sono possibili.<\/p>\n<h3 id='transferencia'>TRASFERIMENTI E CESSIONI DI DATI<\/h3>\n<p>\u00c8 nostro preciso impegno che i dati forniti a DoctorSky non vengano venduti o trasferiti a terzi senza il preventivo consenso dell'interessato, in nessun caso, a meno che non si tratti di un consenso esplicito o di un obbligo legale.<\/p><p>Il nostro sito web contiene collegamenti a siti web di terzi. DoctorSky non \u00e8 responsabile delle politiche sulla privacy e delle pratiche di questi altri siti.<\/p>\n<h3 id='derechos'>DIRITTI DELLE PARTI INTERESSATE<\/h3>\n<p>Avete il diritto di accedere alle informazioni che vi riguardano memorizzate nei nostri database, di rettificarle in caso di errori, di cancellarle, di limitarle, di opporvi al loro trattamento e di revocare il vostro consenso se lo desiderate. Per farlo, \u00e8 sufficiente inviare un'e-mail al seguente indirizzo <a href=\"mailto:%69&#110;f%6f%40&#100;&#111;ct%6fr&#115;%6b%79.&#101;&#115;\">info@doctorsky.es<\/a> dove saremo lieti di rispondere a qualsiasi domanda, commento o chiarimento.<\/p><p>Per ulteriori informazioni su argomenti correlati, il sito di riferimento sul web spagnolo \u00e8 il seguente <a href=\"https:\/\/www.agpd.es\/\">Agenzia per la protezione dei dati<\/a>dove si ha il diritto di presentare un reclamo.<\/p>\n <\/div>\n\t\t\t\t\t\t<\/div>\n\t\t\t\t<\/div>\n\t\t\t\t\t<\/div>\n\t\t<\/div>\n\t\t\t\t\t<\/div>\n\t\t<\/section>\n\t\t\t\t<section class=\"elementor-section elementor-top-section elementor-element elementor-element-8815208 elementor-section-boxed elementor-section-height-default elementor-section-height-default\" data-id=\"8815208\" data-element_type=\"section\">\n\t\t\t\t\t\t<div class=\"elementor-container elementor-column-gap-default\">\n\t\t\t\t\t<div class=\"elementor-column elementor-col-100 elementor-top-column elementor-element elementor-element-ed9ad14\" data-id=\"ed9ad14\" data-element_type=\"column\">\n\t\t\t<div class=\"elementor-widget-wrap elementor-element-populated\">\n\t\t\t\t\t\t<div class=\"elementor-element elementor-element-ae347ed elementor-widget elementor-widget-text-editor\" data-id=\"ae347ed\" data-element_type=\"widget\" data-widget_type=\"text-editor.default\">\n\t\t\t\t<div class=\"elementor-widget-container\">\n\t\t\t\t\t\t\t\t\t<p>L'utilizzo del sito web e dell'applicazione Doctor Sky e il trasferimento a qualsiasi altra applicazione delle informazioni ricevute dalle API di Google devono essere conformi a <a href=\"https:\/\/developers.google.com\/terms\/api-services-user-data-policy#additional_requirements_for_specific_api_scopes\" target=\"_blank\" rel=\"noopener\">l'Informativa sui dati degli utenti dei servizi API di Google<\/a> compresi i requisiti di utilizzo limitato.<\/p>\t\t\t\t\t\t\t\t<\/div>\n\t\t\t\t<\/div>\n\t\t\t\t\t<\/div>\n\t\t<\/div>\n\t\t\t\t\t<\/div>\n\t\t<\/section>\n\t\t\t\t<\/div>","protected":false},"excerpt":{"rendered":"<p>El uso de el sitio web y la aplicaci\u00f3n de Doctor Sky y la transferencia a cualquier otra aplicaci\u00f3n de informaci\u00f3n recibida de las API de Google se adherir\u00e1n a la Pol\u00edtica de datos de usuario de los servicios API de Google , incluidos los requisitos de uso limitado.<\/p>","protected":false},"author":1,"featured_media":0,"parent":0,"menu_order":0,"comment_status":"closed","ping_status":"closed","template":"","meta":{"pmpro_default_level":"","footnotes":""},"class_list":["post-161","page","type-page","status-publish","hentry","pmpro-has-access"],"yoast_head":"<!-- This site is optimized with the Yoast SEO plugin v25.7 - https:\/\/yoast.com\/wordpress\/plugins\/seo\/ -->\n<title>Pol\u00edtica de privacidad - DoctorSky - Gesti&oacute;n de Citas<\/title>\n<meta name=\"robots\" content=\"index, follow, max-snippet:-1, max-image-preview:large, max-video-preview:-1\" \/>\n<link rel=\"canonical\" href=\"https:\/\/cita.doctorsky.es\/it\/politica-privacidad\/\" \/>\n<meta property=\"og:locale\" content=\"it_IT\" \/>\n<meta property=\"og:type\" content=\"article\" \/>\n<meta property=\"og:title\" content=\"Pol\u00edtica de privacidad - DoctorSky - Gesti&oacute;n de Citas\" \/>\n<meta property=\"og:description\" content=\"El uso de el sitio web y la aplicaci\u00f3n de Doctor Sky y la transferencia a cualquier otra aplicaci\u00f3n de informaci\u00f3n recibida de las API de Google se adherir\u00e1n a la Pol\u00edtica de datos de usuario de los servicios API de Google , incluidos los requisitos de uso limitado.\" \/>\n<meta property=\"og:url\" content=\"https:\/\/cita.doctorsky.es\/it\/politica-privacidad\/\" \/>\n<meta property=\"og:site_name\" content=\"DoctorSky - Gesti&oacute;n de Citas\" \/>\n<meta property=\"article:modified_time\" content=\"2023-12-04T14:18:58+00:00\" \/>\n<meta name=\"twitter:card\" content=\"summary_large_image\" \/>\n<meta name=\"twitter:label1\" content=\"Tempo di lettura stimato\" \/>\n\t<meta name=\"twitter:data1\" content=\"3 minuti\" \/>\n<script type=\"application\/ld+json\" class=\"yoast-schema-graph\">{\"@context\":\"https:\/\/schema.org\",\"@graph\":[{\"@type\":\"WebPage\",\"@id\":\"https:\/\/cita.doctorsky.es\/it\/politica-privacidad\/\",\"url\":\"https:\/\/cita.doctorsky.es\/it\/politica-privacidad\/\",\"name\":\"Pol\u00edtica de privacidad - DoctorSky - Gesti&oacute;n de Citas\",\"isPartOf\":{\"@id\":\"https:\/\/cita.doctorsky.es\/es\/#website\"},\"datePublished\":\"2022-03-29T08:59:11+00:00\",\"dateModified\":\"2023-12-04T14:18:58+00:00\",\"breadcrumb\":{\"@id\":\"https:\/\/cita.doctorsky.es\/it\/politica-privacidad\/#breadcrumb\"},\"inLanguage\":\"it-IT\",\"potentialAction\":[{\"@type\":\"ReadAction\",\"target\":[\"https:\/\/cita.doctorsky.es\/it\/politica-privacidad\/\"]}]},{\"@type\":\"BreadcrumbList\",\"@id\":\"https:\/\/cita.doctorsky.es\/it\/politica-privacidad\/#breadcrumb\",\"itemListElement\":[{\"@type\":\"ListItem\",\"position\":1,\"name\":\"Portada\",\"item\":\"https:\/\/cita.doctorsky.es\/es\/\"},{\"@type\":\"ListItem\",\"position\":2,\"name\":\"Pol\u00edtica de privacidad\"}]},{\"@type\":\"WebSite\",\"@id\":\"https:\/\/cita.doctorsky.es\/es\/#website\",\"url\":\"https:\/\/cita.doctorsky.es\/es\/\",\"name\":\"DoctorSky - Gesti&oacute;n de Citas\",\"description\":\"Telemedicina al cuidado de tu salud\",\"publisher\":{\"@id\":\"https:\/\/cita.doctorsky.es\/es\/#organization\"},\"potentialAction\":[{\"@type\":\"SearchAction\",\"target\":{\"@type\":\"EntryPoint\",\"urlTemplate\":\"https:\/\/cita.doctorsky.es\/es\/?s={search_term_string}\"},\"query-input\":{\"@type\":\"PropertyValueSpecification\",\"valueRequired\":true,\"valueName\":\"search_term_string\"}}],\"inLanguage\":\"it-IT\"},{\"@type\":\"Organization\",\"@id\":\"https:\/\/cita.doctorsky.es\/es\/#organization\",\"name\":\"DoctorSky\",\"url\":\"https:\/\/cita.doctorsky.es\/es\/\",\"logo\":{\"@type\":\"ImageObject\",\"inLanguage\":\"it-IT\",\"@id\":\"https:\/\/cita.doctorsky.es\/es\/#\/schema\/logo\/image\/\",\"url\":\"https:\/\/cita.doctorsky.es\/wp-content\/uploads\/2022\/05\/logo-original.png\",\"contentUrl\":\"https:\/\/cita.doctorsky.es\/wp-content\/uploads\/2022\/05\/logo-original.png\",\"width\":1462,\"height\":357,\"caption\":\"DoctorSky\"},\"image\":{\"@id\":\"https:\/\/cita.doctorsky.es\/es\/#\/schema\/logo\/image\/\"}}]}<\/script>\n<!-- \/ Yoast SEO plugin. -->","yoast_head_json":{"title":"Pol\u00edtica de privacidad - DoctorSky - Gesti&oacute;n de Citas","robots":{"index":"index","follow":"follow","max-snippet":"max-snippet:-1","max-image-preview":"max-image-preview:large","max-video-preview":"max-video-preview:-1"},"canonical":"https:\/\/cita.doctorsky.es\/it\/politica-privacidad\/","og_locale":"it_IT","og_type":"article","og_title":"Pol\u00edtica de privacidad - DoctorSky - Gesti&oacute;n de Citas","og_description":"El uso de el sitio web y la aplicaci\u00f3n de Doctor Sky y la transferencia a cualquier otra aplicaci\u00f3n de informaci\u00f3n recibida de las API de Google se adherir\u00e1n a la Pol\u00edtica de datos de usuario de los servicios API de Google , incluidos los requisitos de uso limitado.","og_url":"https:\/\/cita.doctorsky.es\/it\/politica-privacidad\/","og_site_name":"DoctorSky - Gesti&oacute;n de Citas","article_modified_time":"2023-12-04T14:18:58+00:00","twitter_card":"summary_large_image","twitter_misc":{"Tempo di lettura stimato":"3 minuti"},"schema":{"@context":"https:\/\/schema.org","@graph":[{"@type":"WebPage","@id":"https:\/\/cita.doctorsky.es\/it\/politica-privacidad\/","url":"https:\/\/cita.doctorsky.es\/it\/politica-privacidad\/","name":"Pol\u00edtica de privacidad - DoctorSky - Gesti&oacute;n de Citas","isPartOf":{"@id":"https:\/\/cita.doctorsky.es\/es\/#website"},"datePublished":"2022-03-29T08:59:11+00:00","dateModified":"2023-12-04T14:18:58+00:00","breadcrumb":{"@id":"https:\/\/cita.doctorsky.es\/it\/politica-privacidad\/#breadcrumb"},"inLanguage":"it-IT","potentialAction":[{"@type":"ReadAction","target":["https:\/\/cita.doctorsky.es\/it\/politica-privacidad\/"]}]},{"@type":"BreadcrumbList","@id":"https:\/\/cita.doctorsky.es\/it\/politica-privacidad\/#breadcrumb","itemListElement":[{"@type":"ListItem","position":1,"name":"Portada","item":"https:\/\/cita.doctorsky.es\/es\/"},{"@type":"ListItem","position":2,"name":"Pol\u00edtica de privacidad"}]},{"@type":"WebSite","@id":"https:\/\/cita.doctorsky.es\/es\/#website","url":"https:\/\/cita.doctorsky.es\/es\/","name":"DoctorSky - Gestione appuntamenti","description":"La telemedicina per prendersi cura della propria salute","publisher":{"@id":"https:\/\/cita.doctorsky.es\/es\/#organization"},"potentialAction":[{"@type":"SearchAction","target":{"@type":"EntryPoint","urlTemplate":"https:\/\/cita.doctorsky.es\/es\/?s={search_term_string}"},"query-input":{"@type":"PropertyValueSpecification","valueRequired":true,"valueName":"search_term_string"}}],"inLanguage":"it-IT"},{"@type":"Organization","@id":"https:\/\/cita.doctorsky.es\/es\/#organization","name":"DoctorSky","url":"https:\/\/cita.doctorsky.es\/es\/","logo":{"@type":"ImageObject","inLanguage":"it-IT","@id":"https:\/\/cita.doctorsky.es\/es\/#\/schema\/logo\/image\/","url":"https:\/\/cita.doctorsky.es\/wp-content\/uploads\/2022\/05\/logo-original.png","contentUrl":"https:\/\/cita.doctorsky.es\/wp-content\/uploads\/2022\/05\/logo-original.png","width":1462,"height":357,"caption":"DoctorSky"},"image":{"@id":"https:\/\/cita.doctorsky.es\/es\/#\/schema\/logo\/image\/"}}]}},"_links":{"self":[{"href":"https:\/\/cita.doctorsky.es\/it\/wp-json\/wp\/v2\/pages\/161","targetHints":{"allow":["GET"]}}],"collection":[{"href":"https:\/\/cita.doctorsky.es\/it\/wp-json\/wp\/v2\/pages"}],"about":[{"href":"https:\/\/cita.doctorsky.es\/it\/wp-json\/wp\/v2\/types\/page"}],"author":[{"embeddable":true,"href":"https:\/\/cita.doctorsky.es\/it\/wp-json\/wp\/v2\/users\/1"}],"replies":[{"embeddable":true,"href":"https:\/\/cita.doctorsky.es\/it\/wp-json\/wp\/v2\/comments?post=161"}],"version-history":[{"count":0,"href":"https:\/\/cita.doctorsky.es\/it\/wp-json\/wp\/v2\/pages\/161\/revisions"}],"wp:attachment":[{"href":"https:\/\/cita.doctorsky.es\/it\/wp-json\/wp\/v2\/media?parent=161"}],"curies":[{"name":"wp","href":"https:\/\/api.w.org\/{rel}","templated":true}]}}