
{"id":187,"date":"2022-03-29T11:42:54","date_gmt":"2022-03-29T09:42:54","guid":{"rendered":"https:\/\/cita.doctorsky.es\/?page_id=187"},"modified":"2022-03-29T11:47:46","modified_gmt":"2022-03-29T09:47:46","slug":"aviso-legal","status":"publish","type":"page","link":"https:\/\/cita.doctorsky.es\/it\/aviso-legal\/","title":{"rendered":"Avviso legale"},"content":{"rendered":"<div data-elementor-type=\"wp-page\" data-elementor-id=\"187\" class=\"elementor elementor-187\">\n\t\t\t\t\t\t<section class=\"elementor-section elementor-top-section elementor-element elementor-element-93bea87 elementor-section-boxed elementor-section-height-default elementor-section-height-default\" data-id=\"93bea87\" data-element_type=\"section\">\n\t\t\t\t\t\t<div class=\"elementor-container elementor-column-gap-default\">\n\t\t\t\t\t<div class=\"elementor-column elementor-col-100 elementor-top-column elementor-element elementor-element-78094e4\" data-id=\"78094e4\" data-element_type=\"column\">\n\t\t\t<div class=\"elementor-widget-wrap elementor-element-populated\">\n\t\t\t\t\t\t<div class=\"elementor-element elementor-element-b88d57b elementor-widget elementor-widget-shortcode\" data-id=\"b88d57b\" data-element_type=\"widget\" data-widget_type=\"shortcode.default\">\n\t\t\t\t<div class=\"elementor-widget-container\">\n\t\t\t\t\t\t\t<div class=\"elementor-shortcode\"><h3>DATI IDENTIFICATIVI DEL PROPRIETARIO DEL SITO WEB<\/h3>\n<p>In ottemperanza all'obbligo di informazione previsto dall'articolo 10 della Legge 34\/2002 dell'11 luglio 2002 sui servizi della societ\u00e0 dell'informazione e il commercio elettronico, <strong><em>Soluzioni di strumenti Meditech<\/em><\/strong>con numero di identificazione fiscale B88466529, di seguito denominata <strong>DoctorSky<\/strong>come proprietario del sito web <strong>cita.doctorsky.it<\/strong>con indirizzo in Calle Virgilio 18, codice postale 28341 in Valdemoro, Madrid, indirizzo e-mail <a href=\"mailto:%69n&#102;%6f&#64;doc&#116;or%73%6b%79.%65&#115;\">info@doctorsky.es<\/a> e telefono 633952266, procede a comunicare all'utente le presenti informazioni che conformano e regolano le condizioni di utilizzo di questa pagina, le limitazioni di responsabilit\u00e0 e gli obblighi che, gli utenti del sito web pubblicato sotto il nome di dominio <strong><i>cita.doctorsky.it<\/i><\/strong>e si impegnano a rispettare.<\/p>\n<h3>CONDIZIONI DI UTILIZZO<\/h3>\n<p>L'uso di <strong>cita.doctorsky.it<\/strong> concede lo status di <strong>Utente<\/strong> da <strong>cita.doctorsky.it<\/strong>L'utilizzo di questo sito web, sia che siate persone fisiche che giuridiche, implica l'accettazione completa, totale e senza riserve di tutte le clausole e condizioni generali incluse nell'Avviso Legale. Se il <strong>Utente<\/strong> non \u00e8 d'accordo con le clausole e le condizioni d'uso del presente Avviso Legale, l'utente dovr\u00e0 astenersi dall'utilizzare <strong>cita.doctorsky.it<\/strong>. Il presente Avviso Legale \u00e8 soggetto a modifiche e aggiornamenti e pertanto la versione pubblicata da <strong>DoctorSky<\/strong> possono essere diversi in ogni momento in cui il <strong>Utente<\/strong> accedere al portale. Pertanto, il <strong>Utente<\/strong> \u00e8 necessario leggere l'Avviso legale ogni volta che si accede al sito. <strong>cita.doctorsky.it<\/strong>.<\/p>\n\n<p>Attraverso <strong>cita.doctorsky.it<\/strong>, <strong>DoctorSky<\/strong><b> <\/b>facilita il <strong>Utente<\/strong> l'accesso e l'utilizzo di vari Contenuti pubblicati attraverso Internet da parte di <strong>DoctorSky<\/strong> o da terzi autorizzati.<\/p>\n\n<p>Il <strong>Utente<\/strong> \u00e8 obbligato e si impegna a utilizzare <strong>cita.doctorsky.it<\/strong> e i Contenuti in conformit\u00e0 alla legislazione vigente, all'Avviso Legale e a qualsiasi altro avviso o istruzione portata alla vostra attenzione, sia per mezzo di questo avviso legale che altrove all'interno dei Contenuti che comprendono <strong>cita.doctorsky.it<\/strong>La Commissione garantisce il rispetto delle regole di convivenza, della moralit\u00e0 e dei buoni costumi generalmente accettati. A tal fine, la <strong>Utente<\/strong> accetta e si impegna a NON utilizzare alcuno dei Contenuti per scopi o effetti illeciti, vietati dalle Note Legali o dalla normativa vigente, lesivi dei diritti e degli interessi di terzi, o che in qualsiasi modo possano danneggiare, rendere inutilizzabili, sovraccaricare, deteriorare o impedire il normale utilizzo dei Contenuti, delle apparecchiature informatiche o dei documenti, dei file e di ogni tipo di contenuto memorizzato in qualsiasi apparecchiatura informatica di propriet\u00e0 o in appalto di <strong>DoctorSky<\/strong>di un altro <strong>UTENTE<\/strong> o qualsiasi utente di Internet (hardware e software).<\/p>\n\n<p>Il <strong>Utente<\/strong> si impegna e si impegna a non trasmettere, diffondere o rendere disponibile a terzi alcun tipo di materiale contenuto in <strong>cita.doctorsky.it<\/strong>quali informazioni, testi, dati, contenuti, messaggi, grafici, disegni, file sonori e\/o di immagine, fotografie, registrazioni, software, loghi, marchi, icone, tecnologia, fotografie, software, link, design grafico e codici sorgente, o qualsiasi altro materiale a cui avete accesso in qualit\u00e0 di <strong>Utente<\/strong> da <strong>cita.doctorsky.it<\/strong>Questo elenco non \u00e8 esaustivo. Inoltre, in conformit\u00e0 a quanto sopra, il <strong>Utente<\/strong> non pu\u00f2:<\/p>\n<ul>\n<li>Riprodurre, copiare, distribuire, rendere disponibile o in qualsiasi altro modo comunicare pubblicamente, trasformare o modificare i Contenuti, a meno che non sia stata data esplicita autorizzazione scritta da parte di <strong>DoctorSky<\/strong>L'utente \u00e8 il titolare dei relativi diritti o \u00e8 legalmente autorizzato a farlo.<\/li>\n<li>Cancellare, manipolare o alterare in qualsiasi modo i dati di copyright e altri dati identificativi della riserva di diritti di <strong>DoctorSky<\/strong> o dei loro proprietari, impronte digitali e\/o identificatori digitali, filigrane o qualsiasi altro mezzo tecnico stabilito per il loro riconoscimento.<\/li>\n<\/ul>\n<p>Il <strong>Utente<\/strong> si asterr\u00e0 dall'ottenere o anche solo tentare di ottenere i Contenuti con mezzi o procedure diversi da quelli che, a seconda dei casi, sono stati messi a disposizione a tal fine o sono stati indicati a tal fine nelle pagine web in cui si trovano i Contenuti o, in generale, quelli comunemente utilizzati su Internet a tal fine, a condizione che non comportino il rischio di danneggiamento o disabilitazione di <strong>cita.doctorsky.it<\/strong>e\/o del contenuto.<\/p>\n<h3>PROPRIET\u00c0 INTELLETTUALE<\/h3>\n<p>Tutti i marchi, i nomi commerciali o i loghi di qualsiasi tipo che compaiono sul sito sono di propriet\u00e0 dei rispettivi titolari. <strong>cita.doctorsky.it<\/strong> sono le propriet\u00e0 di <strong>DoctorSky<\/strong> o, se del caso, dei rispettivi proprietari, senza che ci\u00f2 comporti che l'utilizzo o l'accesso al Portale e\/o ai Contenuti attribuisca ai <strong>Utente<\/strong> alcun diritto sui suddetti marchi, denominazioni commerciali e\/o segni distintivi, e non possono essere intesi come ceduti alla <strong>Utente<\/strong>Il Contenuto \u00e8 propriet\u00e0 intellettuale del Sito, e nessuno dei diritti di sfruttamento che esistono o possono esistere su tale Contenuto. Allo stesso modo, i Contenuti sono propriet\u00e0 intellettuale di <strong>DoctorSky<\/strong>o di terzi, se del caso, pertanto i diritti di Propriet\u00e0 Intellettuale sono di propriet\u00e0 di <strong>DoctorSky<\/strong> o di terzi che ne hanno autorizzato l'uso, i quali hanno i diritti esclusivi di sfruttamento degli stessi in qualsiasi forma e, in particolare, i diritti di riproduzione, distribuzione, comunicazione pubblica e trasformazione. L'uso non autorizzato delle informazioni contenute in questo sito web, cos\u00ec come qualsiasi violazione dei diritti di Propriet\u00e0 Intellettuale o Industriale di <strong>DoctorSky<\/strong> o terze parti incluse in <strong>cita.doctorsky.it<\/strong> che hanno trasferito i contenuti daranno luogo alle responsabilit\u00e0 stabilite dalla legge.<\/p>\n<h3>DISPONIBILIT\u00c0 DI CITA.DOCTORSKY.ES<\/h3>\n<p><strong>DoctorSky<\/strong> non garantisce che non vi saranno interruzioni o errori nell'accesso a <strong>cita.doctorsky.it<\/strong>Il sito non garantisce che i suoi contenuti siano aggiornati, anche se far\u00e0 del suo meglio per evitarli, correggerli o aggiornarli, se necessario. Di conseguenza, <strong>DoctorSky<\/strong> non sar\u00e0 responsabile per eventuali danni di qualsiasi tipo causati nella <strong>Utente<\/strong> causati da guasti o disconnessioni nelle reti di telecomunicazione che comportino la sospensione, la cancellazione o l'interruzione del servizio del portale durante l'erogazione dello stesso o in precedenza.<\/p>\n\n<p><strong>DoctorSky<\/strong> esclude, con le eccezioni previste dalla normativa vigente, qualsiasi responsabilit\u00e0 per danni di qualsiasi natura che possano essere dovuti alla mancanza di disponibilit\u00e0, continuit\u00e0 o qualit\u00e0 del funzionamento di <strong>cita.doctorsky.it<\/strong> e del Contenuto, al mancato soddisfacimento dell'aspettativa di utilit\u00e0 che la <strong>UTENTE<\/strong> potrebbe essere attribuito a <strong>cita.doctorsky.it<\/strong> e Contenuto.<\/p>\n\n<p>La funzione dei collegamenti ipertestuali che compaiono su questo sito web \u00e8 esclusivamente quella di informare l'utente sulla <strong>Utente<\/strong> sull'esistenza di altri siti web contenenti informazioni sull'argomento. Questi collegamenti ipertestuali non costituiscono alcun suggerimento o raccomandazione.<\/p>\n\n<p><strong>DoctorSky<\/strong> non \u00e8 responsabile del contenuto di queste pagine collegate, del funzionamento o dell'utilit\u00e0 dei collegamenti ipertestuali o dei risultati di questi collegamenti, n\u00e9 garantisce l'assenza di virus o di altri elementi in esse contenuti che possano causare alterazioni nel sistema informatico (hardware e software), nei documenti o nei file dell'utente. <strong>Utente<\/strong>escludendo ogni responsabilit\u00e0 per i danni di qualsiasi tipo causati alla <strong>Utente<\/strong> per questo motivo.<\/p>\n\n<p>Accesso a <strong>cita.doctorsky.it<\/strong> non comporta un obbligo da parte di <strong>DoctorSky<\/strong> per verificare l'assenza di virus, worm o qualsiasi altro elemento informatico dannoso. \u00c8 responsabilit\u00e0 del <strong>Utente<\/strong>In ogni caso, la disponibilit\u00e0 di strumenti adeguati per il rilevamento e la disinfezione del software dannoso, quindi, <strong>DoctorSky<\/strong> non \u00e8 responsabile di eventuali errori di sicurezza che possono verificarsi durante la fornitura del servizio. <strong>cita.doctorsky.it<\/strong>La Commissione non \u00e8 responsabile di eventuali danni che possono essere causati al sistema informatico dell'azienda. <strong>Utente<\/strong> o di terzi (hardware e software), i file o i documenti in essi memorizzati, in conseguenza della presenza di virus nel computer dell'utente. <strong>Utente<\/strong> utilizzati per connettersi ai servizi e ai contenuti del Web, un malfunzionamento del browser o l'utilizzo di versioni non aggiornate dello stesso.<\/p>\n\n<p>La fornitura del servizio di <strong>cita.doctorsky.it<\/strong> e del Contenuto \u00e8, in linea di principio, di durata indefinita. <strong>DoctorSky<\/strong>Tuttavia, \u00e8 autorizzata a interrompere o sospendere la fornitura del servizio da parte di <strong>cita.doctorsky.it<\/strong> e\/o qualsiasi Contenuto in qualsiasi momento. Ove ragionevolmente possibile, <strong>DoctorSky<\/strong> dovr\u00e0 comunicare preventivamente la cessazione o la sospensione di <strong>cita.doctorsky.it<\/strong>.<\/p>\n<h3>QUALIT\u00c0 DI CITA.DOCTORSKY.ES<\/h3>\n<p>Considerato l'ambiente dinamico e mutevole delle informazioni e dei servizi forniti per mezzo di <strong>cita.doctorsky.it<\/strong>, <strong>DoctorSky<\/strong> fa del suo meglio, ma non garantisce la completa veridicit\u00e0, accuratezza, affidabilit\u00e0, utilit\u00e0 e\/o tempestivit\u00e0 del Contenuto. Le informazioni contenute nelle pagine che compongono questo Portale hanno esclusivamente scopo informativo, consultivo, divulgativo e pubblicitario. In nessun caso offrono o hanno carattere di impegno vincolante o contrattuale.<\/p>\n<h3>LIMITAZIONE DI RESPONSABILIT\u00c0<\/h3>\n<p><strong>DoctorSky<\/strong> esclude qualsiasi responsabilit\u00e0 per le decisioni prese dal <strong>Utente<\/strong> sulla base di queste informazioni, nonch\u00e9 per eventuali errori tipografici contenuti nei documenti e nella grafica di questo sito web. <strong>cita.doctorsky.it<\/strong>. Le informazioni sono soggette a possibili modifiche periodiche senza preavviso del loro contenuto a causa di ampliamento, miglioramento, correzione o aggiornamento dei contenuti.<\/p>\n<h3>NOTIFICHE<\/h3>\n<p>Tutte le notifiche e le comunicazioni di <strong>DoctorSky<\/strong> a <strong>Utente<\/strong> effettuate con qualsiasi mezzo, saranno considerate efficaci a tutti gli effetti.<\/p>\n<h3>GIURISDIZIONE<\/h3>\n<p>Per qualsiasi questione che possa sorgere in merito all'interpretazione, all'applicazione e all'adempimento del presente Avviso legale, nonch\u00e9 per qualsiasi reclamo che possa derivare dal suo utilizzo, tutte le parti coinvolte si sottomettono alle Corti e ai Tribunali della provincia di Madrid, rinunciando espressamente a qualsiasi altra giurisdizione a cui possano avere diritto.<\/p>\n<h3>LEGGE APPLICABILE<\/h3>\n<p>Il presente Avviso legale \u00e8 disciplinato dalla legislazione spagnola in vigore.<\/p>\n <\/div>\n\t\t\t\t\t\t<\/div>\n\t\t\t\t<\/div>\n\t\t\t\t\t<\/div>\n\t\t<\/div>\n\t\t\t\t\t<\/div>\n\t\t<\/section>\n\t\t\t\t<\/div>","protected":false},"excerpt":{"rendered":"","protected":false},"author":1,"featured_media":0,"parent":0,"menu_order":0,"comment_status":"closed","ping_status":"closed","template":"","meta":{"pmpro_default_level":"","footnotes":""},"class_list":["post-187","page","type-page","status-publish","hentry","pmpro-has-access"],"yoast_head":"<!-- This site is optimized with the Yoast SEO plugin v25.7 - https:\/\/yoast.com\/wordpress\/plugins\/seo\/ -->\n<title>Aviso legal - DoctorSky - Gesti&oacute;n de Citas<\/title>\n<meta name=\"robots\" content=\"index, follow, max-snippet:-1, max-image-preview:large, max-video-preview:-1\" \/>\n<link rel=\"canonical\" href=\"https:\/\/cita.doctorsky.es\/it\/aviso-legal\/\" \/>\n<meta property=\"og:locale\" content=\"it_IT\" \/>\n<meta property=\"og:type\" content=\"article\" \/>\n<meta property=\"og:title\" content=\"Aviso legal - DoctorSky - Gesti&oacute;n de Citas\" \/>\n<meta property=\"og:url\" content=\"https:\/\/cita.doctorsky.es\/it\/aviso-legal\/\" \/>\n<meta property=\"og:site_name\" content=\"DoctorSky - Gesti&oacute;n de Citas\" \/>\n<meta property=\"article:modified_time\" content=\"2022-03-29T09:47:46+00:00\" \/>\n<meta name=\"twitter:card\" content=\"summary_large_image\" \/>\n<script type=\"application\/ld+json\" class=\"yoast-schema-graph\">{\"@context\":\"https:\/\/schema.org\",\"@graph\":[{\"@type\":\"WebPage\",\"@id\":\"https:\/\/cita.doctorsky.es\/it\/aviso-legal\/\",\"url\":\"https:\/\/cita.doctorsky.es\/it\/aviso-legal\/\",\"name\":\"Aviso legal - DoctorSky - Gesti&oacute;n de Citas\",\"isPartOf\":{\"@id\":\"https:\/\/cita.doctorsky.es\/es\/#website\"},\"datePublished\":\"2022-03-29T09:42:54+00:00\",\"dateModified\":\"2022-03-29T09:47:46+00:00\",\"breadcrumb\":{\"@id\":\"https:\/\/cita.doctorsky.es\/it\/aviso-legal\/#breadcrumb\"},\"inLanguage\":\"it-IT\",\"potentialAction\":[{\"@type\":\"ReadAction\",\"target\":[\"https:\/\/cita.doctorsky.es\/it\/aviso-legal\/\"]}]},{\"@type\":\"BreadcrumbList\",\"@id\":\"https:\/\/cita.doctorsky.es\/it\/aviso-legal\/#breadcrumb\",\"itemListElement\":[{\"@type\":\"ListItem\",\"position\":1,\"name\":\"Portada\",\"item\":\"https:\/\/cita.doctorsky.es\/es\/\"},{\"@type\":\"ListItem\",\"position\":2,\"name\":\"Aviso legal\"}]},{\"@type\":\"WebSite\",\"@id\":\"https:\/\/cita.doctorsky.es\/es\/#website\",\"url\":\"https:\/\/cita.doctorsky.es\/es\/\",\"name\":\"DoctorSky - Gesti&oacute;n de Citas\",\"description\":\"Telemedicina al cuidado de tu salud\",\"publisher\":{\"@id\":\"https:\/\/cita.doctorsky.es\/es\/#organization\"},\"potentialAction\":[{\"@type\":\"SearchAction\",\"target\":{\"@type\":\"EntryPoint\",\"urlTemplate\":\"https:\/\/cita.doctorsky.es\/es\/?s={search_term_string}\"},\"query-input\":{\"@type\":\"PropertyValueSpecification\",\"valueRequired\":true,\"valueName\":\"search_term_string\"}}],\"inLanguage\":\"it-IT\"},{\"@type\":\"Organization\",\"@id\":\"https:\/\/cita.doctorsky.es\/es\/#organization\",\"name\":\"DoctorSky\",\"url\":\"https:\/\/cita.doctorsky.es\/es\/\",\"logo\":{\"@type\":\"ImageObject\",\"inLanguage\":\"it-IT\",\"@id\":\"https:\/\/cita.doctorsky.es\/es\/#\/schema\/logo\/image\/\",\"url\":\"https:\/\/cita.doctorsky.es\/wp-content\/uploads\/2022\/05\/logo-original.png\",\"contentUrl\":\"https:\/\/cita.doctorsky.es\/wp-content\/uploads\/2022\/05\/logo-original.png\",\"width\":1462,\"height\":357,\"caption\":\"DoctorSky\"},\"image\":{\"@id\":\"https:\/\/cita.doctorsky.es\/es\/#\/schema\/logo\/image\/\"}}]}<\/script>\n<!-- \/ Yoast SEO plugin. -->","yoast_head_json":{"title":"Aviso legal - DoctorSky - Gesti&oacute;n de Citas","robots":{"index":"index","follow":"follow","max-snippet":"max-snippet:-1","max-image-preview":"max-image-preview:large","max-video-preview":"max-video-preview:-1"},"canonical":"https:\/\/cita.doctorsky.es\/it\/aviso-legal\/","og_locale":"it_IT","og_type":"article","og_title":"Aviso legal - DoctorSky - Gesti&oacute;n de Citas","og_url":"https:\/\/cita.doctorsky.es\/it\/aviso-legal\/","og_site_name":"DoctorSky - Gesti&oacute;n de Citas","article_modified_time":"2022-03-29T09:47:46+00:00","twitter_card":"summary_large_image","schema":{"@context":"https:\/\/schema.org","@graph":[{"@type":"WebPage","@id":"https:\/\/cita.doctorsky.es\/it\/aviso-legal\/","url":"https:\/\/cita.doctorsky.es\/it\/aviso-legal\/","name":"Aviso legal - DoctorSky - Gesti&oacute;n de Citas","isPartOf":{"@id":"https:\/\/cita.doctorsky.es\/es\/#website"},"datePublished":"2022-03-29T09:42:54+00:00","dateModified":"2022-03-29T09:47:46+00:00","breadcrumb":{"@id":"https:\/\/cita.doctorsky.es\/it\/aviso-legal\/#breadcrumb"},"inLanguage":"it-IT","potentialAction":[{"@type":"ReadAction","target":["https:\/\/cita.doctorsky.es\/it\/aviso-legal\/"]}]},{"@type":"BreadcrumbList","@id":"https:\/\/cita.doctorsky.es\/it\/aviso-legal\/#breadcrumb","itemListElement":[{"@type":"ListItem","position":1,"name":"Portada","item":"https:\/\/cita.doctorsky.es\/es\/"},{"@type":"ListItem","position":2,"name":"Aviso legal"}]},{"@type":"WebSite","@id":"https:\/\/cita.doctorsky.es\/es\/#website","url":"https:\/\/cita.doctorsky.es\/es\/","name":"DoctorSky - Gestione appuntamenti","description":"La telemedicina per prendersi cura della propria salute","publisher":{"@id":"https:\/\/cita.doctorsky.es\/es\/#organization"},"potentialAction":[{"@type":"SearchAction","target":{"@type":"EntryPoint","urlTemplate":"https:\/\/cita.doctorsky.es\/es\/?s={search_term_string}"},"query-input":{"@type":"PropertyValueSpecification","valueRequired":true,"valueName":"search_term_string"}}],"inLanguage":"it-IT"},{"@type":"Organization","@id":"https:\/\/cita.doctorsky.es\/es\/#organization","name":"DoctorSky","url":"https:\/\/cita.doctorsky.es\/es\/","logo":{"@type":"ImageObject","inLanguage":"it-IT","@id":"https:\/\/cita.doctorsky.es\/es\/#\/schema\/logo\/image\/","url":"https:\/\/cita.doctorsky.es\/wp-content\/uploads\/2022\/05\/logo-original.png","contentUrl":"https:\/\/cita.doctorsky.es\/wp-content\/uploads\/2022\/05\/logo-original.png","width":1462,"height":357,"caption":"DoctorSky"},"image":{"@id":"https:\/\/cita.doctorsky.es\/es\/#\/schema\/logo\/image\/"}}]}},"_links":{"self":[{"href":"https:\/\/cita.doctorsky.es\/it\/wp-json\/wp\/v2\/pages\/187","targetHints":{"allow":["GET"]}}],"collection":[{"href":"https:\/\/cita.doctorsky.es\/it\/wp-json\/wp\/v2\/pages"}],"about":[{"href":"https:\/\/cita.doctorsky.es\/it\/wp-json\/wp\/v2\/types\/page"}],"author":[{"embeddable":true,"href":"https:\/\/cita.doctorsky.es\/it\/wp-json\/wp\/v2\/users\/1"}],"replies":[{"embeddable":true,"href":"https:\/\/cita.doctorsky.es\/it\/wp-json\/wp\/v2\/comments?post=187"}],"version-history":[{"count":0,"href":"https:\/\/cita.doctorsky.es\/it\/wp-json\/wp\/v2\/pages\/187\/revisions"}],"wp:attachment":[{"href":"https:\/\/cita.doctorsky.es\/it\/wp-json\/wp\/v2\/media?parent=187"}],"curies":[{"name":"wp","href":"https:\/\/api.w.org\/{rel}","templated":true}]}}