
{"id":158,"date":"2022-03-29T10:57:18","date_gmt":"2022-03-29T08:57:18","guid":{"rendered":"https:\/\/cita.doctorsky.es\/?page_id=158"},"modified":"2022-05-17T12:22:15","modified_gmt":"2022-05-17T10:22:15","slug":"terminos-condiciones","status":"publish","type":"page","link":"https:\/\/cita.doctorsky.es\/ja\/terminos-condiciones\/","title":{"rendered":"\u3054\u5229\u7528\u6761\u4ef6"},"content":{"rendered":"<h3 class=\"wp-block-heading\">\u8b58\u5225\u30c7\u30fc\u30bf<\/h3>\n\n\n\n<p>\u30a6\u30a7\u30d6\u30b5\u30a4\u30c8\u3084\u30aa\u30f3\u30e9\u30a4\u30f3\u30b7\u30e7\u30c3\u30d7\u3092\u6240\u6709\u3059\u308b\u5c02\u9580\u5bb6\u3084\u4f01\u696d\u306e\u8b58\u5225\u60c5\u5831\u3092\u8a18\u8f09\u3057\u3001\u5229\u7528\u8005\u304c\u5951\u7d04\u76f8\u624b\u3084\u30a6\u30a7\u30d6\u30b5\u30a4\u30c8\u306e\u8cac\u4efb\u8005\u3092\u8a8d\u8b58\u3067\u304d\u308b\u3088\u3046\u306b\u3057\u306a\u3051\u308c\u3070\u306a\u3089\u306a\u3044\u3002<\/p>\n\n\n\n<h3 class=\"wp-block-heading\">\u77e5\u7684\u8ca1\u7523\u6a29\u304a\u3088\u3073\u5de5\u696d\u6240\u6709\u6a29<\/h3>\n\n\n\n<p>\u30a6\u30a7\u30d6\u30b5\u30a4\u30c8\u3092\u69cb\u6210\u3059\u308b\u8981\u7d20\u306e\u6240\u6709\u8005\u3068\u3001\u3053\u308c\u3089\u306e\u8981\u7d20\u306b\u3064\u3044\u3066\u30e6\u30fc\u30b6\u30fc\u306b\u4ed8\u4e0e\u3055\u308c\u308b\u30e6\u30fc\u30b6\u30fc\u30e9\u30a4\u30bb\u30f3\u30b9\u306e\u7a2e\u985e\u3092\u793a\u3059\u5fc5\u8981\u304c\u3042\u308a\u307e\u3059\u3002\u4f8b\u3048\u3070\u3001\u30a6\u30a7\u30d6\u30b5\u30a4\u30c8\u306b\u30d6\u30ed\u30b0\u304c\u3042\u308b\u5834\u5408\u3001\u30a6\u30a7\u30d6\u30b5\u30a4\u30c8\u306b\u63b2\u8f09\u3055\u308c\u305f\u8a18\u4e8b\u3084\u3001\u5199\u771f\u3001\u30d3\u30c7\u30aa\u3001\u30ed\u30b4\u306a\u3069\u3001\u30a6\u30a7\u30d6\u30b5\u30a4\u30c8\u3092\u69cb\u6210\u3059\u308b\u305d\u306e\u4ed6\u306e\u8981\u7d20\u306b\u3064\u3044\u3066\u3001\u30e6\u30fc\u30b6\u30fc\u306b\u4ed8\u4e0e\u3055\u308c\u305f\u30e9\u30a4\u30bb\u30f3\u30b9\u3092\u78ba\u8a8d\u3059\u308b\u3053\u3068\u304c\u91cd\u8981\u3067\u3059\u3002<\/p>\n\n\n\n<h3 class=\"wp-block-heading\">\u30bf\u30a4\u30e0\u30ea\u30fc\u306a\u4e88\u7d04\u3092\u53d6\u308b\u305f\u3081\u306e\u624b\u9806<\/h3>\n\n\n\n<p>\u30bf\u30a4\u30e0\u30ea\u30fc\u306a\u4e88\u7d04\u3092\u5e0c\u671b\u3059\u308b\u30e6\u30fc\u30b6\u30fc\u306f\u3001https:\/\/cita.doctorsky.es\/\u3002<\/p>\n\n\n\n<p>\u305d\u306e\u904e\u7a0b\u3067\u3001\u5229\u7528\u8005\uff08\u60a3\u8005\uff09\u306f\u30ab\u30eb\u30c6\u306b\u5fc5\u8981\u306a\u30c7\u30fc\u30bf\u3092\u8a18\u5165\u3057\u3066\u9000\u9662\u3059\u308b\u3002<\/p>\n\n\n\n<p>\u30e6\u30fc\u30b6\u30fc\u304c\u7279\u5b9a\u3055\u308c\u308b\u3068\u3001\u533b\u7642\u4e88\u7d04\u306e\u652f\u6255\u3044\u306b\u3088\u3063\u3066\u4e88\u7d04\u304c\u5b8c\u4e86\u3057\u3001\u3059\u3079\u3066\u306e\u8a73\u7d30\u304cE\u30e1\u30fc\u30eb\u3067\u901a\u77e5\u3055\u308c\u308b\u3002<\/p>\n\n\n\n<h3 class=\"wp-block-heading\">\u30d3\u30c7\u30aa\u4f1a\u8b70\u3078\u306e\u30a2\u30af\u30bb\u30b9<\/h3>\n\n\n\n<p>\u533b\u7642\u5f93\u4e8b\u8005\u304c\u4e88\u7d04\u3092\u6709\u52b9\u306b\u3059\u308b\u3068\u3001\u6307\u5b9a\u3055\u308c\u305f\u65e5\u6642\u306b\u3001\u60a3\u8005\u306f\u3001\u9867\u5ba2\u304c\u9078\u629e\u3057\u305f\u533b\u5e2b\u304c\u540c\u5e2d\u3059\u308bVideoConsultation\u30eb\u30fc\u30e0\u3078\u306e\u30ea\u30f3\u30af\u304c\u8a18\u8f09\u3055\u308c\u305f\u96fb\u5b50\u30e1\u30fc\u30eb\u3092\u53d7\u3051\u53d6\u308a\u307e\u3059\u3002<\/p>\n\n\n\n<h3 class=\"wp-block-heading\">\u4fa1\u683c<\/h3>\n\n\n\n<p>\u30d3\u30c7\u30aa\u8a3a\u5bdf\uff08\u9060\u9694\u533b\u7642\uff09\u3067\u3042\u308c\u3001\u305d\u306e\u4ed6\u306e\u30b5\u30fc\u30d3\u30b9\uff08\u96fb\u8a71\u3001\u5728\u5b85\u306a\u3069\uff09\u3067\u3042\u308c\u3001\u5404\u30b5\u30fc\u30d3\u30b9\u306b\u306f\u95a2\u9023\u6599\u91d1\u304c\u8a2d\u5b9a\u3055\u308c\u3001\u4e88\u7d04\u524d\u306b\u652f\u6255\u308f\u308c\u308b\u3002<\/p>\n\n\n\n<h3 class=\"wp-block-heading\">\u884c\u52d5\u898f\u5247<\/h3>\n\n\n\n<p>\u30a6\u30a7\u30d6\u30b5\u30a4\u30c8\u4e0a\u3067\u63d0\u4f9b\u3055\u308c\u308b\u30b5\u30fc\u30d3\u30b9\u3092\u4eab\u53d7\u3059\u308b\u305f\u3081\u306b\u30e6\u30fc\u30b6\u30fc\u767b\u9332\u304c\u5fc5\u8981\u306a\u5834\u5408\u3001\u5177\u4f53\u7684\u306a\u5229\u7528\u6761\u4ef6\u3092\u5b9a\u3081\u3001\u767b\u9332\u30e6\u30fc\u30b6\u30fc\u306b\u4ed8\u4e0e\u3055\u308c\u308b\u6a29\u5229\u3001\u304a\u3088\u3073\u767b\u9332\u30e6\u30fc\u30b6\u30fc\u306e\u884c\u70ba\u304c\u5b9a\u3081\u3089\u308c\u305f\u884c\u52d5\u898f\u7bc4\u306b\u5f93\u308f\u306a\u3044\u5834\u5408\u306b\u8ca0\u3046\u8cac\u4efb\u3001\u4f8b\u3048\u3070\u3001\u767b\u9332\u304c\u30d5\u30a9\u30fc\u30e9\u30e0\u306e\u305f\u3081\u306e\u3082\u306e\u3067\u3042\u308b\u5834\u5408\u3001\u30e6\u30fc\u30b6\u30fc\u304c\u884c\u3046\u30b3\u30e1\u30f3\u30c8\u306b\u5bfe\u3059\u308b\u8cac\u4efb\u3092\u660e\u8a18\u3059\u308b\u5fc5\u8981\u304c\u3042\u308a\u307e\u3059\u3002<\/p>\n\n\n\n<h3 class=\"wp-block-heading\">\u8cac\u4efb<\/h3>\n\n\n\n<p>\u30a6\u30a7\u30d6\u30b5\u30a4\u30c8\u306f\u3001\u30a6\u30a7\u30d6\u30b5\u30a4\u30c8\u4e0a\u3067\u8d77\u3053\u308a\u3046\u308b\u4e8b\u6545\u306b\u5bfe\u3059\u308b\u8cac\u4efb\u306e\u5236\u9650\u3068\u540c\u69d8\u306b\u3001\u8ca0\u3046\u3079\u304d\u8cac\u4efb\u3092\u6b63\u78ba\u306b\u5b9a\u3081\u308b\u3053\u3068\u304c\u91cd\u8981\u3067\u3059\u3002<\/p>\n\n\n\n<h3 class=\"wp-block-heading\">\u4fdd\u8a3c<\/h3>\n\n\n\n<p>\u88fd\u54c1\u3084\u30b5\u30fc\u30d3\u30b9\u3092\u8cfc\u5165\u3059\u308b\u969b\u306e\u4fdd\u8a3c\u3092\u30e6\u30fc\u30b6\u30fc\u306b\u8a8d\u8b58\u3055\u305b\u308b\u3053\u3068\u304c\u91cd\u8981\u3067\u3042\u308b\u3002<\/p>\n\n\n\n<p>\u306a\u304a\u3001\u88fd\u54c1\u8ca9\u58f2\u306e\u5834\u5408\u306f\u3001\u88fd\u9020\u7269\u8cac\u4efb\u3001\u8fd4\u91d1\u3001\u8fd4\u54c1\u306b\u95a2\u3059\u308b\u6761\u9805\u3092\u76db\u308a\u8fbc\u3080\u5fc5\u8981\u304c\u3042\u308b\u3002<\/p>\n\n\n\n<h3 class=\"wp-block-heading\">\u6e96\u62e0\u6cd5\u304a\u3088\u3073\u7d1b\u4e89\u89e3\u6c7a\u30b7\u30b9\u30c6\u30e0<\/h3>\n\n\n\n<p>\u5229\u7528\u8005\u306b\u5bfe\u3057\u3001\u5951\u7d04\u95a2\u4fc2\u306b\u9069\u7528\u3055\u308c\u308b\u898f\u5247\u3092\u5468\u77e5\u3055\u305b\u308b\u3068\u3068\u3082\u306b\u3001\u7d1b\u4e89\u304c\u751f\u3058\u305f\u5834\u5408\u306e\u88c1\u5224\u5916\u7d1b\u4e89\u89e3\u6c7a\u5236\u5ea6\u307e\u305f\u306f\u7ba1\u8f44\u88c1\u5224\u6240\u3092\u5b9a\u3081\u3066\u304a\u304f\u3053\u3068\u304c\u91cd\u8981\u3067\u3042\u308b\u3002<\/p>\n\n\n\n<h3 class=\"wp-block-heading\">\u305d\u306e\u4ed6<\/h3>\n\n\n\n<p>\u30aa\u30d5\u30a1\u30fc\u3084\u30d7\u30ed\u30e2\u30fc\u30b7\u30e7\u30f3\u304c\u884c\u308f\u308c\u308b\u5834\u5408\u306f\u3001\u30aa\u30d5\u30a1\u30fc\u3084\u30d7\u30ed\u30e2\u30fc\u30b7\u30e7\u30f3\u3092\u898f\u5b9a\u3059\u308b\u5177\u4f53\u7684\u306a\u6761\u4ef6\u3092\u542b\u3081\u308b\u3079\u304d\u3067\u3042\u308b\u3002\u88fd\u54c1\u307e\u305f\u306f\u30b5\u30fc\u30d3\u30b9\u306e\u8cfc\u5165\u5f8c\u3001\u30e6\u30fc\u30b6\u30fc\u306b\u5bfe\u3057\u3066\u30ab\u30b9\u30bf\u30de\u30fc\u30b5\u30fc\u30d3\u30b9\u304c\u63d0\u4f9b\u3055\u308c\u308b\u5834\u5408\u306f\u3001\u3053\u306e\u30a2\u30d5\u30bf\u30fc\u30b5\u30fc\u30d3\u30b9\u306b\u95a2\u3059\u308b\u6761\u4ef6\u3082\u542b\u3081\u308b\u5fc5\u8981\u304c\u3042\u308a\u307e\u3059\u3002<\/p>","protected":false},"excerpt":{"rendered":"<p>Datos de identificaci\u00f3n Se debe incluir los datos de identificaci\u00f3n del profesional o la empresa titular de la p\u00e1gina web o tienda online para que los usuarios tengan conocimiento de la persona con la que contratan y el responsable de la web. Derechos de propiedad intelectual e industrial Se debe se\u00f1alar qui\u00e9n es el titular de los elementos que componen la p\u00e1gina web, as\u00ed como el tipo de licencias de uso que se otorgan a los usuarios sobre dichos elementos. Por ejemplo, si la p\u00e1gina tiene un blog es importante establecer la licencia que se otorga a los usuarios sobre los art\u00edculos que se publican en la web, o sobre<a class=\"more-link\" href=\"https:\/\/cita.doctorsky.es\/ja\/terminos-condiciones\/\">Read more  &#10230;<\/a><\/p>","protected":false},"author":1,"featured_media":0,"parent":0,"menu_order":0,"comment_status":"closed","ping_status":"closed","template":"","meta":{"pmpro_default_level":"","footnotes":""},"class_list":["post-158","page","type-page","status-publish","hentry","pmpro-has-access"],"yoast_head":"<!-- This site is optimized with the Yoast SEO plugin v25.7 - https:\/\/yoast.com\/wordpress\/plugins\/seo\/ -->\n<title>T\u00e9rminos y Condiciones - DoctorSky - Gesti&oacute;n de Citas<\/title>\n<meta name=\"robots\" content=\"index, follow, max-snippet:-1, max-image-preview:large, max-video-preview:-1\" \/>\n<link rel=\"canonical\" href=\"https:\/\/cita.doctorsky.es\/ja\/terminos-condiciones\/\" \/>\n<meta property=\"og:locale\" content=\"ja_JP\" \/>\n<meta property=\"og:type\" content=\"article\" \/>\n<meta property=\"og:title\" content=\"T\u00e9rminos y Condiciones - DoctorSky - Gesti&oacute;n de Citas\" \/>\n<meta property=\"og:description\" content=\"Datos de identificaci\u00f3n Se debe incluir los datos de identificaci\u00f3n del profesional o la empresa titular de la p\u00e1gina web o tienda online para que los usuarios tengan conocimiento de la persona con la que contratan y el responsable de la web. Derechos de propiedad intelectual e industrial Se debe se\u00f1alar qui\u00e9n es el titular de los elementos que componen la p\u00e1gina web, as\u00ed como el tipo de licencias de uso que se otorgan a los usuarios sobre dichos elementos. Por ejemplo, si la p\u00e1gina tiene un blog es importante establecer la licencia que se otorga a los usuarios sobre los art\u00edculos que se publican en la web, o sobreRead more &#10230;\" \/>\n<meta property=\"og:url\" content=\"https:\/\/cita.doctorsky.es\/ja\/terminos-condiciones\/\" \/>\n<meta property=\"og:site_name\" content=\"DoctorSky - Gesti&oacute;n de Citas\" \/>\n<meta property=\"article:modified_time\" content=\"2022-05-17T10:22:15+00:00\" \/>\n<meta name=\"twitter:card\" content=\"summary_large_image\" \/>\n<meta name=\"twitter:label1\" content=\"\u63a8\u5b9a\u8aad\u307f\u53d6\u308a\u6642\u9593\" \/>\n\t<meta name=\"twitter:data1\" content=\"3\u5206\" \/>\n<script type=\"application\/ld+json\" class=\"yoast-schema-graph\">{\"@context\":\"https:\/\/schema.org\",\"@graph\":[{\"@type\":\"WebPage\",\"@id\":\"https:\/\/cita.doctorsky.es\/ar\/terminos-condiciones\/\",\"url\":\"https:\/\/cita.doctorsky.es\/ar\/terminos-condiciones\/\",\"name\":\"T\u00e9rminos y Condiciones - DoctorSky - Gesti&oacute;n de Citas\",\"isPartOf\":{\"@id\":\"https:\/\/cita.doctorsky.es\/es\/#website\"},\"datePublished\":\"2022-03-29T08:57:18+00:00\",\"dateModified\":\"2022-05-17T10:22:15+00:00\",\"breadcrumb\":{\"@id\":\"https:\/\/cita.doctorsky.es\/ar\/terminos-condiciones\/#breadcrumb\"},\"inLanguage\":\"ja\",\"potentialAction\":[{\"@type\":\"ReadAction\",\"target\":[\"https:\/\/cita.doctorsky.es\/ar\/terminos-condiciones\/\"]}]},{\"@type\":\"BreadcrumbList\",\"@id\":\"https:\/\/cita.doctorsky.es\/ar\/terminos-condiciones\/#breadcrumb\",\"itemListElement\":[{\"@type\":\"ListItem\",\"position\":1,\"name\":\"Portada\",\"item\":\"https:\/\/cita.doctorsky.es\/es\/\"},{\"@type\":\"ListItem\",\"position\":2,\"name\":\"T\u00e9rminos y Condiciones\"}]},{\"@type\":\"WebSite\",\"@id\":\"https:\/\/cita.doctorsky.es\/es\/#website\",\"url\":\"https:\/\/cita.doctorsky.es\/es\/\",\"name\":\"DoctorSky - Gesti&oacute;n de Citas\",\"description\":\"Telemedicina al cuidado de tu salud\",\"publisher\":{\"@id\":\"https:\/\/cita.doctorsky.es\/es\/#organization\"},\"potentialAction\":[{\"@type\":\"SearchAction\",\"target\":{\"@type\":\"EntryPoint\",\"urlTemplate\":\"https:\/\/cita.doctorsky.es\/es\/?s={search_term_string}\"},\"query-input\":{\"@type\":\"PropertyValueSpecification\",\"valueRequired\":true,\"valueName\":\"search_term_string\"}}],\"inLanguage\":\"ja\"},{\"@type\":\"Organization\",\"@id\":\"https:\/\/cita.doctorsky.es\/es\/#organization\",\"name\":\"DoctorSky\",\"url\":\"https:\/\/cita.doctorsky.es\/es\/\",\"logo\":{\"@type\":\"ImageObject\",\"inLanguage\":\"ja\",\"@id\":\"https:\/\/cita.doctorsky.es\/es\/#\/schema\/logo\/image\/\",\"url\":\"https:\/\/cita.doctorsky.es\/wp-content\/uploads\/2022\/05\/logo-original.png\",\"contentUrl\":\"https:\/\/cita.doctorsky.es\/wp-content\/uploads\/2022\/05\/logo-original.png\",\"width\":1462,\"height\":357,\"caption\":\"DoctorSky\"},\"image\":{\"@id\":\"https:\/\/cita.doctorsky.es\/es\/#\/schema\/logo\/image\/\"}}]}<\/script>\n<!-- \/ Yoast SEO plugin. -->","yoast_head_json":{"title":"T\u00e9rminos y Condiciones - DoctorSky - Gesti&oacute;n de Citas","robots":{"index":"index","follow":"follow","max-snippet":"max-snippet:-1","max-image-preview":"max-image-preview:large","max-video-preview":"max-video-preview:-1"},"canonical":"https:\/\/cita.doctorsky.es\/ja\/terminos-condiciones\/","og_locale":"ja_JP","og_type":"article","og_title":"T\u00e9rminos y Condiciones - DoctorSky - Gesti&oacute;n de Citas","og_description":"Datos de identificaci\u00f3n Se debe incluir los datos de identificaci\u00f3n del profesional o la empresa titular de la p\u00e1gina web o tienda online para que los usuarios tengan conocimiento de la persona con la que contratan y el responsable de la web. Derechos de propiedad intelectual e industrial Se debe se\u00f1alar qui\u00e9n es el titular de los elementos que componen la p\u00e1gina web, as\u00ed como el tipo de licencias de uso que se otorgan a los usuarios sobre dichos elementos. Por ejemplo, si la p\u00e1gina tiene un blog es importante establecer la licencia que se otorga a los usuarios sobre los art\u00edculos que se publican en la web, o sobreRead more &#10230;","og_url":"https:\/\/cita.doctorsky.es\/ja\/terminos-condiciones\/","og_site_name":"DoctorSky - Gesti&oacute;n de Citas","article_modified_time":"2022-05-17T10:22:15+00:00","twitter_card":"summary_large_image","twitter_misc":{"\u63a8\u5b9a\u8aad\u307f\u53d6\u308a\u6642\u9593":"3\u5206"},"schema":{"@context":"https:\/\/schema.org","@graph":[{"@type":"WebPage","@id":"https:\/\/cita.doctorsky.es\/ar\/terminos-condiciones\/","url":"https:\/\/cita.doctorsky.es\/ar\/terminos-condiciones\/","name":"T\u00e9rminos y Condiciones - DoctorSky - Gesti&oacute;n de Citas","isPartOf":{"@id":"https:\/\/cita.doctorsky.es\/es\/#website"},"datePublished":"2022-03-29T08:57:18+00:00","dateModified":"2022-05-17T10:22:15+00:00","breadcrumb":{"@id":"https:\/\/cita.doctorsky.es\/ar\/terminos-condiciones\/#breadcrumb"},"inLanguage":"ja","potentialAction":[{"@type":"ReadAction","target":["https:\/\/cita.doctorsky.es\/ar\/terminos-condiciones\/"]}]},{"@type":"BreadcrumbList","@id":"https:\/\/cita.doctorsky.es\/ar\/terminos-condiciones\/#breadcrumb","itemListElement":[{"@type":"ListItem","position":1,"name":"Portada","item":"https:\/\/cita.doctorsky.es\/es\/"},{"@type":"ListItem","position":2,"name":"T\u00e9rminos y Condiciones"}]},{"@type":"WebSite","@id":"https:\/\/cita.doctorsky.es\/es\/#website","url":"https:\/\/cita.doctorsky.es\/es\/","name":"DoctorSky - \u4e88\u7d04\u7ba1\u7406","description":"\u9060\u9694\u533b\u7642\u3067\u5065\u5eb7\u7ba1\u7406","publisher":{"@id":"https:\/\/cita.doctorsky.es\/es\/#organization"},"potentialAction":[{"@type":"SearchAction","target":{"@type":"EntryPoint","urlTemplate":"https:\/\/cita.doctorsky.es\/es\/?s={search_term_string}"},"query-input":{"@type":"PropertyValueSpecification","valueRequired":true,"valueName":"search_term_string"}}],"inLanguage":"ja"},{"@type":"Organization","@id":"https:\/\/cita.doctorsky.es\/es\/#organization","name":"\u30c9\u30af\u30bf\u30fc\u30b9\u30ab\u30a4","url":"https:\/\/cita.doctorsky.es\/es\/","logo":{"@type":"ImageObject","inLanguage":"ja","@id":"https:\/\/cita.doctorsky.es\/es\/#\/schema\/logo\/image\/","url":"https:\/\/cita.doctorsky.es\/wp-content\/uploads\/2022\/05\/logo-original.png","contentUrl":"https:\/\/cita.doctorsky.es\/wp-content\/uploads\/2022\/05\/logo-original.png","width":1462,"height":357,"caption":"DoctorSky"},"image":{"@id":"https:\/\/cita.doctorsky.es\/es\/#\/schema\/logo\/image\/"}}]}},"_links":{"self":[{"href":"https:\/\/cita.doctorsky.es\/ja\/wp-json\/wp\/v2\/pages\/158","targetHints":{"allow":["GET"]}}],"collection":[{"href":"https:\/\/cita.doctorsky.es\/ja\/wp-json\/wp\/v2\/pages"}],"about":[{"href":"https:\/\/cita.doctorsky.es\/ja\/wp-json\/wp\/v2\/types\/page"}],"author":[{"embeddable":true,"href":"https:\/\/cita.doctorsky.es\/ja\/wp-json\/wp\/v2\/users\/1"}],"replies":[{"embeddable":true,"href":"https:\/\/cita.doctorsky.es\/ja\/wp-json\/wp\/v2\/comments?post=158"}],"version-history":[{"count":0,"href":"https:\/\/cita.doctorsky.es\/ja\/wp-json\/wp\/v2\/pages\/158\/revisions"}],"wp:attachment":[{"href":"https:\/\/cita.doctorsky.es\/ja\/wp-json\/wp\/v2\/media?parent=158"}],"curies":[{"name":"wp","href":"https:\/\/api.w.org\/{rel}","templated":true}]}}