
{"id":161,"date":"2022-03-29T10:59:11","date_gmt":"2022-03-29T08:59:11","guid":{"rendered":"https:\/\/cita.doctorsky.es\/?page_id=161"},"modified":"2023-12-04T15:18:58","modified_gmt":"2023-12-04T14:18:58","slug":"politica-privacidad","status":"publish","type":"page","link":"https:\/\/cita.doctorsky.es\/ja\/politica-privacidad\/","title":{"rendered":"\u30d7\u30e9\u30a4\u30d0\u30b7\u30fc\u30dd\u30ea\u30b7\u30fc"},"content":{"rendered":"<div data-elementor-type=\"wp-page\" data-elementor-id=\"161\" class=\"elementor elementor-161\">\n\t\t\t\t\t\t<section class=\"elementor-section elementor-top-section elementor-element elementor-element-7009bfe elementor-section-boxed elementor-section-height-default elementor-section-height-default\" data-id=\"7009bfe\" data-element_type=\"section\">\n\t\t\t\t\t\t<div class=\"elementor-container elementor-column-gap-default\">\n\t\t\t\t\t<div class=\"elementor-column elementor-col-100 elementor-top-column elementor-element elementor-element-1dededb\" data-id=\"1dededb\" data-element_type=\"column\">\n\t\t\t<div class=\"elementor-widget-wrap elementor-element-populated\">\n\t\t\t\t\t\t<div class=\"elementor-element elementor-element-3d276b1 elementor-widget elementor-widget-shortcode\" data-id=\"3d276b1\" data-element_type=\"widget\" data-widget_type=\"shortcode.default\">\n\t\t\t\t<div class=\"elementor-widget-container\">\n\t\t\t\t\t\t\t<div class=\"elementor-shortcode\"><h3>\u306f\u3058\u3081\u306b<\/h3>\n<p>DoctorSky\u3067\u306f\u3001\u30a4\u30f3\u30bf\u30fc\u30cd\u30c3\u30c8\u30e6\u30fc\u30b6\u30fc\u306e\u30cb\u30fc\u30ba\u306b\u654f\u611f\u3067\u3042\u308a\u3001\u304a\u9810\u304b\u308a\u3057\u305f\u500b\u4eba\u60c5\u5831\u306e\u53b3\u683c\u306a\u30d7\u30e9\u30a4\u30d0\u30b7\u30fc\u306e\u91cd\u8981\u6027\u3092\u8a8d\u8b58\u3057\u3066\u3044\u308b\u305f\u3081\u3001\u3053\u306e\u30d7\u30e9\u30a4\u30d0\u30b7\u30fc\u30b9\u30c6\u30fc\u30c8\u30e1\u30f3\u30c8\u3092\u63b2\u8f09\u3057\u3001\u8a2a\u554f\u8005\u304a\u3088\u3073\u30e6\u30fc\u30b6\u30fc\u304b\u3089\u53d6\u5f97\u3057\u305f\u500b\u4eba\u60c5\u5831\u306e\u53d6\u308a\u6271\u3044\u306b\u95a2\u3059\u308b\u65b9\u91dd\u3092\u304a\u77e5\u3089\u305b\u3057\u307e\u3059\u3002<\/p><p>\u5229\u7528\u8005\u306f\u3001\u672c\u30b5\u30a4\u30c8\u306e\u95b2\u89a7\u3001\u95b2\u89a7\u3001\u95b2\u89a7\u306e\u4e8b\u5b9f\u306e\u307f\u3092\u3082\u3063\u3066\u3001\u672c\u898f\u7d04\u306b\u540c\u610f\u3057\u305f\u3082\u306e\u3068\u307f\u306a\u3055\u308c\u307e\u3059\u3002\u3053\u308c\u3089\u306e\u6761\u4ef6\u306b\u540c\u610f\u3057\u306a\u3044\u5834\u5408\u306f\u3001\u672c\u30b5\u30a4\u30c8\u304a\u3088\u3073\u305d\u306e\u30b3\u30f3\u30c6\u30f3\u30c4\u3092\u5229\u7528\u3059\u308b\u3053\u3068\u306a\u304f\u3001\u307e\u305f\u30ea\u30f3\u30af\u5148\u306e\u30da\u30fc\u30b8\u306b\u30a2\u30af\u30bb\u30b9\u3059\u308b\u3053\u3068\u306a\u304f\u3001\u672c\u30b5\u30a4\u30c8\u304b\u3089\u9000\u51fa\u3057\u306a\u3051\u308c\u3070\u306a\u308a\u307e\u305b\u3093\u3002<\/p>\n<h3 id='responsable'>\u30c7\u30fc\u30bf\u30b3\u30f3\u30c8\u30ed\u30fc\u30e9<\/h3>\n<p>\u672c\u30b5\u30a4\u30c8\u306e\u6240\u6709\u8005\u3067\u3042\u308a\u3001\u30c7\u30fc\u30bf\u51e6\u7406\u306b\u8cac\u4efb\u3092\u6301\u3064\u306e\u306fMeditech Tool Solutions, CIF B88466529\u3067\u3059\u3002 <a href=\"mailto:&#105;%6ef&#111;&#64;do%63%74&#111;%72%73%6by%2e&#101;&#115;\">info@doctorsky.es<\/a>\u304a\u96fb\u8a71\uff08633952266\uff09\u307e\u305f\u306f\u304a\u624b\u7d19\uff08Calle Virgilio 18, \u90f5\u4fbf\u756a\u53f728341, Valdemoro, Madrid\uff09\u306b\u3066\u3054\u9023\u7d61\u304f\u3060\u3055\u3044\u3002<\/p>\n<h3 id='finalidad'>\u30c7\u30fc\u30bf\u51e6\u7406\u306e\u76ee\u7684<\/h3>\n<p>\u79c1\u3069\u3082\u306e\u30a6\u30a7\u30d6\u30b5\u30a4\u30c8\u3067\u306f\u3001\u304a\u5ba2\u69d8\u306e\u60c5\u5831\u3092\u5165\u529b\u3057\u3066\u3044\u305f\u3060\u304f\u3053\u3068\u3067\u3001\u30a6\u30a7\u30d6\u30b5\u30a4\u30c8\u306e\u66f4\u65b0\u60c5\u5831\u3084\u914d\u4fe1\u3055\u308c\u308b\u30d7\u30ed\u30b0\u30e9\u30e0\u306b\u95a2\u3059\u308b\u60c5\u5831\u3092\u53d7\u3051\u53d6\u308b\u3053\u3068\u304c\u3067\u304d\u307e\u3059\u3002\u3054\u63d0\u4f9b\u3044\u305f\u3060\u3044\u305f\u60c5\u5831\u306f\u3001\u53b3\u91cd\u306b\u7ba1\u7406\u3055\u308c\u308b\u3053\u3068\u3092\u304a\u7d04\u675f\u3044\u305f\u3057\u307e\u3059\u3002<\/p><p>\u30c7\u30fc\u30bf\u306f\u3001\u305d\u308c\u304c\u53ce\u96c6\u3055\u308c\u305f\u76ee\u7684\u306e\u305f\u3081\u306b\u4f7f\u7528\u3055\u308c\u308b\u3053\u3068\u304c\u610f\u56f3\u3055\u308c\u3066\u3044\u308b\u9650\u308a\u4fdd\u5b58\u3055\u308c\u307e\u3059\u3002<\/p><p>\u304a\u5ba2\u69d8\u306e\u30c7\u30fc\u30bf\u306b\u3088\u308a\u81ea\u52d5\u7684\u306a\u610f\u601d\u6c7a\u5b9a\u304c\u884c\u308f\u308c\u308b\u3053\u3068\u306f\u3042\u308a\u307e\u305b\u3093\u3002<\/p><p>\u30a6\u30a7\u30d6\u30b5\u30a4\u30c8\u306f\u30af\u30c3\u30ad\u30fc\u3092\u4f7f\u7528\u3059\u308b\u3053\u3068\u304c\u3042\u308a\u307e\u3059\u3002 <a href=\"https:\/\/cita.doctorsky.es\/politica-cookies\/\">\u30af\u30c3\u30ad\u30fc\u30dd\u30ea\u30b7\u30fc<\/a>.<\/p>\n<h3 id='legitimacion'>\u30c7\u30fc\u30bf\u51e6\u7406\u306e\u5408\u6cd5\u5316<\/h3>\n<p>\u304a\u5ba2\u69d8\u306e\u30c7\u30fc\u30bf\u304c\u4f7f\u7528\u3055\u308c\u308b\u306e\u306f\u3001\u304a\u5ba2\u69d8\u304c\u5404\u30d5\u30a9\u30fc\u30e0\u306b\u8a18\u8f09\u3055\u308c\u305f\u7279\u5b9a\u306e\u7528\u9014\u306e\u305f\u3081\u306b\u30d5\u30a9\u30fc\u30e0\u306b\u63d0\u4f9b\u3055\u308c\u305f\u30c7\u30fc\u30bf\u3092\u4f7f\u7528\u3059\u308b\u3053\u3068\u306b\u540c\u610f\u3055\u308c\u305f\u305f\u3081\u3067\u3059\u3002\u304a\u5ba2\u69d8\u306e\u30c7\u30fc\u30bf\u306f\u3001\u3054\u8acb\u6c42\u3044\u305f\u3060\u3044\u305f\u7279\u5b9a\u306e\u7528\u9014\u306b\u306e\u307f\u5fc5\u8981\u3067\u3042\u308a\u3001\u3054\u63d0\u4f9b\u3044\u305f\u3060\u3051\u306a\u3044\u5834\u5408\u3001\u3053\u308c\u3089\u306e\u30b5\u30fc\u30d3\u30b9\u306f\u3054\u5229\u7528\u3044\u305f\u3060\u3051\u307e\u305b\u3093\u3002<\/p>\n<h3 id='transferencia'>\u30c7\u30fc\u30bf\u306e\u8ee2\u9001\u3068\u5272\u308a\u5f53\u3066<\/h3>\n<p>DoctorSky\u306f\u3001\u660e\u793a\u7684\u306a\u540c\u610f\u307e\u305f\u306f\u6cd5\u7684\u7fa9\u52d9\u304c\u3042\u308b\u5834\u5408\u3092\u9664\u304d\u3001\u3044\u304b\u306a\u308b\u6982\u5ff5\u307e\u305f\u306f\u72b6\u6cc1\u306b\u304a\u3044\u3066\u3082\u3001\u95a2\u4fc2\u8005\u306e\u4e8b\u524d\u306e\u540c\u610f\u306a\u304f\u3001DoctorSky\u306b\u63d0\u4f9b\u3055\u308c\u305f\u30c7\u30fc\u30bf\u3092\u7b2c\u4e09\u8005\u306b\u8ca9\u58f2\u307e\u305f\u306f\u8b72\u6e21\u3057\u306a\u3044\u3053\u3068\u3092\u56fa\u304f\u304a\u7d04\u675f\u3057\u307e\u3059\u3002<\/p><p>\u5f53\u793e\u306e\u30a6\u30a7\u30d6\u30b5\u30a4\u30c8\u306b\u306f\u3001\u7b2c\u4e09\u8005\u306e\u30a6\u30a7\u30d6\u30b5\u30a4\u30c8\u3078\u306e\u30ea\u30f3\u30af\u304c\u542b\u307e\u308c\u3066\u3044\u307e\u3059\u3002DoctorSky\u306f\u3001\u3053\u308c\u3089\u306e\u4ed6\u306e\u30b5\u30a4\u30c8\u306e\u30d7\u30e9\u30a4\u30d0\u30b7\u30fc\u30dd\u30ea\u30b7\u30fc\u304a\u3088\u3073\u6163\u884c\u306b\u3064\u3044\u3066\u8cac\u4efb\u3092\u8ca0\u3044\u307e\u305b\u3093\u3002<\/p>\n<h3 id='derechos'>\u5229\u5bb3\u95a2\u4fc2\u8005\u306e\u6a29\u5229<\/h3>\n<p>\u304a\u5ba2\u69d8\u306f\u3001\u5f53\u793e\u306e\u30c7\u30fc\u30bf\u30d9\u30fc\u30b9\u306b\u4fdd\u5b58\u3055\u308c\u305f\u304a\u5ba2\u69d8\u306b\u95a2\u3059\u308b\u60c5\u5831\u306b\u30a2\u30af\u30bb\u30b9\u3057\u3001\u8aa4\u308a\u304c\u3042\u308c\u3070\u4fee\u6b63\u3057\u3001\u524a\u9664\u3057\u3001\u51e6\u7406\u3092\u5236\u9650\u3057\u3001\u51e6\u7406\u306b\u53cd\u5bfe\u3057\u3001\u540c\u610f\u3092\u64a4\u56de\u3059\u308b\u6a29\u5229\u3092\u6709\u3057\u307e\u3059\u3002\u305d\u306e\u305f\u3081\u306b\u306f\u3001\u4ee5\u4e0b\u306e\u30e1\u30fc\u30eb\u30a2\u30c9\u30ec\u30b9\u5b9b\u306b\u96fb\u5b50\u30e1\u30fc\u30eb\u3092\u304a\u9001\u308a\u304f\u3060\u3055\u3044\u3002 <a href=\"mailto:%69nf%6f%40%64%6f&#99;%74o%72&#115;k&#121;&#46;&#101;%73\">info@doctorsky.es<\/a> \u3054\u8cea\u554f\u3001\u3054\u610f\u898b\u3001\u3054\u4e0d\u660e\u306a\u70b9\u306a\u3069\u3054\u3056\u3044\u307e\u3057\u305f\u3089\u3001\u304a\u6c17\u8efd\u306b\u304a\u554f\u3044\u5408\u308f\u305b\u304f\u3060\u3055\u3044\u3002<\/p><p>\u95a2\u9023\u30c8\u30d4\u30c3\u30af\u306e\u8a73\u7d30\u306b\u3064\u3044\u3066\u306f\u3001\u30b9\u30da\u30a4\u30f3\u306e\u30a6\u30a7\u30d6\u4e0a\u306e\u53c2\u8003\u30b5\u30a4\u30c8\u306f <a href=\"https:\/\/www.agpd.es\/\">\u30c7\u30fc\u30bf\u4fdd\u8b77\u5e81<\/a>\u6587\u53e5\u3092\u8a00\u3046\u6a29\u5229\u304c\u3042\u308b\u3068\u3053\u308d\u3002<\/p>\n <\/div>\n\t\t\t\t\t\t<\/div>\n\t\t\t\t<\/div>\n\t\t\t\t\t<\/div>\n\t\t<\/div>\n\t\t\t\t\t<\/div>\n\t\t<\/section>\n\t\t\t\t<section class=\"elementor-section elementor-top-section elementor-element elementor-element-8815208 elementor-section-boxed elementor-section-height-default elementor-section-height-default\" data-id=\"8815208\" data-element_type=\"section\">\n\t\t\t\t\t\t<div class=\"elementor-container elementor-column-gap-default\">\n\t\t\t\t\t<div class=\"elementor-column elementor-col-100 elementor-top-column elementor-element elementor-element-ed9ad14\" data-id=\"ed9ad14\" data-element_type=\"column\">\n\t\t\t<div class=\"elementor-widget-wrap elementor-element-populated\">\n\t\t\t\t\t\t<div class=\"elementor-element elementor-element-ae347ed elementor-widget elementor-widget-text-editor\" data-id=\"ae347ed\" data-element_type=\"widget\" data-widget_type=\"text-editor.default\">\n\t\t\t\t<div class=\"elementor-widget-container\">\n\t\t\t\t\t\t\t\t\t<p>Doctor Sky\u306e\u30a6\u30a7\u30d6\u30b5\u30a4\u30c8\u304a\u3088\u3073\u30a2\u30d7\u30ea\u30b1\u30fc\u30b7\u30e7\u30f3\u306e\u4f7f\u7528\u3001\u306a\u3089\u3073\u306bGoogle API\u304b\u3089\u53d7\u3051\u53d6\u3063\u305f\u60c5\u5831\u306e\u4ed6\u306e\u30a2\u30d7\u30ea\u30b1\u30fc\u30b7\u30e7\u30f3\u3078\u306e\u8ee2\u9001\u306f\u3001\u4ee5\u4e0b\u306e\u4e8b\u9805\u3092\u9075\u5b88\u3059\u308b\u3082\u306e\u3068\u3057\u307e\u3059\u3002 <a href=\"https:\/\/developers.google.com\/terms\/api-services-user-data-policy#additional_requirements_for_specific_api_scopes\" target=\"_blank\" rel=\"noopener\">Google API \u30b5\u30fc\u30d3\u30b9 \u30e6\u30fc\u30b6\u30fc \u30c7\u30fc\u30bf \u30dd\u30ea\u30b7\u30fc<\/a> \u9650\u5b9a\u7684\u306a\u4f7f\u7528\u6761\u4ef6\u3092\u542b\u3080\u3002<\/p>\t\t\t\t\t\t\t\t<\/div>\n\t\t\t\t<\/div>\n\t\t\t\t\t<\/div>\n\t\t<\/div>\n\t\t\t\t\t<\/div>\n\t\t<\/section>\n\t\t\t\t<\/div>","protected":false},"excerpt":{"rendered":"<p>El uso de el sitio web y la aplicaci\u00f3n de Doctor Sky y la transferencia a cualquier otra aplicaci\u00f3n de informaci\u00f3n recibida de las API de Google se adherir\u00e1n a la Pol\u00edtica de datos de usuario de los servicios API de Google , incluidos los requisitos de uso limitado.<\/p>","protected":false},"author":1,"featured_media":0,"parent":0,"menu_order":0,"comment_status":"closed","ping_status":"closed","template":"","meta":{"pmpro_default_level":"","footnotes":""},"class_list":["post-161","page","type-page","status-publish","hentry","pmpro-has-access"],"yoast_head":"<!-- This site is optimized with the Yoast SEO plugin v25.7 - https:\/\/yoast.com\/wordpress\/plugins\/seo\/ -->\n<title>Pol\u00edtica de privacidad - DoctorSky - Gesti&oacute;n de Citas<\/title>\n<meta name=\"robots\" content=\"index, follow, max-snippet:-1, max-image-preview:large, max-video-preview:-1\" \/>\n<link rel=\"canonical\" href=\"https:\/\/cita.doctorsky.es\/ja\/politica-privacidad\/\" \/>\n<meta property=\"og:locale\" content=\"ja_JP\" \/>\n<meta property=\"og:type\" content=\"article\" \/>\n<meta property=\"og:title\" content=\"Pol\u00edtica de privacidad - DoctorSky - Gesti&oacute;n de Citas\" \/>\n<meta property=\"og:description\" content=\"El uso de el sitio web y la aplicaci\u00f3n de Doctor Sky y la transferencia a cualquier otra aplicaci\u00f3n de informaci\u00f3n recibida de las API de Google se adherir\u00e1n a la Pol\u00edtica de datos de usuario de los servicios API de Google , incluidos los requisitos de uso limitado.\" \/>\n<meta property=\"og:url\" content=\"https:\/\/cita.doctorsky.es\/ja\/politica-privacidad\/\" \/>\n<meta property=\"og:site_name\" content=\"DoctorSky - Gesti&oacute;n de Citas\" \/>\n<meta property=\"article:modified_time\" content=\"2023-12-04T14:18:58+00:00\" \/>\n<meta name=\"twitter:card\" content=\"summary_large_image\" \/>\n<meta name=\"twitter:label1\" content=\"\u63a8\u5b9a\u8aad\u307f\u53d6\u308a\u6642\u9593\" \/>\n\t<meta name=\"twitter:data1\" content=\"3\u5206\" \/>\n<script type=\"application\/ld+json\" class=\"yoast-schema-graph\">{\"@context\":\"https:\/\/schema.org\",\"@graph\":[{\"@type\":\"WebPage\",\"@id\":\"https:\/\/cita.doctorsky.es\/it\/politica-privacidad\/\",\"url\":\"https:\/\/cita.doctorsky.es\/it\/politica-privacidad\/\",\"name\":\"Pol\u00edtica de privacidad - DoctorSky - Gesti&oacute;n de Citas\",\"isPartOf\":{\"@id\":\"https:\/\/cita.doctorsky.es\/es\/#website\"},\"datePublished\":\"2022-03-29T08:59:11+00:00\",\"dateModified\":\"2023-12-04T14:18:58+00:00\",\"breadcrumb\":{\"@id\":\"https:\/\/cita.doctorsky.es\/it\/politica-privacidad\/#breadcrumb\"},\"inLanguage\":\"ja\",\"potentialAction\":[{\"@type\":\"ReadAction\",\"target\":[\"https:\/\/cita.doctorsky.es\/it\/politica-privacidad\/\"]}]},{\"@type\":\"BreadcrumbList\",\"@id\":\"https:\/\/cita.doctorsky.es\/it\/politica-privacidad\/#breadcrumb\",\"itemListElement\":[{\"@type\":\"ListItem\",\"position\":1,\"name\":\"Portada\",\"item\":\"https:\/\/cita.doctorsky.es\/es\/\"},{\"@type\":\"ListItem\",\"position\":2,\"name\":\"Pol\u00edtica de privacidad\"}]},{\"@type\":\"WebSite\",\"@id\":\"https:\/\/cita.doctorsky.es\/es\/#website\",\"url\":\"https:\/\/cita.doctorsky.es\/es\/\",\"name\":\"DoctorSky - Gesti&oacute;n de Citas\",\"description\":\"Telemedicina al cuidado de tu salud\",\"publisher\":{\"@id\":\"https:\/\/cita.doctorsky.es\/es\/#organization\"},\"potentialAction\":[{\"@type\":\"SearchAction\",\"target\":{\"@type\":\"EntryPoint\",\"urlTemplate\":\"https:\/\/cita.doctorsky.es\/es\/?s={search_term_string}\"},\"query-input\":{\"@type\":\"PropertyValueSpecification\",\"valueRequired\":true,\"valueName\":\"search_term_string\"}}],\"inLanguage\":\"ja\"},{\"@type\":\"Organization\",\"@id\":\"https:\/\/cita.doctorsky.es\/es\/#organization\",\"name\":\"DoctorSky\",\"url\":\"https:\/\/cita.doctorsky.es\/es\/\",\"logo\":{\"@type\":\"ImageObject\",\"inLanguage\":\"ja\",\"@id\":\"https:\/\/cita.doctorsky.es\/es\/#\/schema\/logo\/image\/\",\"url\":\"https:\/\/cita.doctorsky.es\/wp-content\/uploads\/2022\/05\/logo-original.png\",\"contentUrl\":\"https:\/\/cita.doctorsky.es\/wp-content\/uploads\/2022\/05\/logo-original.png\",\"width\":1462,\"height\":357,\"caption\":\"DoctorSky\"},\"image\":{\"@id\":\"https:\/\/cita.doctorsky.es\/es\/#\/schema\/logo\/image\/\"}}]}<\/script>\n<!-- \/ Yoast SEO plugin. -->","yoast_head_json":{"title":"Pol\u00edtica de privacidad - DoctorSky - Gesti&oacute;n de Citas","robots":{"index":"index","follow":"follow","max-snippet":"max-snippet:-1","max-image-preview":"max-image-preview:large","max-video-preview":"max-video-preview:-1"},"canonical":"https:\/\/cita.doctorsky.es\/ja\/politica-privacidad\/","og_locale":"ja_JP","og_type":"article","og_title":"Pol\u00edtica de privacidad - DoctorSky - Gesti&oacute;n de Citas","og_description":"El uso de el sitio web y la aplicaci\u00f3n de Doctor Sky y la transferencia a cualquier otra aplicaci\u00f3n de informaci\u00f3n recibida de las API de Google se adherir\u00e1n a la Pol\u00edtica de datos de usuario de los servicios API de Google , incluidos los requisitos de uso limitado.","og_url":"https:\/\/cita.doctorsky.es\/ja\/politica-privacidad\/","og_site_name":"DoctorSky - Gesti&oacute;n de Citas","article_modified_time":"2023-12-04T14:18:58+00:00","twitter_card":"summary_large_image","twitter_misc":{"\u63a8\u5b9a\u8aad\u307f\u53d6\u308a\u6642\u9593":"3\u5206"},"schema":{"@context":"https:\/\/schema.org","@graph":[{"@type":"WebPage","@id":"https:\/\/cita.doctorsky.es\/it\/politica-privacidad\/","url":"https:\/\/cita.doctorsky.es\/it\/politica-privacidad\/","name":"Pol\u00edtica de privacidad - DoctorSky - Gesti&oacute;n de Citas","isPartOf":{"@id":"https:\/\/cita.doctorsky.es\/es\/#website"},"datePublished":"2022-03-29T08:59:11+00:00","dateModified":"2023-12-04T14:18:58+00:00","breadcrumb":{"@id":"https:\/\/cita.doctorsky.es\/it\/politica-privacidad\/#breadcrumb"},"inLanguage":"ja","potentialAction":[{"@type":"ReadAction","target":["https:\/\/cita.doctorsky.es\/it\/politica-privacidad\/"]}]},{"@type":"BreadcrumbList","@id":"https:\/\/cita.doctorsky.es\/it\/politica-privacidad\/#breadcrumb","itemListElement":[{"@type":"ListItem","position":1,"name":"Portada","item":"https:\/\/cita.doctorsky.es\/es\/"},{"@type":"ListItem","position":2,"name":"Pol\u00edtica de privacidad"}]},{"@type":"WebSite","@id":"https:\/\/cita.doctorsky.es\/es\/#website","url":"https:\/\/cita.doctorsky.es\/es\/","name":"DoctorSky - \u4e88\u7d04\u7ba1\u7406","description":"\u9060\u9694\u533b\u7642\u3067\u5065\u5eb7\u7ba1\u7406","publisher":{"@id":"https:\/\/cita.doctorsky.es\/es\/#organization"},"potentialAction":[{"@type":"SearchAction","target":{"@type":"EntryPoint","urlTemplate":"https:\/\/cita.doctorsky.es\/es\/?s={search_term_string}"},"query-input":{"@type":"PropertyValueSpecification","valueRequired":true,"valueName":"search_term_string"}}],"inLanguage":"ja"},{"@type":"Organization","@id":"https:\/\/cita.doctorsky.es\/es\/#organization","name":"\u30c9\u30af\u30bf\u30fc\u30b9\u30ab\u30a4","url":"https:\/\/cita.doctorsky.es\/es\/","logo":{"@type":"ImageObject","inLanguage":"ja","@id":"https:\/\/cita.doctorsky.es\/es\/#\/schema\/logo\/image\/","url":"https:\/\/cita.doctorsky.es\/wp-content\/uploads\/2022\/05\/logo-original.png","contentUrl":"https:\/\/cita.doctorsky.es\/wp-content\/uploads\/2022\/05\/logo-original.png","width":1462,"height":357,"caption":"DoctorSky"},"image":{"@id":"https:\/\/cita.doctorsky.es\/es\/#\/schema\/logo\/image\/"}}]}},"_links":{"self":[{"href":"https:\/\/cita.doctorsky.es\/ja\/wp-json\/wp\/v2\/pages\/161","targetHints":{"allow":["GET"]}}],"collection":[{"href":"https:\/\/cita.doctorsky.es\/ja\/wp-json\/wp\/v2\/pages"}],"about":[{"href":"https:\/\/cita.doctorsky.es\/ja\/wp-json\/wp\/v2\/types\/page"}],"author":[{"embeddable":true,"href":"https:\/\/cita.doctorsky.es\/ja\/wp-json\/wp\/v2\/users\/1"}],"replies":[{"embeddable":true,"href":"https:\/\/cita.doctorsky.es\/ja\/wp-json\/wp\/v2\/comments?post=161"}],"version-history":[{"count":0,"href":"https:\/\/cita.doctorsky.es\/ja\/wp-json\/wp\/v2\/pages\/161\/revisions"}],"wp:attachment":[{"href":"https:\/\/cita.doctorsky.es\/ja\/wp-json\/wp\/v2\/media?parent=161"}],"curies":[{"name":"wp","href":"https:\/\/api.w.org\/{rel}","templated":true}]}}