
{"id":158,"date":"2022-03-29T10:57:18","date_gmt":"2022-03-29T08:57:18","guid":{"rendered":"https:\/\/cita.doctorsky.es\/?page_id=158"},"modified":"2022-05-17T12:22:15","modified_gmt":"2022-05-17T10:22:15","slug":"terminos-condiciones","status":"publish","type":"page","link":"https:\/\/cita.doctorsky.es\/pt\/terminos-condiciones\/","title":{"rendered":"Termos e condi\u00e7\u00f5es"},"content":{"rendered":"<h3 class=\"wp-block-heading\">Dados de identifica\u00e7\u00e3o<\/h3>\n\n\n\n<p>Os dados de identifica\u00e7\u00e3o do profissional ou da empresa propriet\u00e1ria do s\u00edtio Web ou da loja em linha devem ser inclu\u00eddos para que os utilizadores conhe\u00e7am a pessoa com quem est\u00e3o a contratar e o respons\u00e1vel pelo s\u00edtio Web.<\/p>\n\n\n\n<h3 class=\"wp-block-heading\">Direitos de propriedade intelectual e industrial<\/h3>\n\n\n\n<p>Deve ser indicado o propriet\u00e1rio dos elementos que comp\u00f5em o s\u00edtio Web, bem como o tipo de licen\u00e7as de utiliza\u00e7\u00e3o que s\u00e3o concedidas aos utilizadores para esses elementos. Por exemplo, se o s\u00edtio Web tiver um blogue, \u00e9 importante estabelecer a licen\u00e7a concedida aos utilizadores para os artigos publicados no s\u00edtio Web, ou para os outros elementos que comp\u00f5em o s\u00edtio Web, como fotografias, v\u00eddeos, log\u00f3tipos, etc.<\/p>\n\n\n\n<h3 class=\"wp-block-heading\">Passos a seguir para marcar uma consulta atempada<\/h3>\n\n\n\n<p>Qualquer utilizador que pretenda marcar uma consulta atempadamente deve concluir o processo de marca\u00e7\u00e3o em https:\/\/cita.doctorsky.es\/.<\/p>\n\n\n\n<p>Durante o processo, o utilizador (doente) ter\u00e1 alta, com os dados necess\u00e1rios para preencher o seu registo m\u00e9dico.<\/p>\n\n\n\n<p>Uma vez identificado o utilizador, este completar\u00e1 a reserva atrav\u00e9s do pagamento da consulta m\u00e9dica e receber\u00e1 notifica\u00e7\u00f5es por correio eletr\u00f3nico com todos os pormenores.<\/p>\n\n\n\n<h3 class=\"wp-block-heading\">Acesso \u00e0 v\u00eddeo-consulta<\/h3>\n\n\n\n<p>Assim que o profissional de sa\u00fade ativar a marca\u00e7\u00e3o, no dia e hora indicados, o paciente receber\u00e1 um e-mail com a liga\u00e7\u00e3o para a sala de Videoconsulta, onde estar\u00e1 presente o m\u00e9dico escolhido pelo cliente.<\/p>\n\n\n\n<h3 class=\"wp-block-heading\">Pre\u00e7os<\/h3>\n\n\n\n<p>Cada servi\u00e7o, quer se trate de uma v\u00eddeo-consulta (telemedicina) ou de outro servi\u00e7o (telefone, domic\u00edlio, etc.), ter\u00e1 um pre\u00e7o associado, que ser\u00e1 pago antes da marca\u00e7\u00e3o da consulta.<\/p>\n\n\n\n<h3 class=\"wp-block-heading\">Regras de conduta<\/h3>\n\n\n\n<p>No caso de ser necess\u00e1rio registar-se como utilizador para usufruir dos servi\u00e7os oferecidos no s\u00edtio Web, devem ser estabelecidas as condi\u00e7\u00f5es espec\u00edficas de utiliza\u00e7\u00e3o, os direitos concedidos aos utilizadores registados, bem como as responsabilidades que assumir\u00e3o se a sua conduta n\u00e3o estiver em conformidade com as regras de comportamento estabelecidas, por exemplo, se o registo for para um f\u00f3rum, especificar as responsabilidades que o utilizador assumir\u00e1 pelos coment\u00e1rios que fizer.<\/p>\n\n\n\n<h3 class=\"wp-block-heading\">Responsabilidades<\/h3>\n\n\n\n<p>\u00c9 importante que o s\u00edtio Web estabele\u00e7a com precis\u00e3o as responsabilidades assumidas, bem como as limita\u00e7\u00f5es de responsabilidade por eventuais incidentes que possam ocorrer no s\u00edtio Web.<\/p>\n\n\n\n<h3 class=\"wp-block-heading\">Garantias<\/h3>\n\n\n\n<p>\u00c9 importante dar a conhecer aos utilizadores as garantias de que disp\u00f5em para a aquisi\u00e7\u00e3o de um produto ou servi\u00e7o.<\/p>\n\n\n\n<p>Note-se que, no caso da venda de produtos, ter\u00e3o de ser inclu\u00eddas cl\u00e1usulas que regulem quest\u00f5es relacionadas com a responsabilidade pelos produtos, reembolsos e devolu\u00e7\u00f5es.<\/p>\n\n\n\n<h3 class=\"wp-block-heading\">Direito aplic\u00e1vel e sistema de resolu\u00e7\u00e3o de lit\u00edgios<\/h3>\n\n\n\n<p>\u00c9 importante dar a conhecer ao utilizador as regras que se aplicam \u00e0 rela\u00e7\u00e3o contratual que se cria, bem como estabelecer o sistema de resolu\u00e7\u00e3o extrajudicial de lit\u00edgios ou os tribunais competentes para resolver os lit\u00edgios que possam surgir.<\/p>\n\n\n\n<h3 class=\"wp-block-heading\">Outros<\/h3>\n\n\n\n<p>Se forem feitas ofertas e promo\u00e7\u00f5es, devem ser inclu\u00eddas as condi\u00e7\u00f5es espec\u00edficas que regem a oferta ou promo\u00e7\u00e3o. Se o servi\u00e7o de apoio ao cliente for oferecido ao utilizador ap\u00f3s a compra do produto ou servi\u00e7o, as condi\u00e7\u00f5es que regem este servi\u00e7o p\u00f3s-venda tamb\u00e9m devem ser inclu\u00eddas.<\/p>","protected":false},"excerpt":{"rendered":"<p>Datos de identificaci\u00f3n Se debe incluir los datos de identificaci\u00f3n del profesional o la empresa titular de la p\u00e1gina web o tienda online para que los usuarios tengan conocimiento de la persona con la que contratan y el responsable de la web. Derechos de propiedad intelectual e industrial Se debe se\u00f1alar qui\u00e9n es el titular<a class=\"more-link\" href=\"https:\/\/cita.doctorsky.es\/pt\/terminos-condiciones\/\">Read more  &#10230;<\/a><\/p>","protected":false},"author":1,"featured_media":0,"parent":0,"menu_order":0,"comment_status":"closed","ping_status":"closed","template":"","meta":{"pmpro_default_level":"","footnotes":""},"class_list":["post-158","page","type-page","status-publish","hentry","pmpro-has-access"],"yoast_head":"<!-- This site is optimized with the Yoast SEO plugin v25.7 - https:\/\/yoast.com\/wordpress\/plugins\/seo\/ -->\n<title>T\u00e9rminos y Condiciones - DoctorSky - Gesti&oacute;n de Citas<\/title>\n<meta name=\"robots\" content=\"index, follow, max-snippet:-1, max-image-preview:large, max-video-preview:-1\" \/>\n<link rel=\"canonical\" href=\"https:\/\/cita.doctorsky.es\/pt\/terminos-condiciones\/\" \/>\n<meta property=\"og:locale\" content=\"pt_PT\" \/>\n<meta property=\"og:type\" content=\"article\" \/>\n<meta property=\"og:title\" content=\"T\u00e9rminos y Condiciones - DoctorSky - Gesti&oacute;n de Citas\" \/>\n<meta property=\"og:description\" content=\"Datos de identificaci\u00f3n Se debe incluir los datos de identificaci\u00f3n del profesional o la empresa titular de la p\u00e1gina web o tienda online para que los usuarios tengan conocimiento de la persona con la que contratan y el responsable de la web. Derechos de propiedad intelectual e industrial Se debe se\u00f1alar qui\u00e9n es el titularRead more &#10230;\" \/>\n<meta property=\"og:url\" content=\"https:\/\/cita.doctorsky.es\/pt\/terminos-condiciones\/\" \/>\n<meta property=\"og:site_name\" content=\"DoctorSky - Gesti&oacute;n de Citas\" \/>\n<meta property=\"article:modified_time\" content=\"2022-05-17T10:22:15+00:00\" \/>\n<meta name=\"twitter:card\" content=\"summary_large_image\" \/>\n<meta name=\"twitter:label1\" content=\"Tempo estimado de leitura\" \/>\n\t<meta name=\"twitter:data1\" content=\"3 minutos\" \/>\n<script type=\"application\/ld+json\" class=\"yoast-schema-graph\">{\"@context\":\"https:\/\/schema.org\",\"@graph\":[{\"@type\":\"WebPage\",\"@id\":\"https:\/\/cita.doctorsky.es\/ar\/terminos-condiciones\/\",\"url\":\"https:\/\/cita.doctorsky.es\/ar\/terminos-condiciones\/\",\"name\":\"T\u00e9rminos y Condiciones - DoctorSky - Gesti&oacute;n de Citas\",\"isPartOf\":{\"@id\":\"https:\/\/cita.doctorsky.es\/es\/#website\"},\"datePublished\":\"2022-03-29T08:57:18+00:00\",\"dateModified\":\"2022-05-17T10:22:15+00:00\",\"breadcrumb\":{\"@id\":\"https:\/\/cita.doctorsky.es\/ar\/terminos-condiciones\/#breadcrumb\"},\"inLanguage\":\"pt-PT\",\"potentialAction\":[{\"@type\":\"ReadAction\",\"target\":[\"https:\/\/cita.doctorsky.es\/ar\/terminos-condiciones\/\"]}]},{\"@type\":\"BreadcrumbList\",\"@id\":\"https:\/\/cita.doctorsky.es\/ar\/terminos-condiciones\/#breadcrumb\",\"itemListElement\":[{\"@type\":\"ListItem\",\"position\":1,\"name\":\"Portada\",\"item\":\"https:\/\/cita.doctorsky.es\/es\/\"},{\"@type\":\"ListItem\",\"position\":2,\"name\":\"T\u00e9rminos y Condiciones\"}]},{\"@type\":\"WebSite\",\"@id\":\"https:\/\/cita.doctorsky.es\/es\/#website\",\"url\":\"https:\/\/cita.doctorsky.es\/es\/\",\"name\":\"DoctorSky - Gesti&oacute;n de Citas\",\"description\":\"Telemedicina al cuidado de tu salud\",\"publisher\":{\"@id\":\"https:\/\/cita.doctorsky.es\/es\/#organization\"},\"potentialAction\":[{\"@type\":\"SearchAction\",\"target\":{\"@type\":\"EntryPoint\",\"urlTemplate\":\"https:\/\/cita.doctorsky.es\/es\/?s={search_term_string}\"},\"query-input\":{\"@type\":\"PropertyValueSpecification\",\"valueRequired\":true,\"valueName\":\"search_term_string\"}}],\"inLanguage\":\"pt-PT\"},{\"@type\":\"Organization\",\"@id\":\"https:\/\/cita.doctorsky.es\/es\/#organization\",\"name\":\"DoctorSky\",\"url\":\"https:\/\/cita.doctorsky.es\/es\/\",\"logo\":{\"@type\":\"ImageObject\",\"inLanguage\":\"pt-PT\",\"@id\":\"https:\/\/cita.doctorsky.es\/es\/#\/schema\/logo\/image\/\",\"url\":\"https:\/\/cita.doctorsky.es\/wp-content\/uploads\/2022\/05\/logo-original.png\",\"contentUrl\":\"https:\/\/cita.doctorsky.es\/wp-content\/uploads\/2022\/05\/logo-original.png\",\"width\":1462,\"height\":357,\"caption\":\"DoctorSky\"},\"image\":{\"@id\":\"https:\/\/cita.doctorsky.es\/es\/#\/schema\/logo\/image\/\"}}]}<\/script>\n<!-- \/ Yoast SEO plugin. -->","yoast_head_json":{"title":"T\u00e9rminos y Condiciones - DoctorSky - Gesti&oacute;n de Citas","robots":{"index":"index","follow":"follow","max-snippet":"max-snippet:-1","max-image-preview":"max-image-preview:large","max-video-preview":"max-video-preview:-1"},"canonical":"https:\/\/cita.doctorsky.es\/pt\/terminos-condiciones\/","og_locale":"pt_PT","og_type":"article","og_title":"T\u00e9rminos y Condiciones - DoctorSky - Gesti&oacute;n de Citas","og_description":"Datos de identificaci\u00f3n Se debe incluir los datos de identificaci\u00f3n del profesional o la empresa titular de la p\u00e1gina web o tienda online para que los usuarios tengan conocimiento de la persona con la que contratan y el responsable de la web. Derechos de propiedad intelectual e industrial Se debe se\u00f1alar qui\u00e9n es el titularRead more &#10230;","og_url":"https:\/\/cita.doctorsky.es\/pt\/terminos-condiciones\/","og_site_name":"DoctorSky - Gesti&oacute;n de Citas","article_modified_time":"2022-05-17T10:22:15+00:00","twitter_card":"summary_large_image","twitter_misc":{"Tempo estimado de leitura":"3 minutos"},"schema":{"@context":"https:\/\/schema.org","@graph":[{"@type":"WebPage","@id":"https:\/\/cita.doctorsky.es\/ar\/terminos-condiciones\/","url":"https:\/\/cita.doctorsky.es\/ar\/terminos-condiciones\/","name":"T\u00e9rminos y Condiciones - DoctorSky - Gesti&oacute;n de Citas","isPartOf":{"@id":"https:\/\/cita.doctorsky.es\/es\/#website"},"datePublished":"2022-03-29T08:57:18+00:00","dateModified":"2022-05-17T10:22:15+00:00","breadcrumb":{"@id":"https:\/\/cita.doctorsky.es\/ar\/terminos-condiciones\/#breadcrumb"},"inLanguage":"pt-PT","potentialAction":[{"@type":"ReadAction","target":["https:\/\/cita.doctorsky.es\/ar\/terminos-condiciones\/"]}]},{"@type":"BreadcrumbList","@id":"https:\/\/cita.doctorsky.es\/ar\/terminos-condiciones\/#breadcrumb","itemListElement":[{"@type":"ListItem","position":1,"name":"Portada","item":"https:\/\/cita.doctorsky.es\/es\/"},{"@type":"ListItem","position":2,"name":"T\u00e9rminos y Condiciones"}]},{"@type":"WebSite","@id":"https:\/\/cita.doctorsky.es\/es\/#website","url":"https:\/\/cita.doctorsky.es\/es\/","name":"DoctorSky - Gesti&oacute;n de Citas","description":"A telemedicina para cuidar da sua sa\u00fade","publisher":{"@id":"https:\/\/cita.doctorsky.es\/es\/#organization"},"potentialAction":[{"@type":"SearchAction","target":{"@type":"EntryPoint","urlTemplate":"https:\/\/cita.doctorsky.es\/es\/?s={search_term_string}"},"query-input":{"@type":"PropertyValueSpecification","valueRequired":true,"valueName":"search_term_string"}}],"inLanguage":"pt-PT"},{"@type":"Organization","@id":"https:\/\/cita.doctorsky.es\/es\/#organization","name":"DoutorSky","url":"https:\/\/cita.doctorsky.es\/es\/","logo":{"@type":"ImageObject","inLanguage":"pt-PT","@id":"https:\/\/cita.doctorsky.es\/es\/#\/schema\/logo\/image\/","url":"https:\/\/cita.doctorsky.es\/wp-content\/uploads\/2022\/05\/logo-original.png","contentUrl":"https:\/\/cita.doctorsky.es\/wp-content\/uploads\/2022\/05\/logo-original.png","width":1462,"height":357,"caption":"DoctorSky"},"image":{"@id":"https:\/\/cita.doctorsky.es\/es\/#\/schema\/logo\/image\/"}}]}},"_links":{"self":[{"href":"https:\/\/cita.doctorsky.es\/pt\/wp-json\/wp\/v2\/pages\/158","targetHints":{"allow":["GET"]}}],"collection":[{"href":"https:\/\/cita.doctorsky.es\/pt\/wp-json\/wp\/v2\/pages"}],"about":[{"href":"https:\/\/cita.doctorsky.es\/pt\/wp-json\/wp\/v2\/types\/page"}],"author":[{"embeddable":true,"href":"https:\/\/cita.doctorsky.es\/pt\/wp-json\/wp\/v2\/users\/1"}],"replies":[{"embeddable":true,"href":"https:\/\/cita.doctorsky.es\/pt\/wp-json\/wp\/v2\/comments?post=158"}],"version-history":[{"count":0,"href":"https:\/\/cita.doctorsky.es\/pt\/wp-json\/wp\/v2\/pages\/158\/revisions"}],"wp:attachment":[{"href":"https:\/\/cita.doctorsky.es\/pt\/wp-json\/wp\/v2\/media?parent=158"}],"curies":[{"name":"wp","href":"https:\/\/api.w.org\/{rel}","templated":true}]}}