
{"id":161,"date":"2022-03-29T10:59:11","date_gmt":"2022-03-29T08:59:11","guid":{"rendered":"https:\/\/cita.doctorsky.es\/?page_id=161"},"modified":"2023-12-04T15:18:58","modified_gmt":"2023-12-04T14:18:58","slug":"politica-privacidad","status":"publish","type":"page","link":"https:\/\/cita.doctorsky.es\/pt\/politica-privacidad\/","title":{"rendered":"Pol\u00edtica de privacidade"},"content":{"rendered":"<div data-elementor-type=\"wp-page\" data-elementor-id=\"161\" class=\"elementor elementor-161\">\n\t\t\t\t\t\t<section class=\"elementor-section elementor-top-section elementor-element elementor-element-7009bfe elementor-section-boxed elementor-section-height-default elementor-section-height-default\" data-id=\"7009bfe\" data-element_type=\"section\">\n\t\t\t\t\t\t<div class=\"elementor-container elementor-column-gap-default\">\n\t\t\t\t\t<div class=\"elementor-column elementor-col-100 elementor-top-column elementor-element elementor-element-1dededb\" data-id=\"1dededb\" data-element_type=\"column\">\n\t\t\t<div class=\"elementor-widget-wrap elementor-element-populated\">\n\t\t\t\t\t\t<div class=\"elementor-element elementor-element-3d276b1 elementor-widget elementor-widget-shortcode\" data-id=\"3d276b1\" data-element_type=\"widget\" data-widget_type=\"shortcode.default\">\n\t\t\t\t<div class=\"elementor-widget-container\">\n\t\t\t\t\t\t\t<div class=\"elementor-shortcode\"><h3>INTRODU\u00c7\u00c3O<\/h3>\n<p>Na DoctorSky, sens\u00edveis \u00e0s necessidades dos utilizadores da Internet e conscientes da import\u00e2ncia de uma rigorosa privacidade das informa\u00e7\u00f5es pessoais que nos s\u00e3o confiadas, inclu\u00edmos esta declara\u00e7\u00e3o de privacidade com o objetivo de lhe dar a conhecer a pol\u00edtica de tratamento dos dados pessoais obtidos dos seus visitantes e utilizadores.<\/p><p>Como utilizador, aceita estas condi\u00e7\u00f5es pelo simples facto de ler, ver ou navegar no s\u00edtio. Se n\u00e3o as aceitar, deve abandonar o s\u00edtio, sem fazer qualquer utiliza\u00e7\u00e3o do mesmo e do seu conte\u00fado, e sem aceder \u00e0s p\u00e1ginas ligadas.<\/p>\n<h3 id='responsable'>CONTROLADOR DE DADOS<\/h3>\n<p>O propriet\u00e1rio do s\u00edtio e respons\u00e1vel pelo tratamento dos dados \u00e9 a Meditech Tool Solutions, com o CIF B88466529, para o contactar pode utilizar o endere\u00e7o de correio eletr\u00f3nico <a href=\"mailto:%69%6e%66&#111;&#64;%64&#111;&#99;to&#114;&#115;&#107;&#121;&#46;%65%73\">info@doctorsky.es<\/a>Para o efeito, contactar 633952266 ou enviar uma carta para Calle Virgilio 18, c\u00f3digo postal 28341, Valdemoro, Madrid.<\/p>\n<h3 id='finalidad'>OBJECTIVO DO TRATAMENTO DE DADOS<\/h3>\n<p>Nos nossos s\u00edtios Web, existem sec\u00e7\u00f5es espec\u00edficas onde pode introduzir os seus dados para receber informa\u00e7\u00f5es sobre as actualiza\u00e7\u00f5es do nosso s\u00edtio Web e alguns dos programas que s\u00e3o distribu\u00eddos. Asseguramos-lhe que as informa\u00e7\u00f5es que nos fornecer ser\u00e3o tratadas com a maior confidencialidade.<\/p><p>Os dados ser\u00e3o conservados enquanto se destinarem a ser utilizados para os fins para que foram recolhidos.<\/p><p>N\u00e3o s\u00e3o tomadas decis\u00f5es automatizadas com os seus dados.<\/p><p>O s\u00edtio Web pode utilizar cookies, ver a nossa <a href=\"https:\/\/cita.doctorsky.es\/politica-cookies\/\">pol\u00edtica de cookies<\/a>.<\/p>\n<h3 id='legitimacion'>LEGITIMA\u00c7\u00c3O DO TRATAMENTO DE DADOS<\/h3>\n<p>Os seus dados s\u00e3o utilizados porque nos d\u00e1 o seu consentimento para utilizar os dados que fornece nos formul\u00e1rios para uma utiliza\u00e7\u00e3o espec\u00edfica indicada em cada formul\u00e1rio. Os seus dados s\u00f3 s\u00e3o necess\u00e1rios para as utiliza\u00e7\u00f5es espec\u00edficas para as quais s\u00e3o solicitados; se n\u00e3o os fornecer, estes servi\u00e7os n\u00e3o ser\u00e3o poss\u00edveis.<\/p>\n<h3 id='transferencia'>TRANSFER\u00caNCIAS E ATRIBUI\u00c7\u00d5ES DE DADOS<\/h3>\n<p>Existe um compromisso firme da nossa parte de que os dados que fornecer \u00e0 DoctorSky n\u00e3o ser\u00e3o vendidos ou transferidos para terceiros sem o consentimento pr\u00e9vio da pessoa em causa, sob qualquer conceito ou circunst\u00e2ncia, exceto se houver consentimento expresso ou obriga\u00e7\u00e3o legal.<\/p><p>Nosso site cont\u00e9m links para sites de terceiros. A DoctorSky n\u00e3o \u00e9 respons\u00e1vel pelas pol\u00edticas e pr\u00e1ticas de privacidade desses outros sites.<\/p>\n<h3 id='derechos'>DIREITOS DAS PARTES INTERESSADAS<\/h3>\n<p>O utilizador tem o direito de aceder \u00e0s informa\u00e7\u00f5es que lhe dizem respeito armazenadas nas nossas bases de dados, de as retificar se existirem erros, de as apagar, de as limitar, de se opor ao seu tratamento e de retirar o seu consentimento, se assim o desejar. Para o fazer, basta escrever uma mensagem de correio eletr\u00f3nico para o seguinte endere\u00e7o eletr\u00f3nico <a href=\"mailto:%69n&#102;%6f&#64;%64%6f&#99;%74%6f&#114;s%6b&#121;%2ee&#115;\">info@doctorsky.es<\/a> onde teremos todo o gosto em responder a quaisquer perguntas, coment\u00e1rios ou esclarecimentos que possa ter.<\/p><p>Para mais informa\u00e7\u00f5es sobre temas relacionados, o s\u00edtio de refer\u00eancia na web espanhola \u00e9 o <a href=\"https:\/\/www.agpd.es\/\">Ag\u00eancia de Prote\u00e7\u00e3o de Dados<\/a>onde tem o direito de se queixar.<\/p>\n <\/div>\n\t\t\t\t\t\t<\/div>\n\t\t\t\t<\/div>\n\t\t\t\t\t<\/div>\n\t\t<\/div>\n\t\t\t\t\t<\/div>\n\t\t<\/section>\n\t\t\t\t<section class=\"elementor-section elementor-top-section elementor-element elementor-element-8815208 elementor-section-boxed elementor-section-height-default elementor-section-height-default\" data-id=\"8815208\" data-element_type=\"section\">\n\t\t\t\t\t\t<div class=\"elementor-container elementor-column-gap-default\">\n\t\t\t\t\t<div class=\"elementor-column elementor-col-100 elementor-top-column elementor-element elementor-element-ed9ad14\" data-id=\"ed9ad14\" data-element_type=\"column\">\n\t\t\t<div class=\"elementor-widget-wrap elementor-element-populated\">\n\t\t\t\t\t\t<div class=\"elementor-element elementor-element-ae347ed elementor-widget elementor-widget-text-editor\" data-id=\"ae347ed\" data-element_type=\"widget\" data-widget_type=\"text-editor.default\">\n\t\t\t\t<div class=\"elementor-widget-container\">\n\t\t\t\t\t\t\t\t\t<p>A utiliza\u00e7\u00e3o do s\u00edtio Web e da aplica\u00e7\u00e3o da Doctor Sky e a transfer\u00eancia para qualquer outra aplica\u00e7\u00e3o de informa\u00e7\u00f5es recebidas das API do Google devem respeitar <a href=\"https:\/\/developers.google.com\/terms\/api-services-user-data-policy#additional_requirements_for_specific_api_scopes\" target=\"_blank\" rel=\"noopener\">a Pol\u00edtica de dados do utilizador dos servi\u00e7os de API da Google<\/a> incluindo requisitos de utiliza\u00e7\u00e3o limitada.<\/p>\t\t\t\t\t\t\t\t<\/div>\n\t\t\t\t<\/div>\n\t\t\t\t\t<\/div>\n\t\t<\/div>\n\t\t\t\t\t<\/div>\n\t\t<\/section>\n\t\t\t\t<\/div>","protected":false},"excerpt":{"rendered":"<p>El uso de el sitio web y la aplicaci\u00f3n de Doctor Sky y la transferencia a cualquier otra aplicaci\u00f3n de informaci\u00f3n recibida de las API de Google se adherir\u00e1n a la Pol\u00edtica de datos de usuario de los servicios API de Google , incluidos los requisitos de uso limitado.<\/p>","protected":false},"author":1,"featured_media":0,"parent":0,"menu_order":0,"comment_status":"closed","ping_status":"closed","template":"","meta":{"pmpro_default_level":"","footnotes":""},"class_list":["post-161","page","type-page","status-publish","hentry","pmpro-has-access"],"yoast_head":"<!-- This site is optimized with the Yoast SEO plugin v25.7 - https:\/\/yoast.com\/wordpress\/plugins\/seo\/ -->\n<title>Pol\u00edtica de privacidad - DoctorSky - Gesti&oacute;n de Citas<\/title>\n<meta name=\"robots\" content=\"index, follow, max-snippet:-1, max-image-preview:large, max-video-preview:-1\" \/>\n<link rel=\"canonical\" href=\"https:\/\/cita.doctorsky.es\/pt\/politica-privacidad\/\" \/>\n<meta property=\"og:locale\" content=\"pt_PT\" \/>\n<meta property=\"og:type\" content=\"article\" \/>\n<meta property=\"og:title\" content=\"Pol\u00edtica de privacidad - DoctorSky - Gesti&oacute;n de Citas\" \/>\n<meta property=\"og:description\" content=\"El uso de el sitio web y la aplicaci\u00f3n de Doctor Sky y la transferencia a cualquier otra aplicaci\u00f3n de informaci\u00f3n recibida de las API de Google se adherir\u00e1n a la Pol\u00edtica de datos de usuario de los servicios API de Google , incluidos los requisitos de uso limitado.\" \/>\n<meta property=\"og:url\" content=\"https:\/\/cita.doctorsky.es\/pt\/politica-privacidad\/\" \/>\n<meta property=\"og:site_name\" content=\"DoctorSky - Gesti&oacute;n de Citas\" \/>\n<meta property=\"article:modified_time\" content=\"2023-12-04T14:18:58+00:00\" \/>\n<meta name=\"twitter:card\" content=\"summary_large_image\" \/>\n<meta name=\"twitter:label1\" content=\"Tempo estimado de leitura\" \/>\n\t<meta name=\"twitter:data1\" content=\"3 minutos\" \/>\n<script type=\"application\/ld+json\" class=\"yoast-schema-graph\">{\"@context\":\"https:\/\/schema.org\",\"@graph\":[{\"@type\":\"WebPage\",\"@id\":\"https:\/\/cita.doctorsky.es\/it\/politica-privacidad\/\",\"url\":\"https:\/\/cita.doctorsky.es\/it\/politica-privacidad\/\",\"name\":\"Pol\u00edtica de privacidad - DoctorSky - Gesti&oacute;n de Citas\",\"isPartOf\":{\"@id\":\"https:\/\/cita.doctorsky.es\/es\/#website\"},\"datePublished\":\"2022-03-29T08:59:11+00:00\",\"dateModified\":\"2023-12-04T14:18:58+00:00\",\"breadcrumb\":{\"@id\":\"https:\/\/cita.doctorsky.es\/it\/politica-privacidad\/#breadcrumb\"},\"inLanguage\":\"pt-PT\",\"potentialAction\":[{\"@type\":\"ReadAction\",\"target\":[\"https:\/\/cita.doctorsky.es\/it\/politica-privacidad\/\"]}]},{\"@type\":\"BreadcrumbList\",\"@id\":\"https:\/\/cita.doctorsky.es\/it\/politica-privacidad\/#breadcrumb\",\"itemListElement\":[{\"@type\":\"ListItem\",\"position\":1,\"name\":\"Portada\",\"item\":\"https:\/\/cita.doctorsky.es\/es\/\"},{\"@type\":\"ListItem\",\"position\":2,\"name\":\"Pol\u00edtica de privacidad\"}]},{\"@type\":\"WebSite\",\"@id\":\"https:\/\/cita.doctorsky.es\/es\/#website\",\"url\":\"https:\/\/cita.doctorsky.es\/es\/\",\"name\":\"DoctorSky - Gesti&oacute;n de Citas\",\"description\":\"Telemedicina al cuidado de tu salud\",\"publisher\":{\"@id\":\"https:\/\/cita.doctorsky.es\/es\/#organization\"},\"potentialAction\":[{\"@type\":\"SearchAction\",\"target\":{\"@type\":\"EntryPoint\",\"urlTemplate\":\"https:\/\/cita.doctorsky.es\/es\/?s={search_term_string}\"},\"query-input\":{\"@type\":\"PropertyValueSpecification\",\"valueRequired\":true,\"valueName\":\"search_term_string\"}}],\"inLanguage\":\"pt-PT\"},{\"@type\":\"Organization\",\"@id\":\"https:\/\/cita.doctorsky.es\/es\/#organization\",\"name\":\"DoctorSky\",\"url\":\"https:\/\/cita.doctorsky.es\/es\/\",\"logo\":{\"@type\":\"ImageObject\",\"inLanguage\":\"pt-PT\",\"@id\":\"https:\/\/cita.doctorsky.es\/es\/#\/schema\/logo\/image\/\",\"url\":\"https:\/\/cita.doctorsky.es\/wp-content\/uploads\/2022\/05\/logo-original.png\",\"contentUrl\":\"https:\/\/cita.doctorsky.es\/wp-content\/uploads\/2022\/05\/logo-original.png\",\"width\":1462,\"height\":357,\"caption\":\"DoctorSky\"},\"image\":{\"@id\":\"https:\/\/cita.doctorsky.es\/es\/#\/schema\/logo\/image\/\"}}]}<\/script>\n<!-- \/ Yoast SEO plugin. -->","yoast_head_json":{"title":"Pol\u00edtica de privacidad - DoctorSky - Gesti&oacute;n de Citas","robots":{"index":"index","follow":"follow","max-snippet":"max-snippet:-1","max-image-preview":"max-image-preview:large","max-video-preview":"max-video-preview:-1"},"canonical":"https:\/\/cita.doctorsky.es\/pt\/politica-privacidad\/","og_locale":"pt_PT","og_type":"article","og_title":"Pol\u00edtica de privacidad - DoctorSky - Gesti&oacute;n de Citas","og_description":"El uso de el sitio web y la aplicaci\u00f3n de Doctor Sky y la transferencia a cualquier otra aplicaci\u00f3n de informaci\u00f3n recibida de las API de Google se adherir\u00e1n a la Pol\u00edtica de datos de usuario de los servicios API de Google , incluidos los requisitos de uso limitado.","og_url":"https:\/\/cita.doctorsky.es\/pt\/politica-privacidad\/","og_site_name":"DoctorSky - Gesti&oacute;n de Citas","article_modified_time":"2023-12-04T14:18:58+00:00","twitter_card":"summary_large_image","twitter_misc":{"Tempo estimado de leitura":"3 minutos"},"schema":{"@context":"https:\/\/schema.org","@graph":[{"@type":"WebPage","@id":"https:\/\/cita.doctorsky.es\/it\/politica-privacidad\/","url":"https:\/\/cita.doctorsky.es\/it\/politica-privacidad\/","name":"Pol\u00edtica de privacidad - DoctorSky - Gesti&oacute;n de Citas","isPartOf":{"@id":"https:\/\/cita.doctorsky.es\/es\/#website"},"datePublished":"2022-03-29T08:59:11+00:00","dateModified":"2023-12-04T14:18:58+00:00","breadcrumb":{"@id":"https:\/\/cita.doctorsky.es\/it\/politica-privacidad\/#breadcrumb"},"inLanguage":"pt-PT","potentialAction":[{"@type":"ReadAction","target":["https:\/\/cita.doctorsky.es\/it\/politica-privacidad\/"]}]},{"@type":"BreadcrumbList","@id":"https:\/\/cita.doctorsky.es\/it\/politica-privacidad\/#breadcrumb","itemListElement":[{"@type":"ListItem","position":1,"name":"Portada","item":"https:\/\/cita.doctorsky.es\/es\/"},{"@type":"ListItem","position":2,"name":"Pol\u00edtica de privacidad"}]},{"@type":"WebSite","@id":"https:\/\/cita.doctorsky.es\/es\/#website","url":"https:\/\/cita.doctorsky.es\/es\/","name":"DoctorSky - Gesti&oacute;n de Citas","description":"A telemedicina para cuidar da sua sa\u00fade","publisher":{"@id":"https:\/\/cita.doctorsky.es\/es\/#organization"},"potentialAction":[{"@type":"SearchAction","target":{"@type":"EntryPoint","urlTemplate":"https:\/\/cita.doctorsky.es\/es\/?s={search_term_string}"},"query-input":{"@type":"PropertyValueSpecification","valueRequired":true,"valueName":"search_term_string"}}],"inLanguage":"pt-PT"},{"@type":"Organization","@id":"https:\/\/cita.doctorsky.es\/es\/#organization","name":"DoutorSky","url":"https:\/\/cita.doctorsky.es\/es\/","logo":{"@type":"ImageObject","inLanguage":"pt-PT","@id":"https:\/\/cita.doctorsky.es\/es\/#\/schema\/logo\/image\/","url":"https:\/\/cita.doctorsky.es\/wp-content\/uploads\/2022\/05\/logo-original.png","contentUrl":"https:\/\/cita.doctorsky.es\/wp-content\/uploads\/2022\/05\/logo-original.png","width":1462,"height":357,"caption":"DoctorSky"},"image":{"@id":"https:\/\/cita.doctorsky.es\/es\/#\/schema\/logo\/image\/"}}]}},"_links":{"self":[{"href":"https:\/\/cita.doctorsky.es\/pt\/wp-json\/wp\/v2\/pages\/161","targetHints":{"allow":["GET"]}}],"collection":[{"href":"https:\/\/cita.doctorsky.es\/pt\/wp-json\/wp\/v2\/pages"}],"about":[{"href":"https:\/\/cita.doctorsky.es\/pt\/wp-json\/wp\/v2\/types\/page"}],"author":[{"embeddable":true,"href":"https:\/\/cita.doctorsky.es\/pt\/wp-json\/wp\/v2\/users\/1"}],"replies":[{"embeddable":true,"href":"https:\/\/cita.doctorsky.es\/pt\/wp-json\/wp\/v2\/comments?post=161"}],"version-history":[{"count":0,"href":"https:\/\/cita.doctorsky.es\/pt\/wp-json\/wp\/v2\/pages\/161\/revisions"}],"wp:attachment":[{"href":"https:\/\/cita.doctorsky.es\/pt\/wp-json\/wp\/v2\/media?parent=161"}],"curies":[{"name":"wp","href":"https:\/\/api.w.org\/{rel}","templated":true}]}}