
{"id":187,"date":"2022-03-29T11:42:54","date_gmt":"2022-03-29T09:42:54","guid":{"rendered":"https:\/\/cita.doctorsky.es\/?page_id=187"},"modified":"2022-03-29T11:47:46","modified_gmt":"2022-03-29T09:47:46","slug":"aviso-legal","status":"publish","type":"page","link":"https:\/\/cita.doctorsky.es\/pt\/aviso-legal\/","title":{"rendered":"Aviso legal"},"content":{"rendered":"<div data-elementor-type=\"wp-page\" data-elementor-id=\"187\" class=\"elementor elementor-187\">\n\t\t\t\t\t\t<section class=\"elementor-section elementor-top-section elementor-element elementor-element-93bea87 elementor-section-boxed elementor-section-height-default elementor-section-height-default\" data-id=\"93bea87\" data-element_type=\"section\">\n\t\t\t\t\t\t<div class=\"elementor-container elementor-column-gap-default\">\n\t\t\t\t\t<div class=\"elementor-column elementor-col-100 elementor-top-column elementor-element elementor-element-78094e4\" data-id=\"78094e4\" data-element_type=\"column\">\n\t\t\t<div class=\"elementor-widget-wrap elementor-element-populated\">\n\t\t\t\t\t\t<div class=\"elementor-element elementor-element-b88d57b elementor-widget elementor-widget-shortcode\" data-id=\"b88d57b\" data-element_type=\"widget\" data-widget_type=\"shortcode.default\">\n\t\t\t\t<div class=\"elementor-widget-container\">\n\t\t\t\t\t\t\t<div class=\"elementor-shortcode\"><h3>DADOS DE IDENTIFICA\u00c7\u00c3O DO PROPRIET\u00c1RIO DO S\u00cdTIO WEB<\/h3>\n<p>Em conformidade com o dever de informa\u00e7\u00e3o previsto no artigo 10\u00ba da Lei 34\/2002, de 11 de julho, relativa aos servi\u00e7os da sociedade da informa\u00e7\u00e3o e ao com\u00e9rcio eletr\u00f3nico, <strong><em>Solu\u00e7\u00f5es de ferramentas Meditech<\/em><\/strong>com o n\u00famero de identifica\u00e7\u00e3o fiscal B88466529, a seguir designada por <strong>DoutorSky<\/strong>como propriet\u00e1rio do s\u00edtio Web <strong>cita.doctorsky.co.uk<\/strong>com endere\u00e7o na Calle Virgilio 18, c\u00f3digo postal 28341 em Valdemoro, Madrid, endere\u00e7o eletr\u00f3nico <a href=\"mailto:in%66&#111;&#64;%64%6fc&#116;o%72%73&#107;%79%2e%65%73\">info@doctorsky.es<\/a> e telefone 633952266, procede a comunicar-lhe as presentes informa\u00e7\u00f5es que conformam e regulam as condi\u00e7\u00f5es de utiliza\u00e7\u00e3o desta p\u00e1gina, as limita\u00e7\u00f5es de responsabilidade e as obriga\u00e7\u00f5es que, os utilizadores do site publicado sob o nome de dom\u00ednio <strong><i>cita.doctorsky.co.uk<\/i><\/strong>e comprometem-se a respeitar.<\/p>\n<h3>CONDI\u00c7\u00d5ES DE UTILIZA\u00c7\u00c3O<\/h3>\n<p>A utiliza\u00e7\u00e3o de <strong>cita.doctorsky.co.uk<\/strong> concede o estatuto de <strong>Utilizador<\/strong> de <strong>cita.doctorsky.co.uk<\/strong>A utiliza\u00e7\u00e3o deste s\u00edtio Web, quer se trate de uma pessoa singular ou colectiva, implica a aceita\u00e7\u00e3o total, plena e sem reservas de todas e cada uma das cl\u00e1usulas e condi\u00e7\u00f5es gerais inclu\u00eddas no Aviso Legal. Se o <strong>Utilizador<\/strong> n\u00e3o concorda com as cl\u00e1usulas e condi\u00e7\u00f5es de utiliza\u00e7\u00e3o do presente Aviso Legal, o utilizador deve abster-se de utilizar <strong>cita.doctorsky.co.uk<\/strong>. O presente Aviso Legal est\u00e1 sujeito a altera\u00e7\u00f5es e actualiza\u00e7\u00f5es, pelo que a vers\u00e3o publicada pela <strong>DoutorSky<\/strong> pode ser diferente em cada momento em que o <strong>Utilizador<\/strong> aceder ao Portal. Por conseguinte, o <strong>Utilizador<\/strong> o utilizador deve ler o Aviso Legal sempre que aceder ao <strong>cita.doctorsky.co.uk<\/strong>.<\/p>\n\n<p>Atrav\u00e9s de <strong>cita.doctorsky.co.uk<\/strong>, <strong>DoutorSky<\/strong><b> <\/b>facilita a <strong>Utilizador<\/strong> acesso e utiliza\u00e7\u00e3o de v\u00e1rios conte\u00fados publicados atrav\u00e9s da Internet por <strong>DoutorSky<\/strong> ou por terceiros autorizados.<\/p>\n\n<p>O <strong>Utilizador<\/strong> \u00e9 obrigado e compromete-se a utilizar <strong>cita.doctorsky.co.uk<\/strong> e os Conte\u00fados, de acordo com a legisla\u00e7\u00e3o em vigor, o Aviso Legal e quaisquer outros avisos ou instru\u00e7\u00f5es para os quais tenha sido alertado, quer atrav\u00e9s deste aviso legal, quer noutros pontos dos Conte\u00fados que incluam <strong>cita.doctorsky.co.uk<\/strong>A Comiss\u00e3o velar\u00e1 pelo respeito das regras de conviv\u00eancia, da moral e dos bons costumes geralmente aceites. Para o efeito, a <strong>Utilizador<\/strong> aceita e compromete-se a N\u00c3O utilizar nenhum dos Conte\u00fados para fins ou efeitos il\u00edcitos, proibidos no Aviso Legal ou na legisla\u00e7\u00e3o em vigor, lesivos dos direitos e interesses de terceiros, ou que de qualquer forma possam danificar, inutilizar, sobrecarregar, deteriorar ou impedir a normal utiliza\u00e7\u00e3o dos Conte\u00fados, dos equipamentos inform\u00e1ticos ou dos documentos, ficheiros e todo o tipo de conte\u00fados armazenados em qualquer equipamento inform\u00e1tico propriedade ou contratado por <strong>DoutorSky<\/strong>de outro <strong>UTILIZADOR<\/strong> ou qualquer utilizador da Internet (hardware e software).<\/p>\n\n<p>O <strong>Utilizador<\/strong> compromete-se e compromete-se a n\u00e3o transmitir, divulgar ou colocar \u00e0 disposi\u00e7\u00e3o de terceiros qualquer tipo de material contido em <strong>cita.doctorsky.co.uk<\/strong>tais como informa\u00e7\u00f5es, textos, dados, conte\u00fados, mensagens, gr\u00e1ficos, desenhos, ficheiros de som e\/ou imagem, fotografias, grava\u00e7\u00f5es, software, log\u00f3tipos, marcas registadas, \u00edcones, tecnologia, fotografias, software, liga\u00e7\u00f5es, design gr\u00e1fico e c\u00f3digos fonte, ou qualquer outro material a que tenha acesso na sua qualidade de <strong>Utilizador<\/strong> de <strong>cita.doctorsky.co.uk<\/strong>Esta lista n\u00e3o \u00e9 exaustiva. Al\u00e9m disso, em conformidade com o acima exposto, a <strong>Utilizador<\/strong> n\u00e3o ser\u00e1 capaz de o fazer:<\/p>\n<ul>\n<li>Reproduzir, copiar, distribuir, disponibilizar ou de qualquer outra forma comunicar publicamente, transformar ou modificar os Conte\u00fados, exceto se tiver sido dada autoriza\u00e7\u00e3o expl\u00edcita, por escrito, por <strong>DoutorSky<\/strong>O utilizador \u00e9 o propriet\u00e1rio dos direitos correspondentes ou est\u00e1 legalmente autorizado a faz\u00ea-lo.<\/li>\n<li>Eliminar, manipular ou alterar de qualquer forma os direitos de autor e outros dados de identifica\u00e7\u00e3o da reserva de direitos de <strong>DoutorSky<\/strong> ou dos seus propriet\u00e1rios, impress\u00f5es digitais e\/ou identificadores digitais, marcas de \u00e1gua ou quaisquer outros meios t\u00e9cnicos estabelecidos para o seu reconhecimento.<\/li>\n<\/ul>\n<p>O <strong>Utilizador<\/strong> abster-se-\u00e1 de obter ou mesmo tentar obter os Conte\u00fados por quaisquer meios ou procedimentos diferentes dos que, consoante o caso, tenham sido disponibilizados para esse efeito ou tenham sido indicados para esse efeito nas p\u00e1ginas Web em que se encontram os Conte\u00fados ou, em geral, dos que s\u00e3o habitualmente utilizados na Internet para esse efeito, desde que n\u00e3o impliquem um risco de dano ou incapacidade de <strong>cita.doctorsky.co.uk<\/strong>e\/ou dos Conte\u00fados.<\/p>\n<h3>PROPRIEDADE INTELECTUAL<\/h3>\n<p>Todas as marcas comerciais, nomes comerciais ou log\u00f3tipos de qualquer tipo que apare\u00e7am no s\u00edtio s\u00e3o propriedade dos respectivos propriet\u00e1rios. <strong>cita.doctorsky.co.uk<\/strong> s\u00e3o a propriedade de <strong>DoutorSky<\/strong> ou, se for caso disso, dos respectivos propriet\u00e1rios, sem que se entenda que a utiliza\u00e7\u00e3o ou o acesso ao Portal e\/ou aos Conte\u00fados atribui ao utilizador o direito de os utilizar. <strong>Utilizador<\/strong> quaisquer direitos sobre as marcas, nomes comerciais e\/ou sinais distintivos acima referidos, n\u00e3o podendo ser entendidos como tendo sido cedidos \u00e0 <strong>Utilizador<\/strong>Os Conte\u00fados s\u00e3o propriedade intelectual do S\u00edtio, n\u00e3o existindo nenhum dos direitos de explora\u00e7\u00e3o que existem ou possam existir sobre os referidos Conte\u00fados. Da mesma forma, os Conte\u00fados s\u00e3o propriedade intelectual de <strong>DoutorSky<\/strong>ou de terceiros, se for caso disso, pelo que os direitos de propriedade intelectual s\u00e3o propriedade de <strong>DoutorSky<\/strong> ou de terceiros que tenham autorizado a sua utiliza\u00e7\u00e3o, que det\u00eam os direitos exclusivos de explora\u00e7\u00e3o dos mesmos sob qualquer forma e, nomeadamente, os direitos de reprodu\u00e7\u00e3o, distribui\u00e7\u00e3o, comunica\u00e7\u00e3o p\u00fablica e transforma\u00e7\u00e3o. A utiliza\u00e7\u00e3o n\u00e3o autorizada das informa\u00e7\u00f5es contidas neste s\u00edtio Web, bem como qualquer viola\u00e7\u00e3o dos direitos de propriedade intelectual ou industrial de <strong>DoutorSky<\/strong> ou terceiros inclu\u00eddos no <strong>cita.doctorsky.co.uk<\/strong> que transferiram conte\u00fados dar\u00e3o origem \u00e0s responsabilidades legalmente estabelecidas.<\/p>\n<h3>DISPONIBILIDADE DE CITA.DOCTORSKY.ES<\/h3>\n<p><strong>DoutorSky<\/strong> n\u00e3o garante que n\u00e3o haver\u00e1 interrup\u00e7\u00f5es ou erros no acesso a <strong>cita.doctorsky.co.uk<\/strong>O s\u00edtio Web n\u00e3o garante que os seus conte\u00fados estejam actualizados, embora envide todos os esfor\u00e7os para os evitar, corrigir ou atualizar, se necess\u00e1rio. Consequentemente, <strong>DoutorSky<\/strong> n\u00e3o ser\u00e1 respons\u00e1vel por quaisquer danos de qualquer tipo causados na <strong>Utilizador<\/strong> causados por avarias ou desconex\u00f5es nas redes de telecomunica\u00e7\u00f5es que provoquem a suspens\u00e3o, anula\u00e7\u00e3o ou interrup\u00e7\u00e3o do servi\u00e7o do portal durante a presta\u00e7\u00e3o do mesmo ou previamente.<\/p>\n\n<p><strong>DoutorSky<\/strong> exclui, com as excep\u00e7\u00f5es previstas na legisla\u00e7\u00e3o em vigor, qualquer responsabilidade por danos de qualquer natureza que possam ser devidos \u00e0 falta de disponibilidade, continuidade ou qualidade do funcionamento do <strong>cita.doctorsky.co.uk<\/strong> e dos Conte\u00fados, ao n\u00e3o cumprimento da expetativa de utilidade que o <strong>UTILIZADOR<\/strong> poderia ter sido atribu\u00eddo a <strong>cita.doctorsky.co.uk<\/strong> e Conte\u00fado.<\/p>\n\n<p>A fun\u00e7\u00e3o das hiperliga\u00e7\u00f5es que aparecem neste s\u00edtio Web \u00e9 exclusivamente a de informar o utilizador sobre os <strong>Utilizador<\/strong> sobre a exist\u00eancia de outros s\u00edtios Web com informa\u00e7\u00f5es sobre o assunto. Estas hiperliga\u00e7\u00f5es n\u00e3o constituem qualquer sugest\u00e3o ou recomenda\u00e7\u00e3o.<\/p>\n\n<p><strong>DoutorSky<\/strong> n\u00e3o \u00e9 respons\u00e1vel pelo conte\u00fado dessas p\u00e1ginas ligadas, pelo funcionamento ou utilidade das hiperliga\u00e7\u00f5es ou pelos resultados dessas liga\u00e7\u00f5es, nem garante a aus\u00eancia de v\u00edrus ou outros elementos nelas contidos que possam causar altera\u00e7\u00f5es no sistema inform\u00e1tico (hardware e software), documentos ou ficheiros do <strong>Utilizador<\/strong>excluindo qualquer responsabilidade por danos de qualquer tipo causados \u00e0 <strong>Utilizador<\/strong> por esta raz\u00e3o.<\/p>\n\n<p>Acesso a <strong>cita.doctorsky.co.uk<\/strong> n\u00e3o implica uma obriga\u00e7\u00e3o por parte de <strong>DoutorSky<\/strong> para verificar a aus\u00eancia de v\u00edrus, worms ou qualquer outro elemento inform\u00e1tico nocivo. \u00c9 da responsabilidade do utilizador <strong>Utilizador<\/strong>Em qualquer caso, a disponibilidade de ferramentas adequadas para a dete\u00e7\u00e3o e desinfe\u00e7\u00e3o de software malicioso, portanto, <strong>DoutorSky<\/strong> n\u00e3o \u00e9 respons\u00e1vel por eventuais erros de seguran\u00e7a que possam ocorrer durante a presta\u00e7\u00e3o do servi\u00e7o. <strong>cita.doctorsky.co.uk<\/strong>A Comiss\u00e3o n\u00e3o \u00e9 respons\u00e1vel por quaisquer danos que possam ser causados ao sistema inform\u00e1tico do <strong>Utilizador<\/strong> ou de terceiros (hardware e software), os ficheiros ou documentos a\u00ed armazenados, em consequ\u00eancia da presen\u00e7a de v\u00edrus no computador do <strong>Utilizador<\/strong> utilizado para se ligar aos servi\u00e7os e conte\u00fados da Web, um mau funcionamento do navegador ou a utiliza\u00e7\u00e3o de vers\u00f5es n\u00e3o actualizadas do mesmo.<\/p>\n\n<p>A presta\u00e7\u00e3o do servi\u00e7o de <strong>cita.doctorsky.co.uk<\/strong> e do Conte\u00fado \u00e9, em princ\u00edpio, de dura\u00e7\u00e3o indefinida. <strong>DoutorSky<\/strong>No entanto, est\u00e1 autorizada a p\u00f4r termo ou suspender a presta\u00e7\u00e3o do servi\u00e7o por <strong>cita.doctorsky.co.uk<\/strong> e\/ou qualquer dos Conte\u00fados em qualquer altura. Sempre que razoavelmente poss\u00edvel, <strong>DoutorSky<\/strong> deve notificar previamente a cessa\u00e7\u00e3o ou suspens\u00e3o de <strong>cita.doctorsky.co.uk<\/strong>.<\/p>\n<h3>QUALIDADE DE CITA.DOCTORSKY.ES<\/h3>\n<p>Tendo em conta o ambiente din\u00e2mico e em evolu\u00e7\u00e3o das informa\u00e7\u00f5es e dos servi\u00e7os fornecidos por meio de <strong>cita.doctorsky.co.uk<\/strong>, <strong>DoutorSky<\/strong> envida os seus melhores esfor\u00e7os, mas n\u00e3o garante a total veracidade, exatid\u00e3o, fiabilidade, utilidade e\/ou atualidade do Conte\u00fado. A informa\u00e7\u00e3o contida nas p\u00e1ginas que comp\u00f5em este Portal tem car\u00e1cter meramente informativo, consultivo, informativo e publicit\u00e1rio. Em caso algum oferecem ou t\u00eam o car\u00e1cter de um compromisso vinculativo ou contratual.<\/p>\n<h3>LIMITA\u00c7\u00c3O DA RESPONSABILIDADE<\/h3>\n<p><strong>DoutorSky<\/strong> exclui qualquer responsabilidade por decis\u00f5es tomadas pela <strong>Utilizador<\/strong> que possa fazer com base nestas informa\u00e7\u00f5es, bem como por quaisquer erros tipogr\u00e1ficos que possam estar contidos nos documentos e gr\u00e1ficos deste s\u00edtio Web. <strong>cita.doctorsky.co.uk<\/strong>. As informa\u00e7\u00f5es est\u00e3o sujeitas a poss\u00edveis altera\u00e7\u00f5es peri\u00f3dicas sem aviso pr\u00e9vio do seu conte\u00fado devido \u00e0 expans\u00e3o, melhoria, corre\u00e7\u00e3o ou atualiza\u00e7\u00e3o dos Conte\u00fados.<\/p>\n<h3>NOTIFICA\u00c7\u00d5ES<\/h3>\n<p>Todas as notifica\u00e7\u00f5es e comunica\u00e7\u00f5es efectuadas por <strong>DoutorSky<\/strong> em <strong>Utilizador<\/strong> efectuadas por qualquer meio s\u00e3o consideradas eficazes para todos os efeitos.<\/p>\n<h3>JURISDI\u00c7\u00c3O<\/h3>\n<p>Para quaisquer quest\u00f5es que possam surgir relativamente \u00e0 interpreta\u00e7\u00e3o, aplica\u00e7\u00e3o e cumprimento do presente Aviso Legal, bem como para quaisquer reclama\u00e7\u00f5es que possam surgir da sua utiliza\u00e7\u00e3o, todas as partes envolvidas submetem-se aos Tribunais da prov\u00edncia de Madrid, com ren\u00fancia expressa a qualquer outro foro que lhes possa corresponder.<\/p>\n<h3>LEGISLA\u00c7\u00c3O APLIC\u00c1VEL<\/h3>\n<p>O presente Aviso Legal rege-se pela legisla\u00e7\u00e3o espanhola em vigor.<\/p>\n <\/div>\n\t\t\t\t\t\t<\/div>\n\t\t\t\t<\/div>\n\t\t\t\t\t<\/div>\n\t\t<\/div>\n\t\t\t\t\t<\/div>\n\t\t<\/section>\n\t\t\t\t<\/div>","protected":false},"excerpt":{"rendered":"","protected":false},"author":1,"featured_media":0,"parent":0,"menu_order":0,"comment_status":"closed","ping_status":"closed","template":"","meta":{"pmpro_default_level":"","footnotes":""},"class_list":["post-187","page","type-page","status-publish","hentry","pmpro-has-access"],"yoast_head":"<!-- This site is optimized with the Yoast SEO plugin v25.7 - https:\/\/yoast.com\/wordpress\/plugins\/seo\/ -->\n<title>Aviso legal - DoctorSky - Gesti&oacute;n de Citas<\/title>\n<meta name=\"robots\" content=\"index, follow, max-snippet:-1, max-image-preview:large, max-video-preview:-1\" \/>\n<link rel=\"canonical\" href=\"https:\/\/cita.doctorsky.es\/pt\/aviso-legal\/\" \/>\n<meta property=\"og:locale\" content=\"pt_PT\" \/>\n<meta property=\"og:type\" content=\"article\" \/>\n<meta property=\"og:title\" content=\"Aviso legal - DoctorSky - Gesti&oacute;n de Citas\" \/>\n<meta property=\"og:url\" content=\"https:\/\/cita.doctorsky.es\/pt\/aviso-legal\/\" \/>\n<meta property=\"og:site_name\" content=\"DoctorSky - Gesti&oacute;n de Citas\" \/>\n<meta property=\"article:modified_time\" content=\"2022-03-29T09:47:46+00:00\" \/>\n<meta name=\"twitter:card\" content=\"summary_large_image\" \/>\n<script type=\"application\/ld+json\" class=\"yoast-schema-graph\">{\"@context\":\"https:\/\/schema.org\",\"@graph\":[{\"@type\":\"WebPage\",\"@id\":\"https:\/\/cita.doctorsky.es\/it\/aviso-legal\/\",\"url\":\"https:\/\/cita.doctorsky.es\/it\/aviso-legal\/\",\"name\":\"Aviso legal - DoctorSky - Gesti&oacute;n de Citas\",\"isPartOf\":{\"@id\":\"https:\/\/cita.doctorsky.es\/es\/#website\"},\"datePublished\":\"2022-03-29T09:42:54+00:00\",\"dateModified\":\"2022-03-29T09:47:46+00:00\",\"breadcrumb\":{\"@id\":\"https:\/\/cita.doctorsky.es\/it\/aviso-legal\/#breadcrumb\"},\"inLanguage\":\"pt-PT\",\"potentialAction\":[{\"@type\":\"ReadAction\",\"target\":[\"https:\/\/cita.doctorsky.es\/it\/aviso-legal\/\"]}]},{\"@type\":\"BreadcrumbList\",\"@id\":\"https:\/\/cita.doctorsky.es\/it\/aviso-legal\/#breadcrumb\",\"itemListElement\":[{\"@type\":\"ListItem\",\"position\":1,\"name\":\"Portada\",\"item\":\"https:\/\/cita.doctorsky.es\/es\/\"},{\"@type\":\"ListItem\",\"position\":2,\"name\":\"Aviso legal\"}]},{\"@type\":\"WebSite\",\"@id\":\"https:\/\/cita.doctorsky.es\/es\/#website\",\"url\":\"https:\/\/cita.doctorsky.es\/es\/\",\"name\":\"DoctorSky - Gesti&oacute;n de Citas\",\"description\":\"Telemedicina al cuidado de tu salud\",\"publisher\":{\"@id\":\"https:\/\/cita.doctorsky.es\/es\/#organization\"},\"potentialAction\":[{\"@type\":\"SearchAction\",\"target\":{\"@type\":\"EntryPoint\",\"urlTemplate\":\"https:\/\/cita.doctorsky.es\/es\/?s={search_term_string}\"},\"query-input\":{\"@type\":\"PropertyValueSpecification\",\"valueRequired\":true,\"valueName\":\"search_term_string\"}}],\"inLanguage\":\"pt-PT\"},{\"@type\":\"Organization\",\"@id\":\"https:\/\/cita.doctorsky.es\/es\/#organization\",\"name\":\"DoctorSky\",\"url\":\"https:\/\/cita.doctorsky.es\/es\/\",\"logo\":{\"@type\":\"ImageObject\",\"inLanguage\":\"pt-PT\",\"@id\":\"https:\/\/cita.doctorsky.es\/es\/#\/schema\/logo\/image\/\",\"url\":\"https:\/\/cita.doctorsky.es\/wp-content\/uploads\/2022\/05\/logo-original.png\",\"contentUrl\":\"https:\/\/cita.doctorsky.es\/wp-content\/uploads\/2022\/05\/logo-original.png\",\"width\":1462,\"height\":357,\"caption\":\"DoctorSky\"},\"image\":{\"@id\":\"https:\/\/cita.doctorsky.es\/es\/#\/schema\/logo\/image\/\"}}]}<\/script>\n<!-- \/ Yoast SEO plugin. -->","yoast_head_json":{"title":"Aviso legal - DoctorSky - Gesti&oacute;n de Citas","robots":{"index":"index","follow":"follow","max-snippet":"max-snippet:-1","max-image-preview":"max-image-preview:large","max-video-preview":"max-video-preview:-1"},"canonical":"https:\/\/cita.doctorsky.es\/pt\/aviso-legal\/","og_locale":"pt_PT","og_type":"article","og_title":"Aviso legal - DoctorSky - Gesti&oacute;n de Citas","og_url":"https:\/\/cita.doctorsky.es\/pt\/aviso-legal\/","og_site_name":"DoctorSky - Gesti&oacute;n de Citas","article_modified_time":"2022-03-29T09:47:46+00:00","twitter_card":"summary_large_image","schema":{"@context":"https:\/\/schema.org","@graph":[{"@type":"WebPage","@id":"https:\/\/cita.doctorsky.es\/it\/aviso-legal\/","url":"https:\/\/cita.doctorsky.es\/it\/aviso-legal\/","name":"Aviso legal - DoctorSky - Gesti&oacute;n de Citas","isPartOf":{"@id":"https:\/\/cita.doctorsky.es\/es\/#website"},"datePublished":"2022-03-29T09:42:54+00:00","dateModified":"2022-03-29T09:47:46+00:00","breadcrumb":{"@id":"https:\/\/cita.doctorsky.es\/it\/aviso-legal\/#breadcrumb"},"inLanguage":"pt-PT","potentialAction":[{"@type":"ReadAction","target":["https:\/\/cita.doctorsky.es\/it\/aviso-legal\/"]}]},{"@type":"BreadcrumbList","@id":"https:\/\/cita.doctorsky.es\/it\/aviso-legal\/#breadcrumb","itemListElement":[{"@type":"ListItem","position":1,"name":"Portada","item":"https:\/\/cita.doctorsky.es\/es\/"},{"@type":"ListItem","position":2,"name":"Aviso legal"}]},{"@type":"WebSite","@id":"https:\/\/cita.doctorsky.es\/es\/#website","url":"https:\/\/cita.doctorsky.es\/es\/","name":"DoctorSky - Gesti&oacute;n de Citas","description":"A telemedicina para cuidar da sua sa\u00fade","publisher":{"@id":"https:\/\/cita.doctorsky.es\/es\/#organization"},"potentialAction":[{"@type":"SearchAction","target":{"@type":"EntryPoint","urlTemplate":"https:\/\/cita.doctorsky.es\/es\/?s={search_term_string}"},"query-input":{"@type":"PropertyValueSpecification","valueRequired":true,"valueName":"search_term_string"}}],"inLanguage":"pt-PT"},{"@type":"Organization","@id":"https:\/\/cita.doctorsky.es\/es\/#organization","name":"DoutorSky","url":"https:\/\/cita.doctorsky.es\/es\/","logo":{"@type":"ImageObject","inLanguage":"pt-PT","@id":"https:\/\/cita.doctorsky.es\/es\/#\/schema\/logo\/image\/","url":"https:\/\/cita.doctorsky.es\/wp-content\/uploads\/2022\/05\/logo-original.png","contentUrl":"https:\/\/cita.doctorsky.es\/wp-content\/uploads\/2022\/05\/logo-original.png","width":1462,"height":357,"caption":"DoctorSky"},"image":{"@id":"https:\/\/cita.doctorsky.es\/es\/#\/schema\/logo\/image\/"}}]}},"_links":{"self":[{"href":"https:\/\/cita.doctorsky.es\/pt\/wp-json\/wp\/v2\/pages\/187","targetHints":{"allow":["GET"]}}],"collection":[{"href":"https:\/\/cita.doctorsky.es\/pt\/wp-json\/wp\/v2\/pages"}],"about":[{"href":"https:\/\/cita.doctorsky.es\/pt\/wp-json\/wp\/v2\/types\/page"}],"author":[{"embeddable":true,"href":"https:\/\/cita.doctorsky.es\/pt\/wp-json\/wp\/v2\/users\/1"}],"replies":[{"embeddable":true,"href":"https:\/\/cita.doctorsky.es\/pt\/wp-json\/wp\/v2\/comments?post=187"}],"version-history":[{"count":0,"href":"https:\/\/cita.doctorsky.es\/pt\/wp-json\/wp\/v2\/pages\/187\/revisions"}],"wp:attachment":[{"href":"https:\/\/cita.doctorsky.es\/pt\/wp-json\/wp\/v2\/media?parent=187"}],"curies":[{"name":"wp","href":"https:\/\/api.w.org\/{rel}","templated":true}]}}