
{"id":189,"date":"2022-03-29T11:43:16","date_gmt":"2022-03-29T09:43:16","guid":{"rendered":"https:\/\/cita.doctorsky.es\/?page_id=189"},"modified":"2022-03-29T11:46:47","modified_gmt":"2022-03-29T09:46:47","slug":"politica-cookies","status":"publish","type":"page","link":"https:\/\/cita.doctorsky.es\/pt\/politica-cookies\/","title":{"rendered":"Pol\u00edtica de cookies"},"content":{"rendered":"<div data-elementor-type=\"wp-page\" data-elementor-id=\"189\" class=\"elementor elementor-189\">\n\t\t\t\t\t\t<section class=\"elementor-section elementor-top-section elementor-element elementor-element-b8b0537 elementor-section-boxed elementor-section-height-default elementor-section-height-default\" data-id=\"b8b0537\" data-element_type=\"section\">\n\t\t\t\t\t\t<div class=\"elementor-container elementor-column-gap-default\">\n\t\t\t\t\t<div class=\"elementor-column elementor-col-100 elementor-top-column elementor-element elementor-element-41ca8cf\" data-id=\"41ca8cf\" data-element_type=\"column\">\n\t\t\t<div class=\"elementor-widget-wrap elementor-element-populated\">\n\t\t\t\t\t\t<div class=\"elementor-element elementor-element-2092529 elementor-widget elementor-widget-shortcode\" data-id=\"2092529\" data-element_type=\"widget\" data-widget_type=\"shortcode.default\">\n\t\t\t\t<div class=\"elementor-widget-container\">\n\t\t\t\t\t\t\t<div class=\"elementor-shortcode\"><h3>Este s\u00edtio utiliza cookies<\/h3>\n<p>Em cumprimento da Lei 34\/2002, de 11 de julho, de Servi\u00e7os da Sociedade da Informa\u00e7\u00e3o e do Com\u00e9rcio Eletr\u00f3nico (LSSICE), informamos que este s\u00edtio Web <strong>DoutorSky<\/strong> utiliza cookies.<\/p>\n<p>A LSSICE aplica-se a qualquer tipo de ficheiro ou dispositivo que seja descarregado no equipamento terminal de um utilizador com a finalidade de armazenar dados que possam ser actualizados e recuperados pela entidade respons\u00e1vel pela sua instala\u00e7\u00e3o. Um cookie \u00e9 um destes ficheiros muito utilizados, que designaremos genericamente por cookies.<\/p>\n<p>Os cookies s\u00e3o pequenos ficheiros de texto enviados a um navegador a partir de um servidor Web para registar a atividade do utilizador num s\u00edtio Web, de modo a que esta informa\u00e7\u00e3o possa ser recuperada mais tarde ao navegar nas diferentes p\u00e1ginas ligadas ao servidor que os instalou.<\/p>\n<p>O <em>biscoitos<\/em> armazenam frequentemente informa\u00e7\u00f5es t\u00e9cnicas, prefer\u00eancias pessoais, personaliza\u00e7\u00e3o de conte\u00fados, estat\u00edsticas de utiliza\u00e7\u00e3o, liga\u00e7\u00f5es a redes sociais, acesso a contas de utilizador, etc.<\/p>\n<h3>Tipos de cookies<\/h3>\n<p>De seguida, os cookies s\u00e3o classificados de acordo com uma s\u00e9rie de categorias. No entanto, \u00e9 necess\u00e1rio ter em conta que o mesmo cookie pode estar inclu\u00eddo em mais do que uma categoria.<\/p><h2>De acordo com a entidade que os gere<\/h2>\n<p><\/p><ul>\n\t\t<li><b>Bolachas pr\u00f3prias:<\/b> S\u00e3o os que s\u00e3o enviados para o equipamento terminal do utilizador a partir de um computador ou dom\u00ednio gerido pelo pr\u00f3prio editor e a partir do qual \u00e9 prestado o servi\u00e7o solicitado pelo utilizador.<\/li>\n\t\t<li><b>Cookies de terceiros:<\/b> Os cookies s\u00e3o aqueles que s\u00e3o enviados para o equipamento terminal do utilizador a partir de um computador ou dom\u00ednio que n\u00e3o \u00e9 gerido pelo editor, mas por outra entidade que processa os dados obtidos atrav\u00e9s dos cookies.<\/li>\n\t<\/ul><p>No caso de os cookies serem instalados a partir de um computador ou dom\u00ednio gerido pelo pr\u00f3prio editor, mas as informa\u00e7\u00f5es recolhidas atrav\u00e9s destes serem geridas por terceiros, n\u00e3o s\u00e3o considerados cookies pr\u00f3prios.<\/p><h2>Dependendo do tempo que permanecem activados<\/h2>\n<p>Em fun\u00e7\u00e3o do tempo que permanecem activados no equipamento terminal, podemos distinguir:<\/p><ul>\n\t\t<li><b>Cookies de sess\u00e3o:<\/b> Trata-se de um tipo de cookie concebido para recolher e armazenar dados enquanto o utilizador acede a um s\u00edtio Web. S\u00e3o normalmente utilizados para armazenar informa\u00e7\u00f5es que apenas interessam para a presta\u00e7\u00e3o do servi\u00e7o solicitado pelo utilizador numa \u00fanica ocasi\u00e3o (por exemplo, uma lista de produtos comprados).<\/li>\n\t\t<li><b>Cookies persistentes:<\/b> Trata-se de um tipo de cookie em que os dados ficam armazenados no terminal e podem ser acedidos e tratados durante um per\u00edodo definido pelo respons\u00e1vel pelo cookie, que pode ir de alguns minutos a v\u00e1rios anos.<\/li>\n\t<\/ul><h2>De acordo com o seu objetivo<\/h2>\n<p>Dependendo da finalidade para a qual os dados obtidos atrav\u00e9s dos cookies s\u00e3o processados, podemos distinguir entre:<\/p><ul>\n\t\t<li><b>Cookies t\u00e9cnicos:<\/b> S\u00e3o aqueles que permitem ao utilizador navegar atrav\u00e9s de um site, plataforma ou aplica\u00e7\u00e3o e a utiliza\u00e7\u00e3o das diferentes op\u00e7\u00f5es ou servi\u00e7os que nele existem, por exemplo, controlar o tr\u00e1fego e a comunica\u00e7\u00e3o de dados, identificar a sess\u00e3o, aceder a partes de acesso restrito, recordar os elementos que comp\u00f5em uma encomenda, realizar o processo de compra de uma encomenda, realizar o pedido de inscri\u00e7\u00e3o ou participa\u00e7\u00e3o num evento, utilizar elementos de seguran\u00e7a durante a navega\u00e7\u00e3o, armazenar conte\u00fados para a difus\u00e3o de v\u00eddeos ou som ou partilhar conte\u00fados atrav\u00e9s das redes sociais.<\/li>\n\t\t<li><b>Cookies de personaliza\u00e7\u00e3o:<\/b> Permitem ao utilizador aceder ao servi\u00e7o com determinadas carater\u00edsticas gerais predefinidas em fun\u00e7\u00e3o de uma s\u00e9rie de crit\u00e9rios no terminal do utilizador, tais como a l\u00edngua, o tipo de navegador utilizado para aceder ao servi\u00e7o, a configura\u00e7\u00e3o regional a partir da qual se acede ao servi\u00e7o, etc.<\/li>\n\t\t<li><b>Cookies de an\u00e1lise:<\/b> Estes cookies permitem \u00e0 parte respons\u00e1vel por eles monitorizar e analisar o comportamento dos utilizadores dos s\u00edtios Web a que est\u00e3o ligados. As informa\u00e7\u00f5es recolhidas atrav\u00e9s deste tipo de cookies s\u00e3o utilizadas para medir a atividade dos s\u00edtios Web, da aplica\u00e7\u00e3o ou da plataforma e para criar perfis de navega\u00e7\u00e3o dos utilizadores desses s\u00edtios, aplica\u00e7\u00f5es e plataformas, a fim de introduzir melhorias com base na an\u00e1lise dos dados relativos \u00e0 utiliza\u00e7\u00e3o feita pelos utilizadores do servi\u00e7o.<\/li>\n\t\t<li><b>Cookies de publicidade:<\/b> S\u00e3o aqueles que permitem gerir, da forma mais eficiente poss\u00edvel, os espa\u00e7os publicit\u00e1rios que, se for caso disso, o editor tenha inclu\u00eddo num s\u00edtio Web, aplica\u00e7\u00e3o ou plataforma a partir da qual o servi\u00e7o solicitado \u00e9 prestado, com base em crit\u00e9rios como o conte\u00fado editado ou a frequ\u00eancia com que os an\u00fancios s\u00e3o exibidos.<\/li>\n\t\t<li><b>Cookies de publicidade comportamental:<\/b> Estes cookies permitem a gest\u00e3o, da forma mais eficaz poss\u00edvel, dos espa\u00e7os publicit\u00e1rios que, se for caso disso, o editor tenha inclu\u00eddo num s\u00edtio Web, aplica\u00e7\u00e3o ou plataforma a partir da qual \u00e9 prestado o servi\u00e7o solicitado. Estes cookies armazenam informa\u00e7\u00f5es sobre o comportamento do utilizador obtidas atrav\u00e9s da observa\u00e7\u00e3o cont\u00ednua dos seus h\u00e1bitos de navega\u00e7\u00e3o, o que permite desenvolver um perfil espec\u00edfico para apresentar publicidade com base no mesmo.<\/li>\n\t<\/ul>\n<h3>Como desativar os cookies nos principais navegadores Web<\/h3>\n<p>Para configurar a utiliza\u00e7\u00e3o de cookies, siga as instru\u00e7\u00f5es do seu navegador ou consulte a ajuda do seu navegador:<\/p>\n<ul>\n<li><a href=\"https:\/\/support.apple.com\/es-es\/HT201265\">Safari<\/a><\/li>\n<li><a href=\"https:\/\/support.mozilla.org\/es\/kb\/habilitar-y-deshabilitar-cookies-sitios-web-rastrear-preferencias?redirectlocale=es&redirectslug=habilitar-y-deshabilitar-cookies-que-los-sitios-we\">Firefox<\/a><\/li>\n<li><a href=\"https:\/\/support.google.com\/chrome\/answer\/95647?hl=es-es\">Cromado<\/a><\/li>\n<li><a href=\"https:\/\/www.opera.com\/help\/tutorials\/security\/privacy\/\">\u00d3pera<\/a><\/li>\n<li><a href=\"https:\/\/support.microsoft.com\/es-es\/help\/17442\/windows-internet-explorer-delete-manage-cookies\">Internet Explorer<\/a><\/li>\n<li><a href=\"https:\/\/privacy.microsoft.com\/es-es\/windows-10-microsoft-edge-and-privacy\">Borda<\/a><\/li>\n<\/ul>\n<h3>O que acontece se n\u00e3o aceitar cookies<\/h3>\n<p>A rejei\u00e7\u00e3o de cookies pode impedir o acesso a conte\u00fados e servi\u00e7os personalizados.<\/p>\n<h3>Actualiza\u00e7\u00f5es e altera\u00e7\u00f5es \u00e0 pol\u00edtica de cookies<\/h3>\n<p>A DoctorSky pode modificar esta pol\u00edtica de cookies de acordo com os requisitos legislativos, regulamentos, para adaptar esta pol\u00edtica \u00e0s instru\u00e7\u00f5es emitidas pela Ag\u00eancia Espanhola de Prote\u00e7\u00e3o de Dados, por quest\u00f5es t\u00e9cnicas ou reorganiza\u00e7\u00e3o do site; portanto, aconselhamos que a visite periodicamente.\n<h3>Contacto<\/h3>\n<p>Se tiver alguma d\u00favida sobre a forma como utilizamos os cookies, envie-nos um e-mail: <a href=\"mailto:%69n&#102;%6f&#64;d&#111;%63&#116;&#111;&#114;s&#107;%79.e%73\">info@doctorsky.es<\/a>.\n <\/div>\n\t\t\t\t\t\t<\/div>\n\t\t\t\t<\/div>\n\t\t\t\t\t<\/div>\n\t\t<\/div>\n\t\t\t\t\t<\/div>\n\t\t<\/section>\n\t\t\t\t<\/div>","protected":false},"excerpt":{"rendered":"","protected":false},"author":1,"featured_media":0,"parent":0,"menu_order":0,"comment_status":"closed","ping_status":"closed","template":"","meta":{"pmpro_default_level":"","footnotes":""},"class_list":["post-189","page","type-page","status-publish","hentry","pmpro-has-access"],"yoast_head":"<!-- This site is optimized with the Yoast SEO plugin v25.7 - https:\/\/yoast.com\/wordpress\/plugins\/seo\/ -->\n<title>Pol\u00edtica de cookies - DoctorSky - Gesti&oacute;n de Citas<\/title>\n<meta name=\"robots\" content=\"index, follow, max-snippet:-1, max-image-preview:large, max-video-preview:-1\" \/>\n<link rel=\"canonical\" href=\"https:\/\/cita.doctorsky.es\/pt\/politica-cookies\/\" \/>\n<meta property=\"og:locale\" content=\"pt_PT\" \/>\n<meta property=\"og:type\" content=\"article\" \/>\n<meta property=\"og:title\" content=\"Pol\u00edtica de cookies - DoctorSky - Gesti&oacute;n de Citas\" \/>\n<meta property=\"og:url\" content=\"https:\/\/cita.doctorsky.es\/pt\/politica-cookies\/\" \/>\n<meta property=\"og:site_name\" content=\"DoctorSky - Gesti&oacute;n de Citas\" \/>\n<meta property=\"article:modified_time\" content=\"2022-03-29T09:46:47+00:00\" \/>\n<meta name=\"twitter:card\" content=\"summary_large_image\" \/>\n<script type=\"application\/ld+json\" class=\"yoast-schema-graph\">{\"@context\":\"https:\/\/schema.org\",\"@graph\":[{\"@type\":\"WebPage\",\"@id\":\"https:\/\/cita.doctorsky.es\/ar\/politica-cookies\/\",\"url\":\"https:\/\/cita.doctorsky.es\/ar\/politica-cookies\/\",\"name\":\"Pol\u00edtica de cookies - DoctorSky - Gesti&oacute;n de Citas\",\"isPartOf\":{\"@id\":\"https:\/\/cita.doctorsky.es\/es\/#website\"},\"datePublished\":\"2022-03-29T09:43:16+00:00\",\"dateModified\":\"2022-03-29T09:46:47+00:00\",\"breadcrumb\":{\"@id\":\"https:\/\/cita.doctorsky.es\/ar\/politica-cookies\/#breadcrumb\"},\"inLanguage\":\"pt-PT\",\"potentialAction\":[{\"@type\":\"ReadAction\",\"target\":[\"https:\/\/cita.doctorsky.es\/ar\/politica-cookies\/\"]}]},{\"@type\":\"BreadcrumbList\",\"@id\":\"https:\/\/cita.doctorsky.es\/ar\/politica-cookies\/#breadcrumb\",\"itemListElement\":[{\"@type\":\"ListItem\",\"position\":1,\"name\":\"Portada\",\"item\":\"https:\/\/cita.doctorsky.es\/es\/\"},{\"@type\":\"ListItem\",\"position\":2,\"name\":\"Pol\u00edtica de cookies\"}]},{\"@type\":\"WebSite\",\"@id\":\"https:\/\/cita.doctorsky.es\/es\/#website\",\"url\":\"https:\/\/cita.doctorsky.es\/es\/\",\"name\":\"DoctorSky - Gesti&oacute;n de Citas\",\"description\":\"Telemedicina al cuidado de tu salud\",\"publisher\":{\"@id\":\"https:\/\/cita.doctorsky.es\/es\/#organization\"},\"potentialAction\":[{\"@type\":\"SearchAction\",\"target\":{\"@type\":\"EntryPoint\",\"urlTemplate\":\"https:\/\/cita.doctorsky.es\/es\/?s={search_term_string}\"},\"query-input\":{\"@type\":\"PropertyValueSpecification\",\"valueRequired\":true,\"valueName\":\"search_term_string\"}}],\"inLanguage\":\"pt-PT\"},{\"@type\":\"Organization\",\"@id\":\"https:\/\/cita.doctorsky.es\/es\/#organization\",\"name\":\"DoctorSky\",\"url\":\"https:\/\/cita.doctorsky.es\/es\/\",\"logo\":{\"@type\":\"ImageObject\",\"inLanguage\":\"pt-PT\",\"@id\":\"https:\/\/cita.doctorsky.es\/es\/#\/schema\/logo\/image\/\",\"url\":\"https:\/\/cita.doctorsky.es\/wp-content\/uploads\/2022\/05\/logo-original.png\",\"contentUrl\":\"https:\/\/cita.doctorsky.es\/wp-content\/uploads\/2022\/05\/logo-original.png\",\"width\":1462,\"height\":357,\"caption\":\"DoctorSky\"},\"image\":{\"@id\":\"https:\/\/cita.doctorsky.es\/es\/#\/schema\/logo\/image\/\"}}]}<\/script>\n<!-- \/ Yoast SEO plugin. -->","yoast_head_json":{"title":"Pol\u00edtica de cookies - DoctorSky - Gesti&oacute;n de Citas","robots":{"index":"index","follow":"follow","max-snippet":"max-snippet:-1","max-image-preview":"max-image-preview:large","max-video-preview":"max-video-preview:-1"},"canonical":"https:\/\/cita.doctorsky.es\/pt\/politica-cookies\/","og_locale":"pt_PT","og_type":"article","og_title":"Pol\u00edtica de cookies - DoctorSky - Gesti&oacute;n de Citas","og_url":"https:\/\/cita.doctorsky.es\/pt\/politica-cookies\/","og_site_name":"DoctorSky - Gesti&oacute;n de Citas","article_modified_time":"2022-03-29T09:46:47+00:00","twitter_card":"summary_large_image","schema":{"@context":"https:\/\/schema.org","@graph":[{"@type":"WebPage","@id":"https:\/\/cita.doctorsky.es\/ar\/politica-cookies\/","url":"https:\/\/cita.doctorsky.es\/ar\/politica-cookies\/","name":"Pol\u00edtica de cookies - DoctorSky - Gesti&oacute;n de Citas","isPartOf":{"@id":"https:\/\/cita.doctorsky.es\/es\/#website"},"datePublished":"2022-03-29T09:43:16+00:00","dateModified":"2022-03-29T09:46:47+00:00","breadcrumb":{"@id":"https:\/\/cita.doctorsky.es\/ar\/politica-cookies\/#breadcrumb"},"inLanguage":"pt-PT","potentialAction":[{"@type":"ReadAction","target":["https:\/\/cita.doctorsky.es\/ar\/politica-cookies\/"]}]},{"@type":"BreadcrumbList","@id":"https:\/\/cita.doctorsky.es\/ar\/politica-cookies\/#breadcrumb","itemListElement":[{"@type":"ListItem","position":1,"name":"Portada","item":"https:\/\/cita.doctorsky.es\/es\/"},{"@type":"ListItem","position":2,"name":"Pol\u00edtica de cookies"}]},{"@type":"WebSite","@id":"https:\/\/cita.doctorsky.es\/es\/#website","url":"https:\/\/cita.doctorsky.es\/es\/","name":"DoctorSky - Gesti&oacute;n de Citas","description":"A telemedicina para cuidar da sua sa\u00fade","publisher":{"@id":"https:\/\/cita.doctorsky.es\/es\/#organization"},"potentialAction":[{"@type":"SearchAction","target":{"@type":"EntryPoint","urlTemplate":"https:\/\/cita.doctorsky.es\/es\/?s={search_term_string}"},"query-input":{"@type":"PropertyValueSpecification","valueRequired":true,"valueName":"search_term_string"}}],"inLanguage":"pt-PT"},{"@type":"Organization","@id":"https:\/\/cita.doctorsky.es\/es\/#organization","name":"DoutorSky","url":"https:\/\/cita.doctorsky.es\/es\/","logo":{"@type":"ImageObject","inLanguage":"pt-PT","@id":"https:\/\/cita.doctorsky.es\/es\/#\/schema\/logo\/image\/","url":"https:\/\/cita.doctorsky.es\/wp-content\/uploads\/2022\/05\/logo-original.png","contentUrl":"https:\/\/cita.doctorsky.es\/wp-content\/uploads\/2022\/05\/logo-original.png","width":1462,"height":357,"caption":"DoctorSky"},"image":{"@id":"https:\/\/cita.doctorsky.es\/es\/#\/schema\/logo\/image\/"}}]}},"_links":{"self":[{"href":"https:\/\/cita.doctorsky.es\/pt\/wp-json\/wp\/v2\/pages\/189","targetHints":{"allow":["GET"]}}],"collection":[{"href":"https:\/\/cita.doctorsky.es\/pt\/wp-json\/wp\/v2\/pages"}],"about":[{"href":"https:\/\/cita.doctorsky.es\/pt\/wp-json\/wp\/v2\/types\/page"}],"author":[{"embeddable":true,"href":"https:\/\/cita.doctorsky.es\/pt\/wp-json\/wp\/v2\/users\/1"}],"replies":[{"embeddable":true,"href":"https:\/\/cita.doctorsky.es\/pt\/wp-json\/wp\/v2\/comments?post=189"}],"version-history":[{"count":0,"href":"https:\/\/cita.doctorsky.es\/pt\/wp-json\/wp\/v2\/pages\/189\/revisions"}],"wp:attachment":[{"href":"https:\/\/cita.doctorsky.es\/pt\/wp-json\/wp\/v2\/media?parent=189"}],"curies":[{"name":"wp","href":"https:\/\/api.w.org\/{rel}","templated":true}]}}