
{"id":158,"date":"2022-03-29T10:57:18","date_gmt":"2022-03-29T08:57:18","guid":{"rendered":"https:\/\/cita.doctorsky.es\/?page_id=158"},"modified":"2022-05-17T12:22:15","modified_gmt":"2022-05-17T10:22:15","slug":"terminos-condiciones","status":"publish","type":"page","link":"https:\/\/cita.doctorsky.es\/zh\/terminos-condiciones\/","title":{"rendered":"\u6761\u6b3e\u548c\u6761\u4ef6"},"content":{"rendered":"<h3 class=\"wp-block-heading\">\u8bc6\u522b\u6570\u636e<\/h3>\n\n\n\n<p>\u5fc5\u987b\u5305\u62ec\u62e5\u6709\u7f51\u7ad9\u6216\u7f51\u4e0a\u5546\u5e97\u7684\u4e13\u4e1a\u4eba\u5458\u6216\u516c\u53f8\u7684\u8be6\u7ec6\u8eab\u4efd\u4fe1\u606f\uff0c\u4ee5\u4fbf\u7528\u6237\u4e86\u89e3\u4e0e\u4e4b\u7b7e\u8ba2\u5408\u540c\u7684\u4eba\u548c\u7f51\u7ad9\u7684\u8d1f\u8d23\u4eba\u3002<\/p>\n\n\n\n<h3 class=\"wp-block-heading\">\u77e5\u8bc6\u4ea7\u6743\u548c\u5de5\u4e1a\u4ea7\u6743<\/h3>\n\n\n\n<p>\u5fc5\u987b\u6ce8\u660e\u7f51\u7ad9\u7ec4\u6210\u5143\u7d20\u7684\u6240\u6709\u8005\uff0c\u4ee5\u53ca\u8fd9\u4e9b\u5143\u7d20\u6388\u4e88\u7528\u6237\u7684\u7528\u6237\u8bb8\u53ef\u7c7b\u578b\u3002\u4f8b\u5982\uff0c\u5982\u679c\u7f51\u7ad9\u6709\u4e00\u4e2a\u535a\u5ba2\uff0c\u5c31\u5fc5\u987b\u786e\u5b9a\u7f51\u7ad9\u4e0a\u53d1\u8868\u7684\u6587\u7ae0\u6216\u6784\u6210\u7f51\u7ad9\u7684\u5176\u4ed6\u5143\u7d20\uff08\u5982\u7167\u7247\u3001\u89c6\u9891\u3001\u5fbd\u6807\u7b49\uff09\u6388\u4e88\u7528\u6237\u7684\u8bb8\u53ef\u3002<\/p>\n\n\n\n<h3 class=\"wp-block-heading\">\u53ca\u65f6\u9884\u7ea6\u7684\u6b65\u9aa4<\/h3>\n\n\n\n<p>\u4efb\u4f55\u5e0c\u671b\u53ca\u65f6\u9884\u7ea6\u7684\u7528\u6237\u90fd\u5e94\u5728 https:\/\/cita.doctorsky.es\/ \u4e0a\u5b8c\u6210\u9884\u7ea6\u6d41\u7a0b\u3002<\/p>\n\n\n\n<p>\u5728\u6b64\u8fc7\u7a0b\u4e2d\uff0c\u7528\u6237\uff08\u75c5\u4eba\uff09\u5c06\u5e26\u7740\u586b\u5199\u75c5\u5386\u6240\u9700\u7684\u6570\u636e\u51fa\u9662\u3002<\/p>\n\n\n\n<p>\u4e00\u65e6\u7528\u6237\u8eab\u4efd\u88ab\u786e\u8ba4\uff0c\u4ed6\/\u5979\u5c06\u901a\u8fc7\u652f\u4ed8\u533b\u7597\u9884\u7ea6\u8d39\u7528\u5b8c\u6210\u9884\u7ea6\uff0c\u5e76\u5c06\u6536\u5230\u5305\u542b\u6240\u6709\u8be6\u7ec6\u4fe1\u606f\u7684\u7535\u5b50\u90ae\u4ef6\u901a\u77e5\u3002<\/p>\n\n\n\n<h3 class=\"wp-block-heading\">\u83b7\u53d6\u89c6\u9891\u54a8\u8be2<\/h3>\n\n\n\n<p>\u4e00\u65e6\u4e13\u4e1a\u533b\u52a1\u4eba\u5458\u5728\u6307\u5b9a\u7684\u65e5\u671f\u548c\u65f6\u95f4\u6fc0\u6d3b\u4e86\u9884\u7ea6\uff0c\u60a3\u8005\u5c31\u4f1a\u6536\u5230\u4e00\u5c01\u5e26\u6709\u89c6\u9891\u4f1a\u8bca\u5ba4\u94fe\u63a5\u7684\u7535\u5b50\u90ae\u4ef6\uff0c\u5ba2\u6237\u9009\u62e9\u7684\u533b\u751f\u5c31\u4f1a\u51fa\u73b0\u5728\u89c6\u9891\u4f1a\u8bca\u5ba4\u3002<\/p>\n\n\n\n<h3 class=\"wp-block-heading\">\u4ef7\u683c<\/h3>\n\n\n\n<p>\u6bcf\u9879\u670d\u52a1\uff0c\u65e0\u8bba\u662f\u89c6\u9891\u4f1a\u8bca\uff08\u8fdc\u7a0b\u533b\u7597\uff09\u8fd8\u662f\u5176\u4ed6\u670d\u52a1\uff08\u7535\u8bdd\u3001\u4e0a\u95e8\u670d\u52a1\u7b49\uff09\uff0c\u90fd\u6709\u76f8\u5e94\u7684\u4ef7\u683c\uff0c\u5e76\u5728\u9884\u7ea6\u524d\u652f\u4ed8\u3002<\/p>\n\n\n\n<h3 class=\"wp-block-heading\">\u884c\u4e3a\u5b88\u5219<\/h3>\n\n\n\n<p>\u5982\u679c\u5fc5\u987b\u6ce8\u518c\u6210\u4e3a\u7528\u6237\u624d\u80fd\u4eab\u53d7\u7f51\u7ad9\u63d0\u4f9b\u7684\u670d\u52a1\uff0c\u5219\u5fc5\u987b\u89c4\u5b9a\u5177\u4f53\u7684\u4f7f\u7528\u6761\u4ef6\u3001\u8d4b\u4e88\u6ce8\u518c\u7528\u6237\u7684\u6743\u5229\u4ee5\u53ca\u5982\u679c\u5176\u884c\u4e3a\u4e0d\u7b26\u5408\u89c4\u5b9a\u7684\u884c\u4e3a\u51c6\u5219\u65f6\u5e94\u627f\u62c5\u7684\u8d23\u4efb\uff0c\u4f8b\u5982\uff0c\u5982\u679c\u6ce8\u518c\u662f\u4e3a\u4e86\u8bba\u575b\uff0c\u5219\u5e94\u660e\u786e\u89c4\u5b9a\u7528\u6237\u5bf9\u5176\u53d1\u8868\u7684\u8bc4\u8bba\u5e94\u627f\u62c5\u7684\u8d23\u4efb\u3002<\/p>\n\n\n\n<h3 class=\"wp-block-heading\">\u804c\u8d23<\/h3>\n\n\n\n<p>\u91cd\u8981\u7684\u662f\uff0c\u7f51\u7ad9\u5e94\u660e\u786e\u89c4\u5b9a\u6240\u627f\u62c5\u7684\u8d23\u4efb\uff0c\u4ee5\u53ca\u5bf9\u7f51\u7ad9\u4e0a\u53ef\u80fd\u53d1\u751f\u7684\u4e8b\u4ef6\u7684\u8d23\u4efb\u9650\u5236\u3002<\/p>\n\n\n\n<h3 class=\"wp-block-heading\">\u62c5\u4fdd<\/h3>\n\n\n\n<p>\u8ba9\u7528\u6237\u4e86\u89e3\u4ed6\u4eec\u5728\u8d2d\u4e70\u4ea7\u54c1\u6216\u670d\u52a1\u65f6\u4eab\u6709\u7684\u4fdd\u969c\u975e\u5e38\u91cd\u8981\u3002<\/p>\n\n\n\n<p>\u5e94\u5f53\u6ce8\u610f\u7684\u662f\uff0c\u5728\u9500\u552e\u4ea7\u54c1\u7684\u60c5\u51b5\u4e0b\uff0c\u5fc5\u987b\u5217\u5165\u6709\u5173\u4ea7\u54c1\u8d23\u4efb\u3001\u9000\u6b3e\u548c\u9000\u8d27\u95ee\u9898\u7684\u6761\u6b3e\u3002<\/p>\n\n\n\n<h3 class=\"wp-block-heading\">\u9002\u7528\u6cd5\u5f8b\u548c\u4e89\u7aef\u89e3\u51b3\u5236\u5ea6<\/h3>\n\n\n\n<p>\u91cd\u8981\u7684\u662f\u8981\u8ba9\u7528\u6237\u4e86\u89e3\u9002\u7528\u4e8e\u6240\u5efa\u7acb\u7684\u5408\u540c\u5173\u7cfb\u7684\u89c4\u5219\uff0c\u4ee5\u53ca\u5efa\u7acb\u5ead\u5916\u4e89\u8bae\u89e3\u51b3\u7cfb\u7edf\u6216\u4e3b\u7ba1\u6cd5\u9662\uff0c\u4ee5\u89e3\u51b3\u53ef\u80fd\u51fa\u73b0\u7684\u4efb\u4f55\u4e89\u8bae\u3002<\/p>\n\n\n\n<h3 class=\"wp-block-heading\">\u5176\u4ed6<\/h3>\n\n\n\n<p>\u5982\u679c\u63d0\u4f9b\u4f18\u60e0\u548c\u4fc3\u9500\uff0c\u5219\u5e94\u5305\u62ec\u6709\u5173\u4f18\u60e0\u6216\u4fc3\u9500\u7684\u5177\u4f53\u6761\u4ef6\u3002\u5982\u679c\u5728\u7528\u6237\u8d2d\u4e70\u4ea7\u54c1\u6216\u670d\u52a1\u540e\u5411\u5176\u63d0\u4f9b\u5ba2\u6237\u670d\u52a1\uff0c\u4e5f\u5e94\u5305\u62ec\u6709\u5173\u552e\u540e\u670d\u52a1\u7684\u6761\u4ef6\u3002<\/p>","protected":false},"excerpt":{"rendered":"<p>Datos de identificaci\u00f3n Se debe incluir los datos de identificaci\u00f3n del profesional o la empresa titular de la p\u00e1gina web o tienda online para que los usuarios tengan conocimiento de la persona con la que contratan y el responsable de la web. Derechos de propiedad intelectual e industrial Se debe se\u00f1alar qui\u00e9n es el titular<a class=\"more-link\" href=\"https:\/\/cita.doctorsky.es\/zh\/terminos-condiciones\/\">Read more  &#10230;<\/a><\/p>","protected":false},"author":1,"featured_media":0,"parent":0,"menu_order":0,"comment_status":"closed","ping_status":"closed","template":"","meta":{"pmpro_default_level":"","footnotes":""},"class_list":["post-158","page","type-page","status-publish","hentry","pmpro-has-access"],"yoast_head":"<!-- This site is optimized with the Yoast SEO plugin v25.7 - https:\/\/yoast.com\/wordpress\/plugins\/seo\/ -->\n<title>T\u00e9rminos y Condiciones - DoctorSky - Gesti&oacute;n de Citas<\/title>\n<meta name=\"robots\" content=\"index, follow, max-snippet:-1, max-image-preview:large, max-video-preview:-1\" \/>\n<link rel=\"canonical\" href=\"https:\/\/cita.doctorsky.es\/zh\/terminos-condiciones\/\" \/>\n<meta property=\"og:locale\" content=\"zh_CN\" \/>\n<meta property=\"og:type\" content=\"article\" \/>\n<meta property=\"og:title\" content=\"T\u00e9rminos y Condiciones - DoctorSky - Gesti&oacute;n de Citas\" \/>\n<meta property=\"og:description\" content=\"Datos de identificaci\u00f3n Se debe incluir los datos de identificaci\u00f3n del profesional o la empresa titular de la p\u00e1gina web o tienda online para que los usuarios tengan conocimiento de la persona con la que contratan y el responsable de la web. Derechos de propiedad intelectual e industrial Se debe se\u00f1alar qui\u00e9n es el titularRead more &#10230;\" \/>\n<meta property=\"og:url\" content=\"https:\/\/cita.doctorsky.es\/zh\/terminos-condiciones\/\" \/>\n<meta property=\"og:site_name\" content=\"DoctorSky - Gesti&oacute;n de Citas\" \/>\n<meta property=\"article:modified_time\" content=\"2022-05-17T10:22:15+00:00\" \/>\n<meta name=\"twitter:card\" content=\"summary_large_image\" \/>\n<meta name=\"twitter:label1\" content=\"\u9884\u8ba1\u9605\u8bfb\u65f6\u95f4\" \/>\n\t<meta name=\"twitter:data1\" content=\"3 \u5206\" \/>\n<script type=\"application\/ld+json\" class=\"yoast-schema-graph\">{\"@context\":\"https:\/\/schema.org\",\"@graph\":[{\"@type\":\"WebPage\",\"@id\":\"https:\/\/cita.doctorsky.es\/ar\/terminos-condiciones\/\",\"url\":\"https:\/\/cita.doctorsky.es\/ar\/terminos-condiciones\/\",\"name\":\"T\u00e9rminos y Condiciones - DoctorSky - Gesti&oacute;n de Citas\",\"isPartOf\":{\"@id\":\"https:\/\/cita.doctorsky.es\/es\/#website\"},\"datePublished\":\"2022-03-29T08:57:18+00:00\",\"dateModified\":\"2022-05-17T10:22:15+00:00\",\"breadcrumb\":{\"@id\":\"https:\/\/cita.doctorsky.es\/ar\/terminos-condiciones\/#breadcrumb\"},\"inLanguage\":\"zh-Hans\",\"potentialAction\":[{\"@type\":\"ReadAction\",\"target\":[\"https:\/\/cita.doctorsky.es\/ar\/terminos-condiciones\/\"]}]},{\"@type\":\"BreadcrumbList\",\"@id\":\"https:\/\/cita.doctorsky.es\/ar\/terminos-condiciones\/#breadcrumb\",\"itemListElement\":[{\"@type\":\"ListItem\",\"position\":1,\"name\":\"Portada\",\"item\":\"https:\/\/cita.doctorsky.es\/es\/\"},{\"@type\":\"ListItem\",\"position\":2,\"name\":\"T\u00e9rminos y Condiciones\"}]},{\"@type\":\"WebSite\",\"@id\":\"https:\/\/cita.doctorsky.es\/es\/#website\",\"url\":\"https:\/\/cita.doctorsky.es\/es\/\",\"name\":\"DoctorSky - Gesti&oacute;n de Citas\",\"description\":\"Telemedicina al cuidado de tu salud\",\"publisher\":{\"@id\":\"https:\/\/cita.doctorsky.es\/es\/#organization\"},\"potentialAction\":[{\"@type\":\"SearchAction\",\"target\":{\"@type\":\"EntryPoint\",\"urlTemplate\":\"https:\/\/cita.doctorsky.es\/es\/?s={search_term_string}\"},\"query-input\":{\"@type\":\"PropertyValueSpecification\",\"valueRequired\":true,\"valueName\":\"search_term_string\"}}],\"inLanguage\":\"zh-Hans\"},{\"@type\":\"Organization\",\"@id\":\"https:\/\/cita.doctorsky.es\/es\/#organization\",\"name\":\"DoctorSky\",\"url\":\"https:\/\/cita.doctorsky.es\/es\/\",\"logo\":{\"@type\":\"ImageObject\",\"inLanguage\":\"zh-Hans\",\"@id\":\"https:\/\/cita.doctorsky.es\/es\/#\/schema\/logo\/image\/\",\"url\":\"https:\/\/cita.doctorsky.es\/wp-content\/uploads\/2022\/05\/logo-original.png\",\"contentUrl\":\"https:\/\/cita.doctorsky.es\/wp-content\/uploads\/2022\/05\/logo-original.png\",\"width\":1462,\"height\":357,\"caption\":\"DoctorSky\"},\"image\":{\"@id\":\"https:\/\/cita.doctorsky.es\/es\/#\/schema\/logo\/image\/\"}}]}<\/script>\n<!-- \/ Yoast SEO plugin. -->","yoast_head_json":{"title":"T\u00e9rminos y Condiciones - DoctorSky - Gesti&oacute;n de Citas","robots":{"index":"index","follow":"follow","max-snippet":"max-snippet:-1","max-image-preview":"max-image-preview:large","max-video-preview":"max-video-preview:-1"},"canonical":"https:\/\/cita.doctorsky.es\/zh\/terminos-condiciones\/","og_locale":"zh_CN","og_type":"article","og_title":"T\u00e9rminos y Condiciones - DoctorSky - Gesti&oacute;n de Citas","og_description":"Datos de identificaci\u00f3n Se debe incluir los datos de identificaci\u00f3n del profesional o la empresa titular de la p\u00e1gina web o tienda online para que los usuarios tengan conocimiento de la persona con la que contratan y el responsable de la web. Derechos de propiedad intelectual e industrial Se debe se\u00f1alar qui\u00e9n es el titularRead more &#10230;","og_url":"https:\/\/cita.doctorsky.es\/zh\/terminos-condiciones\/","og_site_name":"DoctorSky - Gesti&oacute;n de Citas","article_modified_time":"2022-05-17T10:22:15+00:00","twitter_card":"summary_large_image","twitter_misc":{"\u9884\u8ba1\u9605\u8bfb\u65f6\u95f4":"3 \u5206"},"schema":{"@context":"https:\/\/schema.org","@graph":[{"@type":"WebPage","@id":"https:\/\/cita.doctorsky.es\/ar\/terminos-condiciones\/","url":"https:\/\/cita.doctorsky.es\/ar\/terminos-condiciones\/","name":"T\u00e9rminos y Condiciones - DoctorSky - Gesti&oacute;n de Citas","isPartOf":{"@id":"https:\/\/cita.doctorsky.es\/es\/#website"},"datePublished":"2022-03-29T08:57:18+00:00","dateModified":"2022-05-17T10:22:15+00:00","breadcrumb":{"@id":"https:\/\/cita.doctorsky.es\/ar\/terminos-condiciones\/#breadcrumb"},"inLanguage":"zh-Hans","potentialAction":[{"@type":"ReadAction","target":["https:\/\/cita.doctorsky.es\/ar\/terminos-condiciones\/"]}]},{"@type":"BreadcrumbList","@id":"https:\/\/cita.doctorsky.es\/ar\/terminos-condiciones\/#breadcrumb","itemListElement":[{"@type":"ListItem","position":1,"name":"Portada","item":"https:\/\/cita.doctorsky.es\/es\/"},{"@type":"ListItem","position":2,"name":"T\u00e9rminos y Condiciones"}]},{"@type":"WebSite","@id":"https:\/\/cita.doctorsky.es\/es\/#website","url":"https:\/\/cita.doctorsky.es\/es\/","name":"DoctorSky - \u9884\u7ea6\u7ba1\u7406","description":"\u8fdc\u7a0b\u533b\u7597\u4e3a\u60a8\u7684\u5065\u5eb7\u4fdd\u9a7e\u62a4\u822a","publisher":{"@id":"https:\/\/cita.doctorsky.es\/es\/#organization"},"potentialAction":[{"@type":"SearchAction","target":{"@type":"EntryPoint","urlTemplate":"https:\/\/cita.doctorsky.es\/es\/?s={search_term_string}"},"query-input":{"@type":"PropertyValueSpecification","valueRequired":true,"valueName":"search_term_string"}}],"inLanguage":"zh-Hans"},{"@type":"Organization","@id":"https:\/\/cita.doctorsky.es\/es\/#organization","name":"\u535a\u58eb\u5929\u7a7a","url":"https:\/\/cita.doctorsky.es\/es\/","logo":{"@type":"ImageObject","inLanguage":"zh-Hans","@id":"https:\/\/cita.doctorsky.es\/es\/#\/schema\/logo\/image\/","url":"https:\/\/cita.doctorsky.es\/wp-content\/uploads\/2022\/05\/logo-original.png","contentUrl":"https:\/\/cita.doctorsky.es\/wp-content\/uploads\/2022\/05\/logo-original.png","width":1462,"height":357,"caption":"DoctorSky"},"image":{"@id":"https:\/\/cita.doctorsky.es\/es\/#\/schema\/logo\/image\/"}}]}},"_links":{"self":[{"href":"https:\/\/cita.doctorsky.es\/zh\/wp-json\/wp\/v2\/pages\/158","targetHints":{"allow":["GET"]}}],"collection":[{"href":"https:\/\/cita.doctorsky.es\/zh\/wp-json\/wp\/v2\/pages"}],"about":[{"href":"https:\/\/cita.doctorsky.es\/zh\/wp-json\/wp\/v2\/types\/page"}],"author":[{"embeddable":true,"href":"https:\/\/cita.doctorsky.es\/zh\/wp-json\/wp\/v2\/users\/1"}],"replies":[{"embeddable":true,"href":"https:\/\/cita.doctorsky.es\/zh\/wp-json\/wp\/v2\/comments?post=158"}],"version-history":[{"count":0,"href":"https:\/\/cita.doctorsky.es\/zh\/wp-json\/wp\/v2\/pages\/158\/revisions"}],"wp:attachment":[{"href":"https:\/\/cita.doctorsky.es\/zh\/wp-json\/wp\/v2\/media?parent=158"}],"curies":[{"name":"wp","href":"https:\/\/api.w.org\/{rel}","templated":true}]}}