
{"id":161,"date":"2022-03-29T10:59:11","date_gmt":"2022-03-29T08:59:11","guid":{"rendered":"https:\/\/cita.doctorsky.es\/?page_id=161"},"modified":"2023-12-04T15:18:58","modified_gmt":"2023-12-04T14:18:58","slug":"politica-privacidad","status":"publish","type":"page","link":"https:\/\/cita.doctorsky.es\/zh\/politica-privacidad\/","title":{"rendered":"\u9690\u79c1\u653f\u7b56"},"content":{"rendered":"<div data-elementor-type=\"wp-page\" data-elementor-id=\"161\" class=\"elementor elementor-161\">\n\t\t\t\t\t\t<section class=\"elementor-section elementor-top-section elementor-element elementor-element-7009bfe elementor-section-boxed elementor-section-height-default elementor-section-height-default\" data-id=\"7009bfe\" data-element_type=\"section\">\n\t\t\t\t\t\t<div class=\"elementor-container elementor-column-gap-default\">\n\t\t\t\t\t<div class=\"elementor-column elementor-col-100 elementor-top-column elementor-element elementor-element-1dededb\" data-id=\"1dededb\" data-element_type=\"column\">\n\t\t\t<div class=\"elementor-widget-wrap elementor-element-populated\">\n\t\t\t\t\t\t<div class=\"elementor-element elementor-element-3d276b1 elementor-widget elementor-widget-shortcode\" data-id=\"3d276b1\" data-element_type=\"widget\" data-widget_type=\"shortcode.default\">\n\t\t\t\t<div class=\"elementor-widget-container\">\n\t\t\t\t\t\t\t<div class=\"elementor-shortcode\"><h3>\u5f15\u8a00<\/h3>\n<p>DoctorSky \u5bf9\u4e92\u8054\u7f51\u7528\u6237\u7684\u9700\u6c42\u5341\u5206\u654f\u611f\uff0c\u5e76\u610f\u8bc6\u5230\u4e25\u683c\u4fdd\u62a4\u59d4\u6258\u7ed9\u6211\u4eec\u7684\u4e2a\u4eba\u4fe1\u606f\u9690\u79c1\u7684\u91cd\u8981\u6027\uff0c\u56e0\u6b64\u6211\u4eec\u5728\u6b64\u53d1\u5e03\u9690\u79c1\u58f0\u660e\uff0c\u4ee5\u4fbf\u8ba9\u60a8\u4e86\u89e3\u4ece\u8bbf\u95ee\u8005\u548c\u7528\u6237\u5904\u83b7\u5f97\u7684\u4e2a\u4eba\u6570\u636e\u7684\u5904\u7406\u653f\u7b56\u3002<\/p><p>\u4f5c\u4e3a\u7528\u6237\uff0c\u60a8\u53ea\u8981\u9605\u8bfb\u3001\u67e5\u770b\u6216\u6d4f\u89c8\u672c\u7f51\u7ad9\uff0c\u5373\u8868\u793a\u60a8\u63a5\u53d7\u8fd9\u4e9b\u6761\u4ef6\u3002\u5982\u679c\u60a8\u4e0d\u63a5\u53d7\u8fd9\u4e9b\u6761\u4ef6\uff0c\u5219\u5fc5\u987b\u79bb\u5f00\u672c\u7f51\u7ad9\uff0c\u4e0d\u5f97\u4f7f\u7528\u672c\u7f51\u7ad9\u53ca\u5176\u5185\u5bb9\uff0c\u4e5f\u4e0d\u5f97\u8bbf\u95ee\u94fe\u63a5\u9875\u9762\u3002<\/p>\n<h3 id='responsable'>\u6570\u636e\u63a7\u5236\u8005<\/h3>\n<p>\u672c\u7f51\u7ad9\u7684\u6240\u6709\u8005\u548c\u6570\u636e\u5904\u7406\u8d1f\u8d23\u4eba\u662f Meditech Tool Solutions\uff0cCIF B88466529\uff0c\u5982\u9700\u8054\u7cfb\uff0c\u8bf7\u4f7f\u7528\u7535\u5b50\u90ae\u4ef6\u5730\u5740 <a href=\"mailto:&#105;n%66&#111;%40&#100;&#111;ct%6f&#114;%73%6b&#121;.&#101;%73\">info@doctorsky.es<\/a>\u8bf7\u81f4\u7535 633952266 \u6216\u5bc4\u4fe1\u81f3 Calle Virgilio 18\uff08\u90ae\u7f16 28341\uff0cValdemoro\uff0c\u9a6c\u5fb7\u91cc\uff09\u3002<\/p>\n<h3 id='finalidad'>\u6570\u636e\u5904\u7406\u7684\u76ee\u7684<\/h3>\n<p>\u5728\u6211\u4eec\u7684\u7f51\u7ad9\u4e0a\uff0c\u60a8\u53ef\u4ee5\u5728\u7279\u5b9a\u680f\u76ee\u4e2d\u8f93\u5165\u60a8\u7684\u8be6\u7ec6\u4fe1\u606f\uff0c\u4ee5\u63a5\u6536\u6709\u5173\u6211\u4eec\u7f51\u7ad9\u66f4\u65b0\u7684\u4fe1\u606f\u548c\u6211\u4eec\u53d1\u884c\u7684\u4e00\u4e9b\u8282\u76ee\u7684\u4fe1\u606f\u3002\u6211\u4eec\u5411\u60a8\u4fdd\u8bc1\uff0c\u60a8\u63d0\u4f9b\u7684\u4fe1\u606f\u5c06\u5f97\u5230\u6700\u4e25\u683c\u7684\u4fdd\u5bc6\u3002<\/p><p>\u6570\u636e\u7684\u4fdd\u5b58\u671f\u9650\u4e0e\u6570\u636e\u6536\u96c6\u7684\u76ee\u7684\u76f8\u7b26\u3002<\/p><p>\u60a8\u7684\u6570\u636e\u4e0d\u4f1a\u88ab\u81ea\u52a8\u5224\u5b9a\u3002<\/p><p>\u672c\u7f51\u7ad9\u53ef\u80fd\u4f1a\u4f7f\u7528 cookie\uff0c\u8bf7\u53c2\u9605\u6211\u4eec\u7684 <a href=\"https:\/\/cita.doctorsky.es\/politica-cookies\/\">cookie \u653f\u7b56<\/a>.<\/p>\n<h3 id='legitimacion'>\u6570\u636e\u5904\u7406\u7684\u5408\u6cd5\u5316<\/h3>\n<p>\u6211\u4eec\u4e4b\u6240\u4ee5\u4f7f\u7528\u60a8\u7684\u6570\u636e\uff0c\u662f\u56e0\u4e3a\u60a8\u540c\u610f\u6211\u4eec\u5c06\u60a8\u5728\u8868\u683c\u4e0a\u63d0\u4f9b\u7684\u6570\u636e\u7528\u4e8e\u6bcf\u4efd\u8868\u683c\u4e0a\u6ce8\u660e\u7684\u7279\u5b9a\u7528\u9014\u3002\u60a8\u7684\u6570\u636e\u4ec5\u7528\u4e8e\u6240\u8981\u6c42\u7684\u7279\u5b9a\u7528\u9014\uff0c\u5982\u679c\u60a8\u4e0d\u63d0\u4f9b\u8fd9\u4e9b\u6570\u636e\uff0c\u6211\u4eec\u5c06\u65e0\u6cd5\u63d0\u4f9b\u8fd9\u4e9b\u670d\u52a1\u3002<\/p>\n<h3 id='transferencia'>\u6570\u636e\u7684\u8f6c\u8ba9\u548c\u5206\u914d<\/h3>\n<p>\u6211\u4eec\u90d1\u91cd\u627f\u8bfa\uff0c\u60a8\u63d0\u4f9b\u7ed9DoctorSky\u7684\u6570\u636e\uff0c\u5728\u4efb\u4f55\u6982\u5ff5\u6216\u60c5\u51b5\u4e0b\uff0c\u672a\u7ecf\u5f53\u4e8b\u4eba\u4e8b\u5148\u540c\u610f\uff0c\u4e0d\u4f1a\u88ab\u51fa\u552e\u6216\u8f6c\u8ba9\u7ed9\u7b2c\u4e09\u65b9\uff0c\u9664\u975e\u6709\u660e\u786e\u7684\u540c\u610f\u6216\u6cd5\u5f8b\u4e49\u52a1\u3002<\/p><p>\u6211\u4eec\u7684\u7f51\u7ad9\u5305\u542b\u7b2c\u4e09\u65b9\u7f51\u7ad9\u7684\u94fe\u63a5\u3002DoctorSky \u4e0d\u5bf9\u8fd9\u4e9b\u5176\u4ed6\u7f51\u7ad9\u7684\u9690\u79c1\u653f\u7b56\u548c\u505a\u6cd5\u8d1f\u8d23\u3002<\/p>\n<h3 id='derechos'>\u6709\u5173\u5404\u65b9\u7684\u6743\u5229<\/h3>\n<p>\u60a8\u6709\u6743\u8bbf\u95ee\u6211\u4eec\u6570\u636e\u5e93\u4e2d\u5b58\u50a8\u7684\u6709\u5173\u60a8\u7684\u4fe1\u606f\uff0c\u5982\u679c\u6709\u4efb\u4f55\u9519\u8bef\uff0c\u60a8\u6709\u6743\u66f4\u6b63\u3001\u5220\u9664\u3001\u9650\u5236\u3001\u53cd\u5bf9\u5904\u7406\u8fd9\u4e9b\u4fe1\u606f\uff0c\u5982\u679c\u60a8\u613f\u610f\uff0c\u8fd8\u53ef\u4ee5\u64a4\u56de\u60a8\u7684\u540c\u610f\u3002\u4e3a\u6b64\uff0c\u8bf7\u5411\u4ee5\u4e0b\u5730\u5740\u53d1\u9001\u7535\u5b50\u90ae\u4ef6 <a href=\"mailto:i&#110;f%6f&#64;d%6f&#99;tor&#115;k%79.&#101;s\">info@doctorsky.es<\/a> \u6211\u4eec\u975e\u5e38\u4e50\u610f\u56de\u7b54\u60a8\u7684\u4efb\u4f55\u95ee\u9898\u3001\u610f\u89c1\u6216\u6f84\u6e05\u3002<\/p><p>\u6709\u5173\u76f8\u5173\u4e3b\u9898\u7684\u66f4\u591a\u4fe1\u606f\uff0c\u897f\u73ed\u7259\u7f51\u4e0a\u7684\u53c2\u8003\u7f51\u7ad9\u662f <a href=\"https:\/\/www.agpd.es\/\">\u6570\u636e\u4fdd\u62a4\u5c40<\/a>\u60a8\u6709\u6743\u6295\u8bc9\u3002<\/p>\n <\/div>\n\t\t\t\t\t\t<\/div>\n\t\t\t\t<\/div>\n\t\t\t\t\t<\/div>\n\t\t<\/div>\n\t\t\t\t\t<\/div>\n\t\t<\/section>\n\t\t\t\t<section class=\"elementor-section elementor-top-section elementor-element elementor-element-8815208 elementor-section-boxed elementor-section-height-default elementor-section-height-default\" data-id=\"8815208\" data-element_type=\"section\">\n\t\t\t\t\t\t<div class=\"elementor-container elementor-column-gap-default\">\n\t\t\t\t\t<div class=\"elementor-column elementor-col-100 elementor-top-column elementor-element elementor-element-ed9ad14\" data-id=\"ed9ad14\" data-element_type=\"column\">\n\t\t\t<div class=\"elementor-widget-wrap elementor-element-populated\">\n\t\t\t\t\t\t<div class=\"elementor-element elementor-element-ae347ed elementor-widget elementor-widget-text-editor\" data-id=\"ae347ed\" data-element_type=\"widget\" data-widget_type=\"text-editor.default\">\n\t\t\t\t<div class=\"elementor-widget-container\">\n\t\t\t\t\t\t\t\t\t<p>\u4f7f\u7528 \"\u5929\u7a7a\u533b\u751f \"\u7f51\u7ad9\u548c\u5e94\u7528\u7a0b\u5e8f\uff0c\u4ee5\u53ca\u5c06\u4ece\u8c37\u6b4c\u5e94\u7528\u7a0b\u5e8f\u63a5\u53e3\uff08Google API\uff09\u83b7\u5f97\u7684\u4fe1\u606f\u4f20\u8f93\u5230\u4efb\u4f55\u5176\u4ed6\u5e94\u7528\u7a0b\u5e8f\u65f6\uff0c\u5e94\u9075\u5b88\u4ee5\u4e0b\u89c4\u5b9a <a href=\"https:\/\/developers.google.com\/terms\/api-services-user-data-policy#additional_requirements_for_specific_api_scopes\" target=\"_blank\" rel=\"noopener\">Google API \u670d\u52a1\u7528\u6237\u6570\u636e\u653f\u7b56<\/a> \u5305\u62ec\u6709\u9650\u4f7f\u7528\u8981\u6c42\u3002<\/p>\t\t\t\t\t\t\t\t<\/div>\n\t\t\t\t<\/div>\n\t\t\t\t\t<\/div>\n\t\t<\/div>\n\t\t\t\t\t<\/div>\n\t\t<\/section>\n\t\t\t\t<\/div>","protected":false},"excerpt":{"rendered":"<p>El uso de el sitio web y la aplicaci\u00f3n de Doctor Sky y la transferencia a cualquier otra aplicaci\u00f3n de informaci\u00f3n recibida de las API de Google se adherir\u00e1n a la Pol\u00edtica de datos de usuario de los servicios API de Google , incluidos los requisitos de uso limitado.<\/p>","protected":false},"author":1,"featured_media":0,"parent":0,"menu_order":0,"comment_status":"closed","ping_status":"closed","template":"","meta":{"pmpro_default_level":"","footnotes":""},"class_list":["post-161","page","type-page","status-publish","hentry","pmpro-has-access"],"yoast_head":"<!-- This site is optimized with the Yoast SEO plugin v25.7 - https:\/\/yoast.com\/wordpress\/plugins\/seo\/ -->\n<title>Pol\u00edtica de privacidad - DoctorSky - Gesti&oacute;n de Citas<\/title>\n<meta name=\"robots\" content=\"index, follow, max-snippet:-1, max-image-preview:large, max-video-preview:-1\" \/>\n<link rel=\"canonical\" href=\"https:\/\/cita.doctorsky.es\/zh\/politica-privacidad\/\" \/>\n<meta property=\"og:locale\" content=\"zh_CN\" \/>\n<meta property=\"og:type\" content=\"article\" \/>\n<meta property=\"og:title\" content=\"Pol\u00edtica de privacidad - DoctorSky - Gesti&oacute;n de Citas\" \/>\n<meta property=\"og:description\" content=\"El uso de el sitio web y la aplicaci\u00f3n de Doctor Sky y la transferencia a cualquier otra aplicaci\u00f3n de informaci\u00f3n recibida de las API de Google se adherir\u00e1n a la Pol\u00edtica de datos de usuario de los servicios API de Google , incluidos los requisitos de uso limitado.\" \/>\n<meta property=\"og:url\" content=\"https:\/\/cita.doctorsky.es\/zh\/politica-privacidad\/\" \/>\n<meta property=\"og:site_name\" content=\"DoctorSky - Gesti&oacute;n de Citas\" \/>\n<meta property=\"article:modified_time\" content=\"2023-12-04T14:18:58+00:00\" \/>\n<meta name=\"twitter:card\" content=\"summary_large_image\" \/>\n<meta name=\"twitter:label1\" content=\"\u9884\u8ba1\u9605\u8bfb\u65f6\u95f4\" \/>\n\t<meta name=\"twitter:data1\" content=\"3 \u5206\" \/>\n<script type=\"application\/ld+json\" class=\"yoast-schema-graph\">{\"@context\":\"https:\/\/schema.org\",\"@graph\":[{\"@type\":\"WebPage\",\"@id\":\"https:\/\/cita.doctorsky.es\/it\/politica-privacidad\/\",\"url\":\"https:\/\/cita.doctorsky.es\/it\/politica-privacidad\/\",\"name\":\"Pol\u00edtica de privacidad - DoctorSky - Gesti&oacute;n de Citas\",\"isPartOf\":{\"@id\":\"https:\/\/cita.doctorsky.es\/es\/#website\"},\"datePublished\":\"2022-03-29T08:59:11+00:00\",\"dateModified\":\"2023-12-04T14:18:58+00:00\",\"breadcrumb\":{\"@id\":\"https:\/\/cita.doctorsky.es\/it\/politica-privacidad\/#breadcrumb\"},\"inLanguage\":\"zh-Hans\",\"potentialAction\":[{\"@type\":\"ReadAction\",\"target\":[\"https:\/\/cita.doctorsky.es\/it\/politica-privacidad\/\"]}]},{\"@type\":\"BreadcrumbList\",\"@id\":\"https:\/\/cita.doctorsky.es\/it\/politica-privacidad\/#breadcrumb\",\"itemListElement\":[{\"@type\":\"ListItem\",\"position\":1,\"name\":\"Portada\",\"item\":\"https:\/\/cita.doctorsky.es\/es\/\"},{\"@type\":\"ListItem\",\"position\":2,\"name\":\"Pol\u00edtica de privacidad\"}]},{\"@type\":\"WebSite\",\"@id\":\"https:\/\/cita.doctorsky.es\/es\/#website\",\"url\":\"https:\/\/cita.doctorsky.es\/es\/\",\"name\":\"DoctorSky - Gesti&oacute;n de Citas\",\"description\":\"Telemedicina al cuidado de tu salud\",\"publisher\":{\"@id\":\"https:\/\/cita.doctorsky.es\/es\/#organization\"},\"potentialAction\":[{\"@type\":\"SearchAction\",\"target\":{\"@type\":\"EntryPoint\",\"urlTemplate\":\"https:\/\/cita.doctorsky.es\/es\/?s={search_term_string}\"},\"query-input\":{\"@type\":\"PropertyValueSpecification\",\"valueRequired\":true,\"valueName\":\"search_term_string\"}}],\"inLanguage\":\"zh-Hans\"},{\"@type\":\"Organization\",\"@id\":\"https:\/\/cita.doctorsky.es\/es\/#organization\",\"name\":\"DoctorSky\",\"url\":\"https:\/\/cita.doctorsky.es\/es\/\",\"logo\":{\"@type\":\"ImageObject\",\"inLanguage\":\"zh-Hans\",\"@id\":\"https:\/\/cita.doctorsky.es\/es\/#\/schema\/logo\/image\/\",\"url\":\"https:\/\/cita.doctorsky.es\/wp-content\/uploads\/2022\/05\/logo-original.png\",\"contentUrl\":\"https:\/\/cita.doctorsky.es\/wp-content\/uploads\/2022\/05\/logo-original.png\",\"width\":1462,\"height\":357,\"caption\":\"DoctorSky\"},\"image\":{\"@id\":\"https:\/\/cita.doctorsky.es\/es\/#\/schema\/logo\/image\/\"}}]}<\/script>\n<!-- \/ Yoast SEO plugin. -->","yoast_head_json":{"title":"Pol\u00edtica de privacidad - DoctorSky - Gesti&oacute;n de Citas","robots":{"index":"index","follow":"follow","max-snippet":"max-snippet:-1","max-image-preview":"max-image-preview:large","max-video-preview":"max-video-preview:-1"},"canonical":"https:\/\/cita.doctorsky.es\/zh\/politica-privacidad\/","og_locale":"zh_CN","og_type":"article","og_title":"Pol\u00edtica de privacidad - DoctorSky - Gesti&oacute;n de Citas","og_description":"El uso de el sitio web y la aplicaci\u00f3n de Doctor Sky y la transferencia a cualquier otra aplicaci\u00f3n de informaci\u00f3n recibida de las API de Google se adherir\u00e1n a la Pol\u00edtica de datos de usuario de los servicios API de Google , incluidos los requisitos de uso limitado.","og_url":"https:\/\/cita.doctorsky.es\/zh\/politica-privacidad\/","og_site_name":"DoctorSky - Gesti&oacute;n de Citas","article_modified_time":"2023-12-04T14:18:58+00:00","twitter_card":"summary_large_image","twitter_misc":{"\u9884\u8ba1\u9605\u8bfb\u65f6\u95f4":"3 \u5206"},"schema":{"@context":"https:\/\/schema.org","@graph":[{"@type":"WebPage","@id":"https:\/\/cita.doctorsky.es\/it\/politica-privacidad\/","url":"https:\/\/cita.doctorsky.es\/it\/politica-privacidad\/","name":"Pol\u00edtica de privacidad - DoctorSky - Gesti&oacute;n de Citas","isPartOf":{"@id":"https:\/\/cita.doctorsky.es\/es\/#website"},"datePublished":"2022-03-29T08:59:11+00:00","dateModified":"2023-12-04T14:18:58+00:00","breadcrumb":{"@id":"https:\/\/cita.doctorsky.es\/it\/politica-privacidad\/#breadcrumb"},"inLanguage":"zh-Hans","potentialAction":[{"@type":"ReadAction","target":["https:\/\/cita.doctorsky.es\/it\/politica-privacidad\/"]}]},{"@type":"BreadcrumbList","@id":"https:\/\/cita.doctorsky.es\/it\/politica-privacidad\/#breadcrumb","itemListElement":[{"@type":"ListItem","position":1,"name":"Portada","item":"https:\/\/cita.doctorsky.es\/es\/"},{"@type":"ListItem","position":2,"name":"Pol\u00edtica de privacidad"}]},{"@type":"WebSite","@id":"https:\/\/cita.doctorsky.es\/es\/#website","url":"https:\/\/cita.doctorsky.es\/es\/","name":"DoctorSky - \u9884\u7ea6\u7ba1\u7406","description":"\u8fdc\u7a0b\u533b\u7597\u4e3a\u60a8\u7684\u5065\u5eb7\u4fdd\u9a7e\u62a4\u822a","publisher":{"@id":"https:\/\/cita.doctorsky.es\/es\/#organization"},"potentialAction":[{"@type":"SearchAction","target":{"@type":"EntryPoint","urlTemplate":"https:\/\/cita.doctorsky.es\/es\/?s={search_term_string}"},"query-input":{"@type":"PropertyValueSpecification","valueRequired":true,"valueName":"search_term_string"}}],"inLanguage":"zh-Hans"},{"@type":"Organization","@id":"https:\/\/cita.doctorsky.es\/es\/#organization","name":"\u535a\u58eb\u5929\u7a7a","url":"https:\/\/cita.doctorsky.es\/es\/","logo":{"@type":"ImageObject","inLanguage":"zh-Hans","@id":"https:\/\/cita.doctorsky.es\/es\/#\/schema\/logo\/image\/","url":"https:\/\/cita.doctorsky.es\/wp-content\/uploads\/2022\/05\/logo-original.png","contentUrl":"https:\/\/cita.doctorsky.es\/wp-content\/uploads\/2022\/05\/logo-original.png","width":1462,"height":357,"caption":"DoctorSky"},"image":{"@id":"https:\/\/cita.doctorsky.es\/es\/#\/schema\/logo\/image\/"}}]}},"_links":{"self":[{"href":"https:\/\/cita.doctorsky.es\/zh\/wp-json\/wp\/v2\/pages\/161","targetHints":{"allow":["GET"]}}],"collection":[{"href":"https:\/\/cita.doctorsky.es\/zh\/wp-json\/wp\/v2\/pages"}],"about":[{"href":"https:\/\/cita.doctorsky.es\/zh\/wp-json\/wp\/v2\/types\/page"}],"author":[{"embeddable":true,"href":"https:\/\/cita.doctorsky.es\/zh\/wp-json\/wp\/v2\/users\/1"}],"replies":[{"embeddable":true,"href":"https:\/\/cita.doctorsky.es\/zh\/wp-json\/wp\/v2\/comments?post=161"}],"version-history":[{"count":0,"href":"https:\/\/cita.doctorsky.es\/zh\/wp-json\/wp\/v2\/pages\/161\/revisions"}],"wp:attachment":[{"href":"https:\/\/cita.doctorsky.es\/zh\/wp-json\/wp\/v2\/media?parent=161"}],"curies":[{"name":"wp","href":"https:\/\/api.w.org\/{rel}","templated":true}]}}